{"id":974,"date":"2020-01-16T00:52:57","date_gmt":"2020-01-16T08:52:57","guid":{"rendered":"https:\/\/www.iglan.net\/?post_type=product&#038;p=974"},"modified":"2022-03-24T00:43:30","modified_gmt":"2022-03-24T07:43:30","slug":"quantitative-pressure-oil-grease-distributor","status":"publish","type":"product","link":"https:\/\/www.iglan.net\/pt\/produto\/quantitative-pressure-oil-grease-distributor\/","title":{"rendered":"Distribuidor de Press\u00e3o Quantitativa para Lubrifica\u00e7\u00e3o de Linha \u00danica"},"content":{"rendered":"<p><strong>CARACTER\u00cdSTICAS<\/strong><\/p>\n<p>IGLAN V\u00e1lvula de Graxa de Press\u00e3o Volum\u00e9trica V\u00e1lvula de Press\u00e3o Quantitativa Distribuidor de Graxa de \u00d3leo Bloco de Jun\u00e7\u00e3o de Pist\u00e3o Unidade de Medi\u00e7\u00e3o de Fluxo de \u00d3leo<\/p>\n<p><strong>ESPECIFICA\u00c7\u00d5ES<\/strong><\/p>\n<p>&nbsp;<\/p>\n<p><img decoding=\"async\" class=\"size-full wp-image-976\" src=\"https:\/\/www.iglan.net\/wp-content\/uploads\/2020\/01\/MG-specifications.jpg\" alt=\"Especifica\u00e7\u00f5es da MG\" width=\"850\" height=\"1730\" srcset=\"https:\/\/www.iglan.net\/wp-content\/uploads\/2020\/01\/MG-specifications.jpg 531w, https:\/\/www.iglan.net\/wp-content\/uploads\/2020\/01\/MG-specifications-510x1037.jpg 510w, https:\/\/www.iglan.net\/wp-content\/uploads\/2020\/01\/MG-specifications-64x130.jpg 64w, https:\/\/www.iglan.net\/wp-content\/uploads\/2020\/01\/MG-specifications-300x611.jpg 300w, https:\/\/www.iglan.net\/wp-content\/uploads\/2020\/01\/MG-specifications-147x300.jpg 147w, https:\/\/www.iglan.net\/wp-content\/uploads\/2020\/01\/MG-specifications-503x1024.jpg 503w, https:\/\/www.iglan.net\/wp-content\/uploads\/2020\/01\/MG-specifications-768x1563.jpg 768w, https:\/\/www.iglan.net\/wp-content\/uploads\/2020\/01\/MG-specifications-755x1536.jpg 755w\" sizes=\"(max-width: 850px) 100vw, 850px\" \/><\/p>\n<p><img decoding=\"async\" class=\"size-full wp-image-975\" src=\"https:\/\/www.iglan.net\/wp-content\/uploads\/2020\/01\/MGC-specifications.jpg\" alt=\"Especifica\u00e7\u00f5es da MGC\" width=\"820\" height=\"1500\" srcset=\"https:\/\/www.iglan.net\/wp-content\/uploads\/2020\/01\/MGC-specifications.jpg 590w, https:\/\/www.iglan.net\/wp-content\/uploads\/2020\/01\/MGC-specifications-510x934.jpg 510w, https:\/\/www.iglan.net\/wp-content\/uploads\/2020\/01\/MGC-specifications-64x117.jpg 64w, https:\/\/www.iglan.net\/wp-content\/uploads\/2020\/01\/MGC-specifications-300x549.jpg 300w, https:\/\/www.iglan.net\/wp-content\/uploads\/2020\/01\/MGC-specifications-164x300.jpg 164w, https:\/\/www.iglan.net\/wp-content\/uploads\/2020\/01\/MGC-specifications-560x1024.jpg 560w, https:\/\/www.iglan.net\/wp-content\/uploads\/2020\/01\/MGC-specifications-768x1405.jpg 768w\" sizes=\"(max-width: 820px) 100vw, 820px\" \/><\/p>","protected":false},"excerpt":{"rendered":"<p>IGLAN V\u00e1lvula de Graxa de Press\u00e3o Volum\u00e9trica V\u00e1lvula de Press\u00e3o Quantitativa Distribuidor de Graxa de \u00d3leo Bloco de Jun\u00e7\u00e3o de Pist\u00e3o Unidade de Medi\u00e7\u00e3o de Fluxo de \u00d3leo<\/p>","protected":false},"featured_media":977,"template":"","meta":[],"product_brand":[],"product_cat":[50,169,168],"product_tag":[76,101,100],"class_list":{"0":"post-974","1":"product","2":"type-product","3":"status-publish","4":"has-post-thumbnail","6":"product_cat-lubricant-metering-devices","7":"product_cat-grease-metering-devices","8":"product_cat-oil-metering-devices","9":"product_tag-adjustable-distributor","10":"product_tag-quantitative-distributor","11":"product_tag-quantitative-valve","13":"first","14":"instock","15":"shipping-taxable","16":"product-type-external"},"_links":{"self":[{"href":"https:\/\/www.iglan.net\/pt\/wp-json\/wp\/v2\/product\/974","targetHints":{"allow":["GET"]}}],"collection":[{"href":"https:\/\/www.iglan.net\/pt\/wp-json\/wp\/v2\/product"}],"about":[{"href":"https:\/\/www.iglan.net\/pt\/wp-json\/wp\/v2\/types\/product"}],"wp:featuredmedia":[{"embeddable":true,"href":"https:\/\/www.iglan.net\/pt\/wp-json\/wp\/v2\/media\/977"}],"wp:attachment":[{"href":"https:\/\/www.iglan.net\/pt\/wp-json\/wp\/v2\/media?parent=974"}],"wp:term":[{"taxonomy":"product_brand","embeddable":true,"href":"https:\/\/www.iglan.net\/pt\/wp-json\/wp\/v2\/product_brand?post=974"},{"taxonomy":"product_cat","embeddable":true,"href":"https:\/\/www.iglan.net\/pt\/wp-json\/wp\/v2\/product_cat?post=974"},{"taxonomy":"product_tag","embeddable":true,"href":"https:\/\/www.iglan.net\/pt\/wp-json\/wp\/v2\/product_tag?post=974"}],"curies":[{"name":"wp","href":"https:\/\/api.w.org\/{rel}","templated":true}]}}