{"id":955,"date":"2020-01-11T01:38:08","date_gmt":"2020-01-11T09:38:08","guid":{"rendered":"https:\/\/www.iglan.net\/?post_type=product&#038;p=955"},"modified":"2022-03-24T00:44:03","modified_gmt":"2022-03-24T07:44:03","slug":"4-way-oil-grease-junction-block","status":"publish","type":"product","link":"https:\/\/www.iglan.net\/pt\/produto\/4-way-oil-grease-junction-block\/","title":{"rendered":"Bloco de jun\u00e7\u00e3o de graxa de \u00f3leo de 4 vias Conector de rosca f\u00eamea"},"content":{"rendered":"<p><strong>CARACTER\u00cdSTICAS<\/strong><\/p>\n<p>IGLAN Bore 4\/6\/8mm Oil Grease Bloco de Jun\u00e7\u00e3o de 4 vias Conector de Rosca F\u00eamea para Sistema de Lubrifica\u00e7\u00e3o Centralizada por M\u00e1quinas CNC<\/p>\n<p><strong>ESPECIFICA\u00c7\u00d5ES<\/strong><\/p>\n<p><img decoding=\"async\" class=\"size-full wp-image-956\" src=\"https:\/\/www.iglan.net\/wp-content\/uploads\/2020\/01\/PJD-specifications.jpg\" alt=\"Especifica\u00e7\u00f5es de 4 vias-jun\u00e7\u00e3o\" width=\"1034\" height=\"714\" srcset=\"https:\/\/www.iglan.net\/wp-content\/uploads\/2020\/01\/PJD-specifications.jpg 1034w, https:\/\/www.iglan.net\/wp-content\/uploads\/2020\/01\/PJD-specifications-800x552.jpg 800w, https:\/\/www.iglan.net\/wp-content\/uploads\/2020\/01\/PJD-specifications-64x44.jpg 64w, https:\/\/www.iglan.net\/wp-content\/uploads\/2020\/01\/PJD-specifications-300x207.jpg 300w, https:\/\/www.iglan.net\/wp-content\/uploads\/2020\/01\/PJD-specifications-1024x707.jpg 1024w, https:\/\/www.iglan.net\/wp-content\/uploads\/2020\/01\/PJD-specifications-768x530.jpg 768w\" sizes=\"(max-width: 1034px) 100vw, 1034px\" \/><\/p>","protected":false},"excerpt":{"rendered":"<p>IGLAN Bore 4\/6\/8mm Oil Grease Bloco de Jun\u00e7\u00e3o de 4 vias Conector de Rosca F\u00eamea para Sistema de Lubrifica\u00e7\u00e3o Centralizada por M\u00e1quinas CNC<\/p>","protected":false},"featured_media":957,"template":"","meta":[],"product_brand":[],"product_cat":[51,171],"product_tag":[93,92,94],"class_list":{"0":"post-955","1":"product","2":"type-product","3":"status-publish","4":"has-post-thumbnail","6":"product_cat-lubrication-system-accessories","7":"product_cat-tubes-and-fittings","8":"product_tag-4-way-connection","9":"product_tag-4-way-junction","10":"product_tag-junction-block","12":"first","13":"instock","14":"shipping-taxable","15":"product-type-external"},"_links":{"self":[{"href":"https:\/\/www.iglan.net\/pt\/wp-json\/wp\/v2\/product\/955","targetHints":{"allow":["GET"]}}],"collection":[{"href":"https:\/\/www.iglan.net\/pt\/wp-json\/wp\/v2\/product"}],"about":[{"href":"https:\/\/www.iglan.net\/pt\/wp-json\/wp\/v2\/types\/product"}],"wp:featuredmedia":[{"embeddable":true,"href":"https:\/\/www.iglan.net\/pt\/wp-json\/wp\/v2\/media\/957"}],"wp:attachment":[{"href":"https:\/\/www.iglan.net\/pt\/wp-json\/wp\/v2\/media?parent=955"}],"wp:term":[{"taxonomy":"product_brand","embeddable":true,"href":"https:\/\/www.iglan.net\/pt\/wp-json\/wp\/v2\/product_brand?post=955"},{"taxonomy":"product_cat","embeddable":true,"href":"https:\/\/www.iglan.net\/pt\/wp-json\/wp\/v2\/product_cat?post=955"},{"taxonomy":"product_tag","embeddable":true,"href":"https:\/\/www.iglan.net\/pt\/wp-json\/wp\/v2\/product_tag?post=955"}],"curies":[{"name":"wp","href":"https:\/\/api.w.org\/{rel}","templated":true}]}}