{"id":918,"date":"2020-01-06T01:34:58","date_gmt":"2020-01-06T09:34:58","guid":{"rendered":"https:\/\/www.iglan.net\/?post_type=product&#038;p=918"},"modified":"2022-03-24T00:44:42","modified_gmt":"2022-03-24T07:44:42","slug":"ae-lubrication-oil-distributor","status":"publish","type":"product","link":"https:\/\/www.iglan.net\/pt\/produto\/ae-lubrication-oil-distributor\/","title":{"rendered":"Distribuidor de \u00d3leo de Lubrifica\u00e7\u00e3o AE-8 Conector de Bloco de Jun\u00e7\u00e3o de 8 vias"},"content":{"rendered":"<p><strong>CARACTER\u00cdSTICAS<\/strong><\/p>\n<p>IGLAN AE-8 Distribuidor de \u00d3leo de Resist\u00eancia \u00e0 Lubrifica\u00e7\u00e3o 4\/6\/8\/10\/12 Conector de Bloco de Jun\u00e7\u00e3o para Sistema de Lubrifica\u00e7\u00e3o de Linha \u00danica<\/p>\n<p><strong>ESPECIFICA\u00c7\u00d5ES<\/strong><\/p>\n<p><img decoding=\"async\" class=\"size-full wp-image-919\" src=\"https:\/\/www.iglan.net\/wp-content\/uploads\/2020\/01\/AE-specifications.jpg\" alt=\"Especifica\u00e7\u00f5es do distribuidor AE\" width=\"920\" height=\"850\" srcset=\"https:\/\/www.iglan.net\/wp-content\/uploads\/2020\/01\/AE-specifications.jpg 920w, https:\/\/www.iglan.net\/wp-content\/uploads\/2020\/01\/AE-specifications-800x739.jpg 800w, https:\/\/www.iglan.net\/wp-content\/uploads\/2020\/01\/AE-specifications-64x59.jpg 64w, https:\/\/www.iglan.net\/wp-content\/uploads\/2020\/01\/AE-specifications-300x277.jpg 300w, https:\/\/www.iglan.net\/wp-content\/uploads\/2020\/01\/AE-specifications-768x710.jpg 768w\" sizes=\"(max-width: 920px) 100vw, 920px\" \/><\/p>","protected":false},"excerpt":{"rendered":"<p>IGLAN AE-8 Distribuidor de \u00d3leo de Resist\u00eancia \u00e0 Lubrifica\u00e7\u00e3o 4\/6\/8\/10\/12 Conector de Bloco de Jun\u00e7\u00e3o para Sistema de Lubrifica\u00e7\u00e3o de Linha \u00danica<\/p>","protected":false},"featured_media":921,"template":"","meta":[],"product_brand":[],"product_cat":[50,168],"product_tag":[81,54,82],"class_list":{"0":"post-918","1":"product","2":"type-product","3":"status-publish","4":"has-post-thumbnail","6":"product_cat-lubricant-metering-devices","7":"product_cat-oil-metering-devices","8":"product_tag-ae-distributor","9":"product_tag-distributor","10":"product_tag-oil-distributor","12":"first","13":"instock","14":"shipping-taxable","15":"product-type-external"},"_links":{"self":[{"href":"https:\/\/www.iglan.net\/pt\/wp-json\/wp\/v2\/product\/918","targetHints":{"allow":["GET"]}}],"collection":[{"href":"https:\/\/www.iglan.net\/pt\/wp-json\/wp\/v2\/product"}],"about":[{"href":"https:\/\/www.iglan.net\/pt\/wp-json\/wp\/v2\/types\/product"}],"wp:featuredmedia":[{"embeddable":true,"href":"https:\/\/www.iglan.net\/pt\/wp-json\/wp\/v2\/media\/921"}],"wp:attachment":[{"href":"https:\/\/www.iglan.net\/pt\/wp-json\/wp\/v2\/media?parent=918"}],"wp:term":[{"taxonomy":"product_brand","embeddable":true,"href":"https:\/\/www.iglan.net\/pt\/wp-json\/wp\/v2\/product_brand?post=918"},{"taxonomy":"product_cat","embeddable":true,"href":"https:\/\/www.iglan.net\/pt\/wp-json\/wp\/v2\/product_cat?post=918"},{"taxonomy":"product_tag","embeddable":true,"href":"https:\/\/www.iglan.net\/pt\/wp-json\/wp\/v2\/product_tag?post=918"}],"curies":[{"name":"wp","href":"https:\/\/api.w.org\/{rel}","templated":true}]}}