{"id":897,"date":"2020-01-02T00:39:35","date_gmt":"2020-01-02T08:39:35","guid":{"rendered":"https:\/\/www.iglan.net\/?post_type=product&#038;p=897"},"modified":"2022-03-24T00:45:14","modified_gmt":"2022-03-24T07:45:14","slug":"yem-electromagnetic-pump","status":"publish","type":"product","link":"https:\/\/www.iglan.net\/pt\/produto\/yem-electromagnetic-pump\/","title":{"rendered":"Bomba eletromagn\u00e9tica simples YEM2501 de baixa taxa de falha"},"content":{"rendered":"<p><strong>CARACTER\u00cdSTICAS<\/strong><\/p>\n<p>1. Grande fluxo, pequeno volume e sem espa\u00e7o.<br \/>\n2. Baixa perda de energia.<br \/>\n3. A\u00e7\u00e3o simples e baixa taxa de falhas.<br \/>\n4. A vaz\u00e3o ser\u00e1 alterada pelo comprimento da tubula\u00e7\u00e3o e pela viscosidade do \u00f3leo.<br \/>\n5. Adequado para equipamentos mec\u00e2nicos que requerem lubrifica\u00e7\u00e3o a longo prazo ou zona fria.<br \/>\n6. Utilizar pequenos equipamentos mec\u00e2nicos, tais como tornos. M\u00e1quina fresadora. Trituradores, perfuradores, etc.<br \/>\n7. A press\u00e3o mudar\u00e1 com a temperatura, e a press\u00e3o diminuir\u00e1 com o aumento da temperatura.<br \/>\n8. O comprimento do tubo L pode ser personalizado. O produto padr\u00e3o \u00e9 um tubo de PU de 300mm.<\/p>\n<p><strong>ESPECIFICA\u00c7\u00d5ES<\/strong><\/p>\n<p><img decoding=\"async\" class=\"size-full wp-image-899\" src=\"https:\/\/www.iglan.net\/wp-content\/uploads\/2020\/01\/YEM-dimensions.jpg\" alt=\"Dimens\u00f5es da bomba eletromagn\u00e9tica\" width=\"850\" height=\"637\" srcset=\"https:\/\/www.iglan.net\/wp-content\/uploads\/2020\/01\/YEM-dimensions.jpg 850w, https:\/\/www.iglan.net\/wp-content\/uploads\/2020\/01\/YEM-dimensions-800x600.jpg 800w, https:\/\/www.iglan.net\/wp-content\/uploads\/2020\/01\/YEM-dimensions-64x48.jpg 64w, https:\/\/www.iglan.net\/wp-content\/uploads\/2020\/01\/YEM-dimensions-300x225.jpg 300w, https:\/\/www.iglan.net\/wp-content\/uploads\/2020\/01\/YEM-dimensions-768x576.jpg 768w, https:\/\/www.iglan.net\/wp-content\/uploads\/2020\/01\/YEM-dimensions-160x120.jpg 160w\" sizes=\"(max-width: 850px) 100vw, 850px\" \/><\/p>","protected":false},"excerpt":{"rendered":"<p>1. Grande fluxo, pequeno volume e sem espa\u00e7o.<br \/>\n2. Baixa perda de energia.<br \/>\n3. A\u00e7\u00e3o simples e baixa taxa de falhas.<br \/>\n4. A vaz\u00e3o ser\u00e1 alterada pelo comprimento da tubula\u00e7\u00e3o e pela viscosidade do \u00f3leo.<\/p>","protected":false},"featured_media":925,"template":"","meta":[],"product_brand":[],"product_cat":[174],"product_tag":[75,74,73],"class_list":{"0":"post-897","1":"product","2":"type-product","3":"status-publish","4":"has-post-thumbnail","6":"product_cat-electromagnetic-pump","7":"product_tag-auto-pump","8":"product_tag-electric-pump","9":"product_tag-electromagnetic-pump","11":"first","12":"instock","13":"shipping-taxable","14":"product-type-external"},"_links":{"self":[{"href":"https:\/\/www.iglan.net\/pt\/wp-json\/wp\/v2\/product\/897","targetHints":{"allow":["GET"]}}],"collection":[{"href":"https:\/\/www.iglan.net\/pt\/wp-json\/wp\/v2\/product"}],"about":[{"href":"https:\/\/www.iglan.net\/pt\/wp-json\/wp\/v2\/types\/product"}],"wp:featuredmedia":[{"embeddable":true,"href":"https:\/\/www.iglan.net\/pt\/wp-json\/wp\/v2\/media\/925"}],"wp:attachment":[{"href":"https:\/\/www.iglan.net\/pt\/wp-json\/wp\/v2\/media?parent=897"}],"wp:term":[{"taxonomy":"product_brand","embeddable":true,"href":"https:\/\/www.iglan.net\/pt\/wp-json\/wp\/v2\/product_brand?post=897"},{"taxonomy":"product_cat","embeddable":true,"href":"https:\/\/www.iglan.net\/pt\/wp-json\/wp\/v2\/product_cat?post=897"},{"taxonomy":"product_tag","embeddable":true,"href":"https:\/\/www.iglan.net\/pt\/wp-json\/wp\/v2\/product_tag?post=897"}],"curies":[{"name":"wp","href":"https:\/\/api.w.org\/{rel}","templated":true}]}}