{"id":792,"date":"2019-12-23T11:06:39","date_gmt":"2019-12-23T19:06:39","guid":{"rendered":"https:\/\/www.iglan.net\/?post_type=product&#038;p=792"},"modified":"2022-03-24T00:46:17","modified_gmt":"2022-03-24T07:46:17","slug":"self-priming-lubricating-sprayer","status":"publish","type":"product","link":"https:\/\/www.iglan.net\/pt\/produto\/self-priming-lubricating-sprayer\/","title":{"rendered":"Pulverizador Pneum\u00e1tico de Lubrifica\u00e7\u00e3o de Auto-Prima\u00e7\u00e3o para Refrigera\u00e7\u00e3o"},"content":{"rendered":"<p><strong>CARACTER\u00cdSTICAS<\/strong><\/p>\n<p>O atomizador \u00e9 alimentado pela fonte de ar do compressor de ar. O primer autopreparador a v\u00e1cuo \u00e9 aplicado para fazer o l\u00edquido atomizado atrav\u00e9s do bico e do ar, e depois pulverizado at\u00e9 o ponto de lubrifica\u00e7\u00e3o da pe\u00e7a, cortador ou rolamento. O efeito de resfriamento \u00e9 bom e proporciona lubrifica\u00e7\u00e3o, remo\u00e7\u00e3o de cavacos, limpeza e outras fun\u00e7\u00f5es, a fim de melhorar a efici\u00eancia da produ\u00e7\u00e3o e a qualidade do processamento, reduzir a perda de ferramentas mec\u00e2nicas, reduzir a polui\u00e7\u00e3o da oficina.<br \/>\n1. O resfriamento, lubrifica\u00e7\u00e3o e sopro de cavacos de ferro podem ser completados de uma s\u00f3 vez durante o processamento.<br \/>\n2. Ele pode melhorar a velocidade de corte, economizar tempo de processamento e reduzir o desgaste da ferramenta.<br \/>\n3. Pode garantir a qualidade do acabamento das pe\u00e7as e o melhor efeito de uso das ferramentas de corte.<br \/>\n4. O processamento de ligas ou materiais super duros tamb\u00e9m pode alcan\u00e7ar uma superf\u00edcie lisa e de alta precis\u00e3o.<br \/>\n5. Aumentar o m\u00e9todo de veda\u00e7\u00e3o pode evitar vazamento interno de \u00f3leo e prolongar a vida \u00fatil.<br \/>\n6. O volume do pulverizador e do l\u00edquido refrigerante pode ser ajustado para facilitar o uso de diferentes condi\u00e7\u00f5es de processamento.<br \/>\n7. Existem diferentes formas de fixa\u00e7\u00e3o, a fim de facilitar a instala\u00e7\u00e3o e a fixa\u00e7\u00e3o dos clientes.<\/p>\n<p><strong>ESPECIFICA\u00c7\u00d5ES<\/strong><\/p>\n<p><img decoding=\"async\" class=\"size-full wp-image-795\" src=\"https:\/\/www.iglan.net\/wp-content\/uploads\/2019\/12\/CS-dimensions.jpg\" alt=\"Dimens\u00e3o do pulverizador\" width=\"700\" height=\"898\" srcset=\"https:\/\/www.iglan.net\/wp-content\/uploads\/2019\/12\/CS-dimensions.jpg 700w, https:\/\/www.iglan.net\/wp-content\/uploads\/2019\/12\/CS-dimensions-510x654.jpg 510w, https:\/\/www.iglan.net\/wp-content\/uploads\/2019\/12\/CS-dimensions-64x82.jpg 64w, https:\/\/www.iglan.net\/wp-content\/uploads\/2019\/12\/CS-dimensions-300x385.jpg 300w, https:\/\/www.iglan.net\/wp-content\/uploads\/2019\/12\/CS-dimensions-234x300.jpg 234w\" sizes=\"(max-width: 700px) 100vw, 700px\" \/><\/p>","protected":false},"excerpt":{"rendered":"<p>A press\u00e3o da fonte de g\u00e1s varia de 5 a 7 KGF e cm_ (relacionado ao volume e \u00e0 press\u00e3o do g\u00e1s de atomiza\u00e7\u00e3o). Use viscosidade l\u00edquida abaixo de 68cST. Use ocasi\u00f5es, m\u00e1quina de serrar, torno, moedor, m\u00e1quina de roscar, centro de processamento CNC, Punch, m\u00e1quinas de trabalhar madeira e outros equipamentos de corte.<\/p>","protected":false},"featured_media":797,"template":"","meta":[],"product_brand":[],"product_cat":[51,173],"product_tag":[58,57,59],"class_list":{"0":"post-792","1":"product","2":"type-product","3":"status-publish","4":"has-post-thumbnail","6":"product_cat-lubrication-system-accessories","7":"product_cat-pressure-gauge-and-others","8":"product_tag-cooling-sprayer","9":"product_tag-lubricating-sprayer","10":"product_tag-lubrication-fittings","12":"first","13":"instock","14":"shipping-taxable","15":"product-type-external"},"_links":{"self":[{"href":"https:\/\/www.iglan.net\/pt\/wp-json\/wp\/v2\/product\/792","targetHints":{"allow":["GET"]}}],"collection":[{"href":"https:\/\/www.iglan.net\/pt\/wp-json\/wp\/v2\/product"}],"about":[{"href":"https:\/\/www.iglan.net\/pt\/wp-json\/wp\/v2\/types\/product"}],"wp:featuredmedia":[{"embeddable":true,"href":"https:\/\/www.iglan.net\/pt\/wp-json\/wp\/v2\/media\/797"}],"wp:attachment":[{"href":"https:\/\/www.iglan.net\/pt\/wp-json\/wp\/v2\/media?parent=792"}],"wp:term":[{"taxonomy":"product_brand","embeddable":true,"href":"https:\/\/www.iglan.net\/pt\/wp-json\/wp\/v2\/product_brand?post=792"},{"taxonomy":"product_cat","embeddable":true,"href":"https:\/\/www.iglan.net\/pt\/wp-json\/wp\/v2\/product_cat?post=792"},{"taxonomy":"product_tag","embeddable":true,"href":"https:\/\/www.iglan.net\/pt\/wp-json\/wp\/v2\/product_tag?post=792"}],"curies":[{"name":"wp","href":"https:\/\/api.w.org\/{rel}","templated":true}]}}