{"id":709,"date":"2019-11-04T17:27:20","date_gmt":"2019-11-05T01:27:20","guid":{"rendered":"https:\/\/www.iglan.net\/?post_type=product&#038;p=709"},"modified":"2022-03-24T00:47:57","modified_gmt":"2022-03-24T07:47:57","slug":"adl340am-oil-lubrication-pump","status":"publish","type":"product","link":"https:\/\/www.iglan.net\/pt\/produto\/adl340am-oil-lubrication-pump\/","title":{"rendered":"Bomba de lubrifica\u00e7\u00e3o de \u00f3leo ADL340AM com controlador ajust\u00e1vel"},"content":{"rendered":"<p><strong>CARACTER\u00cdSTICAS<\/strong><\/p>\n<p>1. O tempo de lubrifica\u00e7\u00e3o e o tempo intermitente podem ser ajustados (com fun\u00e7\u00e3o de chave de bloqueio, ajustes de bloqueio).<br \/>\n2. Possui interruptor de n\u00edvel de l\u00edquido e interruptor de press\u00e3o (normalmente fechado, opcional). Quando o \u00f3leo ou a press\u00e3o for insuficiente, a campainha dar\u00e1 um alarme e emitir\u00e1 o sinal anormal.<br \/>\n3. Tempo do sistema pode ser ajustado, tempo de lubrifica\u00e7\u00e3o LUB: 1-999 (segundos) Tempo de intervalo INT: 1-999 (minutos).<br \/>\n4. O tempo de lubrifica\u00e7\u00e3o mais longo \u00e9 menor ou igual a 2 minutos, e o tempo de intervalo \u00e9 mais de 5 vezes o tempo de lubrifica\u00e7\u00e3o.<br \/>\n5. O motor est\u00e1 equipado com um protetor de superaquecimento para evitar que o motor superaque\u00e7a e sobrecarregue.<br \/>\n6. O sistema volum\u00e9trico est\u00e1 equipado com dispositivo de descompress\u00e3o, que necessita do distribuidor LT\/DPB\/MO.<br \/>\n7. Uma v\u00e1lvula de al\u00edvio \u00e9 fornecida para evitar que a bomba de lubrifica\u00e7\u00e3o seja danificada por sobrecarga e press\u00e3o excessiva na tubula\u00e7\u00e3o.<br \/>\n8. Utilizar viscosidade de \u00f3leo 32-68 cSt@40\u2103.<\/p>\n<p><strong>ESPECIFICA\u00c7\u00d5ES<\/strong><\/p>\n<p><img decoding=\"async\" class=\"size-full wp-image-710\" src=\"https:\/\/www.iglan.net\/wp-content\/uploads\/2019\/11\/ADL-3-specifications.png\" alt=\"ADL3-lubrificador-especifica\u00e7\u00f5es\" width=\"920\" height=\"750\" srcset=\"https:\/\/www.iglan.net\/wp-content\/uploads\/2019\/11\/ADL-3-specifications.png 920w, https:\/\/www.iglan.net\/wp-content\/uploads\/2019\/11\/ADL-3-specifications-800x652.png 800w, https:\/\/www.iglan.net\/wp-content\/uploads\/2019\/11\/ADL-3-specifications-64x52.png 64w, https:\/\/www.iglan.net\/wp-content\/uploads\/2019\/11\/ADL-3-specifications-300x245.png 300w, https:\/\/www.iglan.net\/wp-content\/uploads\/2019\/11\/ADL-3-specifications-768x626.png 768w\" sizes=\"(max-width: 920px) 100vw, 920px\" \/><\/p>\n<p><strong>DIMENS\u00d5ES<\/strong><\/p>\n<p><img decoding=\"async\" class=\"size-full wp-image-712\" src=\"https:\/\/www.iglan.net\/wp-content\/uploads\/2019\/11\/ADL-plc-dimension.png\" alt=\"ADL-plc-dimens\u00e3o\" width=\"920\" height=\"636\" srcset=\"https:\/\/www.iglan.net\/wp-content\/uploads\/2019\/11\/ADL-plc-dimension.png 920w, https:\/\/www.iglan.net\/wp-content\/uploads\/2019\/11\/ADL-plc-dimension-800x553.png 800w, https:\/\/www.iglan.net\/wp-content\/uploads\/2019\/11\/ADL-plc-dimension-64x44.png 64w, https:\/\/www.iglan.net\/wp-content\/uploads\/2019\/11\/ADL-plc-dimension-300x207.png 300w, https:\/\/www.iglan.net\/wp-content\/uploads\/2019\/11\/ADL-plc-dimension-768x531.png 768w\" sizes=\"(max-width: 920px) 100vw, 920px\" \/><\/p>","protected":false},"excerpt":{"rendered":"<p>O tempo de lubrifica\u00e7\u00e3o e o tempo intermitente podem ser ajustados. H\u00e1 interruptor de n\u00edvel de l\u00edquido e interruptor de press\u00e3o.<br \/>\nO tempo de lubrifica\u00e7\u00e3o do sistema pode ser ajustado. Tempo de lubrifica\u00e7\u00e3o LUB: 1-999 segundos. Tempo de intervalo INT: 1-999 minutos.<\/p>","protected":false},"featured_media":714,"template":"","meta":[],"product_brand":[],"product_cat":[32,155],"product_tag":[46,41,45],"class_list":{"0":"post-709","1":"product","2":"type-product","3":"status-publish","4":"has-post-thumbnail","6":"product_cat-oil-lubrication-pump-units","7":"product_cat-adl-series","8":"product_tag-cnc-lubricator","9":"product_tag-lubrication-pump","10":"product_tag-oil-pump","12":"first","13":"instock","14":"shipping-taxable","15":"product-type-external"},"_links":{"self":[{"href":"https:\/\/www.iglan.net\/pt\/wp-json\/wp\/v2\/product\/709","targetHints":{"allow":["GET"]}}],"collection":[{"href":"https:\/\/www.iglan.net\/pt\/wp-json\/wp\/v2\/product"}],"about":[{"href":"https:\/\/www.iglan.net\/pt\/wp-json\/wp\/v2\/types\/product"}],"wp:featuredmedia":[{"embeddable":true,"href":"https:\/\/www.iglan.net\/pt\/wp-json\/wp\/v2\/media\/714"}],"wp:attachment":[{"href":"https:\/\/www.iglan.net\/pt\/wp-json\/wp\/v2\/media?parent=709"}],"wp:term":[{"taxonomy":"product_brand","embeddable":true,"href":"https:\/\/www.iglan.net\/pt\/wp-json\/wp\/v2\/product_brand?post=709"},{"taxonomy":"product_cat","embeddable":true,"href":"https:\/\/www.iglan.net\/pt\/wp-json\/wp\/v2\/product_cat?post=709"},{"taxonomy":"product_tag","embeddable":true,"href":"https:\/\/www.iglan.net\/pt\/wp-json\/wp\/v2\/product_tag?post=709"}],"curies":[{"name":"wp","href":"https:\/\/api.w.org\/{rel}","templated":true}]}}