{"id":700,"date":"2019-11-02T10:11:19","date_gmt":"2019-11-02T17:11:19","guid":{"rendered":"https:\/\/www.iglan.net\/?post_type=product&#038;p=700"},"modified":"2022-03-24T00:48:03","modified_gmt":"2022-03-24T07:48:03","slug":"adl330am-oil-lubrication-pump","status":"publish","type":"product","link":"https:\/\/www.iglan.net\/pt\/produto\/adl330am-oil-lubrication-pump\/","title":{"rendered":"Lubrificador a graxa AMT230D1 para sistema de lubrifica\u00e7\u00e3o a graxa"},"content":{"rendered":"<p><strong>CARACTER\u00cdSTICAS<\/strong><\/p>\n<p>1. Controle do ciclo de trabalho da bomba de lubrifica\u00e7\u00e3o por CLP hospedeiro: Tempo de trabalho e tempo intermitente<br \/>\n2. H\u00e1 interruptor de n\u00edvel de l\u00edquido e interruptor de press\u00e3o (opcional). O sinal anormal ser\u00e1 emitido quando a quantidade de \u00f3leo ou a press\u00e3o for insuficiente.<br \/>\n3. O indicador do painel pode mostrar a lubrifica\u00e7\u00e3o e o estado intermitente da bomba de lubrifica\u00e7\u00e3o.<br \/>\n4. O sistema \u00e9 equipado com a chave \"FEED\", que pode ser for\u00e7ada a lubrificar.<br \/>\n5. Juntas proporcionais ou distribuidores do tipo B s\u00e3o necess\u00e1rios em sistemas resistivos.<br \/>\n6. Existe uma v\u00e1lvula de al\u00edvio para proteger a bomba de lubrifica\u00e7\u00e3o e a tubula\u00e7\u00e3o contra danos devido \u00e0 press\u00e3o excessiva.<br \/>\n7. Utilizar viscosidade de \u00f3leo 32-68 cSt@40\u2103.<\/p>\n<p><strong>ESPECIFICA\u00c7\u00d5ES<\/strong><\/p>\n<p><img decoding=\"async\" class=\"size-full wp-image-701\" src=\"https:\/\/www.iglan.net\/wp-content\/uploads\/2019\/11\/AMT-2.png\" alt=\"AMT2-3L-lubrificador\" width=\"920\" height=\"278\" srcset=\"https:\/\/www.iglan.net\/wp-content\/uploads\/2019\/11\/AMT-2.png 920w, https:\/\/www.iglan.net\/wp-content\/uploads\/2019\/11\/AMT-2-800x242.png 800w, https:\/\/www.iglan.net\/wp-content\/uploads\/2019\/11\/AMT-2-64x19.png 64w, https:\/\/www.iglan.net\/wp-content\/uploads\/2019\/11\/AMT-2-300x91.png 300w, https:\/\/www.iglan.net\/wp-content\/uploads\/2019\/11\/AMT-2-768x232.png 768w\" sizes=\"(max-width: 920px) 100vw, 920px\" \/><\/p>\n<p><strong>DIMENS\u00d5ES<\/strong><\/p>\n<p><img decoding=\"async\" class=\"size-full wp-image-702\" src=\"https:\/\/www.iglan.net\/wp-content\/uploads\/2019\/11\/AMT-3-plc.png\" alt=\"Bomba AMT3-plc-lubrifica\u00e7\u00e3o\" width=\"920\" height=\"567\" srcset=\"https:\/\/www.iglan.net\/wp-content\/uploads\/2019\/11\/AMT-3-plc.png 920w, https:\/\/www.iglan.net\/wp-content\/uploads\/2019\/11\/AMT-3-plc-800x493.png 800w, https:\/\/www.iglan.net\/wp-content\/uploads\/2019\/11\/AMT-3-plc-64x39.png 64w, https:\/\/www.iglan.net\/wp-content\/uploads\/2019\/11\/AMT-3-plc-300x185.png 300w, https:\/\/www.iglan.net\/wp-content\/uploads\/2019\/11\/AMT-3-plc-768x473.png 768w\" sizes=\"(max-width: 920px) 100vw, 920px\" \/><\/p>","protected":false},"excerpt":{"rendered":"<p>Controle do ciclo de trabalho da bomba de lubrifica\u00e7\u00e3o por CLP hospedeiro: Tempo de trabalho e tempo intermitente<br \/>\nH\u00e1 interruptor de n\u00edvel de l\u00edquido e interruptor de press\u00e3o (opcional). O sinal anormal ser\u00e1 emitido quando a quantidade de \u00f3leo ou a press\u00e3o for insuficiente.<\/p>","protected":false},"featured_media":705,"template":"","meta":[],"product_brand":[],"product_cat":[156,34],"product_tag":[46,40,41],"class_list":{"0":"post-700","1":"product","2":"type-product","3":"status-publish","4":"has-post-thumbnail","6":"product_cat-amt-series","7":"product_cat-grease-lubrication-pump-units","8":"product_tag-cnc-lubricator","9":"product_tag-grease-pump","10":"product_tag-lubrication-pump","12":"first","13":"instock","14":"shipping-taxable","15":"product-type-external"},"_links":{"self":[{"href":"https:\/\/www.iglan.net\/pt\/wp-json\/wp\/v2\/product\/700","targetHints":{"allow":["GET"]}}],"collection":[{"href":"https:\/\/www.iglan.net\/pt\/wp-json\/wp\/v2\/product"}],"about":[{"href":"https:\/\/www.iglan.net\/pt\/wp-json\/wp\/v2\/types\/product"}],"wp:featuredmedia":[{"embeddable":true,"href":"https:\/\/www.iglan.net\/pt\/wp-json\/wp\/v2\/media\/705"}],"wp:attachment":[{"href":"https:\/\/www.iglan.net\/pt\/wp-json\/wp\/v2\/media?parent=700"}],"wp:term":[{"taxonomy":"product_brand","embeddable":true,"href":"https:\/\/www.iglan.net\/pt\/wp-json\/wp\/v2\/product_brand?post=700"},{"taxonomy":"product_cat","embeddable":true,"href":"https:\/\/www.iglan.net\/pt\/wp-json\/wp\/v2\/product_cat?post=700"},{"taxonomy":"product_tag","embeddable":true,"href":"https:\/\/www.iglan.net\/pt\/wp-json\/wp\/v2\/product_tag?post=700"}],"curies":[{"name":"wp","href":"https:\/\/api.w.org\/{rel}","templated":true}]}}