{"id":692,"date":"2019-11-01T16:22:47","date_gmt":"2019-11-01T23:22:47","guid":{"rendered":"https:\/\/www.iglan.net\/?post_type=product&#038;p=692"},"modified":"2022-03-24T00:48:07","modified_gmt":"2022-03-24T07:48:07","slug":"adl230a2-oil-lubrication-pump","status":"publish","type":"product","link":"https:\/\/www.iglan.net\/pt\/produto\/adl230a2-oil-lubrication-pump\/","title":{"rendered":"2L 110V ADL230A2 Lubrifica\u00e7\u00e3o a \u00f3leo Bomba para lubrifica\u00e7\u00e3o CNC"},"content":{"rendered":"<p><strong>CARACTER\u00cdSTICAS<\/strong><\/p>\n<p>1. O tempo de trabalho e tempo de intervalo da bomba de lubrifica\u00e7\u00e3o controlada pelo CLP hospedeiro.<br \/>\n2. Um interruptor de n\u00edvel de l\u00edquido e um interruptor de press\u00e3o podem ser selecionados para emitir sinais anormais quando o \u00f3leo ou a press\u00e3o for insuficiente.<br \/>\n3. O indicador do painel pode mostrar a lubrifica\u00e7\u00e3o e o estado intermitente do injetor de \u00f3leo.<br \/>\n4. O sistema \u00e9 equipado com a chave \"FEED\", que pode ser for\u00e7ada a lubrificar.<br \/>\n5. O tempo de lubrifica\u00e7\u00e3o mais longo \u00e9 menor ou igual a 2 minutos, e o tempo de intervalo \u00e9 geralmente mais de 5 vezes o tempo de lubrifica\u00e7\u00e3o.<br \/>\n6. O motor est\u00e1 equipado com um protetor de superaquecimento para evitar que o motor superaque\u00e7a e sobrecarregue.<br \/>\n7. N\u00e3o h\u00e1 dispositivo de descompress\u00e3o no sistema resistivo, que deve ser usado com distribuidor de junta proporcional.<br \/>\n8. Os fus\u00edveis s\u00e3o equipados no interior para evitar que a placa IC e o motor sejam queimados por corrente excessiva devido ao curto-circuito.<br \/>\n9. Existe uma v\u00e1lvula de al\u00edvio para proteger a bomba de lubrifica\u00e7\u00e3o e a tubula\u00e7\u00e3o contra danos devido \u00e0 press\u00e3o excessiva.<\/p>\n<p><strong>ESPECIFICA\u00c7\u00d5ES<\/strong><br \/>\n<img decoding=\"async\" class=\"size-full wp-image-693\" src=\"https:\/\/www.iglan.net\/wp-content\/uploads\/2019\/11\/ADL230A2-parameter.png\" alt=\"Par\u00e2metro do lubrificador ADL230A2\" width=\"920\" height=\"210\" srcset=\"https:\/\/www.iglan.net\/wp-content\/uploads\/2019\/11\/ADL230A2-parameter.png 920w, https:\/\/www.iglan.net\/wp-content\/uploads\/2019\/11\/ADL230A2-parameter-800x183.png 800w, https:\/\/www.iglan.net\/wp-content\/uploads\/2019\/11\/ADL230A2-parameter-64x15.png 64w, https:\/\/www.iglan.net\/wp-content\/uploads\/2019\/11\/ADL230A2-parameter-300x68.png 300w, https:\/\/www.iglan.net\/wp-content\/uploads\/2019\/11\/ADL230A2-parameter-768x175.png 768w\" sizes=\"(max-width: 920px) 100vw, 920px\" \/><\/p>\n<p><strong>DIMENS\u00d5ES<\/strong><br \/>\n<img decoding=\"async\" class=\"size-full wp-image-694\" src=\"https:\/\/www.iglan.net\/wp-content\/uploads\/2019\/11\/ADL230A2-dimension.png\" alt=\"Dimens\u00e3o do lubrificador ADL230A2\" width=\"920\" height=\"541\" srcset=\"https:\/\/www.iglan.net\/wp-content\/uploads\/2019\/11\/ADL230A2-dimension.png 920w, https:\/\/www.iglan.net\/wp-content\/uploads\/2019\/11\/ADL230A2-dimension-800x470.png 800w, https:\/\/www.iglan.net\/wp-content\/uploads\/2019\/11\/ADL230A2-dimension-64x38.png 64w, https:\/\/www.iglan.net\/wp-content\/uploads\/2019\/11\/ADL230A2-dimension-300x176.png 300w, https:\/\/www.iglan.net\/wp-content\/uploads\/2019\/11\/ADL230A2-dimension-768x452.png 768w\" sizes=\"(max-width: 920px) 100vw, 920px\" \/><\/p>","protected":false},"excerpt":{"rendered":"<p>O tempo de trabalho e tempo de intervalo da bomba de lubrifica\u00e7\u00e3o controlada pelo CLP hospedeiro.<br \/>\nUm interruptor de n\u00edvel de l\u00edquido e um interruptor de press\u00e3o podem ser selecionados para<br \/>\nOs fus\u00edveis s\u00e3o equipados no interior para evitar que a placa IC e o motor sejam queimados por corrente excessiva devido ao curto-circuito.<\/p>","protected":false},"featured_media":697,"template":"","meta":[],"product_brand":[],"product_cat":[32,155],"product_tag":[46,41,45],"class_list":{"0":"post-692","1":"product","2":"type-product","3":"status-publish","4":"has-post-thumbnail","6":"product_cat-oil-lubrication-pump-units","7":"product_cat-adl-series","8":"product_tag-cnc-lubricator","9":"product_tag-lubrication-pump","10":"product_tag-oil-pump","12":"first","13":"instock","14":"shipping-taxable","15":"product-type-external"},"_links":{"self":[{"href":"https:\/\/www.iglan.net\/pt\/wp-json\/wp\/v2\/product\/692","targetHints":{"allow":["GET"]}}],"collection":[{"href":"https:\/\/www.iglan.net\/pt\/wp-json\/wp\/v2\/product"}],"about":[{"href":"https:\/\/www.iglan.net\/pt\/wp-json\/wp\/v2\/types\/product"}],"wp:featuredmedia":[{"embeddable":true,"href":"https:\/\/www.iglan.net\/pt\/wp-json\/wp\/v2\/media\/697"}],"wp:attachment":[{"href":"https:\/\/www.iglan.net\/pt\/wp-json\/wp\/v2\/media?parent=692"}],"wp:term":[{"taxonomy":"product_brand","embeddable":true,"href":"https:\/\/www.iglan.net\/pt\/wp-json\/wp\/v2\/product_brand?post=692"},{"taxonomy":"product_cat","embeddable":true,"href":"https:\/\/www.iglan.net\/pt\/wp-json\/wp\/v2\/product_cat?post=692"},{"taxonomy":"product_tag","embeddable":true,"href":"https:\/\/www.iglan.net\/pt\/wp-json\/wp\/v2\/product_tag?post=692"}],"curies":[{"name":"wp","href":"https:\/\/api.w.org\/{rel}","templated":true}]}}