{"id":584,"date":"2019-10-25T15:37:25","date_gmt":"2019-10-25T22:37:25","guid":{"rendered":"https:\/\/www.iglan.net\/?post_type=product&#038;p=584"},"modified":"2022-03-24T00:48:13","modified_gmt":"2022-03-24T07:48:13","slug":"lt5-oil-distributor","status":"publish","type":"product","link":"https:\/\/www.iglan.net\/pt\/produto\/lt5-oil-distributor\/","title":{"rendered":"Distribuidor de Lubrifica\u00e7\u00e3o a \u00d3leo Pressurizado Volum\u00e9trico Dur\u00e1vel LT-5"},"content":{"rendered":"<p><strong>CARACTER\u00cdSTICAS<\/strong><\/p>\n<p>Vis\u00e3o geral do produto<br \/>\n1. Cada fluxo fixo \u00e9 fornecido para a parte lubrificante.<br \/>\n2. A vaz\u00e3o n\u00e3o \u00e9 afetada pela viscosidade do \u00f3leo e pelo tempo de batida do \u00f3leo.<br \/>\n3. Cada sa\u00edda de \u00f3leo tem uma fun\u00e7\u00e3o de detec\u00e7\u00e3o para verificar se o trabalho \u00e9 anormal.<br \/>\n3. Deve ser usado com bomba de lubrifica\u00e7\u00e3o por volume.<br \/>\n4. Adequado para sistema de lubrifica\u00e7\u00e3o peri\u00f3dica volum\u00e9trica com press\u00e3o de trabalho de 10-30 kgf\/cm.<br \/>\nPrinc\u00edpio de funcionamento<br \/>\n1. O \u00f3leo lubrificante transportado da bomba de \u00f3leo empurra a v\u00e1lvula guarda-chuva no distribuidor para cima.<br \/>\n2. Quando a v\u00e1lvula guarda-chuva fecha o orif\u00edcio de sa\u00edda de \u00f3leo, o \u00f3leo de press\u00e3o for\u00e7a o pist\u00e3o a superar o decl\u00ednio da for\u00e7a da mola, de modo que a c\u00e2mara inferior come\u00e7a a armazenar \u00f3leo.<br \/>\n3. Quando o pist\u00e3o \u00e9 levado \u00e0 parte superior da c\u00e2mara inferior, o armazenamento de \u00f3leo \u00e9 completado.<br \/>\n4. Quando a bomba de \u00f3leo deixa de fornecer \u00f3leo, sua v\u00e1lvula de al\u00edvio de press\u00e3o se abre automaticamente, de modo que o \u00f3leo de press\u00e3o na tubula\u00e7\u00e3o principal retorna o \u00f3leo atrav\u00e9s da v\u00e1lvula de al\u00edvio de press\u00e3o. Ao mesmo tempo, a v\u00e1lvula guarda-chuva fechou a entrada, e o pist\u00e3o come\u00e7ou a pressionar o lubrificante na c\u00e2mara inferior para fora da sa\u00edda sob a a\u00e7\u00e3o da for\u00e7a da mola.<\/p>\n<p><strong>ESPECIFICA\u00c7\u00d5ES<\/strong><br \/>\n<img decoding=\"async\" class=\"size-full wp-image-585\" src=\"https:\/\/www.iglan.net\/wp-content\/uploads\/2019\/10\/LT-parameter.png\" alt=\"LT-parameter\" width=\"920\" height=\"236\" srcset=\"https:\/\/www.iglan.net\/wp-content\/uploads\/2019\/10\/LT-parameter.png 920w, https:\/\/www.iglan.net\/wp-content\/uploads\/2019\/10\/LT-parameter-800x205.png 800w, https:\/\/www.iglan.net\/wp-content\/uploads\/2019\/10\/LT-parameter-64x16.png 64w, https:\/\/www.iglan.net\/wp-content\/uploads\/2019\/10\/LT-parameter-300x77.png 300w, https:\/\/www.iglan.net\/wp-content\/uploads\/2019\/10\/LT-parameter-768x197.png 768w\" sizes=\"(max-width: 920px) 100vw, 920px\" \/><\/p>\n<p><strong>DIMENS\u00d5ES<\/strong><br \/>\n<img decoding=\"async\" class=\"size-full wp-image-586\" src=\"https:\/\/www.iglan.net\/wp-content\/uploads\/2019\/10\/LT-dimension.png\" alt=\"Dimens\u00e3o do lubrificador LT\" width=\"920\" height=\"960\" srcset=\"https:\/\/www.iglan.net\/wp-content\/uploads\/2019\/10\/LT-dimension.png 920w, https:\/\/www.iglan.net\/wp-content\/uploads\/2019\/10\/LT-dimension-800x835.png 800w, https:\/\/www.iglan.net\/wp-content\/uploads\/2019\/10\/LT-dimension-64x67.png 64w, https:\/\/www.iglan.net\/wp-content\/uploads\/2019\/10\/LT-dimension-300x313.png 300w, https:\/\/www.iglan.net\/wp-content\/uploads\/2019\/10\/LT-dimension-288x300.png 288w, https:\/\/www.iglan.net\/wp-content\/uploads\/2019\/10\/LT-dimension-768x801.png 768w\" sizes=\"(max-width: 920px) 100vw, 920px\" \/><\/p>","protected":false},"excerpt":{"rendered":"<p>A vaz\u00e3o n\u00e3o \u00e9 afetada pela viscosidade do \u00f3leo e pelo tempo de batida do \u00f3leo.<br \/>\nCada sa\u00edda de \u00f3leo tem uma fun\u00e7\u00e3o de detec\u00e7\u00e3o para verificar se o trabalho \u00e9 anormal.<br \/>\nAdequado para sistema de lubrifica\u00e7\u00e3o peri\u00f3dica volum\u00e9trica com press\u00e3o de trabalho de 10-30 kgf\/cm\u00b2.<\/p>","protected":false},"featured_media":588,"template":"","meta":[],"product_brand":[],"product_cat":[50,168],"product_tag":[54,55,56],"class_list":{"0":"post-584","1":"product","2":"type-product","3":"status-publish","4":"has-post-thumbnail","6":"product_cat-lubricant-metering-devices","7":"product_cat-oil-metering-devices","8":"product_tag-distributor","9":"product_tag-lubrication-distributor","10":"product_tag-oil-air-distributor","12":"first","13":"instock","14":"shipping-taxable","15":"product-type-external"},"_links":{"self":[{"href":"https:\/\/www.iglan.net\/pt\/wp-json\/wp\/v2\/product\/584","targetHints":{"allow":["GET"]}}],"collection":[{"href":"https:\/\/www.iglan.net\/pt\/wp-json\/wp\/v2\/product"}],"about":[{"href":"https:\/\/www.iglan.net\/pt\/wp-json\/wp\/v2\/types\/product"}],"wp:featuredmedia":[{"embeddable":true,"href":"https:\/\/www.iglan.net\/pt\/wp-json\/wp\/v2\/media\/588"}],"wp:attachment":[{"href":"https:\/\/www.iglan.net\/pt\/wp-json\/wp\/v2\/media?parent=584"}],"wp:term":[{"taxonomy":"product_brand","embeddable":true,"href":"https:\/\/www.iglan.net\/pt\/wp-json\/wp\/v2\/product_brand?post=584"},{"taxonomy":"product_cat","embeddable":true,"href":"https:\/\/www.iglan.net\/pt\/wp-json\/wp\/v2\/product_cat?post=584"},{"taxonomy":"product_tag","embeddable":true,"href":"https:\/\/www.iglan.net\/pt\/wp-json\/wp\/v2\/product_tag?post=584"}],"curies":[{"name":"wp","href":"https:\/\/api.w.org\/{rel}","templated":true}]}}