{"id":536,"date":"2019-10-19T14:15:35","date_gmt":"2019-10-19T21:15:35","guid":{"rendered":"https:\/\/www.iglan.net\/?post_type=product&#038;p=536"},"modified":"2022-03-24T00:48:31","modified_gmt":"2022-03-24T07:48:31","slug":"ao-5-ways-oil-air-distributor-for-oil-mist-lubrication-pump","status":"publish","type":"product","link":"https:\/\/www.iglan.net\/pt\/produto\/ao-5-ways-oil-air-distributor-for-oil-mist-lubrication-pump\/","title":{"rendered":"AO Distribuidor de 5 Vias de Lubrifica\u00e7\u00e3o de \u00d3leo-Ar para Bomba de Lubrifica\u00e7\u00e3o por N\u00e9voa de \u00d3leo"},"content":{"rendered":"<p><strong>CARACTER\u00cdSTICAS<\/strong><\/p>\n<p>1. A bomba de lubrifica\u00e7\u00e3o pneum\u00e1tica de n\u00e9voa de \u00f3leo AOM \u00e9 adequada para lubrificar cortes de alta velocidade, lubrifica\u00e7\u00e3o de grandes \u00e1reas, lubrifica\u00e7\u00e3o de processamento especial e resfriamento. A n\u00e9voa de \u00f3leo se mistura uniformemente e o efeito \u00e9 bom.<br \/>\n2. A sa\u00edda de n\u00e9voa de \u00f3leo AOM pode ser combinada com v\u00e1rios bocais, bocais r\u00edgidos ou pistolas de pulveriza\u00e7\u00e3o OB. \u00c9 adequado para uma variedade de m\u00e1quinas de ferramentas de corte. Pode efetivamente esfriar, prolongar a vida \u00fatil da ferramenta e \u00e9 simples e vers\u00e1til.<br \/>\n3. O tipo AOM possui bot\u00e3o de ajuste de \u00f3leo, que pode ajustar a quantidade de \u00f3leo de acordo com a demanda de trabalho para alcan\u00e7ar a otimiza\u00e7\u00e3o. Girando o bot\u00e3o no sentido anti-hor\u00e1rio, quanto maior a press\u00e3o no man\u00f4metro e maior a quantidade de v\u00f4mito de ar, maior a quantidade de n\u00e9voa de \u00f3leo; girando no sentido hor\u00e1rio, menor a quantidade de n\u00e9voa de \u00f3leo.<br \/>\n4. A janela transparente de gota de \u00f3leo pode observar se a bomba de lubrifica\u00e7\u00e3o com n\u00e9voa de \u00f3leo \u00e9 \u00f3leo normal, o espelho de \u00f3leo pode observar se a rela\u00e7\u00e3o de \u00f3leo \u00e9 muito baixa.<br \/>\n5. A fonte de press\u00e3o de ar da bomba de lubrifica\u00e7\u00e3o pneum\u00e1tica de n\u00e9voa de \u00f3leo AOM pode ser acionada diretamente pelo compressor de ar, ou o interruptor da v\u00e1lvula solen\u00f3ide como fonte de press\u00e3o de ar pode ser usado para controlar a a\u00e7\u00e3o de comuta\u00e7\u00e3o da fonte de press\u00e3o de ar 0N\/OFF.<br \/>\n6. A fonte de press\u00e3o recomendada do tipo AOM \u00e9 de 48 kg, o que pode dar um melhor efeito de atomiza\u00e7\u00e3o.<br \/>\n7. \u00d3leo lubrificante e \u00e1gua de corte com viscosidade de 22 -68 cst@40 C podem ser utilizados, mas \u00f3leos vol\u00e1teis como \u00e9steres e etilenoglicol s\u00e3o proibidos de serem adicionados.<\/p>\n<p><strong>ESPECIFICA\u00c7\u00d5ES<\/strong><br \/>\n<img decoding=\"async\" class=\"size-full wp-image-540\" src=\"https:\/\/www.iglan.net\/wp-content\/uploads\/2019\/10\/AO-parameter.png\" alt=\"AO-parameter\" width=\"920\" height=\"260\" srcset=\"https:\/\/www.iglan.net\/wp-content\/uploads\/2019\/10\/AO-parameter.png 920w, https:\/\/www.iglan.net\/wp-content\/uploads\/2019\/10\/AO-parameter-800x226.png 800w, https:\/\/www.iglan.net\/wp-content\/uploads\/2019\/10\/AO-parameter-64x18.png 64w, https:\/\/www.iglan.net\/wp-content\/uploads\/2019\/10\/AO-parameter-300x85.png 300w, https:\/\/www.iglan.net\/wp-content\/uploads\/2019\/10\/AO-parameter-768x217.png 768w\" sizes=\"(max-width: 920px) 100vw, 920px\" \/><\/p>\n<p><strong>DIMENS\u00d5ES<\/strong><br \/>\n<img decoding=\"async\" class=\"size-full wp-image-541\" src=\"https:\/\/www.iglan.net\/wp-content\/uploads\/2019\/10\/AO-dimension.png\" alt=\"AO-dimens\u00e3o\" width=\"920\" height=\"791\" srcset=\"https:\/\/www.iglan.net\/wp-content\/uploads\/2019\/10\/AO-dimension.png 920w, https:\/\/www.iglan.net\/wp-content\/uploads\/2019\/10\/AO-dimension-800x688.png 800w, https:\/\/www.iglan.net\/wp-content\/uploads\/2019\/10\/AO-dimension-64x55.png 64w, https:\/\/www.iglan.net\/wp-content\/uploads\/2019\/10\/AO-dimension-300x258.png 300w, https:\/\/www.iglan.net\/wp-content\/uploads\/2019\/10\/AO-dimension-768x660.png 768w\" sizes=\"(max-width: 920px) 100vw, 920px\" \/><\/p>","protected":false},"excerpt":{"rendered":"<p>A bomba de lubrifica\u00e7\u00e3o pneum\u00e1tica de n\u00e9voa de \u00f3leo AOM \u00e9 adequada para lubrificar cortes de alta velocidade, lubrifica\u00e7\u00e3o de grandes \u00e1reas, lubrifica\u00e7\u00e3o de processamento especial e resfriamento. A n\u00e9voa de \u00f3leo se mistura uniformemente e o efeito \u00e9 bom. A sa\u00edda da n\u00e9voa de \u00f3leo AOM pode ser combinada com v\u00e1rios bocais, bocais r\u00edgidos ou pistolas de pulveriza\u00e7\u00e3o OB.<\/p>","protected":false},"featured_media":543,"template":"","meta":[],"product_brand":[],"product_cat":[50,170],"product_tag":[54,55,56],"class_list":{"0":"post-536","1":"product","2":"type-product","3":"status-publish","4":"has-post-thumbnail","6":"product_cat-lubricant-metering-devices","7":"product_cat-oil-air-metering-devices","8":"product_tag-distributor","9":"product_tag-lubrication-distributor","10":"product_tag-oil-air-distributor","12":"first","13":"instock","14":"shipping-taxable","15":"product-type-external"},"_links":{"self":[{"href":"https:\/\/www.iglan.net\/pt\/wp-json\/wp\/v2\/product\/536","targetHints":{"allow":["GET"]}}],"collection":[{"href":"https:\/\/www.iglan.net\/pt\/wp-json\/wp\/v2\/product"}],"about":[{"href":"https:\/\/www.iglan.net\/pt\/wp-json\/wp\/v2\/types\/product"}],"wp:featuredmedia":[{"embeddable":true,"href":"https:\/\/www.iglan.net\/pt\/wp-json\/wp\/v2\/media\/543"}],"wp:attachment":[{"href":"https:\/\/www.iglan.net\/pt\/wp-json\/wp\/v2\/media?parent=536"}],"wp:term":[{"taxonomy":"product_brand","embeddable":true,"href":"https:\/\/www.iglan.net\/pt\/wp-json\/wp\/v2\/product_brand?post=536"},{"taxonomy":"product_cat","embeddable":true,"href":"https:\/\/www.iglan.net\/pt\/wp-json\/wp\/v2\/product_cat?post=536"},{"taxonomy":"product_tag","embeddable":true,"href":"https:\/\/www.iglan.net\/pt\/wp-json\/wp\/v2\/product_tag?post=536"}],"curies":[{"name":"wp","href":"https:\/\/api.w.org\/{rel}","templated":true}]}}