{"id":396,"date":"2019-10-11T15:57:41","date_gmt":"2019-10-11T22:57:41","guid":{"rendered":"https:\/\/www.iglan.net\/?post_type=product&#038;p=396"},"modified":"2022-03-24T00:48:52","modified_gmt":"2022-03-24T07:48:52","slug":"electric-lubrication-pump-for-wind-power-generation","status":"publish","type":"product","link":"https:\/\/www.iglan.net\/pt\/produto\/electric-lubrication-pump-for-wind-power-generation\/","title":{"rendered":"Bomba de lubrifica\u00e7\u00e3o el\u00e9trica para gera\u00e7\u00e3o de energia e\u00f3lica"},"content":{"rendered":"<p><strong>CARACTER\u00cdSTICAS<\/strong><\/p>\n<p>Vis\u00e3o geral do produto<br \/>\nA bomba de lubrifica\u00e7\u00e3o el\u00e9trica AGP100 utiliza a for\u00e7a motriz do motor CC para absor\u00e7\u00e3o de \u00f3leo rec\u00edproco e drenagem da bomba de \u00eambolo. A fonte de alimenta\u00e7\u00e3o utiliza a fonte de alimenta\u00e7\u00e3o DC24V. O tambor de \u00f3leo fornece 2L e 4LPc de pl\u00e1stico transparente. Ela pode ser dividida em dois tipos, ou seja, tipo placa de press\u00e3o e tipo de agita\u00e7\u00e3o. O tipo de placa de press\u00e3o \u00e9 pressurizado por mola c\u00f4nica e pode trabalhar em invers\u00e3o e rota\u00e7\u00e3o. O controlador de bomba de lubrifica\u00e7\u00e3o el\u00e9trica AGP100 possui pressostato incorporado, contador, sinal de alarme de sa\u00edda do sensor de n\u00edvel de \u00f3leo baixo. Duas bombas de \u00eambolo com deslocamento de 2,5cc\/min s\u00e3o instaladas. Instala\u00e7\u00e3o externa da v\u00e1lvula de seguran\u00e7a, press\u00e3o de at\u00e9 30 MPa da bomba de lubrifica\u00e7\u00e3o el\u00e9trica AGP100 e o distribuidor progressivo da empresa (ASV) constituem um sistema de lubrifica\u00e7\u00e3o progressiva, mas tamb\u00e9m com o distribuidor de linha \u00fanica da empresa (ASL) formam um sistema de lubrifica\u00e7\u00e3o de linha \u00fanica para lubrifica\u00e7\u00e3o centralizada. A bomba \u00e9 utilizada principalmente em energia e\u00f3lica, m\u00e1quinas de constru\u00e7\u00e3o e outras ind\u00fastrias.<\/p>\n<p>Princ\u00edpio de funcionamento<br \/>\nO came exc\u00eantrico no eixo do motor \u00e9 acionado por um motor 24V DC para girar, de modo que a bomba de \u00eambolo no came comprimido possa se mover em uma linha reta rec\u00edproca_ e ent\u00e3o completar os dois processos de suc\u00e7\u00e3o de \u00f3leo e drenagem de \u00f3leo. A bomba de \u00eambolo tem uma v\u00e1lvula unidirecional, de modo que o \u00f3leo descarregado n\u00e3o possa ser revertido.<\/p>\n<p>Sistema de lubrifica\u00e7\u00e3o de linha \u00fanica<br \/>\nO sistema de lubrifica\u00e7\u00e3o centralizada de linha \u00fanica com controlador ED funciona periodicamente. A graxa fornecida pela bomba de lubrifica\u00e7\u00e3o \u00e9 medida pelo distribuidor de linha \u00fanica. Ao mesmo tempo, os pontos de lubrifica\u00e7\u00e3o s\u00e3o injetados para NLG 1, 2. A graxa \u00e9 adequada para energia e\u00f3lica, tratamento de ouro, energia, porta, eleva\u00e7\u00e3o, trabalho com madeira, m\u00e1quinas de engenharia e outros equipamentos.<\/p>\n<p>Sistema de lubrifica\u00e7\u00e3o progressiva<br \/>\nO sistema de lubrifica\u00e7\u00e3o progressiva centralizada \u00e9 equipado com controlador LED, e o distribuidor progressivo \u00e9 injetado gradualmente com graxa de alta press\u00e3o de acordo com o tipo progressivo. NLGl-1#, 2#.<\/p>\n<p><strong>ESPECIFICA\u00c7\u00d5ES<\/strong><\/p>\n<p><img decoding=\"async\" class=\"size-full wp-image-399\" src=\"https:\/\/www.iglan.net\/wp-content\/uploads\/2019\/10\/AGP100-parameter.png\" alt=\"AGP100-param\u00e9trico\" width=\"900\" height=\"103\" srcset=\"https:\/\/www.iglan.net\/wp-content\/uploads\/2019\/10\/AGP100-parameter.png 900w, https:\/\/www.iglan.net\/wp-content\/uploads\/2019\/10\/AGP100-parameter-800x92.png 800w, https:\/\/www.iglan.net\/wp-content\/uploads\/2019\/10\/AGP100-parameter-64x7.png 64w, https:\/\/www.iglan.net\/wp-content\/uploads\/2019\/10\/AGP100-parameter-300x34.png 300w, https:\/\/www.iglan.net\/wp-content\/uploads\/2019\/10\/AGP100-parameter-768x88.png 768w\" sizes=\"(max-width: 900px) 100vw, 900px\" \/><\/p>\n<p><strong>DIMENS\u00d5ES<\/strong><\/p>\n<p><img decoding=\"async\" class=\"size-full wp-image-398\" src=\"https:\/\/www.iglan.net\/wp-content\/uploads\/2019\/10\/AGP-dimension.png\" alt=\"Dimens\u00e3o AGP1\" width=\"920\" height=\"1881\" srcset=\"https:\/\/www.iglan.net\/wp-content\/uploads\/2019\/10\/AGP-dimension.png 528w, https:\/\/www.iglan.net\/wp-content\/uploads\/2019\/10\/AGP-dimension-510x1043.png 510w, https:\/\/www.iglan.net\/wp-content\/uploads\/2019\/10\/AGP-dimension-64x131.png 64w, https:\/\/www.iglan.net\/wp-content\/uploads\/2019\/10\/AGP-dimension-300x613.png 300w, https:\/\/www.iglan.net\/wp-content\/uploads\/2019\/10\/AGP-dimension-147x300.png 147w, https:\/\/www.iglan.net\/wp-content\/uploads\/2019\/10\/AGP-dimension-768x1570.png 768w, https:\/\/www.iglan.net\/wp-content\/uploads\/2019\/10\/AGP-dimension-501x1024.png 501w\" sizes=\"(max-width: 920px) 100vw, 920px\" \/><\/p>","protected":false},"excerpt":{"rendered":"<p>A bomba de lubrifica\u00e7\u00e3o el\u00e9trica AGP100 utiliza a for\u00e7a motriz do motor CC para absor\u00e7\u00e3o de \u00f3leo rec\u00edproco e drenagem da bomba de \u00eambolo. A fonte de alimenta\u00e7\u00e3o utiliza a fonte de alimenta\u00e7\u00e3o DC24V. O tambor de \u00f3leo fornece 2L e 4LPC de pl\u00e1stico transparente. Ele pode ser dividido em dois tipos, ou seja, tipo placa de press\u00e3o e tipo de agita\u00e7\u00e3o.<\/p>","protected":false},"featured_media":509,"template":"","meta":[],"product_brand":[],"product_cat":[34,161],"product_tag":[40,42,47],"class_list":{"0":"post-396","1":"product","2":"type-product","3":"status-publish","4":"has-post-thumbnail","6":"product_cat-grease-lubrication-pump-units","7":"product_cat-agp-series","8":"product_tag-grease-pump","9":"product_tag-lubricator","10":"product_tag-wind-power-lubrication-pump","12":"first","13":"instock","14":"featured","15":"shipping-taxable","16":"product-type-external"},"_links":{"self":[{"href":"https:\/\/www.iglan.net\/pt\/wp-json\/wp\/v2\/product\/396","targetHints":{"allow":["GET"]}}],"collection":[{"href":"https:\/\/www.iglan.net\/pt\/wp-json\/wp\/v2\/product"}],"about":[{"href":"https:\/\/www.iglan.net\/pt\/wp-json\/wp\/v2\/types\/product"}],"wp:featuredmedia":[{"embeddable":true,"href":"https:\/\/www.iglan.net\/pt\/wp-json\/wp\/v2\/media\/509"}],"wp:attachment":[{"href":"https:\/\/www.iglan.net\/pt\/wp-json\/wp\/v2\/media?parent=396"}],"wp:term":[{"taxonomy":"product_brand","embeddable":true,"href":"https:\/\/www.iglan.net\/pt\/wp-json\/wp\/v2\/product_brand?post=396"},{"taxonomy":"product_cat","embeddable":true,"href":"https:\/\/www.iglan.net\/pt\/wp-json\/wp\/v2\/product_cat?post=396"},{"taxonomy":"product_tag","embeddable":true,"href":"https:\/\/www.iglan.net\/pt\/wp-json\/wp\/v2\/product_tag?post=396"}],"curies":[{"name":"wp","href":"https:\/\/api.w.org\/{rel}","templated":true}]}}