{"id":1240,"date":"2020-04-27T01:06:48","date_gmt":"2020-04-27T08:06:48","guid":{"rendered":"https:\/\/www.iglan.net\/?post_type=product&#038;p=1240"},"modified":"2022-03-24T00:39:53","modified_gmt":"2022-03-24T07:39:53","slug":"right-angle-grease-quick-connector","status":"publish","type":"product","link":"https:\/\/www.iglan.net\/pt\/produto\/right-angle-grease-quick-connector\/","title":{"rendered":"Conector r\u00e1pido de \u00f3leo de \u00e2ngulo reto com roscas internas externas"},"content":{"rendered":"<p><strong>CARACTER\u00cdSTICAS<\/strong><\/p>\n<p>Conex\u00f5es do sistema de lubrifica\u00e7\u00e3o 1\/8 1\/4 3\/8 Adaptador de rosca macho Junta do cotovelo do tubo de \u00f3leo hidr\u00e1ulico de \u00e2ngulo reto Conector r\u00e1pido de graxa<\/p>\n<p><strong>DIMENS\u00d5ES<\/strong><\/p>\n<p>&nbsp;<\/p>\n<p><img decoding=\"async\" class=\"size-full wp-image-1242\" src=\"https:\/\/www.iglan.net\/wp-content\/uploads\/2020\/04\/PH-dimensions.jpg\" alt=\"PH-dimensions\" width=\"437\" height=\"617\" srcset=\"https:\/\/www.iglan.net\/wp-content\/uploads\/2020\/04\/PH-dimensions.jpg 437w, https:\/\/www.iglan.net\/wp-content\/uploads\/2020\/04\/PH-dimensions-212x300.jpg 212w, https:\/\/www.iglan.net\/wp-content\/uploads\/2020\/04\/PH-dimensions-64x90.jpg 64w\" sizes=\"(max-width: 437px) 100vw, 437px\" \/><\/p>\n<figure id=\"attachment_2534\" aria-describedby=\"caption-attachment-2534\" style=\"width: 890px\" class=\"wp-caption alignnone\"><img decoding=\"async\" class=\"size-full wp-image-2534\" src=\"https:\/\/www.iglan.net\/wp-content\/uploads\/2020\/04\/PH-Elbow-Connector.jpg\" alt=\"Conector de cotovelo PH\" width=\"890\" height=\"727\" srcset=\"https:\/\/www.iglan.net\/wp-content\/uploads\/2020\/04\/PH-Elbow-Connector.jpg 890w, https:\/\/www.iglan.net\/wp-content\/uploads\/2020\/04\/PH-Elbow-Connector-490x400.jpg 490w, https:\/\/www.iglan.net\/wp-content\/uploads\/2020\/04\/PH-Elbow-Connector-768x627.jpg 768w, https:\/\/www.iglan.net\/wp-content\/uploads\/2020\/04\/PH-Elbow-Connector-800x653.jpg 800w\" sizes=\"(max-width: 890px) 100vw, 890px\" \/><figcaption id=\"caption-attachment-2534\" class=\"wp-caption-text\">Conector de cotovelo PH<\/figcaption><\/figure>","protected":false},"excerpt":{"rendered":"<p>Conex\u00f5es do sistema de lubrifica\u00e7\u00e3o 1\/8 1\/4 3\/8 Adaptador de rosca macho Junta do cotovelo do tubo de \u00f3leo hidr\u00e1ulico de \u00e2ngulo reto Conector r\u00e1pido de graxa<\/p>","protected":false},"featured_media":1243,"template":"","meta":[],"product_brand":[],"product_cat":[51,171],"product_tag":[104,105,132],"class_list":{"0":"post-1240","1":"product","2":"type-product","3":"status-publish","4":"has-post-thumbnail","6":"product_cat-lubrication-system-accessories","7":"product_cat-tubes-and-fittings","8":"product_tag-connector","9":"product_tag-joint","10":"product_tag-right-angle-connector","12":"first","13":"instock","14":"shipping-taxable","15":"product-type-external"},"_links":{"self":[{"href":"https:\/\/www.iglan.net\/pt\/wp-json\/wp\/v2\/product\/1240","targetHints":{"allow":["GET"]}}],"collection":[{"href":"https:\/\/www.iglan.net\/pt\/wp-json\/wp\/v2\/product"}],"about":[{"href":"https:\/\/www.iglan.net\/pt\/wp-json\/wp\/v2\/types\/product"}],"wp:featuredmedia":[{"embeddable":true,"href":"https:\/\/www.iglan.net\/pt\/wp-json\/wp\/v2\/media\/1243"}],"wp:attachment":[{"href":"https:\/\/www.iglan.net\/pt\/wp-json\/wp\/v2\/media?parent=1240"}],"wp:term":[{"taxonomy":"product_brand","embeddable":true,"href":"https:\/\/www.iglan.net\/pt\/wp-json\/wp\/v2\/product_brand?post=1240"},{"taxonomy":"product_cat","embeddable":true,"href":"https:\/\/www.iglan.net\/pt\/wp-json\/wp\/v2\/product_cat?post=1240"},{"taxonomy":"product_tag","embeddable":true,"href":"https:\/\/www.iglan.net\/pt\/wp-json\/wp\/v2\/product_tag?post=1240"}],"curies":[{"name":"wp","href":"https:\/\/api.w.org\/{rel}","templated":true}]}}