{"id":1224,"date":"2020-04-26T18:31:53","date_gmt":"2020-04-27T01:31:53","guid":{"rendered":"https:\/\/www.iglan.net\/?post_type=product&#038;p=1224"},"modified":"2022-03-24T00:40:04","modified_gmt":"2022-03-24T07:40:04","slug":"4-6-8mm-oil-tube-bushing-lining","status":"publish","type":"product","link":"https:\/\/www.iglan.net\/pt\/produto\/4-6-8mm-oil-tube-bushing-lining\/","title":{"rendered":"4mm 6mm 10mm Tubo de lat\u00e3o Conector de revestimento do tubo de lat\u00e3o"},"content":{"rendered":"<p><strong>CARACTER\u00cdSTICAS<\/strong><br \/>\n4\/6\/8\/10mm Connector Insert Tubing Inner Connector Oil Tube Bushing Lining Grease Pipe Copper Nail Bolt For Lubrication System<\/p>\n<p><strong>ESPECIFICA\u00c7\u00d5ES<\/strong><br \/>\n<img decoding=\"async\" class=\"size-full wp-image-1239\" src=\"https:\/\/www.iglan.net\/wp-content\/uploads\/2020\/04\/PI-dimensions.jpg\" alt=\"PI-dimensions\" width=\"766\" height=\"393\" srcset=\"https:\/\/www.iglan.net\/wp-content\/uploads\/2020\/04\/PI-dimensions.jpg 766w, https:\/\/www.iglan.net\/wp-content\/uploads\/2020\/04\/PI-dimensions-510x262.jpg 510w, https:\/\/www.iglan.net\/wp-content\/uploads\/2020\/04\/PI-dimensions-300x154.jpg 300w, https:\/\/www.iglan.net\/wp-content\/uploads\/2020\/04\/PI-dimensions-64x33.jpg 64w\" sizes=\"(max-width: 766px) 100vw, 766px\" \/><\/p>\n<figure id=\"attachment_1238\" aria-describedby=\"caption-attachment-1238\" style=\"width: 797px\" class=\"wp-caption alignleft\"><img decoding=\"async\" class=\"size-full wp-image-1238\" src=\"https:\/\/www.iglan.net\/wp-content\/uploads\/2020\/04\/PI-specifications.jpg\" alt=\"PI-specifications\" width=\"797\" height=\"314\" srcset=\"https:\/\/www.iglan.net\/wp-content\/uploads\/2020\/04\/PI-specifications.jpg 797w, https:\/\/www.iglan.net\/wp-content\/uploads\/2020\/04\/PI-specifications-510x201.jpg 510w, https:\/\/www.iglan.net\/wp-content\/uploads\/2020\/04\/PI-specifications-300x118.jpg 300w, https:\/\/www.iglan.net\/wp-content\/uploads\/2020\/04\/PI-specifications-768x303.jpg 768w, https:\/\/www.iglan.net\/wp-content\/uploads\/2020\/04\/PI-specifications-64x25.jpg 64w\" sizes=\"(max-width: 797px) 100vw, 797px\" \/><figcaption id=\"caption-attachment-1238\" class=\"wp-caption-text\">PI-specifications<\/figcaption><\/figure>","protected":false},"excerpt":{"rendered":"<p>4\/6\/8\/10mm Connector Insert Tubing Inner Connector Oil Tube Bushing Lining Grease Pipe Copper Nail Bolt For Lubrication System<\/p>","protected":false},"featured_media":1237,"template":"","meta":[],"product_brand":[],"product_cat":[51,171],"product_tag":[117,118,116],"class_list":{"0":"post-1224","1":"product","2":"type-product","3":"status-publish","4":"has-post-thumbnail","6":"product_cat-lubrication-system-accessories","7":"product_cat-tubes-and-fittings","8":"product_tag-adaptor","9":"product_tag-pipe-joint","10":"product_tag-universal-connector","12":"first","13":"instock","14":"shipping-taxable","15":"product-type-external"},"_links":{"self":[{"href":"https:\/\/www.iglan.net\/pt\/wp-json\/wp\/v2\/product\/1224","targetHints":{"allow":["GET"]}}],"collection":[{"href":"https:\/\/www.iglan.net\/pt\/wp-json\/wp\/v2\/product"}],"about":[{"href":"https:\/\/www.iglan.net\/pt\/wp-json\/wp\/v2\/types\/product"}],"wp:featuredmedia":[{"embeddable":true,"href":"https:\/\/www.iglan.net\/pt\/wp-json\/wp\/v2\/media\/1237"}],"wp:attachment":[{"href":"https:\/\/www.iglan.net\/pt\/wp-json\/wp\/v2\/media?parent=1224"}],"wp:term":[{"taxonomy":"product_brand","embeddable":true,"href":"https:\/\/www.iglan.net\/pt\/wp-json\/wp\/v2\/product_brand?post=1224"},{"taxonomy":"product_cat","embeddable":true,"href":"https:\/\/www.iglan.net\/pt\/wp-json\/wp\/v2\/product_cat?post=1224"},{"taxonomy":"product_tag","embeddable":true,"href":"https:\/\/www.iglan.net\/pt\/wp-json\/wp\/v2\/product_tag?post=1224"}],"curies":[{"name":"wp","href":"https:\/\/api.w.org\/{rel}","templated":true}]}}