{"id":1147,"date":"2020-03-15T19:18:37","date_gmt":"2020-03-16T02:18:37","guid":{"rendered":"https:\/\/www.iglan.net\/?post_type=product&#038;p=1147"},"modified":"2022-03-24T00:40:37","modified_gmt":"2022-03-24T07:40:37","slug":"pb-6-brass-compression-sleeve","status":"publish","type":"product","link":"https:\/\/www.iglan.net\/pt\/produto\/pb-6-brass-compression-sleeve\/","title":{"rendered":"Conex\u00f5es do anel de compress\u00e3o de lat\u00e3o PB-6 para tubos"},"content":{"rendered":"<p><strong>CARACTER\u00cdSTICAS<\/strong><\/p>\n<p>Tubo de graxa de \u00f3leo Tubo de lat\u00e3o com dupla conicidade Ferrule 4\/6\/6\/8\/10mm Conex\u00f5es do anel de veda\u00e7\u00e3o para sistema de lubrifica\u00e7\u00e3o centralizada<\/p>\n<p><strong>ESPECIFICA\u00c7\u00d5ES<\/strong><\/p>\n<p><img decoding=\"async\" class=\"size-full wp-image-1151\" src=\"https:\/\/www.iglan.net\/wp-content\/uploads\/2020\/03\/PB-specifications.jpg\" alt=\"Especifica\u00e7\u00f5es do PB\" width=\"677\" height=\"260\" srcset=\"https:\/\/www.iglan.net\/wp-content\/uploads\/2020\/03\/PB-specifications.jpg 677w, https:\/\/www.iglan.net\/wp-content\/uploads\/2020\/03\/PB-specifications-510x196.jpg 510w, https:\/\/www.iglan.net\/wp-content\/uploads\/2020\/03\/PB-specifications-300x115.jpg 300w, https:\/\/www.iglan.net\/wp-content\/uploads\/2020\/03\/PB-specifications-64x25.jpg 64w\" sizes=\"(max-width: 677px) 100vw, 677px\" \/><\/p>\n<p><img decoding=\"async\" class=\"size-full wp-image-1149\" src=\"https:\/\/www.iglan.net\/wp-content\/uploads\/2020\/03\/PB-diameter.jpg\" alt=\"DI\u00c2METRO PB\" width=\"453\" height=\"290\" srcset=\"https:\/\/www.iglan.net\/wp-content\/uploads\/2020\/03\/PB-diameter.jpg 453w, https:\/\/www.iglan.net\/wp-content\/uploads\/2020\/03\/PB-diameter-300x192.jpg 300w, https:\/\/www.iglan.net\/wp-content\/uploads\/2020\/03\/PB-diameter-64x41.jpg 64w\" sizes=\"(max-width: 453px) 100vw, 453px\" \/><\/p>","protected":false},"excerpt":{"rendered":"<p>Tubo de graxa de \u00f3leo Tubo de lat\u00e3o com dupla conicidade Ferrule 4\/6\/6\/8\/10mm Conex\u00f5es do anel de veda\u00e7\u00e3o para sistema de lubrifica\u00e7\u00e3o centralizada<\/p>","protected":false},"featured_media":1152,"template":"","meta":[],"product_brand":[],"product_cat":[51,171],"product_tag":[126,128,127],"class_list":{"0":"post-1147","1":"product","2":"type-product","3":"status-publish","4":"has-post-thumbnail","6":"product_cat-lubrication-system-accessories","7":"product_cat-tubes-and-fittings","8":"product_tag-compression-sleeve","9":"product_tag-fittings","10":"product_tag-taper-ferrule","12":"first","13":"instock","14":"shipping-taxable","15":"product-type-external"},"_links":{"self":[{"href":"https:\/\/www.iglan.net\/pt\/wp-json\/wp\/v2\/product\/1147","targetHints":{"allow":["GET"]}}],"collection":[{"href":"https:\/\/www.iglan.net\/pt\/wp-json\/wp\/v2\/product"}],"about":[{"href":"https:\/\/www.iglan.net\/pt\/wp-json\/wp\/v2\/types\/product"}],"wp:featuredmedia":[{"embeddable":true,"href":"https:\/\/www.iglan.net\/pt\/wp-json\/wp\/v2\/media\/1152"}],"wp:attachment":[{"href":"https:\/\/www.iglan.net\/pt\/wp-json\/wp\/v2\/media?parent=1147"}],"wp:term":[{"taxonomy":"product_brand","embeddable":true,"href":"https:\/\/www.iglan.net\/pt\/wp-json\/wp\/v2\/product_brand?post=1147"},{"taxonomy":"product_cat","embeddable":true,"href":"https:\/\/www.iglan.net\/pt\/wp-json\/wp\/v2\/product_cat?post=1147"},{"taxonomy":"product_tag","embeddable":true,"href":"https:\/\/www.iglan.net\/pt\/wp-json\/wp\/v2\/product_tag?post=1147"}],"curies":[{"name":"wp","href":"https:\/\/api.w.org\/{rel}","templated":true}]}}