{"id":1096,"date":"2020-02-22T01:00:57","date_gmt":"2020-02-22T09:00:57","guid":{"rendered":"https:\/\/www.iglan.net\/?post_type=product&#038;p=1096"},"modified":"2022-03-24T00:41:23","modified_gmt":"2022-03-24T07:41:23","slug":"turcit-b-epoxy-resin-12-ab-glue","status":"publish","type":"product","link":"https:\/\/www.iglan.net\/pt\/produto\/turcit-b-epoxy-resin-12-ab-glue\/","title":{"rendered":"Resina Ep\u00f3xi Turcit B 1:2 Cola AB para Fita Macia de Guia Deslizante"},"content":{"rendered":"<p><strong>CARACTER\u00cdSTICAS<\/strong><\/p>\n<p>1. Prepara\u00e7\u00e3o: a superf\u00edcie da superf\u00edcie de colagem do trilho-guia met\u00e1lico \u00e9 rugosa Ra12,5~6,3um (acabamento \u25bd3~\u25bd4), ferrugem e \u00f3leo devem ser removidos, e a superf\u00edcie de colagem do trilho-guia e a correia macia deve ser limpa com acetona.<\/p>\n<p>2. Prepara\u00e7\u00e3o da cola: a cola especial deve ser preparada junto com o uso. Use dois bast\u00f5es para agitar a cola de acordo com a rela\u00e7\u00e3o de volume AB=1\/1,2 (ou a rela\u00e7\u00e3o de peso de AB=1\/1) e misture, e mexa totalmente de maneira uniforme.<\/p>\n<p>3. Colar: aplicar uniformemente o adesivo na superf\u00edcie de colagem do trilho guia e da correia macia do trilho guia 6S, e a espessura da camada adesiva deve ser controlada em cerca de 0,10 mm.<\/p>\n<p>4. Cura: temperatura de cura: temperatura ambiente 10 ~ 40C; tempo de cura: 24h; press\u00e3o de cura: 0.060.10mpa.<\/p>","protected":false},"excerpt":{"rendered":"<p>Prepara\u00e7\u00e3o: a superf\u00edcie da superf\u00edcie de colagem do trilho-guia met\u00e1lico \u00e9 rugosa Ra12,5~6,3um (acabamento \u25bd3~\u25bd4), ferrugem e \u00f3leo devem ser removidos, e a superf\u00edcie de colagem do trilho-guia e a cinta macia devem ser limpos com acetona.<\/p>","protected":false},"featured_media":1097,"template":"","meta":[],"product_brand":[],"product_cat":[52],"product_tag":[114,115,113],"class_list":{"0":"post-1096","1":"product","2":"type-product","3":"status-publish","4":"has-post-thumbnail","6":"product_cat-turcite-b-tape-and-adhesive","7":"product_tag-ab-glue","8":"product_tag-epoxy-resin","9":"product_tag-glue","11":"first","12":"instock","13":"shipping-taxable","14":"product-type-external"},"_links":{"self":[{"href":"https:\/\/www.iglan.net\/pt\/wp-json\/wp\/v2\/product\/1096","targetHints":{"allow":["GET"]}}],"collection":[{"href":"https:\/\/www.iglan.net\/pt\/wp-json\/wp\/v2\/product"}],"about":[{"href":"https:\/\/www.iglan.net\/pt\/wp-json\/wp\/v2\/types\/product"}],"wp:featuredmedia":[{"embeddable":true,"href":"https:\/\/www.iglan.net\/pt\/wp-json\/wp\/v2\/media\/1097"}],"wp:attachment":[{"href":"https:\/\/www.iglan.net\/pt\/wp-json\/wp\/v2\/media?parent=1096"}],"wp:term":[{"taxonomy":"product_brand","embeddable":true,"href":"https:\/\/www.iglan.net\/pt\/wp-json\/wp\/v2\/product_brand?post=1096"},{"taxonomy":"product_cat","embeddable":true,"href":"https:\/\/www.iglan.net\/pt\/wp-json\/wp\/v2\/product_cat?post=1096"},{"taxonomy":"product_tag","embeddable":true,"href":"https:\/\/www.iglan.net\/pt\/wp-json\/wp\/v2\/product_tag?post=1096"}],"curies":[{"name":"wp","href":"https:\/\/api.w.org\/{rel}","templated":true}]}}