{"id":2430,"date":"2022-03-16T01:13:20","date_gmt":"2022-03-16T08:13:20","guid":{"rendered":"https:\/\/www.aceopus.com\/?page_id=2430"},"modified":"2022-06-10T12:04:26","modified_gmt":"2022-06-10T19:04:26","slug":"sales-market","status":"publish","type":"page","link":"https:\/\/www.iglan.net\/pt\/about\/sales-market\/","title":{"rendered":"MERCADO DE VENDAS"},"content":{"rendered":"<section class=\"section\" id=\"section_1803256991\">\n\t\t<div class=\"section-bg fill\" >\n\t\t\t<img decoding=\"async\" width=\"1920\" height=\"500\" src=\"https:\/\/www.iglan.net\/wp-content\/uploads\/2022\/06\/lubrication-system-background.jpg\" class=\"bg attachment-original size-original\" alt=\"lubrication system background\" \/>\t\t\t\t\t\t<div class=\"section-bg-overlay absolute fill\"><\/div>\n\t\t\t\n\n\t\t<\/div>\n\n\t\t\n\n\t\t<div class=\"section-content relative\">\n\t\t\t\n\n<div class=\"row\"  id=\"row-997263806\">\n\n\n\t<div id=\"col-1256450055\" class=\"col hide-for-small medium-2 small-12 large-2\"  >\n\t\t\t\t<div class=\"col-inner\"  >\n\t\t\t\n\t\t\t\n\n\n\t\t<\/div>\n\t\t\t\t\t<\/div>\n\n\t\n\n\t<div id=\"col-833636897\" class=\"col medium-8 small-12 large-8\"  >\n\t\t\t\t<div class=\"col-inner dark\" style=\"background-color:#485a64;\" >\n\t\t\t\n\t\t\t\n\n\t<div id=\"text-3792139884\" class=\"text\">\n\t\t\n\n<h2>Sobre a IGLAN<\/h2>\n<p>A IGLAN \u00e9 uma praticante de sistemas de lubrifica\u00e7\u00e3o ambientalmente amig\u00e1vel. A IGLAN foi criada em 2009, especializada na produ\u00e7\u00e3o de sistemas de lubrifica\u00e7\u00e3o centralizada, obteve a certifica\u00e7\u00e3o IS09001:2005 do sistema de gest\u00e3o da qualidade e possui v\u00e1rias patentes pr\u00e1ticas.<\/p>\n\t\t\n<style>\n#text-3792139884 {\n  color: rgb(255, 255, 255);\n}\n#text-3792139884 > * {\n  color: rgb(255, 255, 255);\n}\n<\/style>\n\t<\/div>\n\t\n\n\t\t<\/div>\n\t\t\t\t\n<style>\n#col-833636897 > .col-inner {\n  padding: 30px 15px 30px 15px;\n}\n@media (min-width:550px) {\n  #col-833636897 > .col-inner {\n    padding: 30px 20px 30px 20px;\n  }\n}\n<\/style>\n\t<\/div>\n\n\t\n\n\t<div id=\"col-1606066797\" class=\"col hide-for-small medium-2 small-12 large-2\"  >\n\t\t\t\t<div class=\"col-inner\"  >\n\t\t\t\n\t\t\t\n\n\n\t\t<\/div>\n\t\t\t\t\t<\/div>\n\n\t\n\n<\/div>\n\n\t\t<\/div>\n\n\t\t\n<style>\n#section_1803256991 {\n  padding-top: 90px;\n  padding-bottom: 90px;\n}\n#section_1803256991 .section-bg-overlay {\n  background-color: rgba(0, 0, 0, 0.4);\n}\n@media (min-width:550px) {\n  #section_1803256991 {\n    padding-top: 110px;\n    padding-bottom: 110px;\n  }\n}\n<\/style>\n\t<\/section>\n\t\n\n\t<section class=\"section\" id=\"section_596557765\">\n\t\t<div class=\"section-bg fill\" >\n\t\t\t\t\t\t\t\t\t\n\t\t\t\n\n\t\t<\/div>\n\n\t\t\n\n\t\t<div class=\"section-content relative\">\n\t\t\t\n\n<div class=\"row\"  id=\"row-659960757\">\n\n\n\t<div id=\"col-2127922410\" class=\"col small-12 large-12\"  >\n\t\t\t\t<div class=\"col-inner\"  >\n\t\t\t\n\t\t\t\n\n\n  \n    <div id=\"pages-273516438\" class=\"row large-columns-4 medium-columns-2 small-columns-2 row-large has-shadow row-box-shadow-3-hover row-masonry\" data-packery-options='{\"itemSelector\": \".col\", \"gutter\": 0, \"presentageWidth\" : true}'>\n\n  <div class=\"page-col col\" >\n          <div class=\"col-inner\" >\n          <a class=\"block plain\" href=\"https:\/\/www.iglan.net\/pt\/about\/company-profile\/\" title=\"PERFIL DA EMPRESA\" target=\"\">\n            <div class=\"page-box box has-hover box-overlay dark box-text-middle\">\n                  <div class=\"box-image\" >\n                      <div class=\"box-image\" >\n                      <img decoding=\"async\" width=\"100\" height=\"25\" src=\"https:\/\/www.iglan.net\/wp-content\/uploads\/2022\/03\/10025.jpg\" class=\"attachment-medium size-medium\" alt=\"\" \/>                      <\/div>\n                      <div class=\"overlay\" style=\"background-color: rgb(15, 88, 214)\"><\/div>                                        <\/div>\n                  <div class=\"box-text text-center\" style=\"padding:0 0px 0px 0px;\">\n                        <div class=\"box-text-inner\">\n                            <p>PERFIL DA EMPRESA<\/p>\n                        <\/div>\n                  <\/div>\n              <\/div>\n            <\/a>\n            <\/div>\n          <\/div><div class=\"page-col col\" >\n          <div class=\"col-inner\" >\n          <a class=\"block plain\" href=\"https:\/\/www.iglan.net\/pt\/about\/our-product\/\" title=\"NOSSO PRODUTO\" target=\"\">\n            <div class=\"page-box box has-hover box-overlay dark box-text-middle\">\n                  <div class=\"box-image\" >\n                      <div class=\"box-image\" >\n                      <img decoding=\"async\" width=\"100\" height=\"25\" src=\"https:\/\/www.iglan.net\/wp-content\/uploads\/2022\/03\/10025.jpg\" class=\"attachment-medium size-medium\" alt=\"\" \/>                      <\/div>\n                      <div class=\"overlay\" style=\"background-color: rgb(15, 88, 214)\"><\/div>                                        <\/div>\n                  <div class=\"box-text text-center\" style=\"padding:0 0px 0px 0px;\">\n                        <div class=\"box-text-inner\">\n                            <p>NOSSO PRODUTO<\/p>\n                        <\/div>\n                  <\/div>\n              <\/div>\n            <\/a>\n            <\/div>\n          <\/div><div class=\"page-col col\" >\n          <div class=\"col-inner\" >\n          <a class=\"block plain\" href=\"https:\/\/www.iglan.net\/pt\/about\/sales-market\/\" title=\"MERCADO DE VENDAS\" target=\"\">\n            <div class=\"page-box box has-hover box-overlay dark box-text-middle\">\n                  <div class=\"box-image\" >\n                      <div class=\"box-image\" >\n                      <img decoding=\"async\" width=\"100\" height=\"25\" src=\"https:\/\/www.iglan.net\/wp-content\/uploads\/2022\/03\/10025.jpg\" class=\"attachment-medium size-medium\" alt=\"\" \/>                      <\/div>\n                      <div class=\"overlay\" style=\"background-color: rgb(15, 88, 214)\"><\/div>                                        <\/div>\n                  <div class=\"box-text text-center\" style=\"padding:0 0px 0px 0px;\">\n                        <div class=\"box-text-inner\">\n                            <p>MERCADO DE VENDAS<\/p>\n                        <\/div>\n                  <\/div>\n              <\/div>\n            <\/a>\n            <\/div>\n          <\/div><div class=\"page-col col\" >\n          <div class=\"col-inner\" >\n          <a class=\"block plain\" href=\"https:\/\/www.iglan.net\/pt\/about\/company-album\/\" title=\"\u00c1LBUM DA EMPRESA\" target=\"\">\n            <div class=\"page-box box has-hover box-overlay dark box-text-middle\">\n                  <div class=\"box-image\" >\n                      <div class=\"box-image\" >\n                      <img decoding=\"async\" width=\"100\" height=\"25\" src=\"https:\/\/www.iglan.net\/wp-content\/uploads\/2022\/03\/10025.jpg\" class=\"attachment-medium size-medium\" alt=\"\" \/>                      <\/div>\n                      <div class=\"overlay\" style=\"background-color: rgb(15, 88, 214)\"><\/div>                                        <\/div>\n                  <div class=\"box-text text-center\" style=\"padding:0 0px 0px 0px;\">\n                        <div class=\"box-text-inner\">\n                            <p>\u00c1LBUM DA EMPRESA<\/p>\n                        <\/div>\n                  <\/div>\n              <\/div>\n            <\/a>\n            <\/div>\n          <\/div><\/div>\n\n\n\t\t<\/div>\n\t\t\t\t\n<style>\n#col-2127922410 > .col-inner {\n  margin: 0px 0px -60px 0px;\n}\n<\/style>\n\t<\/div>\n\n\t\n\n<\/div>\n\n\t\t<\/div>\n\n\t\t\n<style>\n#section_596557765 {\n  padding-top: 50px;\n  padding-bottom: 50px;\n  background-color: rgb(234, 234, 234);\n}\n<\/style>\n\t<\/section>\n\t\n\n\t<section class=\"section\" id=\"section_124881512\">\n\t\t<div class=\"section-bg fill\" >\n\t\t\t\t\t\t\t\t\t\n\t\t\t\n\n\t\t<\/div>\n\n\t\t\n\n\t\t<div class=\"section-content relative\">\n\t\t\t\n\n<div class=\"row row-collapse align-middle align-center\"  id=\"row-1191338036\">\n\n\n\t<div id=\"col-1393030731\" class=\"col medium-12 small-12 large-6\"  >\n\t\t\t\t<div class=\"col-inner\"  >\n\t\t\t\n\t\t\t\n\n\t<div class=\"img has-hover x md-x lg-x y md-y lg-y\" id=\"image_1158275792\">\n\t\t\t\t\t\t\t\t<div class=\"img-inner dark\" >\n\t\t\t<img decoding=\"async\" width=\"900\" height=\"600\" src=\"https:\/\/www.iglan.net\/wp-content\/uploads\/2022\/03\/IGLAN-market-share.jpg\" class=\"attachment-original size-original\" alt=\"IGLAN participa\u00e7\u00e3o no mercado\" srcset=\"https:\/\/www.iglan.net\/wp-content\/uploads\/2022\/03\/IGLAN-market-share.jpg 900w, https:\/\/www.iglan.net\/wp-content\/uploads\/2022\/03\/IGLAN-market-share-600x400.jpg 600w, https:\/\/www.iglan.net\/wp-content\/uploads\/2022\/03\/IGLAN-market-share-768x512.jpg 768w, https:\/\/www.iglan.net\/wp-content\/uploads\/2022\/03\/IGLAN-market-share-800x533.jpg 800w\" sizes=\"(max-width: 900px) 100vw, 900px\" \/>\t\t\t\t\t\t\n\t\t\t\t\t<\/div>\n\t\t\t\t\t\t\t\t\n<style>\n#image_1158275792 {\n  width: 100%;\n}\n<\/style>\n\t<\/div>\n\t\n\n\n\t\t<\/div>\n\t\t\t\t\t<\/div>\n\n\t\n\n\t<div id=\"col-1598963903\" class=\"col medium-12 small-12 large-6\"  >\n\t\t\t\t<div class=\"col-inner\" style=\"background-color:rgb(234, 234, 234);\" >\n\t\t\t\n\t\t\t\n\n\t<div id=\"text-594306279\" class=\"text\">\n\t\t\n\n<h2>Mercado<\/h2>\n<p>Ap\u00f3s mais de dez anos de desenvolvimento, nossos produtos s\u00e3o profundamente confiados pelos clientes. At\u00e9 agora, atendemos milhares de empresas, incluindo muitas marcas internacionais, tais como BYD Auto, Great Wall Motor, Foxconn, HAITIAN CNC, HENGYUAN CNC, J-TECH CNC, TAIKAN, WELLTEC CNC e assim por diante. Desde 2019, iniciamos neg\u00f3cios internacionais, e nossos produtos tamb\u00e9m foram exportados para o Sudeste Asi\u00e1tico, Oriente M\u00e9dio, Europa, Am\u00e9rica do Sul e outros lugares, e ganharam uma certa reputa\u00e7\u00e3o internacional.\n<\/p>\n\t\t\n<style>\n#text-594306279 {\n  color: rgb(0,0,0);\n}\n#text-594306279 > * {\n  color: rgb(0,0,0);\n}\n<\/style>\n\t<\/div>\n\t\n\n\t\t<\/div>\n\t\t\t\t\n<style>\n#col-1598963903 > .col-inner {\n  padding: 40px 15px 40px 15px;\n  margin: 0px 0px 0px 0;\n}\n@media (min-width:550px) {\n  #col-1598963903 > .col-inner {\n    padding: 40px 20px 40px 20px;\n  }\n}\n@media (min-width:850px) {\n  #col-1598963903 > .col-inner {\n    padding: 85px 20px 85px 20px;\n  }\n}\n<\/style>\n\t<\/div>\n\n\t\n\n<\/div>\n<div class=\"row row-collapse align-middle align-center\"  id=\"row-163107667\">\n\n\n\t<div id=\"col-2079628617\" class=\"col medium-12 small-12 large-6\"  >\n\t\t\t\t<div class=\"col-inner\" style=\"background-color:rgb(234, 234, 234);\" >\n\t\t\t\n\t\t\t\n\n\t<div id=\"text-2573291660\" class=\"text\">\n\t\t\n\n<h2>Distribuidor<\/h2>\n<p>A IGLAN tem atualmente mais de uma d\u00fazia de distribuidores. Estes distribuidores est\u00e3o localizados em v\u00e1rios lugares e podem cooperar melhor com os clientes. Eles estabeleceram um sistema de servi\u00e7o em todos os aspectos de pr\u00e9-venda, in-sale e p\u00f3s-venda, esfor\u00e7ando-se para fornecer aos clientes produtos e servi\u00e7os de primeira classe. Para \u00e1reas onde n\u00e3o h\u00e1 distribuidores por enquanto, temos uma boa rela\u00e7\u00e3o de coopera\u00e7\u00e3o com v\u00e1rios fornecedores de log\u00edstica. N\u00e3o importa onde est\u00e3o os clientes e quantos produtos eles adquirem, podemos fornecer produtos e servi\u00e7os da maneira mais barata.<\/p>\n\t\t\n<style>\n#text-2573291660 {\n  color: rgb(0,0,0);\n}\n#text-2573291660 > * {\n  color: rgb(0,0,0);\n}\n<\/style>\n\t<\/div>\n\t\n\n\t\t<\/div>\n\t\t\t\t\n<style>\n#col-2079628617 > .col-inner {\n  padding: 40px 15px 40px 15px;\n  margin: 0px 0px 0px 0px;\n}\n@media (min-width:550px) {\n  #col-2079628617 > .col-inner {\n    padding: 40px 20px 40px 20px;\n  }\n}\n@media (min-width:850px) {\n  #col-2079628617 > .col-inner {\n    padding: 72px 20px 72px 20px;\n  }\n}\n<\/style>\n\t<\/div>\n\n\t\n\n\t<div id=\"col-510200409\" class=\"col medium-12 small-12 large-6\"  >\n\t\t\t\t<div class=\"col-inner\"  >\n\t\t\t\n\t\t\t\n\n\t<div class=\"img has-hover x md-x lg-x y md-y lg-y\" id=\"image_1501952523\">\n\t\t\t\t\t\t\t\t<div class=\"img-inner dark\" >\n\t\t\t<img decoding=\"async\" width=\"900\" height=\"600\" src=\"https:\/\/www.iglan.net\/wp-content\/uploads\/2022\/03\/IGLAN-distributor.jpg\" class=\"attachment-original size-original\" alt=\"Distribuidor IGLAN\" srcset=\"https:\/\/www.iglan.net\/wp-content\/uploads\/2022\/03\/IGLAN-distributor.jpg 900w, https:\/\/www.iglan.net\/wp-content\/uploads\/2022\/03\/IGLAN-distributor-600x400.jpg 600w, https:\/\/www.iglan.net\/wp-content\/uploads\/2022\/03\/IGLAN-distributor-768x512.jpg 768w, https:\/\/www.iglan.net\/wp-content\/uploads\/2022\/03\/IGLAN-distributor-800x533.jpg 800w\" sizes=\"(max-width: 900px) 100vw, 900px\" \/>\t\t\t\t\t\t\n\t\t\t\t\t<\/div>\n\t\t\t\t\t\t\t\t\n<style>\n#image_1501952523 {\n  width: 100%;\n}\n<\/style>\n\t<\/div>\n\t\n\n\n\t\t<\/div>\n\t\t\t\t\t<\/div>\n\n\t\n\n<\/div>\n<div class=\"row row-collapse align-middle align-center\"  id=\"row-483131977\">\n\n\n\t<div id=\"col-846231415\" class=\"col medium-12 small-12 large-6\"  >\n\t\t\t\t<div class=\"col-inner\"  >\n\t\t\t\n\t\t\t\n\n\t<div class=\"img has-hover x md-x lg-x y md-y lg-y\" id=\"image_56878040\">\n\t\t\t\t\t\t\t\t<div class=\"img-inner dark\" >\n\t\t\t<img decoding=\"async\" width=\"900\" height=\"600\" src=\"https:\/\/www.iglan.net\/wp-content\/uploads\/2022\/03\/IGLAN-service.jpg\" class=\"attachment-original size-original\" alt=\"Servi\u00e7o IGLAN\" srcset=\"https:\/\/www.iglan.net\/wp-content\/uploads\/2022\/03\/IGLAN-service.jpg 900w, https:\/\/www.iglan.net\/wp-content\/uploads\/2022\/03\/IGLAN-service-600x400.jpg 600w, https:\/\/www.iglan.net\/wp-content\/uploads\/2022\/03\/IGLAN-service-768x512.jpg 768w, https:\/\/www.iglan.net\/wp-content\/uploads\/2022\/03\/IGLAN-service-18x12.jpg 18w, https:\/\/www.iglan.net\/wp-content\/uploads\/2022\/03\/IGLAN-service-800x533.jpg 800w\" sizes=\"(max-width: 900px) 100vw, 900px\" \/>\t\t\t\t\t\t\n\t\t\t\t\t<\/div>\n\t\t\t\t\t\t\t\t\n<style>\n#image_56878040 {\n  width: 100%;\n}\n<\/style>\n\t<\/div>\n\t\n\n\n\t\t<\/div>\n\t\t\t\t\t<\/div>\n\n\t\n\n\t<div id=\"col-2112165718\" class=\"col medium-12 small-12 large-6\"  >\n\t\t\t\t<div class=\"col-inner\" style=\"background-color:rgb(234, 234, 234);\" >\n\t\t\t\n\t\t\t\n\n\t<div id=\"text-4005453113\" class=\"text\">\n\t\t\n\n<h2>Servi\u00e7o<\/h2>\n<p>A IGLAN sempre esteve comprometida em melhorar a qualidade do servi\u00e7o e as habilidades profissionais do pessoal de atendimento ao cliente, esfor\u00e7ando-se para fornecer a cada usu\u00e1rio solu\u00e7\u00f5es de solu\u00e7\u00e3o de problemas no n\u00edvel de manuten\u00e7\u00e3o do sistema a qualquer momento.A IGLAN sempre acredita que melhorar o valor agregado dos produtos, reduzir o custo total de propriedade dos clientes, evitar os riscos que os clientes possam encontrar, e mudar de produtos para servi\u00e7os s\u00e3o a base de nossa coopera\u00e7\u00e3o ganha-ganha com os clientes.<\/p>\n\t\t\n<style>\n#text-4005453113 {\n  color: rgb(0,0,0);\n}\n#text-4005453113 > * {\n  color: rgb(0,0,0);\n}\n<\/style>\n\t<\/div>\n\t\n\n\t\t<\/div>\n\t\t\t\t\n<style>\n#col-2112165718 > .col-inner {\n  padding: 40px 15px 40px 15px;\n  margin: 0 0px 0px 0px;\n}\n@media (min-width:550px) {\n  #col-2112165718 > .col-inner {\n    padding: 40px 20px 40px 20px;\n  }\n}\n@media (min-width:850px) {\n  #col-2112165718 > .col-inner {\n    padding: 85px 20px 85px 20px;\n  }\n}\n<\/style>\n\t<\/div>\n\n\t\n\n<\/div>\n\n\t\t<\/div>\n\n\t\t\n<style>\n#section_124881512 {\n  padding-top: 50px;\n  padding-bottom: 50px;\n}\n<\/style>\n\t<\/section>","protected":false},"excerpt":{"rendered":"","protected":false},"author":1,"featured_media":2041,"parent":1995,"menu_order":3,"comment_status":"closed","ping_status":"closed","template":"page-blank.php","meta":{"footnotes":""},"class_list":["post-2430","page","type-page","status-publish","has-post-thumbnail","hentry"],"_links":{"self":[{"href":"https:\/\/www.iglan.net\/pt\/wp-json\/wp\/v2\/pages\/2430","targetHints":{"allow":["GET"]}}],"collection":[{"href":"https:\/\/www.iglan.net\/pt\/wp-json\/wp\/v2\/pages"}],"about":[{"href":"https:\/\/www.iglan.net\/pt\/wp-json\/wp\/v2\/types\/page"}],"author":[{"embeddable":true,"href":"https:\/\/www.iglan.net\/pt\/wp-json\/wp\/v2\/users\/1"}],"replies":[{"embeddable":true,"href":"https:\/\/www.iglan.net\/pt\/wp-json\/wp\/v2\/comments?post=2430"}],"version-history":[{"count":0,"href":"https:\/\/www.iglan.net\/pt\/wp-json\/wp\/v2\/pages\/2430\/revisions"}],"up":[{"embeddable":true,"href":"https:\/\/www.iglan.net\/pt\/wp-json\/wp\/v2\/pages\/1995"}],"wp:featuredmedia":[{"embeddable":true,"href":"https:\/\/www.iglan.net\/pt\/wp-json\/wp\/v2\/media\/2041"}],"wp:attachment":[{"href":"https:\/\/www.iglan.net\/pt\/wp-json\/wp\/v2\/media?parent=2430"}],"curies":[{"name":"wp","href":"https:\/\/api.w.org\/{rel}","templated":true}]}}