{"id":2323,"date":"2022-03-15T00:42:47","date_gmt":"2022-03-15T07:42:47","guid":{"rendered":"https:\/\/www.aceopus.com\/?page_id=2323"},"modified":"2022-08-26T14:50:21","modified_gmt":"2022-08-26T21:50:21","slug":"our-terms-of-use","status":"publish","type":"page","link":"https:\/\/www.iglan.net\/pt\/privacy-policy\/our-terms-of-use\/","title":{"rendered":"Nossos Termos de Uso"},"content":{"rendered":"<section class=\"section\" id=\"section_579259740\">\n\t\t<div class=\"section-bg fill\" >\n\t\t\t<img decoding=\"async\" width=\"1920\" height=\"500\" src=\"https:\/\/www.iglan.net\/wp-content\/uploads\/2022\/08\/POLICY-BG.jpg\" class=\"bg attachment-original size-original\" alt=\"\" \/>\t\t\t\t\t\t<div class=\"section-bg-overlay absolute fill\"><\/div>\n\t\t\t\n\n\t\t<\/div>\n\n\t\t\n\n\t\t<div class=\"section-content relative\">\n\t\t\t\n\n<div class=\"row\"  id=\"row-81998062\">\n\n\n\t<div id=\"col-1547049260\" class=\"col hide-for-small medium-2 small-12 large-2\"  >\n\t\t\t\t<div class=\"col-inner\"  >\n\t\t\t\n\t\t\t\n\n\n\t\t<\/div>\n\t\t\t\t\t<\/div>\n\n\t\n\n\t<div id=\"col-1752348280\" class=\"col medium-8 small-12 large-8\"  >\n\t\t\t\t<div class=\"col-inner dark\" style=\"background-color:#485a64;\" >\n\t\t\t\n\t\t\t\n\n\t<div id=\"text-2546690846\" class=\"text\">\n\t\t\n\n<p>Observe que as informa\u00e7\u00f5es legais, incluindo modelos legais e pol\u00edticas jur\u00eddicas, n\u00e3o s\u00e3o conselhos legais. As informa\u00e7\u00f5es fornecidas neste site n\u00e3o s\u00e3o aconselhamento legal, n\u00e3o constituem um servi\u00e7o de indica\u00e7\u00e3o legal, e nenhuma rela\u00e7\u00e3o advogado-cliente ou confidencial \u00e9 ou ser\u00e1 formada pelo uso do site. A reprodu\u00e7\u00e3o, distribui\u00e7\u00e3o, exibi\u00e7\u00e3o ou transmiss\u00e3o do conte\u00fado \u00e9 estritamente proibida, a menos que autorizada pela IGLAN. <\/p>\n\t\t\n<style>\n#text-2546690846 {\n  color: rgb(255, 255, 255);\n}\n#text-2546690846 > * {\n  color: rgb(255, 255, 255);\n}\n<\/style>\n\t<\/div>\n\t\n\n\t\t<\/div>\n\t\t\t\t\n<style>\n#col-1752348280 > .col-inner {\n  padding: 30px 20px 30px 20px;\n}\n<\/style>\n\t<\/div>\n\n\t\n\n\t<div id=\"col-831494585\" class=\"col hide-for-small medium-2 small-12 large-2\"  >\n\t\t\t\t<div class=\"col-inner\"  >\n\t\t\t\n\t\t\t\n\n\n\t\t<\/div>\n\t\t\t\t\t<\/div>\n\n\t\n\n<\/div>\n\n\t\t<\/div>\n\n\t\t\n<style>\n#section_579259740 {\n  padding-top: 90px;\n  padding-bottom: 90px;\n}\n#section_579259740 .section-bg-overlay {\n  background-color: rgba(0, 0, 0, 0.2);\n}\n@media (min-width:550px) {\n  #section_579259740 {\n    padding-top: 110px;\n    padding-bottom: 110px;\n  }\n}\n<\/style>\n\t<\/section>\n\t\n\n\t<section class=\"section\" id=\"section_11635676\">\n\t\t<div class=\"section-bg fill\" >\n\t\t\t\t\t\t\t\t\t\n\t\t\t\n\n\t\t<\/div>\n\n\t\t\n\n\t\t<div class=\"section-content relative\">\n\t\t\t\n\n<div class=\"row\"  id=\"row-689255884\">\n\n\n\t<div id=\"col-1872367695\" class=\"col small-12 large-12\"  >\n\t\t\t\t<div class=\"col-inner\"  >\n\t\t\t\n\t\t\t\n\n\n  \n    <div id=\"pages-1418544398\" class=\"row large-columns-4 medium-columns-2 small-columns-2 row-large has-shadow row-box-shadow-3-hover row-masonry\" data-packery-options='{\"itemSelector\": \".col\", \"gutter\": 0, \"presentageWidth\" : true}'>\n\n  <div class=\"page-col col\" >\n          <div class=\"col-inner\" >\n          <a class=\"block plain\" href=\"https:\/\/www.iglan.net\/pt\/privacy-policy\/our-privacy-policy\/\" title=\"Nossa Pol\u00edtica de Privacidade\" target=\"\">\n            <div class=\"page-box box has-hover box-overlay dark box-text-middle\">\n                  <div class=\"box-image\" >\n                      <div class=\"box-image\" >\n                      <img decoding=\"async\" width=\"100\" height=\"25\" src=\"https:\/\/www.iglan.net\/wp-content\/uploads\/2022\/03\/10025.jpg\" class=\"attachment-medium size-medium\" alt=\"\" \/>                      <\/div>\n                      <div class=\"overlay\" style=\"background-color: rgb(15, 88, 214)\"><\/div>                                        <\/div>\n                  <div class=\"box-text text-center\" style=\"padding:0 0px 0px 0px;\">\n                        <div class=\"box-text-inner\">\n                            <p>Nossa Pol\u00edtica de Privacidade<\/p>\n                        <\/div>\n                  <\/div>\n              <\/div>\n            <\/a>\n            <\/div>\n          <\/div><div class=\"page-col col\" >\n          <div class=\"col-inner\" >\n          <a class=\"block plain\" href=\"https:\/\/www.iglan.net\/pt\/privacy-policy\/our-cookies-policy\/\" title=\"Nossa Pol\u00edtica de Cookies\" target=\"\">\n            <div class=\"page-box box has-hover box-overlay dark box-text-middle\">\n                  <div class=\"box-image\" >\n                      <div class=\"box-image\" >\n                      <img decoding=\"async\" width=\"100\" height=\"25\" src=\"https:\/\/www.iglan.net\/wp-content\/uploads\/2022\/03\/10025.jpg\" class=\"attachment-medium size-medium\" alt=\"\" \/>                      <\/div>\n                      <div class=\"overlay\" style=\"background-color: rgb(15, 88, 214)\"><\/div>                                        <\/div>\n                  <div class=\"box-text text-center\" style=\"padding:0 0px 0px 0px;\">\n                        <div class=\"box-text-inner\">\n                            <p>Nossa Pol\u00edtica de Cookies<\/p>\n                        <\/div>\n                  <\/div>\n              <\/div>\n            <\/a>\n            <\/div>\n          <\/div><div class=\"page-col col\" >\n          <div class=\"col-inner\" >\n          <a class=\"block plain\" href=\"https:\/\/www.iglan.net\/pt\/privacy-policy\/our-terms-of-use\/\" title=\"Nossos Termos de Uso\" target=\"\">\n            <div class=\"page-box box has-hover box-overlay dark box-text-middle\">\n                  <div class=\"box-image\" >\n                      <div class=\"box-image\" >\n                      <img decoding=\"async\" width=\"100\" height=\"25\" src=\"https:\/\/www.iglan.net\/wp-content\/uploads\/2022\/03\/10025.jpg\" class=\"attachment-medium size-medium\" alt=\"\" \/>                      <\/div>\n                      <div class=\"overlay\" style=\"background-color: rgb(15, 88, 214)\"><\/div>                                        <\/div>\n                  <div class=\"box-text text-center\" style=\"padding:0 0px 0px 0px;\">\n                        <div class=\"box-text-inner\">\n                            <p>Nossos Termos de Uso<\/p>\n                        <\/div>\n                  <\/div>\n              <\/div>\n            <\/a>\n            <\/div>\n          <\/div><div class=\"page-col col\" >\n          <div class=\"col-inner\" >\n          <a class=\"block plain\" href=\"https:\/\/www.iglan.net\/pt\/privacy-policy\/our-disclaimer\/\" title=\"Nosso Disclaimer\" target=\"\">\n            <div class=\"page-box box has-hover box-overlay dark box-text-middle\">\n                  <div class=\"box-image\" >\n                      <div class=\"box-image\" >\n                      <img decoding=\"async\" width=\"100\" height=\"25\" src=\"https:\/\/www.iglan.net\/wp-content\/uploads\/2022\/03\/10025.jpg\" class=\"attachment-medium size-medium\" alt=\"\" \/>                      <\/div>\n                      <div class=\"overlay\" style=\"background-color: rgb(15, 88, 214)\"><\/div>                                        <\/div>\n                  <div class=\"box-text text-center\" style=\"padding:0 0px 0px 0px;\">\n                        <div class=\"box-text-inner\">\n                            <p>Nosso Disclaimer<\/p>\n                        <\/div>\n                  <\/div>\n              <\/div>\n            <\/a>\n            <\/div>\n          <\/div><\/div>\n\n\n\t\t<\/div>\n\t\t\t\t\n<style>\n#col-1872367695 > .col-inner {\n  margin: 0px 0px -60px 0px;\n}\n<\/style>\n\t<\/div>\n\n\t\n\n<\/div>\n\n\t\t<\/div>\n\n\t\t\n<style>\n#section_11635676 {\n  padding-top: 50px;\n  padding-bottom: 50px;\n  background-color: rgb(234, 234, 234);\n}\n<\/style>\n\t<\/section>\n\t\n\n\t<section class=\"section\" id=\"section_953205548\">\n\t\t<div class=\"section-bg fill\" >\n\t\t\t\t\t\t\t\t\t\n\t\t\t\n\n\t\t<\/div>\n\n\t\t\n\n\t\t<div class=\"section-content relative\">\n\t\t\t\n\n<div class=\"row\"  id=\"row-203288806\">\n\n\n\t<div id=\"col-472183576\" class=\"col small-12 large-12\"  >\n\t\t\t\t<div class=\"col-inner\"  >\n\t\t\t\n\t\t\t\n\n<h1>Termos e Condi\u00e7\u00f5es<\/h1>\n<p>\u00daltima atualiza\u00e7\u00e3o: 23 de mar\u00e7o de 2022<\/p>\n<p>Favor ler estes termos e condi\u00e7\u00f5es cuidadosamente antes de utilizar nosso servi\u00e7o.<\/p>\n<h1>Interpreta\u00e7\u00e3o e Defini\u00e7\u00f5es<\/h1>\n<h2>Interpreta\u00e7\u00e3o<\/h2>\n<p>As palavras das quais a letra inicial \u00e9 mai\u00fascula t\u00eam significados definidos sob as seguintes condi\u00e7\u00f5es. As seguintes defini\u00e7\u00f5es t\u00eam o mesmo significado, independentemente de aparecerem no singular ou no plural.<\/p>\n<h2>Defini\u00e7\u00f5es<\/h2>\n<p>Para os prop\u00f3sitos destes Termos e Condi\u00e7\u00f5es:<\/p>\n<ul>\n<li>\n<p><strong>Afiliada<\/strong> significa uma entidade que controla, \u00e9 controlada por ou est\u00e1 sob controle comum com um partido, onde \"controle\" significa propriedade de 50% ou mais das a\u00e7\u00f5es, participa\u00e7\u00f5es societ\u00e1rias ou outros t\u00edtulos com direito a voto para elei\u00e7\u00e3o de diretores ou outra autoridade administrativa.<\/p>\n<\/li>\n<li>\n<p><strong>Pa\u00eds<\/strong> refere-se a: China<\/p>\n<\/li>\n<li>\n<p><strong>Empresa<\/strong> (referido como \"a Empresa\", \"N\u00f3s\", \"Nosso\" ou \"Nosso\" neste Acordo) refere-se \u00e0 Dongguan IGLAN Machinery Co., Ltd, 28 Yinshan Rd, Nancheng Street, Dongguan 523000.<\/p>\n<\/li>\n<li>\n<p><strong>Dispositivo<\/strong> significa qualquer dispositivo que possa acessar o Servi\u00e7o, como um computador, um telefone celular ou um tablet digital.<\/p>\n<\/li>\n<li>\n<p><strong>Servi\u00e7o<\/strong> refere-se ao Website.<\/p>\n<\/li>\n<li>\n<p><strong>Termos e Condi\u00e7\u00f5es<\/strong> (tamb\u00e9m referidos como \"Termos\") significam estes Termos e Condi\u00e7\u00f5es que formam todo o acordo entre Voc\u00ea e a Empresa em rela\u00e7\u00e3o ao uso do Servi\u00e7o.<\/p>\n<\/li>\n<li>\n<p><strong>Servi\u00e7o de M\u00eddia Social de Terceiros<\/strong> significa quaisquer servi\u00e7os ou conte\u00fados (incluindo dados, informa\u00e7\u00f5es, produtos ou servi\u00e7os) fornecidos por terceiros que possam ser exibidos, inclu\u00eddos ou disponibilizados pelo Servi\u00e7o.<\/p>\n<\/li>\n<li>\n<p><strong>Website<\/strong> refere-se ao IGLAN LUBE, acess\u00edvel a partir de <a href=\"https:\/\/www.iglan.net\/\" target=\"_blank\" rel=\"external nofollow noopener\">https:\/\/www.iglan.net\/<\/a><\/p>\n<\/li>\n<li>\n<p><strong>Voc\u00ea<\/strong> significa o indiv\u00edduo que acessa ou utiliza o Servi\u00e7o, ou a empresa, ou outra entidade legal em nome da qual tal indiv\u00edduo est\u00e1 acessando ou utilizando o Servi\u00e7o, conforme o caso.<\/p>\n<\/li>\n<\/ul>\n<h1>Agradecimentos<\/h1>\n<p>Estes s\u00e3o os Termos e Condi\u00e7\u00f5es que regem o uso deste Servi\u00e7o e o acordo que opera entre Voc\u00ea e a Empresa. Estes Termos e Condi\u00e7\u00f5es estabelecem os direitos e obriga\u00e7\u00f5es de todos os usu\u00e1rios com rela\u00e7\u00e3o ao uso do Servi\u00e7o.<\/p>\n<p>Seu acesso e uso do Servi\u00e7o est\u00e1 condicionado \u00e0 sua aceita\u00e7\u00e3o e ao cumprimento destes Termos e Condi\u00e7\u00f5es. Estes Termos e Condi\u00e7\u00f5es se aplicam a todos os visitantes, usu\u00e1rios e outros que acessem ou utilizem o Servi\u00e7o.<\/p>\n<p>Ao acessar ou usar o servi\u00e7o, voc\u00ea concorda em estar vinculado por estes Termos e Condi\u00e7\u00f5es. Se Voc\u00ea n\u00e3o concordar com qualquer parte destes Termos e Condi\u00e7\u00f5es, ent\u00e3o Voc\u00ea n\u00e3o poder\u00e1 acessar o Servi\u00e7o.<\/p>\n<p>Voc\u00ea representa que tem mais de 18 anos de idade. A Empresa n\u00e3o permite que os menores de 18 anos utilizem o Servi\u00e7o.<\/p>\n<p>Seu acesso e uso do Servi\u00e7o tamb\u00e9m est\u00e1 condicionado \u00e0 sua aceita\u00e7\u00e3o e conformidade com a Pol\u00edtica de Privacidade da Empresa. Nossa Pol\u00edtica de Privacidade descreve nossas pol\u00edticas e procedimentos sobre a coleta, uso e divulga\u00e7\u00e3o de suas informa\u00e7\u00f5es pessoais quando Voc\u00ea usa a Aplica\u00e7\u00e3o ou o Website e lhe informa sobre seus direitos de privacidade e como a lei o protege. Por favor, leia atentamente Nossa Pol\u00edtica de Privacidade antes de usar nosso servi\u00e7o.<\/p>\n<h1>Links para outros Websites<\/h1>\n<p>Nosso Servi\u00e7o pode conter links para sites ou servi\u00e7os de terceiros que n\u00e3o s\u00e3o de propriedade ou controlados pela Empresa.<\/p>\n<p>A Empresa n\u00e3o tem controle sobre, e n\u00e3o assume responsabilidade pelo conte\u00fado, pol\u00edticas de privacidade ou pr\u00e1ticas de quaisquer sites ou servi\u00e7os de terceiros. Voc\u00ea reconhece e concorda ainda que a Empresa n\u00e3o ser\u00e1 respons\u00e1vel, direta ou indiretamente, por qualquer dano ou perda causada ou supostamente causada por ou em conex\u00e3o com o uso ou confian\u00e7a em qualquer conte\u00fado, bens ou servi\u00e7os dispon\u00edveis em ou atrav\u00e9s de tais sites ou servi\u00e7os.<\/p>\n<p>Aconselhamos fortemente que Voc\u00ea leia os termos e condi\u00e7\u00f5es e as pol\u00edticas de privacidade de quaisquer sites ou servi\u00e7os de terceiros que Voc\u00ea visitar.<\/p>\n<h1>Rescis\u00e3o<\/h1>\n<p>Podemos cancelar ou suspender seu acesso imediatamente, sem aviso pr\u00e9vio ou responsabilidade, por qualquer motivo, inclusive sem limita\u00e7\u00e3o, se Voc\u00ea violar estes Termos e Condi\u00e7\u00f5es.<\/p>\n<p>Ao terminar, seu direito de usar o Servi\u00e7o cessar\u00e1 imediatamente.<\/p>\n<h1>Limita\u00e7\u00e3o de responsabilidade civil<\/h1>\n<p>N\u00e3o obstante quaisquer danos que Voc\u00ea possa incorrer, toda a responsabilidade da Empresa e de qualquer um de seus fornecedores sob qualquer disposi\u00e7\u00e3o destes Termos e Sua solu\u00e7\u00e3o exclusiva para tudo o acima exposto ser\u00e1 limitada ao valor efetivamente pago por Voc\u00ea atrav\u00e9s do Servi\u00e7o ou 100 USD se Voc\u00ea n\u00e3o tiver adquirido nada atrav\u00e9s do Servi\u00e7o.<\/p>\n<p>Na m\u00e1xima extens\u00e3o permitida pela lei aplic\u00e1vel, em nenhum caso a Empresa ou seus fornecedores ser\u00e3o respons\u00e1veis por quaisquer danos especiais, incidentais, indiretos ou conseq\u00fcentes (incluindo, mas n\u00e3o limitados a, danos por perda de lucros, perda de dados ou outras informa\u00e7\u00f5es, por interrup\u00e7\u00e3o de neg\u00f3cios, por danos pessoais), perda de privacidade decorrente ou de qualquer forma relacionada ao uso ou incapacidade de usar o Servi\u00e7o, software e\/ou hardware de terceiros usados com o Servi\u00e7o, ou de outra forma em conex\u00e3o com qualquer disposi\u00e7\u00e3o destes Termos), mesmo que a Empresa ou qualquer fornecedor tenha sido avisado da possibilidade de tais danos e mesmo que a solu\u00e7\u00e3o falhe em seu prop\u00f3sito essencial.<\/p>\n<p>Alguns estados n\u00e3o permitem a exclus\u00e3o de garantias impl\u00edcitas ou limita\u00e7\u00e3o de responsabilidade por danos incidentais ou conseq\u00fcentes, o que significa que algumas das limita\u00e7\u00f5es acima podem n\u00e3o se aplicar. Nesses estados, a responsabilidade de cada parte ser\u00e1 limitada at\u00e9 a maior extens\u00e3o permitida por lei.<\/p>\n<h1>\"COMO EST\u00c1\" e \"CONFORME DISPON\u00cdVEL\" Aviso de isen\u00e7\u00e3o de responsabilidade<\/h1>\n<p>O Servi\u00e7o \u00e9 fornecido a Voc\u00ea \"COMO EST\u00c1\" e \"COMO DISPON\u00cdVEL\" e com todas as falhas e defeitos sem garantia de qualquer tipo. Na m\u00e1xima extens\u00e3o permitida pela lei aplic\u00e1vel, a Empresa, em seu pr\u00f3prio nome e em nome de suas Afiliadas e de seus respectivos licenciadores e prestadores de servi\u00e7os, renuncia expressamente a todas as garantias, sejam expressas, impl\u00edcitas, estatut\u00e1rias ou n\u00e3o, com respeito ao Servi\u00e7o, incluindo todas as garantias impl\u00edcitas de comerciabilidade, adequa\u00e7\u00e3o a uma finalidade espec\u00edfica, t\u00edtulo e n\u00e3o-infra\u00e7\u00e3o, e garantias que possam surgir do curso de negocia\u00e7\u00e3o, curso de desempenho, uso ou pr\u00e1tica comercial. Sem limita\u00e7\u00e3o ao acima exposto, a Empresa n\u00e3o fornece nenhuma garantia ou compromisso, e n\u00e3o faz nenhuma representa\u00e7\u00e3o de qualquer tipo de que o Servi\u00e7o ir\u00e1 atender \u00e0s suas exig\u00eancias, atingir quaisquer resultados pretendidos, ser compat\u00edvel ou funcionar com qualquer outro software, aplicativos, sistemas ou servi\u00e7os, operar sem interrup\u00e7\u00e3o, atender quaisquer padr\u00f5es de desempenho ou confiabilidade ou estar livre de erros ou que quaisquer erros ou defeitos podem ou ser\u00e3o corrigidos.<\/p>\n<p>Sem limitar o precedente, nem a Empresa nem nenhum dos fornecedores da empresa faz qualquer representa\u00e7\u00e3o ou garantia de qualquer tipo, expressa ou impl\u00edcita: (i) quanto \u00e0 opera\u00e7\u00e3o ou disponibilidade do Servi\u00e7o, ou da informa\u00e7\u00e3o, conte\u00fado e materiais ou produtos nele inclu\u00eddos; (ii) que o Servi\u00e7o ser\u00e1 ininterrupto ou livre de erros; (iii) quanto \u00e0 precis\u00e3o, confiabilidade ou atualidade de qualquer informa\u00e7\u00e3o ou conte\u00fado fornecido atrav\u00e9s do Servi\u00e7o; ou (iv) que o Servi\u00e7o, seus servidores, o conte\u00fado ou e-mails enviados da Empresa ou em nome dela est\u00e3o livres de v\u00edrus, scripts, cavalos de tr\u00f3ia, worms, malware, timebombs ou outros componentes prejudiciais.<\/p>\n<p>Algumas jurisdi\u00e7\u00f5es n\u00e3o permitem a exclus\u00e3o de certos tipos de garantias ou limita\u00e7\u00f5es aos direitos legais aplic\u00e1veis de um consumidor, portanto, algumas ou todas as exclus\u00f5es e limita\u00e7\u00f5es acima podem n\u00e3o se aplicar a Voc\u00ea. Mas em tal caso, as exclus\u00f5es e limita\u00e7\u00f5es estabelecidas nesta se\u00e7\u00e3o dever\u00e3o ser aplicadas na maior extens\u00e3o poss\u00edvel, de acordo com a legisla\u00e7\u00e3o aplic\u00e1vel.<\/p>\n<h1>Legisla\u00e7\u00e3o Governamental<\/h1>\n<p>As leis do Pa\u00eds, excluindo seus conflitos de leis, reger\u00e3o estes Termos e Sua utiliza\u00e7\u00e3o do Servi\u00e7o. Seu uso da Aplica\u00e7\u00e3o tamb\u00e9m poder\u00e1 estar sujeito a outras leis locais, estaduais, nacionais ou internacionais.<\/p>\n<h1>Resolu\u00e7\u00e3o de Lit\u00edgios<\/h1>\n<p>Se Voc\u00ea tiver qualquer preocupa\u00e7\u00e3o ou disputa sobre o Servi\u00e7o, Voc\u00ea concorda em primeiro lugar tentar resolver a disputa informalmente entrando em contato com a Empresa.<\/p>\n<h1>Para usu\u00e1rios da Uni\u00e3o Europ\u00e9ia (UE)<\/h1>\n<p>Se voc\u00ea \u00e9 um consumidor da Uni\u00e3o Europ\u00e9ia, voc\u00ea se beneficiar\u00e1 de quaisquer disposi\u00e7\u00f5es obrigat\u00f3rias da lei do pa\u00eds em que reside.<\/p>\n<h1>Conformidade Legal dos Estados Unidos<\/h1>\n<p>Voc\u00ea representa e garante que (i) Voc\u00ea n\u00e3o est\u00e1 localizado em um pa\u00eds que esteja sujeito ao embargo do governo dos Estados Unidos, ou que tenha sido designado pelo governo dos Estados Unidos como um pa\u00eds \"apoiador do terrorismo\", e (ii) Voc\u00ea n\u00e3o est\u00e1 listado em nenhuma lista do governo dos Estados Unidos de partes proibidas ou restritas.<\/p>\n<h1>Divisibilidade e ren\u00fancia<\/h1>\n<h2>Severabilidade<\/h2>\n<p>Se qualquer disposi\u00e7\u00e3o destes Termos for considerada inexeq\u00fc\u00edvel ou inv\u00e1lida, tal disposi\u00e7\u00e3o ser\u00e1 alterada e interpretada para cumprir os objetivos de tal disposi\u00e7\u00e3o na medida do poss\u00edvel sob a lei aplic\u00e1vel e as demais disposi\u00e7\u00f5es continuar\u00e3o em pleno vigor e efeito.<\/p>\n<h2>Ren\u00fancia<\/h2>\n<p>Exceto conforme disposto neste documento, o n\u00e3o exerc\u00edcio de um direito ou o n\u00e3o cumprimento de uma obriga\u00e7\u00e3o sob estes Termos n\u00e3o afetar\u00e1 a capacidade de uma parte de exercer tal direito ou exigir tal desempenho em qualquer momento posterior, nem a ren\u00fancia de uma viola\u00e7\u00e3o constituir\u00e1 uma ren\u00fancia de qualquer viola\u00e7\u00e3o subseq\u00fcente.<\/p>\n<h1>Interpreta\u00e7\u00e3o de tradu\u00e7\u00e3o<\/h1>\n<p>Estes Termos e Condi\u00e7\u00f5es podem ter sido traduzidos se N\u00f3s os tivermos disponibilizado a Voc\u00ea em nosso Servi\u00e7o.<br \/>Voc\u00ea concorda que o texto original em ingl\u00eas deve prevalecer no caso de uma disputa.<\/p>\n<h1>Altera\u00e7\u00f5es a estes Termos e Condi\u00e7\u00f5es<\/h1>\n<p>Reservamo-nos o direito, a nosso exclusivo crit\u00e9rio, de modificar ou substituir estes Termos a qualquer momento. Se uma revis\u00e3o for material, faremos esfor\u00e7os razo\u00e1veis para fornecer pelo menos 30 dias de aviso pr\u00e9vio antes da entrada em vigor de quaisquer novos termos. O que constitui uma mudan\u00e7a material ser\u00e1 determinado a Nosso exclusivo crit\u00e9rio.<\/p>\n<p>Ao continuar a acessar ou usar nossos servi\u00e7os ap\u00f3s essas revis\u00f5es entrarem em vigor, Voc\u00ea concorda em ficar vinculado aos termos revisados. Se Voc\u00ea n\u00e3o concordar com os novos termos, no todo ou em parte, favor parar de usar o website e o Servi\u00e7o.<\/p>\n<h1>Contate-nos<\/h1>\n<p>Se voc\u00ea tiver alguma d\u00favida sobre estes Termos e Condi\u00e7\u00f5es, voc\u00ea pode entrar em contato conosco:<\/p>\n<ul>\n<li>Ao visitar esta p\u00e1gina em nosso site: <a href=\"https:\/\/www.iglan.net\/contact\/\" target=\"_blank\" rel=\"external nofollow noopener\">https:\/\/www.iglan.net\/contact\/<\/a><\/li>\n<\/ul>\n\n\t\t<\/div>\n\t\t\t\t\t<\/div>\n\n\t\n\n<\/div>\n\n\t\t<\/div>\n\n\t\t\n<style>\n#section_953205548 {\n  padding-top: 50px;\n  padding-bottom: 50px;\n}\n<\/style>\n\t<\/section>","protected":false},"excerpt":{"rendered":"","protected":false},"author":1,"featured_media":2041,"parent":2317,"menu_order":3,"comment_status":"closed","ping_status":"closed","template":"page-blank.php","meta":{"footnotes":""},"class_list":["post-2323","page","type-page","status-publish","has-post-thumbnail","hentry"],"_links":{"self":[{"href":"https:\/\/www.iglan.net\/pt\/wp-json\/wp\/v2\/pages\/2323","targetHints":{"allow":["GET"]}}],"collection":[{"href":"https:\/\/www.iglan.net\/pt\/wp-json\/wp\/v2\/pages"}],"about":[{"href":"https:\/\/www.iglan.net\/pt\/wp-json\/wp\/v2\/types\/page"}],"author":[{"embeddable":true,"href":"https:\/\/www.iglan.net\/pt\/wp-json\/wp\/v2\/users\/1"}],"replies":[{"embeddable":true,"href":"https:\/\/www.iglan.net\/pt\/wp-json\/wp\/v2\/comments?post=2323"}],"version-history":[{"count":0,"href":"https:\/\/www.iglan.net\/pt\/wp-json\/wp\/v2\/pages\/2323\/revisions"}],"up":[{"embeddable":true,"href":"https:\/\/www.iglan.net\/pt\/wp-json\/wp\/v2\/pages\/2317"}],"wp:featuredmedia":[{"embeddable":true,"href":"https:\/\/www.iglan.net\/pt\/wp-json\/wp\/v2\/media\/2041"}],"wp:attachment":[{"href":"https:\/\/www.iglan.net\/pt\/wp-json\/wp\/v2\/media?parent=2323"}],"curies":[{"name":"wp","href":"https:\/\/api.w.org\/{rel}","templated":true}]}}