{"id":982,"date":"2020-01-16T01:06:54","date_gmt":"2020-01-16T09:06:54","guid":{"rendered":"https:\/\/www.iglan.net\/?post_type=product&#038;p=982"},"modified":"2022-03-24T00:43:17","modified_gmt":"2022-03-24T07:43:17","slug":"2-way-female-fixed-double-joints","status":"publish","type":"product","link":"https:\/\/www.iglan.net\/fr\/produit\/2-way-female-fixed-double-joints\/","title":{"rendered":"Aluminium, al\u00e9sage 4\/6mm, femelle, joint double fixe \u00e0 graissage \u00e0 deux voies."},"content":{"rendered":"<p><strong>FEATURES<\/strong><\/p>\n<p>Connecteur de circuit d'huile IGLAN Aluminium \u00e0 2 voies, al\u00e9sage 4\/6mm, femelle \u00e0 double joint fixe pour syst\u00e8me de lubrification centralis\u00e9<\/p>\n<p><strong>SP\u00c9CIFICATIONS<\/strong><\/p>\n<p><img decoding=\"async\" class=\"size-full wp-image-983\" src=\"https:\/\/www.iglan.net\/wp-content\/uploads\/2020\/01\/JD-specifications.jpg\" alt=\"Sp\u00e9cifications des joints doubles fixes\" width=\"900\" height=\"755\" srcset=\"https:\/\/www.iglan.net\/wp-content\/uploads\/2020\/01\/JD-specifications.jpg 900w, https:\/\/www.iglan.net\/wp-content\/uploads\/2020\/01\/JD-specifications-800x671.jpg 800w, https:\/\/www.iglan.net\/wp-content\/uploads\/2020\/01\/JD-specifications-64x54.jpg 64w, https:\/\/www.iglan.net\/wp-content\/uploads\/2020\/01\/JD-specifications-300x252.jpg 300w, https:\/\/www.iglan.net\/wp-content\/uploads\/2020\/01\/JD-specifications-768x644.jpg 768w\" sizes=\"(max-width: 900px) 100vw, 900px\" \/><\/p>","protected":false},"excerpt":{"rendered":"<p>Connecteur de circuit d'huile IGLAN Aluminium \u00e0 2 voies, al\u00e9sage 4\/6mm, femelle \u00e0 double joint fixe pour syst\u00e8me de lubrification centralis\u00e9<\/p>","protected":false},"featured_media":984,"template":"","meta":[],"product_brand":[],"product_cat":[51,171],"product_tag":[104,103,102],"class_list":{"0":"post-982","1":"product","2":"type-product","3":"status-publish","4":"has-post-thumbnail","6":"product_cat-lubrication-system-accessories","7":"product_cat-tubes-and-fittings","8":"product_tag-connector","9":"product_tag-joints","10":"product_tag-junction","12":"first","13":"instock","14":"shipping-taxable","15":"product-type-external"},"_links":{"self":[{"href":"https:\/\/www.iglan.net\/fr\/wp-json\/wp\/v2\/product\/982","targetHints":{"allow":["GET"]}}],"collection":[{"href":"https:\/\/www.iglan.net\/fr\/wp-json\/wp\/v2\/product"}],"about":[{"href":"https:\/\/www.iglan.net\/fr\/wp-json\/wp\/v2\/types\/product"}],"wp:featuredmedia":[{"embeddable":true,"href":"https:\/\/www.iglan.net\/fr\/wp-json\/wp\/v2\/media\/984"}],"wp:attachment":[{"href":"https:\/\/www.iglan.net\/fr\/wp-json\/wp\/v2\/media?parent=982"}],"wp:term":[{"taxonomy":"product_brand","embeddable":true,"href":"https:\/\/www.iglan.net\/fr\/wp-json\/wp\/v2\/product_brand?post=982"},{"taxonomy":"product_cat","embeddable":true,"href":"https:\/\/www.iglan.net\/fr\/wp-json\/wp\/v2\/product_cat?post=982"},{"taxonomy":"product_tag","embeddable":true,"href":"https:\/\/www.iglan.net\/fr\/wp-json\/wp\/v2\/product_tag?post=982"}],"curies":[{"name":"wp","href":"https:\/\/api.w.org\/{rel}","templated":true}]}}