{"id":961,"date":"2020-01-12T17:04:16","date_gmt":"2020-01-13T01:04:16","guid":{"rendered":"https:\/\/www.iglan.net\/?post_type=product&#038;p=961"},"modified":"2022-03-24T00:43:51","modified_gmt":"2022-03-24T07:43:51","slug":"automatic-oil-pressure-switch-valves","status":"publish","type":"product","link":"https:\/\/www.iglan.net\/fr\/produit\/automatic-oil-pressure-switch-valves\/","title":{"rendered":"P1008 Soupapes de pressostat d'huile Pressostat automatique"},"content":{"rendered":"<p><strong>FEATURES<\/strong><\/p>\n<p>Pressostats IGLAN Valves de contr\u00f4le automatique de la pression des compresseurs d'huile pour syst\u00e8me de lubrification \u00e0 graisse monoligne<\/p>\n<p><strong>SP\u00c9CIFICATIONS<\/strong><\/p>\n<figure id=\"attachment_1328\" aria-describedby=\"caption-attachment-1328\" style=\"width: 1215px\" class=\"wp-caption aligncenter\"><img decoding=\"async\" class=\"size-full wp-image-1328\" src=\"https:\/\/www.iglan.net\/wp-content\/uploads\/2020\/01\/4bd30c5.jpg\" alt=\"interrupteur de pression\" width=\"1215\" height=\"618\" srcset=\"https:\/\/www.iglan.net\/wp-content\/uploads\/2020\/01\/4bd30c5.jpg 1215w, https:\/\/www.iglan.net\/wp-content\/uploads\/2020\/01\/4bd30c5-800x407.jpg 800w, https:\/\/www.iglan.net\/wp-content\/uploads\/2020\/01\/4bd30c5-300x153.jpg 300w, https:\/\/www.iglan.net\/wp-content\/uploads\/2020\/01\/4bd30c5-1024x521.jpg 1024w, https:\/\/www.iglan.net\/wp-content\/uploads\/2020\/01\/4bd30c5-768x391.jpg 768w, https:\/\/www.iglan.net\/wp-content\/uploads\/2020\/01\/4bd30c5-64x33.jpg 64w\" sizes=\"(max-width: 1215px) 100vw, 1215px\" \/><figcaption id=\"caption-attachment-1328\" class=\"wp-caption-text\">interrupteur de pression<\/figcaption><\/figure>","protected":false},"excerpt":{"rendered":"<p>Pressostats IGLAN Valves de contr\u00f4le automatique de la pression des compresseurs d'huile pour syst\u00e8me de lubrification \u00e0 graisse monoligne<\/p>","protected":false},"featured_media":965,"template":"","meta":[],"product_brand":[],"product_cat":[51,172],"product_tag":[97,95,96],"class_list":{"0":"post-961","1":"product","2":"type-product","3":"status-publish","4":"has-post-thumbnail","6":"product_cat-lubrication-system-accessories","7":"product_cat-switches-and-filters","8":"product_tag-oil-compressor","9":"product_tag-pressure-switch","10":"product_tag-sensor","12":"first","13":"instock","14":"shipping-taxable","15":"product-type-external"},"_links":{"self":[{"href":"https:\/\/www.iglan.net\/fr\/wp-json\/wp\/v2\/product\/961","targetHints":{"allow":["GET"]}}],"collection":[{"href":"https:\/\/www.iglan.net\/fr\/wp-json\/wp\/v2\/product"}],"about":[{"href":"https:\/\/www.iglan.net\/fr\/wp-json\/wp\/v2\/types\/product"}],"wp:featuredmedia":[{"embeddable":true,"href":"https:\/\/www.iglan.net\/fr\/wp-json\/wp\/v2\/media\/965"}],"wp:attachment":[{"href":"https:\/\/www.iglan.net\/fr\/wp-json\/wp\/v2\/media?parent=961"}],"wp:term":[{"taxonomy":"product_brand","embeddable":true,"href":"https:\/\/www.iglan.net\/fr\/wp-json\/wp\/v2\/product_brand?post=961"},{"taxonomy":"product_cat","embeddable":true,"href":"https:\/\/www.iglan.net\/fr\/wp-json\/wp\/v2\/product_cat?post=961"},{"taxonomy":"product_tag","embeddable":true,"href":"https:\/\/www.iglan.net\/fr\/wp-json\/wp\/v2\/product_tag?post=961"}],"curies":[{"name":"wp","href":"https:\/\/api.w.org\/{rel}","templated":true}]}}