{"id":869,"date":"2019-12-29T23:10:47","date_gmt":"2019-12-30T07:10:47","guid":{"rendered":"https:\/\/www.iglan.net\/?post_type=product&#038;p=869"},"modified":"2022-03-24T00:45:26","modified_gmt":"2022-03-24T07:45:26","slug":"304-stainless-steel-grease-nipple","status":"publish","type":"product","link":"https:\/\/www.iglan.net\/fr\/produit\/304-stainless-steel-grease-nipple\/","title":{"rendered":"Graisseur droit en acier inoxydable 304"},"content":{"rendered":"<p><strong>FEATURES<\/strong><\/p>\n<p>Raccords pour pistolet \u00e0 beurre IGLAN en acier inoxydable, droit, 304, mamelon \u00e0 graisse pour bouche \u00e0 huile M6 M8 M10 M12 1\/8 1\/4 Filetage m\u00e2le<\/p>\n<p><strong>SP\u00c9CIFICATIONS<\/strong><\/p>\n<p><img decoding=\"async\" class=\"size-full wp-image-870\" src=\"https:\/\/www.iglan.net\/wp-content\/uploads\/2019\/12\/grease-nipple-specifications-scaled.jpg\" alt=\"sp\u00e9cifications du graisseur\" width=\"1131\" height=\"2560\" srcset=\"https:\/\/www.iglan.net\/wp-content\/uploads\/2019\/12\/grease-nipple-specifications-scaled.jpg 477w, https:\/\/www.iglan.net\/wp-content\/uploads\/2019\/12\/grease-nipple-specifications-scaled-64x145.jpg 64w, https:\/\/www.iglan.net\/wp-content\/uploads\/2019\/12\/grease-nipple-specifications-scaled-300x679.jpg 300w, https:\/\/www.iglan.net\/wp-content\/uploads\/2019\/12\/grease-nipple-specifications-133x300.jpg 133w, https:\/\/www.iglan.net\/wp-content\/uploads\/2019\/12\/grease-nipple-specifications-452x1024.jpg 452w, https:\/\/www.iglan.net\/wp-content\/uploads\/2019\/12\/grease-nipple-specifications-768x1738.jpg 768w, https:\/\/www.iglan.net\/wp-content\/uploads\/2019\/12\/grease-nipple-specifications-679x1536.jpg 679w, https:\/\/www.iglan.net\/wp-content\/uploads\/2019\/12\/grease-nipple-specifications-905x2048.jpg 905w\" sizes=\"(max-width: 1131px) 100vw, 1131px\" \/><\/p>","protected":false},"excerpt":{"rendered":"<p>Raccords pour pistolet \u00e0 beurre IGLAN en acier inoxydable, droit, 304, mamelon \u00e0 graisse pour bouche \u00e0 huile M6 M8 M10 M12 1\/8 1\/4 Filetage m\u00e2le<\/p>","protected":false},"featured_media":871,"template":"","meta":[],"product_brand":[],"product_cat":[51,171],"product_tag":[69,67,68],"class_list":{"0":"post-869","1":"product","2":"type-product","3":"status-publish","4":"has-post-thumbnail","6":"product_cat-lubrication-system-accessories","7":"product_cat-tubes-and-fittings","8":"product_tag-butter-gun-fittings","9":"product_tag-grease-nipple","10":"product_tag-oil-mouth","12":"first","13":"instock","14":"shipping-taxable","15":"product-type-external"},"_links":{"self":[{"href":"https:\/\/www.iglan.net\/fr\/wp-json\/wp\/v2\/product\/869","targetHints":{"allow":["GET"]}}],"collection":[{"href":"https:\/\/www.iglan.net\/fr\/wp-json\/wp\/v2\/product"}],"about":[{"href":"https:\/\/www.iglan.net\/fr\/wp-json\/wp\/v2\/types\/product"}],"wp:featuredmedia":[{"embeddable":true,"href":"https:\/\/www.iglan.net\/fr\/wp-json\/wp\/v2\/media\/871"}],"wp:attachment":[{"href":"https:\/\/www.iglan.net\/fr\/wp-json\/wp\/v2\/media?parent=869"}],"wp:term":[{"taxonomy":"product_brand","embeddable":true,"href":"https:\/\/www.iglan.net\/fr\/wp-json\/wp\/v2\/product_brand?post=869"},{"taxonomy":"product_cat","embeddable":true,"href":"https:\/\/www.iglan.net\/fr\/wp-json\/wp\/v2\/product_cat?post=869"},{"taxonomy":"product_tag","embeddable":true,"href":"https:\/\/www.iglan.net\/fr\/wp-json\/wp\/v2\/product_tag?post=869"}],"curies":[{"name":"wp","href":"https:\/\/api.w.org\/{rel}","templated":true}]}}