{"id":843,"date":"2019-12-25T18:59:07","date_gmt":"2019-12-26T02:59:07","guid":{"rendered":"https:\/\/www.iglan.net\/?post_type=product&#038;p=843"},"modified":"2022-03-24T00:45:54","modified_gmt":"2022-03-24T07:45:54","slug":"xep20-manual-grease-pump","status":"publish","type":"product","link":"https:\/\/www.iglan.net\/fr\/produit\/xep20-manual-grease-pump\/","title":{"rendered":"Pompe manuelle de graissage XEP20 Pompe volum\u00e9trique \u00e0 piston"},"content":{"rendered":"<p><strong>FEATURES<\/strong><\/p>\n<p>1. Pompe volum\u00e9trique \u00e0 piston, r\u00e9servoir de r\u00e9sine transparent.<br \/>\n2. Fonctionnement manuel. Stockez l'huile lorsque la poign\u00e9e est tir\u00e9e et \u00e9vacuez l'huile lorsque la poign\u00e9e est pouss\u00e9e vers l'avant.<br \/>\n3. Le XEP20 n'a pas de fonction de d\u00e9chargement. Il est assorti d'un distributeur de graisse amortissant et d'un joint de graisse amortissant.<br \/>\n4. Fonction de d\u00e9chargement manuel de l'huile XEP20A, avec correspondance du distributeur de graisse quantitative de type pression, type Concorde.<br \/>\n5. Utiliser le fluide : Graisse au lithium NLGI 0#\uff0c00#\uff0c000#.<\/p>\n<p><strong>SP\u00c9CIFICATIONS<\/strong><br \/>\n<img decoding=\"async\" class=\"size-full wp-image-844\" src=\"https:\/\/www.iglan.net\/wp-content\/uploads\/2019\/12\/XEP2-specifications.jpg\" alt=\"XEP20-sp\u00e9cifications\" width=\"524\" height=\"334\" srcset=\"https:\/\/www.iglan.net\/wp-content\/uploads\/2019\/12\/XEP2-specifications.jpg 524w, https:\/\/www.iglan.net\/wp-content\/uploads\/2019\/12\/XEP2-specifications-510x325.jpg 510w, https:\/\/www.iglan.net\/wp-content\/uploads\/2019\/12\/XEP2-specifications-64x41.jpg 64w, https:\/\/www.iglan.net\/wp-content\/uploads\/2019\/12\/XEP2-specifications-300x191.jpg 300w\" sizes=\"(max-width: 524px) 100vw, 524px\" \/><br \/>\n<img decoding=\"async\" class=\"size-full wp-image-845\" src=\"https:\/\/www.iglan.net\/wp-content\/uploads\/2019\/12\/XEP20-dimensions.jpg\" alt=\"XEP20-dimensions\" width=\"874\" height=\"597\" srcset=\"https:\/\/www.iglan.net\/wp-content\/uploads\/2019\/12\/XEP20-dimensions.jpg 874w, https:\/\/www.iglan.net\/wp-content\/uploads\/2019\/12\/XEP20-dimensions-800x546.jpg 800w, https:\/\/www.iglan.net\/wp-content\/uploads\/2019\/12\/XEP20-dimensions-64x44.jpg 64w, https:\/\/www.iglan.net\/wp-content\/uploads\/2019\/12\/XEP20-dimensions-300x205.jpg 300w, https:\/\/www.iglan.net\/wp-content\/uploads\/2019\/12\/XEP20-dimensions-768x525.jpg 768w\" sizes=\"(max-width: 874px) 100vw, 874px\" \/><\/p>","protected":false},"excerpt":{"rendered":"<p>1. Pompe volum\u00e9trique \u00e0 piston, r\u00e9servoir de r\u00e9sine transparent.<\/p>\n<p>2. Fonctionnement manuel. Stockez l'huile lorsque la poign\u00e9e est tir\u00e9e et \u00e9vacuez l'huile lorsque la poign\u00e9e est pouss\u00e9e vers l'avant.<\/p>\n<p>3. Le XEP20 n'a pas de fonction de d\u00e9chargement. Il est assorti d'un distributeur de graisse amortissant et d'un joint de graisse amortissant.<\/p>\n<p>4. Fonction de d\u00e9chargement manuel de l'huile XEP20A, avec correspondance du distributeur de graisse quantitative de type pression, type Concorde. 5. Moyen d'utilisation : Graisse au lithium NLGI 0#\uff0c00#\uff0c000#.<\/p>","protected":false},"featured_media":848,"template":"","meta":[],"product_brand":[],"product_cat":[32,158],"product_tag":[65,41,64],"class_list":{"0":"post-843","1":"product","2":"type-product","3":"status-publish","4":"has-post-thumbnail","6":"product_cat-oil-lubrication-pump-units","7":"product_cat-manual-oil-pumps","8":"product_tag-hand-operated-lubricator","9":"product_tag-lubrication-pump","10":"product_tag-manual-lubricator","12":"first","13":"instock","14":"shipping-taxable","15":"product-type-external"},"_links":{"self":[{"href":"https:\/\/www.iglan.net\/fr\/wp-json\/wp\/v2\/product\/843","targetHints":{"allow":["GET"]}}],"collection":[{"href":"https:\/\/www.iglan.net\/fr\/wp-json\/wp\/v2\/product"}],"about":[{"href":"https:\/\/www.iglan.net\/fr\/wp-json\/wp\/v2\/types\/product"}],"wp:featuredmedia":[{"embeddable":true,"href":"https:\/\/www.iglan.net\/fr\/wp-json\/wp\/v2\/media\/848"}],"wp:attachment":[{"href":"https:\/\/www.iglan.net\/fr\/wp-json\/wp\/v2\/media?parent=843"}],"wp:term":[{"taxonomy":"product_brand","embeddable":true,"href":"https:\/\/www.iglan.net\/fr\/wp-json\/wp\/v2\/product_brand?post=843"},{"taxonomy":"product_cat","embeddable":true,"href":"https:\/\/www.iglan.net\/fr\/wp-json\/wp\/v2\/product_cat?post=843"},{"taxonomy":"product_tag","embeddable":true,"href":"https:\/\/www.iglan.net\/fr\/wp-json\/wp\/v2\/product_tag?post=843"}],"curies":[{"name":"wp","href":"https:\/\/api.w.org\/{rel}","templated":true}]}}