{"id":792,"date":"2019-12-23T11:06:39","date_gmt":"2019-12-23T19:06:39","guid":{"rendered":"https:\/\/www.iglan.net\/?post_type=product&#038;p=792"},"modified":"2022-03-24T00:46:17","modified_gmt":"2022-03-24T07:46:17","slug":"self-priming-lubricating-sprayer","status":"publish","type":"product","link":"https:\/\/www.iglan.net\/fr\/produit\/self-priming-lubricating-sprayer\/","title":{"rendered":"Pulv\u00e9risateur pneumatique de lubrifiant auto-amor\u00e7ant pour le refroidissement"},"content":{"rendered":"<p><strong>FEATURES<\/strong><\/p>\n<p>L'atomiseur est aliment\u00e9 par la source d'air du compresseur d'air. L'amorce auto-amor\u00e7ante sous vide est appliqu\u00e9e pour que le liquide soit atomis\u00e9 par la buse et l'air, puis pulv\u00e9ris\u00e9 au point de lubrification de la pi\u00e8ce, de l'outil de coupe ou du roulement. L'effet de refroidissement est bon, et assure la lubrification, l'enl\u00e8vement des copeaux, le nettoyage et d'autres fonctions, afin d'am\u00e9liorer l'efficacit\u00e9 de la production et la qualit\u00e9 du traitement, de r\u00e9duire la perte d'outils m\u00e9caniques, de r\u00e9duire la pollution de l'atelier.<br \/>\n1. Le refroidissement, la lubrification et le soufflage des copeaux de fer peuvent \u00eatre effectu\u00e9s en m\u00eame temps pendant le traitement.<br \/>\n2. Il peut am\u00e9liorer la vitesse de coupe, \u00e9conomiser le temps de traitement et r\u00e9duire l'usure des outils.<br \/>\n3. Il peut assurer la qualit\u00e9 de la finition de la pi\u00e8ce et le meilleur effet d'utilisation des outils de coupe.<br \/>\n4. Le traitement des alliages ou des mat\u00e9riaux super durs permet \u00e9galement d'obtenir une surface lisse et de haute pr\u00e9cision.<br \/>\n5. L'am\u00e9lioration de la m\u00e9thode d'\u00e9tanch\u00e9it\u00e9 peut \u00e9viter les fuites d'huile internes et prolonger la dur\u00e9e de vie.<br \/>\n6. Le volume du pulv\u00e9risateur et du liquide de refroidissement peut \u00eatre ajust\u00e9 pour faciliter l'utilisation de diff\u00e9rentes conditions de traitement.<br \/>\n7. Il existe diff\u00e9rents moyens de fixation \u00e0 choisir, afin de faciliter l'installation et la fixation des clients.<\/p>\n<p><strong>SP\u00c9CIFICATIONS<\/strong><\/p>\n<p><img decoding=\"async\" class=\"size-full wp-image-795\" src=\"https:\/\/www.iglan.net\/wp-content\/uploads\/2019\/12\/CS-dimensions.jpg\" alt=\"Dimension du pulv\u00e9risateur\" width=\"700\" height=\"898\" srcset=\"https:\/\/www.iglan.net\/wp-content\/uploads\/2019\/12\/CS-dimensions.jpg 700w, https:\/\/www.iglan.net\/wp-content\/uploads\/2019\/12\/CS-dimensions-510x654.jpg 510w, https:\/\/www.iglan.net\/wp-content\/uploads\/2019\/12\/CS-dimensions-64x82.jpg 64w, https:\/\/www.iglan.net\/wp-content\/uploads\/2019\/12\/CS-dimensions-300x385.jpg 300w, https:\/\/www.iglan.net\/wp-content\/uploads\/2019\/12\/CS-dimensions-234x300.jpg 234w\" sizes=\"(max-width: 700px) 100vw, 700px\" \/><\/p>","protected":false},"excerpt":{"rendered":"<p>La pression de la source de gaz varie de 5 \u00e0 7 KGF et cm_ (en fonction du volume et de la pression du gaz d'atomisation). La viscosit\u00e9 du liquide utilis\u00e9 est inf\u00e9rieure \u00e0 68cST. Utilisation occasions, machine \u00e0 scier, tour, rectifieuse, machine \u00e0 tarauder, centre de traitement CNC, Punch, machines \u00e0 bois et autres \u00e9quipements de coupe.<\/p>","protected":false},"featured_media":797,"template":"","meta":[],"product_brand":[],"product_cat":[51,173],"product_tag":[58,57,59],"class_list":{"0":"post-792","1":"product","2":"type-product","3":"status-publish","4":"has-post-thumbnail","6":"product_cat-lubrication-system-accessories","7":"product_cat-pressure-gauge-and-others","8":"product_tag-cooling-sprayer","9":"product_tag-lubricating-sprayer","10":"product_tag-lubrication-fittings","12":"first","13":"instock","14":"shipping-taxable","15":"product-type-external"},"_links":{"self":[{"href":"https:\/\/www.iglan.net\/fr\/wp-json\/wp\/v2\/product\/792","targetHints":{"allow":["GET"]}}],"collection":[{"href":"https:\/\/www.iglan.net\/fr\/wp-json\/wp\/v2\/product"}],"about":[{"href":"https:\/\/www.iglan.net\/fr\/wp-json\/wp\/v2\/types\/product"}],"wp:featuredmedia":[{"embeddable":true,"href":"https:\/\/www.iglan.net\/fr\/wp-json\/wp\/v2\/media\/797"}],"wp:attachment":[{"href":"https:\/\/www.iglan.net\/fr\/wp-json\/wp\/v2\/media?parent=792"}],"wp:term":[{"taxonomy":"product_brand","embeddable":true,"href":"https:\/\/www.iglan.net\/fr\/wp-json\/wp\/v2\/product_brand?post=792"},{"taxonomy":"product_cat","embeddable":true,"href":"https:\/\/www.iglan.net\/fr\/wp-json\/wp\/v2\/product_cat?post=792"},{"taxonomy":"product_tag","embeddable":true,"href":"https:\/\/www.iglan.net\/fr\/wp-json\/wp\/v2\/product_tag?post=792"}],"curies":[{"name":"wp","href":"https:\/\/api.w.org\/{rel}","templated":true}]}}