{"id":743,"date":"2019-11-07T11:19:22","date_gmt":"2019-11-07T19:19:22","guid":{"rendered":"https:\/\/www.iglan.net\/?post_type=product&#038;p=743"},"modified":"2022-03-24T00:47:39","modified_gmt":"2022-03-24T07:47:39","slug":"adl340a0s-oil-lubrication-pump","status":"publish","type":"product","link":"https:\/\/www.iglan.net\/fr\/produit\/adl340a0s-oil-lubrication-pump\/","title":{"rendered":"Unit\u00e9 de lubrification \u00e0 huile fine AMT340A0S pour syst\u00e8me de lubrification"},"content":{"rendered":"<p><strong>FEATURES<\/strong><\/p>\n<p>1. Le syst\u00e8me peut d\u00e9finir deux modes d'action :<br \/>\n(1) Lubrification : La lubrification doit \u00eatre effectu\u00e9e avant le d\u00e9marrage.<br \/>\n(2) M\u00e9moire : Lorsque le courant est coup\u00e9 et que le courant est envoy\u00e9 \u00e0 nouveau, l'intervalle incomplet avant l'ex\u00e9cution peut \u00eatre poursuivi.<br \/>\n2. Le temps de lubrification et le temps d'interruption peuvent \u00eatre r\u00e9gl\u00e9s, et la fonction de cl\u00e9 de verrouillage est fournie pour verrouiller le temps de lubrification et d'interruption apr\u00e8s le r\u00e9glage.<br \/>\n3. Le pressostat est g\u00e9n\u00e9ralement ferm\u00e9 et optionnel. Lorsque l'huile ou la pression est insuffisante, le buzzer \u00e9met une alarme et un signal d'anomalie.<br \/>\n(1) Une pression insuffisante a montr\u00e9 Erp.<br \/>\n(2) Un niveau de liquide insuffisant indique Ero.<br \/>\n4. L'heure du syst\u00e8me peut \u00eatre r\u00e9gl\u00e9e, temps de lubrification LUB : 1-999 secondes, temps d'intervalle INT : 1-999 minutes, personnalisable.<br \/>\n5. L'indicateur du panneau peut montrer la lubrification et l'\u00e9tat intermittent de l'injecteur d'huile.<br \/>\n6. Le syst\u00e8me peut utiliser la touche RST pour forcer la lubrification ou \u00e9liminer un signal d'alarme anormal.<br \/>\n7. Il existe un dispositif de d\u00e9compression dans le syst\u00e8me de volume, qui doit \u00eatre utilis\u00e9 avec le distributeur LT\/DPB\/MG.<br \/>\n8. Une soupape de d\u00e9charge est pr\u00e9vue pour \u00e9viter que la pompe de lubrification ne fonctionne trop et que la canalisation ne soit endommag\u00e9e par une pression excessive.<br \/>\n9. La pompe \u00e0 engrenages en alliage sp\u00e9cial avec moteur \u00e0 induction a une longue dur\u00e9e de vie et un faible niveau sonore.<br \/>\n10. Plage d'application de la viscosit\u00e9 de l'huile 32-68 cSt@40\u00baC.<\/p>\n<p><strong>SP\u00c9CIFICATIONS<\/strong><br \/>\n<img decoding=\"async\" class=\"size-full wp-image-744\" src=\"https:\/\/www.iglan.net\/wp-content\/uploads\/2019\/11\/AMT3-specification.jpg\" alt=\"Sp\u00e9cification du lubrificateur AMT3\" width=\"728\" height=\"729\" srcset=\"https:\/\/www.iglan.net\/wp-content\/uploads\/2019\/11\/AMT3-specification.jpg 728w, https:\/\/www.iglan.net\/wp-content\/uploads\/2019\/11\/AMT3-specification-100x100.jpg 100w, https:\/\/www.iglan.net\/wp-content\/uploads\/2019\/11\/AMT3-specification-510x511.jpg 510w, https:\/\/www.iglan.net\/wp-content\/uploads\/2019\/11\/AMT3-specification-64x64.jpg 64w, https:\/\/www.iglan.net\/wp-content\/uploads\/2019\/11\/AMT3-specification-300x300.jpg 300w, https:\/\/www.iglan.net\/wp-content\/uploads\/2019\/11\/AMT3-specification-150x150.jpg 150w\" sizes=\"(max-width: 728px) 100vw, 728px\" \/><\/p>\n<p><strong>DIMENSIONS<\/strong><\/p>\n<p><img decoding=\"async\" class=\"size-full wp-image-745\" src=\"https:\/\/www.iglan.net\/wp-content\/uploads\/2019\/11\/AMT4-dimension.jpg\" alt=\"Dimension du lubrificateur AMT4\" width=\"800\" height=\"1090\" srcset=\"https:\/\/www.iglan.net\/wp-content\/uploads\/2019\/11\/AMT4-dimension.jpg 793w, https:\/\/www.iglan.net\/wp-content\/uploads\/2019\/11\/AMT4-dimension-510x695.jpg 510w, https:\/\/www.iglan.net\/wp-content\/uploads\/2019\/11\/AMT4-dimension-64x87.jpg 64w, https:\/\/www.iglan.net\/wp-content\/uploads\/2019\/11\/AMT4-dimension-300x409.jpg 300w, https:\/\/www.iglan.net\/wp-content\/uploads\/2019\/11\/AMT4-dimension-220x300.jpg 220w, https:\/\/www.iglan.net\/wp-content\/uploads\/2019\/11\/AMT4-dimension-768x1046.jpg 768w, https:\/\/www.iglan.net\/wp-content\/uploads\/2019\/11\/AMT4-dimension-752x1024.jpg 752w\" sizes=\"(max-width: 800px) 100vw, 800px\" \/><\/p>","protected":false},"excerpt":{"rendered":"<p>Le pressostat est g\u00e9n\u00e9ralement ferm\u00e9 et optionnel. Lorsque l'huile ou la pression est insuffisante, le buzzer d\u00e9clenche une alarme et \u00e9met un signal d'anomalie. L'heure du syst\u00e8me peut \u00eatre r\u00e9gl\u00e9e, temps de lubrification LUB : 1-999 secondes, temps d'intervalle INT : 1-999 minutes, personnalisable.<\/p>","protected":false},"featured_media":747,"template":"","meta":[],"product_brand":[],"product_cat":[32,156],"product_tag":[46,41,45],"class_list":{"0":"post-743","1":"product","2":"type-product","3":"status-publish","4":"has-post-thumbnail","6":"product_cat-oil-lubrication-pump-units","7":"product_cat-amt-series","8":"product_tag-cnc-lubricator","9":"product_tag-lubrication-pump","10":"product_tag-oil-pump","12":"first","13":"instock","14":"shipping-taxable","15":"product-type-external"},"_links":{"self":[{"href":"https:\/\/www.iglan.net\/fr\/wp-json\/wp\/v2\/product\/743","targetHints":{"allow":["GET"]}}],"collection":[{"href":"https:\/\/www.iglan.net\/fr\/wp-json\/wp\/v2\/product"}],"about":[{"href":"https:\/\/www.iglan.net\/fr\/wp-json\/wp\/v2\/types\/product"}],"wp:featuredmedia":[{"embeddable":true,"href":"https:\/\/www.iglan.net\/fr\/wp-json\/wp\/v2\/media\/747"}],"wp:attachment":[{"href":"https:\/\/www.iglan.net\/fr\/wp-json\/wp\/v2\/media?parent=743"}],"wp:term":[{"taxonomy":"product_brand","embeddable":true,"href":"https:\/\/www.iglan.net\/fr\/wp-json\/wp\/v2\/product_brand?post=743"},{"taxonomy":"product_cat","embeddable":true,"href":"https:\/\/www.iglan.net\/fr\/wp-json\/wp\/v2\/product_cat?post=743"},{"taxonomy":"product_tag","embeddable":true,"href":"https:\/\/www.iglan.net\/fr\/wp-json\/wp\/v2\/product_tag?post=743"}],"curies":[{"name":"wp","href":"https:\/\/api.w.org\/{rel}","templated":true}]}}