{"id":584,"date":"2019-10-25T15:37:25","date_gmt":"2019-10-25T22:37:25","guid":{"rendered":"https:\/\/www.iglan.net\/?post_type=product&#038;p=584"},"modified":"2022-03-24T00:48:13","modified_gmt":"2022-03-24T07:48:13","slug":"lt5-oil-distributor","status":"publish","type":"product","link":"https:\/\/www.iglan.net\/fr\/produit\/lt5-oil-distributor\/","title":{"rendered":"Distributeur volum\u00e9trique pressuris\u00e9 de lubrifiant durable LT-5"},"content":{"rendered":"<p><strong>FEATURES<\/strong><\/p>\n<p>Aper\u00e7u du produit<br \/>\n1. Chaque d\u00e9bit fixe est fourni \u00e0 la partie lubrifiante.<br \/>\n2. Le d\u00e9bit n'est pas affect\u00e9 par la viscosit\u00e9 de l'huile et le temps de battement de l'huile.<br \/>\n3. Chaque sortie d'huile a une fonction de d\u00e9tection pour v\u00e9rifier si le travail est anormal.<br \/>\n3. Doit \u00eatre utilis\u00e9 avec une pompe de lubrification volum\u00e9trique.<br \/>\n4. Convient au syst\u00e8me de lubrification p\u00e9riodique volum\u00e9trique avec une pression de travail de 10-30 kgf\/cm.<br \/>\nPrincipe de fonctionnement<br \/>\n1. L'huile de lubrification achemin\u00e9e par la pompe \u00e0 huile pousse la soupape parapluie du distributeur vers le haut.<br \/>\n2. Lorsque la soupape parapluie ferme le trou de sortie d'huile, l'huile sous pression force le piston \u00e0 surmonter le d\u00e9clin de la force du ressort, de sorte que la chambre inf\u00e9rieure commence \u00e0 stocker de l'huile.<br \/>\n3. Lorsque le piston est pouss\u00e9 vers le haut de la chambre inf\u00e9rieure, le stockage de l'huile est termin\u00e9.<br \/>\n4. Lorsque la pompe \u00e0 huile cesse de fournir de l'huile, sa soupape de d\u00e9charge s'ouvre automatiquement, de sorte que l'huile sous pression dans la tubulure principale revient par la soupape de d\u00e9charge. Au m\u00eame moment, la soupape parapluie ferme l'entr\u00e9e, et le piston commence \u00e0 presser le lubrifiant dans la chambre inf\u00e9rieure hors de la sortie sous l'action de la force du ressort.<\/p>\n<p><strong>SP\u00c9CIFICATIONS<\/strong><br \/>\n<img decoding=\"async\" class=\"size-full wp-image-585\" src=\"https:\/\/www.iglan.net\/wp-content\/uploads\/2019\/10\/LT-parameter.png\" alt=\"Param\u00e8tre LT\" width=\"920\" height=\"236\" srcset=\"https:\/\/www.iglan.net\/wp-content\/uploads\/2019\/10\/LT-parameter.png 920w, https:\/\/www.iglan.net\/wp-content\/uploads\/2019\/10\/LT-parameter-800x205.png 800w, https:\/\/www.iglan.net\/wp-content\/uploads\/2019\/10\/LT-parameter-64x16.png 64w, https:\/\/www.iglan.net\/wp-content\/uploads\/2019\/10\/LT-parameter-300x77.png 300w, https:\/\/www.iglan.net\/wp-content\/uploads\/2019\/10\/LT-parameter-768x197.png 768w\" sizes=\"(max-width: 920px) 100vw, 920px\" \/><\/p>\n<p><strong>DIMENSIONS<\/strong><br \/>\n<img decoding=\"async\" class=\"size-full wp-image-586\" src=\"https:\/\/www.iglan.net\/wp-content\/uploads\/2019\/10\/LT-dimension.png\" alt=\"Dimension du lubrificateur LT\" width=\"920\" height=\"960\" srcset=\"https:\/\/www.iglan.net\/wp-content\/uploads\/2019\/10\/LT-dimension.png 920w, https:\/\/www.iglan.net\/wp-content\/uploads\/2019\/10\/LT-dimension-800x835.png 800w, https:\/\/www.iglan.net\/wp-content\/uploads\/2019\/10\/LT-dimension-64x67.png 64w, https:\/\/www.iglan.net\/wp-content\/uploads\/2019\/10\/LT-dimension-300x313.png 300w, https:\/\/www.iglan.net\/wp-content\/uploads\/2019\/10\/LT-dimension-288x300.png 288w, https:\/\/www.iglan.net\/wp-content\/uploads\/2019\/10\/LT-dimension-768x801.png 768w\" sizes=\"(max-width: 920px) 100vw, 920px\" \/><\/p>","protected":false},"excerpt":{"rendered":"<p>Le d\u00e9bit n'est pas affect\u00e9 par la viscosit\u00e9 de l'huile et le temps de battement de l'huile.<br \/>\nChaque sortie d'huile dispose d'une fonction de d\u00e9tection pour v\u00e9rifier si le travail est anormal.<br \/>\nConvient aux syst\u00e8mes de lubrification p\u00e9riodique volum\u00e9trique avec une pression de travail de 10-30 kgf\/cm\u00b2.<\/p>","protected":false},"featured_media":588,"template":"","meta":[],"product_brand":[],"product_cat":[50,168],"product_tag":[54,55,56],"class_list":{"0":"post-584","1":"product","2":"type-product","3":"status-publish","4":"has-post-thumbnail","6":"product_cat-lubricant-metering-devices","7":"product_cat-oil-metering-devices","8":"product_tag-distributor","9":"product_tag-lubrication-distributor","10":"product_tag-oil-air-distributor","12":"first","13":"instock","14":"shipping-taxable","15":"product-type-external"},"_links":{"self":[{"href":"https:\/\/www.iglan.net\/fr\/wp-json\/wp\/v2\/product\/584","targetHints":{"allow":["GET"]}}],"collection":[{"href":"https:\/\/www.iglan.net\/fr\/wp-json\/wp\/v2\/product"}],"about":[{"href":"https:\/\/www.iglan.net\/fr\/wp-json\/wp\/v2\/types\/product"}],"wp:featuredmedia":[{"embeddable":true,"href":"https:\/\/www.iglan.net\/fr\/wp-json\/wp\/v2\/media\/588"}],"wp:attachment":[{"href":"https:\/\/www.iglan.net\/fr\/wp-json\/wp\/v2\/media?parent=584"}],"wp:term":[{"taxonomy":"product_brand","embeddable":true,"href":"https:\/\/www.iglan.net\/fr\/wp-json\/wp\/v2\/product_brand?post=584"},{"taxonomy":"product_cat","embeddable":true,"href":"https:\/\/www.iglan.net\/fr\/wp-json\/wp\/v2\/product_cat?post=584"},{"taxonomy":"product_tag","embeddable":true,"href":"https:\/\/www.iglan.net\/fr\/wp-json\/wp\/v2\/product_tag?post=584"}],"curies":[{"name":"wp","href":"https:\/\/api.w.org\/{rel}","templated":true}]}}