{"id":561,"date":"2019-10-22T10:54:04","date_gmt":"2019-10-22T17:54:04","guid":{"rendered":"https:\/\/www.iglan.net\/?post_type=product&#038;p=561"},"modified":"2022-03-24T00:48:18","modified_gmt":"2022-03-24T07:48:18","slug":"dpb5-distributor-copy","status":"publish","type":"product","link":"https:\/\/www.iglan.net\/fr\/produit\/dpb5-distributor-copy\/","title":{"rendered":"Distributeur volum\u00e9trique de graisse personnalis\u00e9 DPB5 pour lubrification \u00e0 l'huile"},"content":{"rendered":"<p><strong>FEATURES<\/strong><\/p>\n<p>1. L'huile sous pression de la pompe entre dans le distributeur, de sorte que la soupape parapluie dans le distributeur commence \u00e0 pousser vers le haut.<br \/>\n2. Une fois que la soupape parapluie a ferm\u00e9 le trou au centre de la tige centrale, le piston est forc\u00e9 de surmonter la force du ressort pour commencer \u00e0 monter, et l'huile stock\u00e9e dans la chambre sup\u00e9rieure est d\u00e9charg\u00e9e.<br \/>\n3. Lorsque le piston se d\u00e9place vers le haut de la chambre sup\u00e9rieure, l'\u00e9vacuation de l'huile est termin\u00e9e en m\u00eame temps.<br \/>\n4. Lorsque la pompe cesse de fournir de l'huile, sa soupape de d\u00e9charge s'ouvre automatiquement, et la pression dans la conduite principale d'huile fait que la soupape de d\u00e9charge commence le travail de retour de l'huile. \u00c0 ce moment, la pression du syst\u00e8me chute et le piston du distributeur commence \u00e0 revenir sous l'action du ressort. Lorsque la soupape parapluie revient jusqu'\u00e0 ce que l'entr\u00e9e d'huile du distributeur soit ferm\u00e9e, le piston pousse l'huile stock\u00e9e dans la chambre inf\u00e9rieure vers la chambre sup\u00e9rieure \u00e0 travers le petit trou de la tige centrale, le travail de stockage de l'huile est termin\u00e9.<\/p>\n<p><strong>SP\u00c9CIFICATIONS<\/strong><br \/>\n<img decoding=\"async\" class=\"size-full wp-image-577\" src=\"https:\/\/www.iglan.net\/wp-content\/uploads\/2019\/10\/DPB-parameter-1.png\" alt=\"Param\u00e8tre DPB\" width=\"920\" height=\"265\" srcset=\"https:\/\/www.iglan.net\/wp-content\/uploads\/2019\/10\/DPB-parameter-1.png 920w, https:\/\/www.iglan.net\/wp-content\/uploads\/2019\/10\/DPB-parameter-1-800x230.png 800w, https:\/\/www.iglan.net\/wp-content\/uploads\/2019\/10\/DPB-parameter-1-64x18.png 64w, https:\/\/www.iglan.net\/wp-content\/uploads\/2019\/10\/DPB-parameter-1-300x86.png 300w, https:\/\/www.iglan.net\/wp-content\/uploads\/2019\/10\/DPB-parameter-1-768x221.png 768w\" sizes=\"(max-width: 920px) 100vw, 920px\" \/><\/p>\n<p><strong>DIMENSIONS<\/strong><br \/>\n<img decoding=\"async\" class=\"size-full wp-image-578\" src=\"https:\/\/www.iglan.net\/wp-content\/uploads\/2019\/10\/DPB10.png\" alt=\"Dimension du DPB10\" width=\"920\" height=\"383\" srcset=\"https:\/\/www.iglan.net\/wp-content\/uploads\/2019\/10\/DPB10.png 920w, https:\/\/www.iglan.net\/wp-content\/uploads\/2019\/10\/DPB10-800x333.png 800w, https:\/\/www.iglan.net\/wp-content\/uploads\/2019\/10\/DPB10-64x27.png 64w, https:\/\/www.iglan.net\/wp-content\/uploads\/2019\/10\/DPB10-300x125.png 300w, https:\/\/www.iglan.net\/wp-content\/uploads\/2019\/10\/DPB10-768x320.png 768w\" sizes=\"(max-width: 920px) 100vw, 920px\" \/><\/p>","protected":false},"excerpt":{"rendered":"<p>Le distributeur de lubrifiant de type DPB est le distributeur pressuris\u00e9 le plus largement utilis\u00e9 dans le syst\u00e8me de lubrification CNC dans le monde. Il est stable et durable et dispose d'une vari\u00e9t\u00e9 de d\u00e9placements diff\u00e9rents parmi lesquels vous pouvez choisir. Le DPB produit par IGLAN a \u00e9t\u00e9 test\u00e9 des milliers de fois pour garantir qu'il ne fuit pas dans presque toutes les situations.<\/p>","protected":false},"featured_media":581,"template":"","meta":[],"product_brand":[],"product_cat":[50,168],"product_tag":[54,55,56],"class_list":{"0":"post-561","1":"product","2":"type-product","3":"status-publish","4":"has-post-thumbnail","6":"product_cat-lubricant-metering-devices","7":"product_cat-oil-metering-devices","8":"product_tag-distributor","9":"product_tag-lubrication-distributor","10":"product_tag-oil-air-distributor","12":"first","13":"instock","14":"featured","15":"shipping-taxable","16":"product-type-external"},"_links":{"self":[{"href":"https:\/\/www.iglan.net\/fr\/wp-json\/wp\/v2\/product\/561","targetHints":{"allow":["GET"]}}],"collection":[{"href":"https:\/\/www.iglan.net\/fr\/wp-json\/wp\/v2\/product"}],"about":[{"href":"https:\/\/www.iglan.net\/fr\/wp-json\/wp\/v2\/types\/product"}],"wp:featuredmedia":[{"embeddable":true,"href":"https:\/\/www.iglan.net\/fr\/wp-json\/wp\/v2\/media\/581"}],"wp:attachment":[{"href":"https:\/\/www.iglan.net\/fr\/wp-json\/wp\/v2\/media?parent=561"}],"wp:term":[{"taxonomy":"product_brand","embeddable":true,"href":"https:\/\/www.iglan.net\/fr\/wp-json\/wp\/v2\/product_brand?post=561"},{"taxonomy":"product_cat","embeddable":true,"href":"https:\/\/www.iglan.net\/fr\/wp-json\/wp\/v2\/product_cat?post=561"},{"taxonomy":"product_tag","embeddable":true,"href":"https:\/\/www.iglan.net\/fr\/wp-json\/wp\/v2\/product_tag?post=561"}],"curies":[{"name":"wp","href":"https:\/\/api.w.org\/{rel}","templated":true}]}}