{"id":554,"date":"2019-10-22T10:31:16","date_gmt":"2019-10-22T17:31:16","guid":{"rendered":"https:\/\/www.iglan.net\/?post_type=product&#038;p=554"},"modified":"2022-03-24T00:48:22","modified_gmt":"2022-03-24T07:48:22","slug":"asv6-grease-distributor","status":"publish","type":"product","link":"https:\/\/www.iglan.net\/fr\/produit\/asv6-grease-distributor\/","title":{"rendered":"ASV 10-Ways Grease Distributor pour la lubrification \u00e0 la graisse"},"content":{"rendered":"<p><strong>FEATURES<\/strong><\/p>\n<p>Aper\u00e7u du produit<br \/>\n1. vanne de distribution \u00e0 piston.<br \/>\n2.distribue automatiquement le lubrifiant pomp\u00e9 vers les points de lubrification connect\u00e9s.<br \/>\n3. chaque d\u00e9placement de sortie de la vanne de distribution ASV est de 0,2 cm3 par cycle.<br \/>\nLorsqu'une ou plusieurs sorties sont ferm\u00e9es, la vanne de distribution progressive peut distribuer un volume d'huile double ou multiple.<br \/>\n5. 6 \u00e0 12 valves de distribution sont disponibles, jusqu'\u00e0 22 sorties.<br \/>\nPrincipe de fonctionnement<br \/>\nLe distributeur progressif int\u00e9gral ASV peut fournir une lubrification par dosage pour tous les points de lubrification dans un syst\u00e8me de lubrification centralis\u00e9. Il a les avantages de l'\u00e9conomie d'\u00e9nergie et de la pr\u00e9cision. Il s'applique principalement aux \u00e9oliennes, aux machines de construction de v\u00e9hicules, aux machines \u00e0 papier, aux machines textiles et autres \u00e9quipements.Le distributeur int\u00e9gral ASV a 6, 8, 10, 12, 14, 16, 18, 20, 22 sorties d'huile, le d\u00e9bit standard de sortie unique est de 0.2ml\/cyc, et peut enlever les bouchons.He Gangzhu et le remplacement du bouchon d'huile fournissent un d\u00e9placement de 0.4ml\/cyc 0.6m\/cyc 0.2m\/cyc entier multiple.La douille du piston est connect\u00e9e \u00e0 travers le trou d'huile afin d'\u00e9tablir une pression.Tant que le lubrifiant sous pression entre dans l'entr\u00e9e d'huile, le distributeur fonctionnera continuellement de mani\u00e8re progressive.Une fois que le lubrifiant dans l'un des canaux cesse de couler, l'ensemble du piston dans le distributeur cessera \u00e9galement de fonctionner.Par cons\u00e9quent, en installant un capteur m\u00e9canique visuel sp\u00e9cifique, nous pouvons observer le mouvement de l'ensemble du distributeur.Une fois que le blocage se produit, nous pouvons signaler la sortie du signal, de mani\u00e8re \u00e0 surveiller l'ensemble du syst\u00e8me de lubrification.<\/p>\n<p><strong>SP\u00c9CIFICATIONS<\/strong><\/p>\n<p><img decoding=\"async\" class=\"size-full wp-image-555\" src=\"https:\/\/www.iglan.net\/wp-content\/uploads\/2019\/10\/ASV-parameter.png\" alt=\"Param\u00e8tre ASV10\" width=\"920\" height=\"154\" srcset=\"https:\/\/www.iglan.net\/wp-content\/uploads\/2019\/10\/ASV-parameter.png 920w, https:\/\/www.iglan.net\/wp-content\/uploads\/2019\/10\/ASV-parameter-800x134.png 800w, https:\/\/www.iglan.net\/wp-content\/uploads\/2019\/10\/ASV-parameter-64x11.png 64w, https:\/\/www.iglan.net\/wp-content\/uploads\/2019\/10\/ASV-parameter-300x50.png 300w, https:\/\/www.iglan.net\/wp-content\/uploads\/2019\/10\/ASV-parameter-768x129.png 768w\" sizes=\"(max-width: 920px) 100vw, 920px\" \/><\/p>\n<p><strong>DIMENSIONS<\/strong><\/p>\n<p><img decoding=\"async\" class=\"size-full wp-image-556\" src=\"https:\/\/www.iglan.net\/wp-content\/uploads\/2019\/10\/ASV-dimension.png\" alt=\"ASV10-dimension\" width=\"1143\" height=\"792\" srcset=\"https:\/\/www.iglan.net\/wp-content\/uploads\/2019\/10\/ASV-dimension.png 1143w, https:\/\/www.iglan.net\/wp-content\/uploads\/2019\/10\/ASV-dimension-800x554.png 800w, https:\/\/www.iglan.net\/wp-content\/uploads\/2019\/10\/ASV-dimension-64x44.png 64w, https:\/\/www.iglan.net\/wp-content\/uploads\/2019\/10\/ASV-dimension-300x208.png 300w, https:\/\/www.iglan.net\/wp-content\/uploads\/2019\/10\/ASV-dimension-768x532.png 768w, https:\/\/www.iglan.net\/wp-content\/uploads\/2019\/10\/ASV-dimension-1024x710.png 1024w\" sizes=\"(max-width: 1143px) 100vw, 1143px\" \/><\/p>","protected":false},"excerpt":{"rendered":"<p>Le d\u00e9placement de chaque sortie de la valve de distribution ASV est de 0,2mL par cycle. Lorsqu'une ou plusieurs sorties sont ferm\u00e9es, la valve de distribution progressive peut distribuer un volume d'huile double ou multiple. Il y a 6-12 valves de distribution disponibles, jusqu'\u00e0 22 sorties.<\/p>","protected":false},"featured_media":558,"template":"","meta":[],"product_brand":[],"product_cat":[50,169],"product_tag":[54,55,56],"class_list":{"0":"post-554","1":"product","2":"type-product","3":"status-publish","4":"has-post-thumbnail","6":"product_cat-lubricant-metering-devices","7":"product_cat-grease-metering-devices","8":"product_tag-distributor","9":"product_tag-lubrication-distributor","10":"product_tag-oil-air-distributor","12":"first","13":"instock","14":"featured","15":"shipping-taxable","16":"product-type-external"},"_links":{"self":[{"href":"https:\/\/www.iglan.net\/fr\/wp-json\/wp\/v2\/product\/554","targetHints":{"allow":["GET"]}}],"collection":[{"href":"https:\/\/www.iglan.net\/fr\/wp-json\/wp\/v2\/product"}],"about":[{"href":"https:\/\/www.iglan.net\/fr\/wp-json\/wp\/v2\/types\/product"}],"wp:featuredmedia":[{"embeddable":true,"href":"https:\/\/www.iglan.net\/fr\/wp-json\/wp\/v2\/media\/558"}],"wp:attachment":[{"href":"https:\/\/www.iglan.net\/fr\/wp-json\/wp\/v2\/media?parent=554"}],"wp:term":[{"taxonomy":"product_brand","embeddable":true,"href":"https:\/\/www.iglan.net\/fr\/wp-json\/wp\/v2\/product_brand?post=554"},{"taxonomy":"product_cat","embeddable":true,"href":"https:\/\/www.iglan.net\/fr\/wp-json\/wp\/v2\/product_cat?post=554"},{"taxonomy":"product_tag","embeddable":true,"href":"https:\/\/www.iglan.net\/fr\/wp-json\/wp\/v2\/product_tag?post=554"}],"curies":[{"name":"wp","href":"https:\/\/api.w.org\/{rel}","templated":true}]}}