{"id":517,"date":"2019-10-19T09:36:34","date_gmt":"2019-10-19T16:36:34","guid":{"rendered":"https:\/\/www.iglan.net\/?post_type=product&#038;p=517"},"modified":"2022-03-24T00:48:36","modified_gmt":"2022-03-24T07:48:36","slug":"pneumatic-oil-mist-lubrication-pump-for-lubrication-system","status":"publish","type":"product","link":"https:\/\/www.iglan.net\/fr\/produit\/pneumatic-oil-mist-lubrication-pump-for-lubrication-system\/","title":{"rendered":"Pompe pneumatique de lubrification par brouillard d'huile pour syst\u00e8me de lubrification"},"content":{"rendered":"<p><strong>FEATURES<\/strong><\/p>\n<p>1. La pompe convient \u00e0 la lubrification de la coupe \u00e0 grande vitesse, \u00e0 la lubrification des grandes surfaces, \u00e0 la lubrification et au refroidissement des usinages sp\u00e9ciaux. Le brouillard d'huile est m\u00e9lang\u00e9 uniform\u00e9ment et l'effet est bon.<br \/>\n2. La pompe est \u00e9quip\u00e9e d'un bouton de r\u00e9glage du volume d'huile, qui permet d'ajuster le volume d'huile en fonction de la demande de travail afin d'obtenir une optimisation. Tournez le bouton de r\u00e9glage du volume d'huile dans le sens inverse des aiguilles d'une montre, plus la pression dans le manom\u00e8tre et le d\u00e9bit d'air sont \u00e9lev\u00e9s, plus le brouillard d'huile est important ; tournez-le dans le sens des aiguilles d'une montre, moins le brouillard d'huile est important.<br \/>\n3. La source de pression d'air de la pompe peut \u00eatre directement entra\u00een\u00e9e par le compresseur d'air, ou l'\u00e9lectrovanne peut \u00eatre utilis\u00e9e comme interrupteur de la source de pression d'air pour contr\u00f4ler l'action de commutation de la source de pression d'air 0n \/ off.<br \/>\n4. L'huile de lubrification et l'eau de coupe ayant une viscosit\u00e9 de 22-68cst @ 40 \u2103 peuvent \u00eatre utilis\u00e9es, mais les produits p\u00e9troliers volatils, tels que ceux \u00e0 base d'esters et de glycol, sont interdits.<\/p>\n<p><strong>SP\u00c9CIFICATIONS<\/strong><\/p>\n<p><img decoding=\"async\" class=\"size-full wp-image-524\" src=\"https:\/\/www.iglan.net\/wp-content\/uploads\/2019\/10\/AOM-parameter.png\" alt=\"Param\u00e8tres de l&#039;AOM\" width=\"920\" height=\"153\" srcset=\"https:\/\/www.iglan.net\/wp-content\/uploads\/2019\/10\/AOM-parameter.png 920w, https:\/\/www.iglan.net\/wp-content\/uploads\/2019\/10\/AOM-parameter-800x133.png 800w, https:\/\/www.iglan.net\/wp-content\/uploads\/2019\/10\/AOM-parameter-64x11.png 64w, https:\/\/www.iglan.net\/wp-content\/uploads\/2019\/10\/AOM-parameter-300x50.png 300w, https:\/\/www.iglan.net\/wp-content\/uploads\/2019\/10\/AOM-parameter-768x128.png 768w\" sizes=\"(max-width: 920px) 100vw, 920px\" \/><\/p>\n<p><strong>DIMENSIONS<\/strong><br \/>\n<img decoding=\"async\" class=\"size-full wp-image-522\" src=\"https:\/\/www.iglan.net\/wp-content\/uploads\/2019\/10\/AOM-diameter.png\" alt=\"AOM-diam\u00e8tre\" width=\"920\" height=\"712\" srcset=\"https:\/\/www.iglan.net\/wp-content\/uploads\/2019\/10\/AOM-diameter.png 920w, https:\/\/www.iglan.net\/wp-content\/uploads\/2019\/10\/AOM-diameter-800x619.png 800w, https:\/\/www.iglan.net\/wp-content\/uploads\/2019\/10\/AOM-diameter-64x50.png 64w, https:\/\/www.iglan.net\/wp-content\/uploads\/2019\/10\/AOM-diameter-300x232.png 300w, https:\/\/www.iglan.net\/wp-content\/uploads\/2019\/10\/AOM-diameter-768x594.png 768w\" sizes=\"(max-width: 920px) 100vw, 920px\" \/><\/p>","protected":false},"excerpt":{"rendered":"<p>La pompe de lubrification pneumatique \u00e0 brouillard d'huile AOM est adapt\u00e9e \u00e0 la lubrification des coupes \u00e0 grande vitesse, \u00e0 la lubrification des grandes surfaces, \u00e0 la lubrification des traitements sp\u00e9ciaux et au refroidissement. Le brouillard d'huile se m\u00e9lange uniform\u00e9ment et l'effet est bon. La sortie de brouillard d'huile AOM peut \u00eatre assortie \u00e0 diff\u00e9rentes buses, buses dures ou pistolets OB.<\/p>","protected":false},"featured_media":518,"template":"","meta":[],"product_brand":[],"product_cat":[38,37],"product_tag":[40,42,47],"class_list":{"0":"post-517","1":"product","2":"type-product","3":"status-publish","4":"has-post-thumbnail","6":"product_cat-minimum-quantity-lubrication","7":"product_cat-oil-air-lubrication-pump-units","8":"product_tag-grease-pump","9":"product_tag-lubricator","10":"product_tag-wind-power-lubrication-pump","12":"first","13":"instock","14":"shipping-taxable","15":"product-type-external"},"_links":{"self":[{"href":"https:\/\/www.iglan.net\/fr\/wp-json\/wp\/v2\/product\/517","targetHints":{"allow":["GET"]}}],"collection":[{"href":"https:\/\/www.iglan.net\/fr\/wp-json\/wp\/v2\/product"}],"about":[{"href":"https:\/\/www.iglan.net\/fr\/wp-json\/wp\/v2\/types\/product"}],"wp:featuredmedia":[{"embeddable":true,"href":"https:\/\/www.iglan.net\/fr\/wp-json\/wp\/v2\/media\/518"}],"wp:attachment":[{"href":"https:\/\/www.iglan.net\/fr\/wp-json\/wp\/v2\/media?parent=517"}],"wp:term":[{"taxonomy":"product_brand","embeddable":true,"href":"https:\/\/www.iglan.net\/fr\/wp-json\/wp\/v2\/product_brand?post=517"},{"taxonomy":"product_cat","embeddable":true,"href":"https:\/\/www.iglan.net\/fr\/wp-json\/wp\/v2\/product_cat?post=517"},{"taxonomy":"product_tag","embeddable":true,"href":"https:\/\/www.iglan.net\/fr\/wp-json\/wp\/v2\/product_tag?post=517"}],"curies":[{"name":"wp","href":"https:\/\/api.w.org\/{rel}","templated":true}]}}