{"id":387,"date":"2019-10-11T14:54:50","date_gmt":"2019-10-11T21:54:50","guid":{"rendered":"https:\/\/www.iglan.net\/?post_type=product&#038;p=387"},"modified":"2022-03-24T00:48:57","modified_gmt":"2022-03-24T07:48:57","slug":"electric-grease-lubrication-pump-for-injection-molding-machine","status":"publish","type":"product","link":"https:\/\/www.iglan.net\/fr\/produit\/electric-grease-lubrication-pump-for-injection-molding-machine\/","title":{"rendered":"Pompe \u00e9lectrique de lubrification \u00e0 la graisse pour machine de moulage par injection"},"content":{"rendered":"<p><strong>FEATURES<\/strong><\/p>\n<p>1. L'heure du syst\u00e8me peut \u00eatre r\u00e9gl\u00e9e, temps de lubrification LUB : 1-999 secondes, temps d'intervalle INT : 1-999 minutes, personnalisable.<br \/>\n2. L'indicateur du panneau peut montrer la lubrification et l'\u00e9tat intermittent de la pompe de lubrification.<br \/>\n3. Le syst\u00e8me peut utiliser la touche RST pour forcer la lubrification ou \u00e9liminer un signal d'alarme anormal.<br \/>\n4. La pompe \u00e0 engrenages en alliage sp\u00e9cial avec moteur \u00e0 induction a une longue dur\u00e9e de vie et un faible bruit.<br \/>\n5. Il n'y a pas de dispositif de d\u00e9compression dans le syst\u00e8me r\u00e9sistif, qui doit \u00eatre \u00e9quip\u00e9 d'un distributeur d'articulation proportionnel.<br \/>\n6. Une soupape de d\u00e9charge est pr\u00e9vue pour \u00e9viter que la pompe de lubrification ne fonctionne trop et que la canalisation ne soit endommag\u00e9e par une pression excessive.<br \/>\n7. Utiliser de la graisse au lithium de la gamme NLGI000#-00#.<\/p>\n<p><strong>SP\u00c9CIFICATIONS<\/strong><br \/>\n<img decoding=\"async\" class=\"size-full wp-image-389\" src=\"https:\/\/www.iglan.net\/wp-content\/uploads\/2019\/10\/AMG1-prameter-1.jpg\" alt=\"AMG1-pram\u00e8tre\" width=\"920\" height=\"203\" srcset=\"https:\/\/www.iglan.net\/wp-content\/uploads\/2019\/10\/AMG1-prameter-1.jpg 920w, https:\/\/www.iglan.net\/wp-content\/uploads\/2019\/10\/AMG1-prameter-1-800x177.jpg 800w, https:\/\/www.iglan.net\/wp-content\/uploads\/2019\/10\/AMG1-prameter-1-64x14.jpg 64w, https:\/\/www.iglan.net\/wp-content\/uploads\/2019\/10\/AMG1-prameter-1-300x66.jpg 300w, https:\/\/www.iglan.net\/wp-content\/uploads\/2019\/10\/AMG1-prameter-1-768x169.jpg 768w\" sizes=\"(max-width: 920px) 100vw, 920px\" \/><\/p>\n<p><strong>DIMENSIONS<\/strong><br \/>\n<img decoding=\"async\" class=\"size-full wp-image-365\" src=\"https:\/\/www.iglan.net\/wp-content\/uploads\/2019\/10\/AMT1-dimension.png\" alt=\"Dimension de l&#039;AMT1\" width=\"920\" height=\"475\" srcset=\"https:\/\/www.iglan.net\/wp-content\/uploads\/2019\/10\/AMT1-dimension.png 920w, https:\/\/www.iglan.net\/wp-content\/uploads\/2019\/10\/AMT1-dimension-800x413.png 800w, https:\/\/www.iglan.net\/wp-content\/uploads\/2019\/10\/AMT1-dimension-64x33.png 64w, https:\/\/www.iglan.net\/wp-content\/uploads\/2019\/10\/AMT1-dimension-300x155.png 300w, https:\/\/www.iglan.net\/wp-content\/uploads\/2019\/10\/AMT1-dimension-768x397.png 768w\" sizes=\"(max-width: 920px) 100vw, 920px\" \/><\/p>","protected":false},"excerpt":{"rendered":"<p>L'heure du syst\u00e8me peut \u00eatre r\u00e9gl\u00e9e, temps de lubrification LUB : 1-999 secondes, temps d'intervalle INT : 1-999 minutes, personnalisable. L'indicateur du panneau peut montrer la lubrification et l'\u00e9tat intermittent de la pompe de lubrification. Le syst\u00e8me peut utiliser la touche RST pour forcer la lubrification ou \u00e9liminer un signal d'alarme anormal.<\/p>","protected":false},"featured_media":505,"template":"","meta":[],"product_brand":[],"product_cat":[34,162],"product_tag":[40,41,42],"class_list":{"0":"post-387","1":"product","2":"type-product","3":"status-publish","4":"has-post-thumbnail","6":"product_cat-grease-lubrication-pump-units","7":"product_cat-amg-series","8":"product_tag-grease-pump","9":"product_tag-lubrication-pump","10":"product_tag-lubricator","12":"first","13":"instock","14":"shipping-taxable","15":"product-type-external"},"_links":{"self":[{"href":"https:\/\/www.iglan.net\/fr\/wp-json\/wp\/v2\/product\/387","targetHints":{"allow":["GET"]}}],"collection":[{"href":"https:\/\/www.iglan.net\/fr\/wp-json\/wp\/v2\/product"}],"about":[{"href":"https:\/\/www.iglan.net\/fr\/wp-json\/wp\/v2\/types\/product"}],"wp:featuredmedia":[{"embeddable":true,"href":"https:\/\/www.iglan.net\/fr\/wp-json\/wp\/v2\/media\/505"}],"wp:attachment":[{"href":"https:\/\/www.iglan.net\/fr\/wp-json\/wp\/v2\/media?parent=387"}],"wp:term":[{"taxonomy":"product_brand","embeddable":true,"href":"https:\/\/www.iglan.net\/fr\/wp-json\/wp\/v2\/product_brand?post=387"},{"taxonomy":"product_cat","embeddable":true,"href":"https:\/\/www.iglan.net\/fr\/wp-json\/wp\/v2\/product_cat?post=387"},{"taxonomy":"product_tag","embeddable":true,"href":"https:\/\/www.iglan.net\/fr\/wp-json\/wp\/v2\/product_tag?post=387"}],"curies":[{"name":"wp","href":"https:\/\/api.w.org\/{rel}","templated":true}]}}