{"id":234,"date":"2019-09-26T17:32:51","date_gmt":"2019-09-27T00:32:51","guid":{"rendered":"http:\/\/www.iglan.net\/?post_type=product&#038;p=234"},"modified":"2022-03-24T00:49:06","modified_gmt":"2022-03-24T07:49:06","slug":"adl1-oil-lubricator","status":"publish","type":"product","link":"https:\/\/www.iglan.net\/fr\/produit\/adl1-oil-lubricator\/","title":{"rendered":"Syst\u00e8me de lubrification rentable pour les machines de moulage par injection"},"content":{"rendered":"<p><strong>FEATURES<\/strong><\/p>\n<p>1. le syst\u00e8me peut d\u00e9finir trois modes d'action :<br \/>\n(1) Lubrification : le calendrier de lubrification doit \u00eatre ex\u00e9cut\u00e9 avant le d\u00e9marrage.<br \/>\n(2) Intermittence : le chronom\u00e9trage de l'intermittence doit \u00eatre effectu\u00e9 au moment du d\u00e9marrage (unit\u00e9 de temps : conversion secondes\/minutes\/heures\/heures).<br \/>\n(3) M\u00e9moire : le fait de recevoir \u00e0 nouveau du courant apr\u00e8s une panne de courant peut continuer \u00e0 ex\u00e9cuter le chronom\u00e9trage \u00e0 intervalles incomplets.<br \/>\n2.le temps de lubrification et le temps d'intermittence peuvent \u00eatre ajust\u00e9s (avec la fonction de cl\u00e9 de verrouillage, les param\u00e8tres de verrouillage).<br \/>\nLorsque l'huile ou la pression est insuffisante, le buzzer \u00e9met une alarme et \u00e9met un signal d'anomalie.<br \/>\n(1) Une pression insuffisante a \u00e9t\u00e9 montr\u00e9e comme Erp.<br \/>\n(2) Un niveau de liquide insuffisant a \u00e9t\u00e9 indiqu\u00e9 comme Ero.<br \/>\nTemps de lubrification LUB : 1-999 (secondes) Temps d'intervalle INT : 1-999 (minutes) (unit\u00e9 de temps : secondes\/minutes\/heures\/heure).<br \/>\n5.l'indicateur du panneau peut montrer la lubrification et l'\u00e9tat intermittent de la pompe de lubrification.<br \/>\nLe syst\u00e8me peut utiliser la touche RST pour forcer la lubrification ou \u00e9liminer les signaux d'alarme anormaux.<br \/>\nLe temps de lubrification le plus long est inf\u00e9rieur ou \u00e9gal \u00e0 2 minutes, et le temps d'intervalle est sup\u00e9rieur \u00e0 5 fois le temps de lubrification.<br \/>\nLe moteur est \u00e9quip\u00e9 d'un dispositif de protection contre la surchauffe pour \u00e9viter la surchauffe et la surcharge du moteur.<br \/>\nLe syst\u00e8me r\u00e9sistif ne comporte pas de dispositif de d\u00e9compression, il doit donc \u00eatre \u00e9quip\u00e9 d'un distributeur d'articulation proportionnel.<br \/>\nUne soupape de s\u00e9curit\u00e9 est pr\u00e9vue pour \u00e9viter que la pompe de lubrification ne soit surcharg\u00e9e et que la canalisation ne soit endommag\u00e9e par une pression excessive.<br \/>\nUtiliser une huile de viscosit\u00e9 32-68 cSt@40\u00baC.<\/p>\n<p><strong>SP\u00c9CIFICATIONS<\/strong><\/p>\n<p><img decoding=\"async\" class=\"size-full wp-image-303\" src=\"https:\/\/www.iglan.net\/wp-content\/uploads\/2019\/09\/ADL1-Parameter.png\" alt=\"Param\u00e8tre ADL1\" width=\"915\" height=\"174\" srcset=\"https:\/\/www.iglan.net\/wp-content\/uploads\/2019\/09\/ADL1-Parameter.png 915w, https:\/\/www.iglan.net\/wp-content\/uploads\/2019\/09\/ADL1-Parameter-800x152.png 800w, https:\/\/www.iglan.net\/wp-content\/uploads\/2019\/09\/ADL1-Parameter-64x12.png 64w, https:\/\/www.iglan.net\/wp-content\/uploads\/2019\/09\/ADL1-Parameter-300x57.png 300w, https:\/\/www.iglan.net\/wp-content\/uploads\/2019\/09\/ADL1-Parameter-768x146.png 768w\" sizes=\"(max-width: 915px) 100vw, 915px\" \/><\/p>\n<p><strong>DIMENSIONS<\/strong><\/p>\n<p><img decoding=\"async\" class=\"size-full wp-image-325\" src=\"https:\/\/www.iglan.net\/wp-content\/uploads\/2019\/09\/ADL1-DIMEN.png\" alt=\"ADL1-DIMEN\" width=\"915\" height=\"572\" srcset=\"https:\/\/www.iglan.net\/wp-content\/uploads\/2019\/09\/ADL1-DIMEN.png 915w, https:\/\/www.iglan.net\/wp-content\/uploads\/2019\/09\/ADL1-DIMEN-800x500.png 800w, https:\/\/www.iglan.net\/wp-content\/uploads\/2019\/09\/ADL1-DIMEN-64x40.png 64w, https:\/\/www.iglan.net\/wp-content\/uploads\/2019\/09\/ADL1-DIMEN-300x188.png 300w, https:\/\/www.iglan.net\/wp-content\/uploads\/2019\/09\/ADL1-DIMEN-768x480.png 768w\" sizes=\"(max-width: 915px) 100vw, 915px\" \/><\/p>","protected":false},"excerpt":{"rendered":"<p>L'heure du syst\u00e8me peut \u00eatre r\u00e9gl\u00e9e. Temps de lubrification LUB : 1-999 secondes. Temps d'intervalle INT:1-999 minutes. L'indicateur du panneau peut montrer la lubrification et l'\u00e9tat intermittent de la pompe de lubrification. Le syst\u00e8me peut utiliser la touche RST pour forcer la lubrification ou \u00e9liminer les signaux d'alarme anormaux.<\/p>","protected":false},"featured_media":490,"template":"","meta":[],"product_brand":[],"product_cat":[32,155],"product_tag":[46,41,45],"class_list":{"0":"post-234","1":"product","2":"type-product","3":"status-publish","4":"has-post-thumbnail","6":"product_cat-oil-lubrication-pump-units","7":"product_cat-adl-series","8":"product_tag-cnc-lubricator","9":"product_tag-lubrication-pump","10":"product_tag-oil-pump","12":"first","13":"instock","14":"featured","15":"shipping-taxable","16":"product-type-external"},"_links":{"self":[{"href":"https:\/\/www.iglan.net\/fr\/wp-json\/wp\/v2\/product\/234","targetHints":{"allow":["GET"]}}],"collection":[{"href":"https:\/\/www.iglan.net\/fr\/wp-json\/wp\/v2\/product"}],"about":[{"href":"https:\/\/www.iglan.net\/fr\/wp-json\/wp\/v2\/types\/product"}],"wp:featuredmedia":[{"embeddable":true,"href":"https:\/\/www.iglan.net\/fr\/wp-json\/wp\/v2\/media\/490"}],"wp:attachment":[{"href":"https:\/\/www.iglan.net\/fr\/wp-json\/wp\/v2\/media?parent=234"}],"wp:term":[{"taxonomy":"product_brand","embeddable":true,"href":"https:\/\/www.iglan.net\/fr\/wp-json\/wp\/v2\/product_brand?post=234"},{"taxonomy":"product_cat","embeddable":true,"href":"https:\/\/www.iglan.net\/fr\/wp-json\/wp\/v2\/product_cat?post=234"},{"taxonomy":"product_tag","embeddable":true,"href":"https:\/\/www.iglan.net\/fr\/wp-json\/wp\/v2\/product_tag?post=234"}],"curies":[{"name":"wp","href":"https:\/\/api.w.org\/{rel}","templated":true}]}}