{"id":1260,"date":"2020-04-27T02:17:00","date_gmt":"2020-04-27T09:17:00","guid":{"rendered":"https:\/\/www.iglan.net\/?post_type=product&#038;p=1260"},"modified":"2022-03-22T23:31:10","modified_gmt":"2022-03-23T06:31:10","slug":"slm-120ml-automatic-single-point-lubricator","status":"publish","type":"product","link":"https:\/\/www.iglan.net\/fr\/produit\/slm-120ml-automatic-single-point-lubricator\/","title":{"rendered":"SLM Auto Lubrificateur monopoint avec entra\u00eenement \u00e9lectrochimique"},"content":{"rendered":"<p><strong>FEATURES<\/strong><\/p>\n<p>Le sommet de l'injecteur contient un m\u00e9canisme d'entra\u00eenement \u00e9lectrochimique, sans ressort ni autre pi\u00e8ce m\u00e9canique. En ajustant le cadran de temps, la r\u00e9action \u00e9lectrochimique se produit apr\u00e8s le contact des plaquettes, et l'injecteur d\u00e9marre. La pression de gaz constante et croissante qui en r\u00e9sulte entra\u00eene le piston et extrude lentement la graisse. Une fois install\u00e9 et activ\u00e9, il peut fonctionner automatiquement dans le cadre du cycle de vie d\u00e9fini. Le poids de la graisse est de 185g et le poids de la non-graisse est de 85g.<\/p>\n<p><strong>SP\u00c9CIFICATIONS<\/strong><\/p>\n<figure id=\"attachment_1261\" aria-describedby=\"caption-attachment-1261\" style=\"width: 888px\" class=\"wp-caption alignleft\"><img decoding=\"async\" class=\"size-full wp-image-1261\" src=\"https:\/\/www.iglan.net\/wp-content\/uploads\/2020\/04\/SLM-specifications.jpg\" alt=\"Sp\u00e9cifications SLM\" width=\"888\" height=\"298\" srcset=\"https:\/\/www.iglan.net\/wp-content\/uploads\/2020\/04\/SLM-specifications.jpg 888w, https:\/\/www.iglan.net\/wp-content\/uploads\/2020\/04\/SLM-specifications-800x268.jpg 800w, https:\/\/www.iglan.net\/wp-content\/uploads\/2020\/04\/SLM-specifications-300x101.jpg 300w, https:\/\/www.iglan.net\/wp-content\/uploads\/2020\/04\/SLM-specifications-768x258.jpg 768w, https:\/\/www.iglan.net\/wp-content\/uploads\/2020\/04\/SLM-specifications-64x21.jpg 64w\" sizes=\"(max-width: 888px) 100vw, 888px\" \/><figcaption id=\"caption-attachment-1261\" class=\"wp-caption-text\">Sp\u00e9cifications SLM<\/figcaption><\/figure>\n<p><strong>DIMENSIONS<\/strong><\/p>\n<figure id=\"attachment_1262\" aria-describedby=\"caption-attachment-1262\" style=\"width: 472px\" class=\"wp-caption alignleft\"><img decoding=\"async\" class=\"size-full wp-image-1262\" src=\"https:\/\/www.iglan.net\/wp-content\/uploads\/2020\/04\/SLM-dimensions.jpg\" alt=\"Dimensions du SLM\" width=\"472\" height=\"485\" srcset=\"https:\/\/www.iglan.net\/wp-content\/uploads\/2020\/04\/SLM-dimensions.jpg 472w, https:\/\/www.iglan.net\/wp-content\/uploads\/2020\/04\/SLM-dimensions-292x300.jpg 292w, https:\/\/www.iglan.net\/wp-content\/uploads\/2020\/04\/SLM-dimensions-64x66.jpg 64w\" sizes=\"(max-width: 472px) 100vw, 472px\" \/><figcaption id=\"caption-attachment-1262\" class=\"wp-caption-text\">Dimensions du SLM<\/figcaption><\/figure>","protected":false},"excerpt":{"rendered":"<p>Le sommet de l'injecteur contient un m\u00e9canisme d'entra\u00eenement \u00e9lectrochimique, sans ressort ni autre pi\u00e8ce m\u00e9canique. En ajustant le cadran de temps, la r\u00e9action \u00e9lectrochimique se produit apr\u00e8s le contact des plaquettes, et l'injecteur d\u00e9marre. La pression de gaz constante et croissante qui en d\u00e9coule entra\u00eene le piston et extrude lentement la graisse.<\/p>","protected":false},"featured_media":1265,"template":"","meta":[],"product_brand":[],"product_cat":[33],"product_tag":[75,40,63],"class_list":{"0":"post-1260","1":"product","2":"type-product","3":"status-publish","4":"has-post-thumbnail","6":"product_cat-single-point-lubricators","7":"product_tag-auto-pump","8":"product_tag-grease-pump","9":"product_tag-single-point-lubricato","11":"first","12":"instock","13":"shipping-taxable","14":"product-type-external"},"_links":{"self":[{"href":"https:\/\/www.iglan.net\/fr\/wp-json\/wp\/v2\/product\/1260","targetHints":{"allow":["GET"]}}],"collection":[{"href":"https:\/\/www.iglan.net\/fr\/wp-json\/wp\/v2\/product"}],"about":[{"href":"https:\/\/www.iglan.net\/fr\/wp-json\/wp\/v2\/types\/product"}],"wp:featuredmedia":[{"embeddable":true,"href":"https:\/\/www.iglan.net\/fr\/wp-json\/wp\/v2\/media\/1265"}],"wp:attachment":[{"href":"https:\/\/www.iglan.net\/fr\/wp-json\/wp\/v2\/media?parent=1260"}],"wp:term":[{"taxonomy":"product_brand","embeddable":true,"href":"https:\/\/www.iglan.net\/fr\/wp-json\/wp\/v2\/product_brand?post=1260"},{"taxonomy":"product_cat","embeddable":true,"href":"https:\/\/www.iglan.net\/fr\/wp-json\/wp\/v2\/product_cat?post=1260"},{"taxonomy":"product_tag","embeddable":true,"href":"https:\/\/www.iglan.net\/fr\/wp-json\/wp\/v2\/product_tag?post=1260"}],"curies":[{"name":"wp","href":"https:\/\/api.w.org\/{rel}","templated":true}]}}