{"id":1139,"date":"2020-03-15T19:06:13","date_gmt":"2020-03-16T02:06:13","guid":{"rendered":"https:\/\/www.iglan.net\/?post_type=product&#038;p=1139"},"modified":"2022-03-24T00:40:49","modified_gmt":"2022-03-24T07:40:49","slug":"pd-tube-straight-connector","status":"publish","type":"product","link":"https:\/\/www.iglan.net\/fr\/produit\/pd-tube-straight-connector\/","title":{"rendered":"Adaptateur droit en laiton PD Tube pour syst\u00e8me de lubrification"},"content":{"rendered":"<p><strong>FEATURES<\/strong><\/p>\n<p>Connecteur droit IGLAN PD 4\/6\/8\/10mm M8\/10\/14\/16 Filetage de tube m\u00e2le Filetage femelle Connecteur droit pour syst\u00e8me de lubrification centralis\u00e9 CNC<\/p>\n<p><strong>SP\u00c9CIFICATIONS<\/strong><\/p>\n<p><img decoding=\"async\" class=\"size-full wp-image-1146\" src=\"https:\/\/www.iglan.net\/wp-content\/uploads\/2020\/03\/PD-diameter.jpg\" alt=\"PD-diam\u00e8tre\" width=\"526\" height=\"661\" srcset=\"https:\/\/www.iglan.net\/wp-content\/uploads\/2020\/03\/PD-diameter.jpg 526w, https:\/\/www.iglan.net\/wp-content\/uploads\/2020\/03\/PD-diameter-510x641.jpg 510w, https:\/\/www.iglan.net\/wp-content\/uploads\/2020\/03\/PD-diameter-239x300.jpg 239w, https:\/\/www.iglan.net\/wp-content\/uploads\/2020\/03\/PD-diameter-64x80.jpg 64w\" sizes=\"(max-width: 526px) 100vw, 526px\" \/><\/p>\n<figure id=\"attachment_2541\" aria-describedby=\"caption-attachment-2541\" style=\"width: 845px\" class=\"wp-caption alignnone\"><img decoding=\"async\" class=\"size-full wp-image-2541\" src=\"https:\/\/www.iglan.net\/wp-content\/uploads\/2020\/03\/PD-Straight-Adaptor.jpg\" alt=\"Adaptateur droit PD\" width=\"845\" height=\"796\" srcset=\"https:\/\/www.iglan.net\/wp-content\/uploads\/2020\/03\/PD-Straight-Adaptor.jpg 845w, https:\/\/www.iglan.net\/wp-content\/uploads\/2020\/03\/PD-Straight-Adaptor-425x400.jpg 425w, https:\/\/www.iglan.net\/wp-content\/uploads\/2020\/03\/PD-Straight-Adaptor-768x723.jpg 768w, https:\/\/www.iglan.net\/wp-content\/uploads\/2020\/03\/PD-Straight-Adaptor-800x754.jpg 800w\" sizes=\"(max-width: 845px) 100vw, 845px\" \/><figcaption id=\"caption-attachment-2541\" class=\"wp-caption-text\">Adaptateur droit PD<\/figcaption><\/figure>","protected":false},"excerpt":{"rendered":"<p>IGLAN PD 4\/6\/8\/10mm M8\/10\/14\/16 Male Tube Thread Female Thread Straight Adapter Connector For CNC Centralized Lubrication Systems.IGLAN PD 4\/6\/8\/10mm M8\/10\/14\/16 Male Tube Thread Female Thread Straight Adapter Connector For CNC Centralized Lubrication Systems.<\/p>","protected":false},"featured_media":1143,"template":"","meta":[],"product_brand":[],"product_cat":[51,171],"product_tag":[124,104,125],"class_list":{"0":"post-1139","1":"product","2":"type-product","3":"status-publish","4":"has-post-thumbnail","6":"product_cat-lubrication-system-accessories","7":"product_cat-tubes-and-fittings","8":"product_tag-adapter","9":"product_tag-connector","10":"product_tag-straight-adapter","12":"first","13":"instock","14":"shipping-taxable","15":"product-type-external"},"_links":{"self":[{"href":"https:\/\/www.iglan.net\/fr\/wp-json\/wp\/v2\/product\/1139","targetHints":{"allow":["GET"]}}],"collection":[{"href":"https:\/\/www.iglan.net\/fr\/wp-json\/wp\/v2\/product"}],"about":[{"href":"https:\/\/www.iglan.net\/fr\/wp-json\/wp\/v2\/types\/product"}],"wp:featuredmedia":[{"embeddable":true,"href":"https:\/\/www.iglan.net\/fr\/wp-json\/wp\/v2\/media\/1143"}],"wp:attachment":[{"href":"https:\/\/www.iglan.net\/fr\/wp-json\/wp\/v2\/media?parent=1139"}],"wp:term":[{"taxonomy":"product_brand","embeddable":true,"href":"https:\/\/www.iglan.net\/fr\/wp-json\/wp\/v2\/product_brand?post=1139"},{"taxonomy":"product_cat","embeddable":true,"href":"https:\/\/www.iglan.net\/fr\/wp-json\/wp\/v2\/product_cat?post=1139"},{"taxonomy":"product_tag","embeddable":true,"href":"https:\/\/www.iglan.net\/fr\/wp-json\/wp\/v2\/product_tag?post=1139"}],"curies":[{"name":"wp","href":"https:\/\/api.w.org\/{rel}","templated":true}]}}