{"id":1118,"date":"2020-03-05T19:22:42","date_gmt":"2020-03-06T03:22:42","guid":{"rendered":"https:\/\/www.iglan.net\/?post_type=product&#038;p=1118"},"modified":"2022-03-24T00:41:06","modified_gmt":"2022-03-24T07:41:06","slug":"movable-right-angle-connector","status":"publish","type":"product","link":"https:\/\/www.iglan.net\/fr\/produit\/movable-right-angle-connector\/","title":{"rendered":"Vanne de d\u00e9rivation en laiton \u00e0 huile 8\/10mm Connecteur \u00e0 angle droit mobile"},"content":{"rendered":"<p><strong>FEATURES<\/strong><\/p>\n<div class=\"product-title\" data-spm-anchor-id=\"a2g0o.detail.1000016.i2.30272757yymeWd\">IGLAN 8\/10mm - Vanne de d\u00e9rivation d'huile en laiton \u00e0 3 voies - T\u00e9 \u00e0 capuchon hexagonal mobile - Connecteur \u00e0 angle droit pour syst\u00e8me de lubrification.<\/div>\n<p><strong>SP\u00c9CIFICATIONS<\/strong><br \/>\n<img decoding=\"async\" class=\"size-full wp-image-1119\" src=\"https:\/\/www.iglan.net\/wp-content\/uploads\/2020\/03\/FS-dimensions-1.jpg\" alt=\"Dimensions de l&#039;articulation \u00e0 angle droit mobile\" width=\"764\" height=\"522\" srcset=\"https:\/\/www.iglan.net\/wp-content\/uploads\/2020\/03\/FS-dimensions-1.jpg 764w, https:\/\/www.iglan.net\/wp-content\/uploads\/2020\/03\/FS-dimensions-1-510x348.jpg 510w, https:\/\/www.iglan.net\/wp-content\/uploads\/2020\/03\/FS-dimensions-1-300x205.jpg 300w, https:\/\/www.iglan.net\/wp-content\/uploads\/2020\/03\/FS-dimensions-1-64x44.jpg 64w\" sizes=\"(max-width: 764px) 100vw, 764px\" \/><br \/>\n<img decoding=\"async\" class=\"size-full wp-image-1120\" src=\"https:\/\/www.iglan.net\/wp-content\/uploads\/2020\/03\/FS-specifications.jpg\" alt=\"Sp\u00e9cifications de l&#039;articulation \u00e0 angle droit mobile\" width=\"865\" height=\"362\" srcset=\"https:\/\/www.iglan.net\/wp-content\/uploads\/2020\/03\/FS-specifications.jpg 865w, https:\/\/www.iglan.net\/wp-content\/uploads\/2020\/03\/FS-specifications-800x335.jpg 800w, https:\/\/www.iglan.net\/wp-content\/uploads\/2020\/03\/FS-specifications-300x126.jpg 300w, https:\/\/www.iglan.net\/wp-content\/uploads\/2020\/03\/FS-specifications-768x321.jpg 768w, https:\/\/www.iglan.net\/wp-content\/uploads\/2020\/03\/FS-specifications-64x27.jpg 64w\" sizes=\"(max-width: 865px) 100vw, 865px\" \/><\/p>","protected":false},"excerpt":{"rendered":"<div class=\"product-title\" data-spm-anchor-id=\"a2g0o.detail.1000016.i2.30272757yymeWd\">IGLAN 8\/10mm - Vanne de d\u00e9viation d'huile 3 voies en laiton - T\u00e9 \u00e0 capuchon hexagonal mobile - Raccord de joint \u00e0 angle droit pour syst\u00e8me de lubrification.<\/div>","protected":false},"featured_media":1125,"template":"","meta":[],"product_brand":[],"product_cat":[51,171],"product_tag":[121,120,119],"class_list":{"0":"post-1118","1":"product","2":"type-product","3":"status-publish","4":"has-post-thumbnail","6":"product_cat-lubrication-system-accessories","7":"product_cat-tubes-and-fittings","8":"product_tag-diverter-valve","9":"product_tag-movable-connector","10":"product_tag-movable-right-angle-joint","12":"first","13":"instock","14":"shipping-taxable","15":"product-type-external"},"_links":{"self":[{"href":"https:\/\/www.iglan.net\/fr\/wp-json\/wp\/v2\/product\/1118","targetHints":{"allow":["GET"]}}],"collection":[{"href":"https:\/\/www.iglan.net\/fr\/wp-json\/wp\/v2\/product"}],"about":[{"href":"https:\/\/www.iglan.net\/fr\/wp-json\/wp\/v2\/types\/product"}],"wp:featuredmedia":[{"embeddable":true,"href":"https:\/\/www.iglan.net\/fr\/wp-json\/wp\/v2\/media\/1125"}],"wp:attachment":[{"href":"https:\/\/www.iglan.net\/fr\/wp-json\/wp\/v2\/media?parent=1118"}],"wp:term":[{"taxonomy":"product_brand","embeddable":true,"href":"https:\/\/www.iglan.net\/fr\/wp-json\/wp\/v2\/product_brand?post=1118"},{"taxonomy":"product_cat","embeddable":true,"href":"https:\/\/www.iglan.net\/fr\/wp-json\/wp\/v2\/product_cat?post=1118"},{"taxonomy":"product_tag","embeddable":true,"href":"https:\/\/www.iglan.net\/fr\/wp-json\/wp\/v2\/product_tag?post=1118"}],"curies":[{"name":"wp","href":"https:\/\/api.w.org\/{rel}","templated":true}]}}