{"id":1096,"date":"2020-02-22T01:00:57","date_gmt":"2020-02-22T09:00:57","guid":{"rendered":"https:\/\/www.iglan.net\/?post_type=product&#038;p=1096"},"modified":"2022-03-24T00:41:23","modified_gmt":"2022-03-24T07:41:23","slug":"turcit-b-epoxy-resin-12-ab-glue","status":"publish","type":"product","link":"https:\/\/www.iglan.net\/fr\/produit\/turcit-b-epoxy-resin-12-ab-glue\/","title":{"rendered":"Turcit B R\u00e9sine \u00e9poxy 1:2 AB Colle pour guide de glissement Ruban souple"},"content":{"rendered":"<p><strong>FEATURES<\/strong><\/p>\n<p>1. Pr\u00e9paration : la surface de collage du rail de guidage m\u00e9tallique est rugueuse Ra12,5~6,3um (finition \u25bd3~\u25bd4), la rouille et l'huile doivent \u00eatre \u00e9limin\u00e9es, et la surface de collage du rail de guidage et de la courroie souple doit \u00eatre essuy\u00e9e avec de l'ac\u00e9tone.<\/p>\n<p>2. pr\u00e9paration de la colle : la colle sp\u00e9ciale doit \u00eatre pr\u00e9par\u00e9e en m\u00eame temps que l'utilisation. Utiliser deux b\u00e2tonnets pour prendre la colle selon le rapport volumique de AB=1\/1,2 (ou le rapport pond\u00e9ral de AB=1\/1) et m\u00e9langer, et remuer compl\u00e8tement et uniform\u00e9ment.<\/p>\n<p>3. P\u00e2te : appliquer uniform\u00e9ment la colle sur la surface de collage du rail de guidage et de la courroie souple du rail de guidage 6S, et l'\u00e9paisseur de la couche de colle doit \u00eatre contr\u00f4l\u00e9e \u00e0 environ 0,10 mm.<\/p>\n<p>4. Durcissement : temp\u00e9rature de durcissement : temp\u00e9rature ambiante 10 ~ 40C ; temps de durcissement : 24h ; pression de durcissement : 0.060.10mpa.<\/p>","protected":false},"excerpt":{"rendered":"<p>Pr\u00e9paration : la surface de collage du rail de guidage m\u00e9tallique est rugueuse Ra12,5~6,3um (finition \u25bd3~\u25bd4), la rouille et l'huile doivent \u00eatre \u00e9limin\u00e9es, et la surface de collage du rail de guidage et de la courroie souple doit \u00eatre essuy\u00e9e avec de l'ac\u00e9tone.<\/p>","protected":false},"featured_media":1097,"template":"","meta":[],"product_brand":[],"product_cat":[52],"product_tag":[114,115,113],"class_list":{"0":"post-1096","1":"product","2":"type-product","3":"status-publish","4":"has-post-thumbnail","6":"product_cat-turcite-b-tape-and-adhesive","7":"product_tag-ab-glue","8":"product_tag-epoxy-resin","9":"product_tag-glue","11":"first","12":"instock","13":"shipping-taxable","14":"product-type-external"},"_links":{"self":[{"href":"https:\/\/www.iglan.net\/fr\/wp-json\/wp\/v2\/product\/1096","targetHints":{"allow":["GET"]}}],"collection":[{"href":"https:\/\/www.iglan.net\/fr\/wp-json\/wp\/v2\/product"}],"about":[{"href":"https:\/\/www.iglan.net\/fr\/wp-json\/wp\/v2\/types\/product"}],"wp:featuredmedia":[{"embeddable":true,"href":"https:\/\/www.iglan.net\/fr\/wp-json\/wp\/v2\/media\/1097"}],"wp:attachment":[{"href":"https:\/\/www.iglan.net\/fr\/wp-json\/wp\/v2\/media?parent=1096"}],"wp:term":[{"taxonomy":"product_brand","embeddable":true,"href":"https:\/\/www.iglan.net\/fr\/wp-json\/wp\/v2\/product_brand?post=1096"},{"taxonomy":"product_cat","embeddable":true,"href":"https:\/\/www.iglan.net\/fr\/wp-json\/wp\/v2\/product_cat?post=1096"},{"taxonomy":"product_tag","embeddable":true,"href":"https:\/\/www.iglan.net\/fr\/wp-json\/wp\/v2\/product_tag?post=1096"}],"curies":[{"name":"wp","href":"https:\/\/api.w.org\/{rel}","templated":true}]}}