{"id":2933,"date":"2022-06-10T09:34:00","date_gmt":"2022-06-10T16:34:00","guid":{"rendered":"https:\/\/www.iglan.net\/?page_id=2933"},"modified":"2022-06-12T10:47:20","modified_gmt":"2022-06-12T17:47:20","slug":"catalogs","status":"publish","type":"page","link":"https:\/\/www.iglan.net\/fr\/download\/catalogs\/","title":{"rendered":"Catalogues"},"content":{"rendered":"<section class=\"section\" id=\"section_1830929177\">\n\t\t<div class=\"section-bg fill\" >\n\t\t\t<img decoding=\"async\" width=\"1920\" height=\"500\" src=\"https:\/\/www.iglan.net\/wp-content\/uploads\/2022\/06\/Harvester-lubrication-system.jpg\" class=\"bg attachment-original size-original\" alt=\"Harvester-lubrication-system\" \/>\t\t\t\t\t\t<div class=\"section-bg-overlay absolute fill\"><\/div>\n\t\t\t\n\n\t\t<\/div>\n\n\t\t\n\n\t\t<div class=\"section-content relative\">\n\t\t\t\n\n<div class=\"row\"  id=\"row-1813950387\">\n\n\n\t<div id=\"col-174164318\" class=\"col hide-for-small medium-2 small-12 large-2\"  >\n\t\t\t\t<div class=\"col-inner\"  >\n\t\t\t\n\t\t\t\n\n\n\t\t<\/div>\n\t\t\t\t\t<\/div>\n\n\t\n\n\t<div id=\"col-965658665\" class=\"col medium-8 small-12 large-8\"  >\n\t\t\t\t<div class=\"col-inner dark\" style=\"background-color:rgb(72, 90, 100);\" >\n\t\t\t\n\t\t\t\n\n\t<div id=\"text-2914302560\" class=\"text\">\n\t\t\n\n<h2>Info T\u00e9l\u00e9chargement<\/h2>\n<p>IGLAN fournit \u00e0 des milliers d'entreprises des syst\u00e8mes de lubrification centralis\u00e9e avec des droits de propri\u00e9t\u00e9 intellectuelle ind\u00e9pendants. Les fabricants de machines-outils, les fabricants de machines mini\u00e8res et les fabricants d'\u00e9quipements agricoles sont nos principaux clients.<\/p>\n\t\t\n<style>\n#text-2914302560 {\n  color: rgb(255, 255, 255);\n}\n#text-2914302560 > * {\n  color: rgb(255, 255, 255);\n}\n<\/style>\n\t<\/div>\n\t\n\n\t\t<\/div>\n\t\t\t\t\n<style>\n#col-965658665 > .col-inner {\n  padding: 30px 15px 30px 15px;\n}\n@media (min-width:550px) {\n  #col-965658665 > .col-inner {\n    padding: 30px 20px 30px 20px;\n  }\n}\n<\/style>\n\t<\/div>\n\n\t\n\n\t<div id=\"col-192650261\" class=\"col hide-for-small medium-2 small-12 large-2\"  >\n\t\t\t\t<div class=\"col-inner\"  >\n\t\t\t\n\t\t\t\n\n\n\t\t<\/div>\n\t\t\t\t\t<\/div>\n\n\t\n\n<\/div>\n\n\t\t<\/div>\n\n\t\t\n<style>\n#section_1830929177 {\n  padding-top: 90px;\n  padding-bottom: 90px;\n}\n#section_1830929177 .section-bg-overlay {\n  background-color: rgba(0, 0, 0, 0.4);\n}\n@media (min-width:550px) {\n  #section_1830929177 {\n    padding-top: 110px;\n    padding-bottom: 110px;\n  }\n}\n<\/style>\n\t<\/section>\n\t\n\n\t<section class=\"section\" id=\"section_46484008\">\n\t\t<div class=\"section-bg fill\" >\n\t\t\t\t\t\t\t\t\t\n\t\t\t\n\n\t\t<\/div>\n\n\t\t\n\n\t\t<div class=\"section-content relative\">\n\t\t\t\n\n<div class=\"row\"  id=\"row-1232392014\">\n\n\n\t<div id=\"col-980707925\" class=\"col small-12 large-12\"  >\n\t\t\t\t<div class=\"col-inner\"  >\n\t\t\t\n\t\t\t\n\n\n  \n    <div id=\"pages-2070912342\" class=\"row large-columns-3 medium-columns-3 small-columns-1 row-large has-shadow row-box-shadow-3-hover row-masonry\" data-packery-options='{\"itemSelector\": \".col\", \"gutter\": 0, \"presentageWidth\" : true}'>\n\n  <div class=\"page-col col\" >\n          <div class=\"col-inner\" >\n          <a class=\"block plain\" href=\"https:\/\/www.iglan.net\/fr\/download\/catalogs\/\" title=\"Catalogues\" target=\"\">\n            <div class=\"page-box box has-hover box-overlay dark box-text-middle\">\n                  <div class=\"box-image\" >\n                      <div class=\"box-image\" >\n                      <img decoding=\"async\" width=\"100\" height=\"25\" src=\"https:\/\/www.iglan.net\/wp-content\/uploads\/2022\/03\/10025.jpg\" class=\"attachment-medium size-medium\" alt=\"\" \/>                      <\/div>\n                      <div class=\"overlay\" style=\"background-color: rgb(15, 88, 214)\"><\/div>                                        <\/div>\n                  <div class=\"box-text text-center is-large\" style=\"padding:0 0px 0px 0px;\">\n                        <div class=\"box-text-inner\">\n                            <p>Catalogues<\/p>\n                        <\/div>\n                  <\/div>\n              <\/div>\n            <\/a>\n            <\/div>\n          <\/div><div class=\"page-col col\" >\n          <div class=\"col-inner\" >\n          <a class=\"block plain\" href=\"https:\/\/www.iglan.net\/fr\/download\/user-manual\/\" title=\"Manuel d&#039;utilisation\" target=\"\">\n            <div class=\"page-box box has-hover box-overlay dark box-text-middle\">\n                  <div class=\"box-image\" >\n                      <div class=\"box-image\" >\n                      <img decoding=\"async\" width=\"100\" height=\"25\" src=\"https:\/\/www.iglan.net\/wp-content\/uploads\/2022\/03\/10025.jpg\" class=\"attachment-medium size-medium\" alt=\"\" \/>                      <\/div>\n                      <div class=\"overlay\" style=\"background-color: rgb(15, 88, 214)\"><\/div>                                        <\/div>\n                  <div class=\"box-text text-center is-large\" style=\"padding:0 0px 0px 0px;\">\n                        <div class=\"box-text-inner\">\n                            <p>Manuel d'utilisation<\/p>\n                        <\/div>\n                  <\/div>\n              <\/div>\n            <\/a>\n            <\/div>\n          <\/div><div class=\"page-col col\" >\n          <div class=\"col-inner\" >\n          <a class=\"block plain\" href=\"https:\/\/www.iglan.net\/fr\/download\/cad-files\/\" title=\"Fichiers CAO\" target=\"\">\n            <div class=\"page-box box has-hover box-overlay dark box-text-middle\">\n                  <div class=\"box-image\" >\n                      <div class=\"box-image\" >\n                      <img decoding=\"async\" width=\"100\" height=\"25\" src=\"https:\/\/www.iglan.net\/wp-content\/uploads\/2022\/03\/10025.jpg\" class=\"attachment-medium size-medium\" alt=\"\" \/>                      <\/div>\n                      <div class=\"overlay\" style=\"background-color: rgb(15, 88, 214)\"><\/div>                                        <\/div>\n                  <div class=\"box-text text-center is-large\" style=\"padding:0 0px 0px 0px;\">\n                        <div class=\"box-text-inner\">\n                            <p>Fichiers CAO<\/p>\n                        <\/div>\n                  <\/div>\n              <\/div>\n            <\/a>\n            <\/div>\n          <\/div><\/div>\n\n\n\t\t<\/div>\n\t\t\t\t\n<style>\n#col-980707925 > .col-inner {\n  margin: 0px 0px -60px 0px;\n}\n<\/style>\n\t<\/div>\n\n\t\n\n<\/div>\n\n\t\t<\/div>\n\n\t\t\n<style>\n#section_46484008 {\n  padding-top: 50px;\n  padding-bottom: 50px;\n  background-color: rgb(234, 234, 234);\n}\n@media (min-width:550px) {\n  #section_46484008 {\n    padding-top: 50px;\n    padding-bottom: 50px;\n  }\n}\n<\/style>\n\t<\/section>\n\t\n\n\t<section class=\"section\" id=\"section_2073379482\">\n\t\t<div class=\"section-bg fill\" >\n\t\t\t\t\t\t\t\t\t\n\t\t\t\n\n\t\t<\/div>\n\n\t\t\n\n\t\t<div class=\"section-content relative\">\n\t\t\t\n\n\n  \n    <div class=\"row large-columns-3 medium-columns-2 small-columns-1\" >\n  <div class=\"col post-item\" >\n\t\t\t<div class=\"col-inner\">\n\t\t\t\t<div class=\"box box-normal box-text-bottom box-blog-post has-hover\">\n            \t\t\t\t\t<div class=\"box-image\" >\n  \t\t\t\t\t\t<div class=\"image-cover\" style=\"padding-top:56%;\">\n\t\t\t\t\t\t\t<a href=\"https:\/\/www.iglan.net\/fr\/iglan-full-catalog-with-lubrication-systems-download-30mb\/\" class=\"plain\" aria-label=\"Catalogue complet IGLAN avec syst\u00e8mes de lubrification T\u00e9l\u00e9charger (30MB)\">\n\t\t\t\t\t\t\t\t<img decoding=\"async\" width=\"1080\" height=\"608\" src=\"https:\/\/www.iglan.net\/wp-content\/uploads\/2022\/06\/IGLAN-full-catalog-cover.jpg\" class=\"attachment-original size-original wp-post-image\" alt=\"Couverture int\u00e9grale du catalogue IGLAN\" srcset=\"https:\/\/www.iglan.net\/wp-content\/uploads\/2022\/06\/IGLAN-full-catalog-cover.jpg 1080w, https:\/\/www.iglan.net\/wp-content\/uploads\/2022\/06\/IGLAN-full-catalog-cover-711x400.jpg 711w, https:\/\/www.iglan.net\/wp-content\/uploads\/2022\/06\/IGLAN-full-catalog-cover-768x432.jpg 768w, https:\/\/www.iglan.net\/wp-content\/uploads\/2022\/06\/IGLAN-full-catalog-cover-18x10.jpg 18w, https:\/\/www.iglan.net\/wp-content\/uploads\/2022\/06\/IGLAN-full-catalog-cover-800x450.jpg 800w\" sizes=\"(max-width: 1080px) 100vw, 1080px\" \/>\t\t\t\t\t\t\t<\/a>\n  \t\t\t\t\t\t\t  \t\t\t\t\t\t\t  \t\t\t\t\t\t<\/div>\n  \t\t\t\t\t\t  \t\t\t\t\t<\/div>\n          \t\t\t\t\t<div class=\"box-text text-left\" >\n\t\t\t\t\t<div class=\"box-text-inner blog-post-inner\">\n\n\t\t\t\t\t\n\t\t\t\t\t\t\t\t\t\t<h5 class=\"post-title is-large\">\n\t\t\t\t\t\t<a href=\"https:\/\/www.iglan.net\/fr\/iglan-full-catalog-with-lubrication-systems-download-30mb\/\" class=\"plain\">Catalogue complet IGLAN avec syst\u00e8mes de lubrification T\u00e9l\u00e9charger (30MB)<\/a>\n\t\t\t\t\t<\/h5>\n\t\t\t\t\t\t\t\t\t\t<div class=\"is-divider\"><\/div>\n\t\t\t\t\t                    \n\t\t\t\t\t\n\t\t\t\t\t\n\t\t\t\t\t<\/div>\n\t\t\t\t\t<\/div>\n\t\t\t\t\t\t\t\t\t<\/div>\n\t\t\t<\/div>\n\t\t<\/div><div class=\"col post-item\" >\n\t\t\t<div class=\"col-inner\">\n\t\t\t\t<div class=\"box box-normal box-text-bottom box-blog-post has-hover\">\n            \t\t\t\t\t<div class=\"box-image\" >\n  \t\t\t\t\t\t<div class=\"image-cover\" style=\"padding-top:56%;\">\n\t\t\t\t\t\t\t<a href=\"https:\/\/www.iglan.net\/fr\/iglan-electric-oil-lubrication-pump-catalog-download-6-8mb\/\" class=\"plain\" aria-label=\"T\u00e9l\u00e9chargement du catalogue des pompes \u00e9lectriques de graissage IGLAN (6.8MB)\">\n\t\t\t\t\t\t\t\t<img decoding=\"async\" width=\"1080\" height=\"608\" src=\"https:\/\/www.iglan.net\/wp-content\/uploads\/2022\/06\/electric-oil-pump-catalog-cover.jpg\" class=\"attachment-original size-original wp-post-image\" alt=\"Catalogue de la pompe \u00e0 huile \u00e9lectrique\" srcset=\"https:\/\/www.iglan.net\/wp-content\/uploads\/2022\/06\/electric-oil-pump-catalog-cover.jpg 1080w, https:\/\/www.iglan.net\/wp-content\/uploads\/2022\/06\/electric-oil-pump-catalog-cover-711x400.jpg 711w, https:\/\/www.iglan.net\/wp-content\/uploads\/2022\/06\/electric-oil-pump-catalog-cover-768x432.jpg 768w, https:\/\/www.iglan.net\/wp-content\/uploads\/2022\/06\/electric-oil-pump-catalog-cover-18x10.jpg 18w, https:\/\/www.iglan.net\/wp-content\/uploads\/2022\/06\/electric-oil-pump-catalog-cover-800x450.jpg 800w\" sizes=\"(max-width: 1080px) 100vw, 1080px\" \/>\t\t\t\t\t\t\t<\/a>\n  \t\t\t\t\t\t\t  \t\t\t\t\t\t\t  \t\t\t\t\t\t<\/div>\n  \t\t\t\t\t\t  \t\t\t\t\t<\/div>\n          \t\t\t\t\t<div class=\"box-text text-left\" >\n\t\t\t\t\t<div class=\"box-text-inner blog-post-inner\">\n\n\t\t\t\t\t\n\t\t\t\t\t\t\t\t\t\t<h5 class=\"post-title is-large\">\n\t\t\t\t\t\t<a href=\"https:\/\/www.iglan.net\/fr\/iglan-electric-oil-lubrication-pump-catalog-download-6-8mb\/\" class=\"plain\">T\u00e9l\u00e9chargement du catalogue des pompes \u00e9lectriques de graissage IGLAN (6.8MB)<\/a>\n\t\t\t\t\t<\/h5>\n\t\t\t\t\t\t\t\t\t\t<div class=\"is-divider\"><\/div>\n\t\t\t\t\t                    \n\t\t\t\t\t\n\t\t\t\t\t\n\t\t\t\t\t<\/div>\n\t\t\t\t\t<\/div>\n\t\t\t\t\t\t\t\t\t<\/div>\n\t\t\t<\/div>\n\t\t<\/div><div class=\"col post-item\" >\n\t\t\t<div class=\"col-inner\">\n\t\t\t\t<div class=\"box box-normal box-text-bottom box-blog-post has-hover\">\n            \t\t\t\t\t<div class=\"box-image\" >\n  \t\t\t\t\t\t<div class=\"image-cover\" style=\"padding-top:56%;\">\n\t\t\t\t\t\t\t<a href=\"https:\/\/www.iglan.net\/fr\/iglan-electric-grease-lubrication-pump-catalog-download-6-2mb\/\" class=\"plain\" aria-label=\"T\u00e9l\u00e9chargement du catalogue des pompes \u00e9lectriques de graissage IGLAN (6.2MB)\">\n\t\t\t\t\t\t\t\t<img decoding=\"async\" width=\"1080\" height=\"607\" src=\"https:\/\/www.iglan.net\/wp-content\/uploads\/2022\/06\/grease-pump-catalog-cover.jpg\" class=\"attachment-original size-original wp-post-image\" alt=\"couvercle du catalogue des pompes \u00e0 graisse\" srcset=\"https:\/\/www.iglan.net\/wp-content\/uploads\/2022\/06\/grease-pump-catalog-cover.jpg 1080w, https:\/\/www.iglan.net\/wp-content\/uploads\/2022\/06\/grease-pump-catalog-cover-712x400.jpg 712w, https:\/\/www.iglan.net\/wp-content\/uploads\/2022\/06\/grease-pump-catalog-cover-768x432.jpg 768w, https:\/\/www.iglan.net\/wp-content\/uploads\/2022\/06\/grease-pump-catalog-cover-18x10.jpg 18w, https:\/\/www.iglan.net\/wp-content\/uploads\/2022\/06\/grease-pump-catalog-cover-800x450.jpg 800w\" sizes=\"(max-width: 1080px) 100vw, 1080px\" \/>\t\t\t\t\t\t\t<\/a>\n  \t\t\t\t\t\t\t  \t\t\t\t\t\t\t  \t\t\t\t\t\t<\/div>\n  \t\t\t\t\t\t  \t\t\t\t\t<\/div>\n          \t\t\t\t\t<div class=\"box-text text-left\" >\n\t\t\t\t\t<div class=\"box-text-inner blog-post-inner\">\n\n\t\t\t\t\t\n\t\t\t\t\t\t\t\t\t\t<h5 class=\"post-title is-large\">\n\t\t\t\t\t\t<a href=\"https:\/\/www.iglan.net\/fr\/iglan-electric-grease-lubrication-pump-catalog-download-6-2mb\/\" class=\"plain\">T\u00e9l\u00e9chargement du catalogue des pompes \u00e9lectriques de graissage IGLAN (6.2MB)<\/a>\n\t\t\t\t\t<\/h5>\n\t\t\t\t\t\t\t\t\t\t<div class=\"is-divider\"><\/div>\n\t\t\t\t\t                    \n\t\t\t\t\t\n\t\t\t\t\t\n\t\t\t\t\t<\/div>\n\t\t\t\t\t<\/div>\n\t\t\t\t\t\t\t\t\t<\/div>\n\t\t\t<\/div>\n\t\t<\/div><div class=\"col post-item\" >\n\t\t\t<div class=\"col-inner\">\n\t\t\t\t<div class=\"box box-normal box-text-bottom box-blog-post has-hover\">\n            \t\t\t\t\t<div class=\"box-image\" >\n  \t\t\t\t\t\t<div class=\"image-cover\" style=\"padding-top:56%;\">\n\t\t\t\t\t\t\t<a href=\"https:\/\/www.iglan.net\/fr\/iglan-mql-minimum-quantity-lubrication-system-catalog-1-3mb\/\" class=\"plain\" aria-label=\"Catalogue du syst\u00e8me de lubrification par quantit\u00e9s minimales IGLAN MQL (1.3MB)\">\n\t\t\t\t\t\t\t\t<img decoding=\"async\" width=\"1080\" height=\"608\" src=\"https:\/\/www.iglan.net\/wp-content\/uploads\/2022\/06\/MQL-system-catalog-cover.jpg\" class=\"attachment-original size-original wp-post-image\" alt=\"Couverture du catalogue du syst\u00e8me MQL\" srcset=\"https:\/\/www.iglan.net\/wp-content\/uploads\/2022\/06\/MQL-system-catalog-cover.jpg 1080w, https:\/\/www.iglan.net\/wp-content\/uploads\/2022\/06\/MQL-system-catalog-cover-711x400.jpg 711w, https:\/\/www.iglan.net\/wp-content\/uploads\/2022\/06\/MQL-system-catalog-cover-768x432.jpg 768w, https:\/\/www.iglan.net\/wp-content\/uploads\/2022\/06\/MQL-system-catalog-cover-18x10.jpg 18w, https:\/\/www.iglan.net\/wp-content\/uploads\/2022\/06\/MQL-system-catalog-cover-800x450.jpg 800w\" sizes=\"(max-width: 1080px) 100vw, 1080px\" \/>\t\t\t\t\t\t\t<\/a>\n  \t\t\t\t\t\t\t  \t\t\t\t\t\t\t  \t\t\t\t\t\t<\/div>\n  \t\t\t\t\t\t  \t\t\t\t\t<\/div>\n          \t\t\t\t\t<div class=\"box-text text-left\" >\n\t\t\t\t\t<div class=\"box-text-inner blog-post-inner\">\n\n\t\t\t\t\t\n\t\t\t\t\t\t\t\t\t\t<h5 class=\"post-title is-large\">\n\t\t\t\t\t\t<a href=\"https:\/\/www.iglan.net\/fr\/iglan-mql-minimum-quantity-lubrication-system-catalog-1-3mb\/\" class=\"plain\">Catalogue du syst\u00e8me de lubrification par quantit\u00e9s minimales IGLAN MQL (1.3MB)<\/a>\n\t\t\t\t\t<\/h5>\n\t\t\t\t\t\t\t\t\t\t<div class=\"is-divider\"><\/div>\n\t\t\t\t\t                    \n\t\t\t\t\t\n\t\t\t\t\t\n\t\t\t\t\t<\/div>\n\t\t\t\t\t<\/div>\n\t\t\t\t\t\t\t\t\t<\/div>\n\t\t\t<\/div>\n\t\t<\/div><div class=\"col post-item\" >\n\t\t\t<div class=\"col-inner\">\n\t\t\t\t<div class=\"box box-normal box-text-bottom box-blog-post has-hover\">\n            \t\t\t\t\t<div class=\"box-image\" >\n  \t\t\t\t\t\t<div class=\"image-cover\" style=\"padding-top:56%;\">\n\t\t\t\t\t\t\t<a href=\"https:\/\/www.iglan.net\/fr\/iglan-automatic-single-point-lubricator-catalog-download-1-2mb\/\" class=\"plain\" aria-label=\"T\u00e9l\u00e9chargement du catalogue des lubrificateurs automatiques monopoint IGLAN (1.2MB)\">\n\t\t\t\t\t\t\t\t<img decoding=\"async\" width=\"1080\" height=\"608\" src=\"https:\/\/www.iglan.net\/wp-content\/uploads\/2022\/06\/single-poit-lubricator-catalog-cover.jpg\" class=\"attachment-original size-original wp-post-image\" alt=\"couverture du catalogue des lubrificateurs monopoint\" srcset=\"https:\/\/www.iglan.net\/wp-content\/uploads\/2022\/06\/single-poit-lubricator-catalog-cover.jpg 1080w, https:\/\/www.iglan.net\/wp-content\/uploads\/2022\/06\/single-poit-lubricator-catalog-cover-711x400.jpg 711w, https:\/\/www.iglan.net\/wp-content\/uploads\/2022\/06\/single-poit-lubricator-catalog-cover-768x432.jpg 768w, https:\/\/www.iglan.net\/wp-content\/uploads\/2022\/06\/single-poit-lubricator-catalog-cover-18x10.jpg 18w, https:\/\/www.iglan.net\/wp-content\/uploads\/2022\/06\/single-poit-lubricator-catalog-cover-800x450.jpg 800w\" sizes=\"(max-width: 1080px) 100vw, 1080px\" \/>\t\t\t\t\t\t\t<\/a>\n  \t\t\t\t\t\t\t  \t\t\t\t\t\t\t  \t\t\t\t\t\t<\/div>\n  \t\t\t\t\t\t  \t\t\t\t\t<\/div>\n          \t\t\t\t\t<div class=\"box-text text-left\" >\n\t\t\t\t\t<div class=\"box-text-inner blog-post-inner\">\n\n\t\t\t\t\t\n\t\t\t\t\t\t\t\t\t\t<h5 class=\"post-title is-large\">\n\t\t\t\t\t\t<a href=\"https:\/\/www.iglan.net\/fr\/iglan-automatic-single-point-lubricator-catalog-download-1-2mb\/\" class=\"plain\">T\u00e9l\u00e9chargement du catalogue des lubrificateurs automatiques monopoint IGLAN (1.2MB)<\/a>\n\t\t\t\t\t<\/h5>\n\t\t\t\t\t\t\t\t\t\t<div class=\"is-divider\"><\/div>\n\t\t\t\t\t                    \n\t\t\t\t\t\n\t\t\t\t\t\n\t\t\t\t\t<\/div>\n\t\t\t\t\t<\/div>\n\t\t\t\t\t\t\t\t\t<\/div>\n\t\t\t<\/div>\n\t\t<\/div><div class=\"col post-item\" >\n\t\t\t<div class=\"col-inner\">\n\t\t\t\t<div class=\"box box-normal box-text-bottom box-blog-post has-hover\">\n            \t\t\t\t\t<div class=\"box-image\" >\n  \t\t\t\t\t\t<div class=\"image-cover\" style=\"padding-top:56%;\">\n\t\t\t\t\t\t\t<a href=\"https:\/\/www.iglan.net\/fr\/iglan-manual-lubricant-lubricator-hand-pump-catalog-2-2mb\/\" class=\"plain\" aria-label=\"Catalogue des pompes \u00e0 main pour lubrifiants manuels IGLAN (2.2MB)\">\n\t\t\t\t\t\t\t\t<img decoding=\"async\" width=\"1080\" height=\"607\" src=\"https:\/\/www.iglan.net\/wp-content\/uploads\/2022\/06\/manual-pump-catalog-cover.jpg\" class=\"attachment-original size-original wp-post-image\" alt=\"couverture du catalogue des pompes manuelles\" srcset=\"https:\/\/www.iglan.net\/wp-content\/uploads\/2022\/06\/manual-pump-catalog-cover.jpg 1080w, https:\/\/www.iglan.net\/wp-content\/uploads\/2022\/06\/manual-pump-catalog-cover-712x400.jpg 712w, https:\/\/www.iglan.net\/wp-content\/uploads\/2022\/06\/manual-pump-catalog-cover-768x432.jpg 768w, https:\/\/www.iglan.net\/wp-content\/uploads\/2022\/06\/manual-pump-catalog-cover-18x10.jpg 18w, https:\/\/www.iglan.net\/wp-content\/uploads\/2022\/06\/manual-pump-catalog-cover-800x450.jpg 800w\" sizes=\"(max-width: 1080px) 100vw, 1080px\" \/>\t\t\t\t\t\t\t<\/a>\n  \t\t\t\t\t\t\t  \t\t\t\t\t\t\t  \t\t\t\t\t\t<\/div>\n  \t\t\t\t\t\t  \t\t\t\t\t<\/div>\n          \t\t\t\t\t<div class=\"box-text text-left\" >\n\t\t\t\t\t<div class=\"box-text-inner blog-post-inner\">\n\n\t\t\t\t\t\n\t\t\t\t\t\t\t\t\t\t<h5 class=\"post-title is-large\">\n\t\t\t\t\t\t<a href=\"https:\/\/www.iglan.net\/fr\/iglan-manual-lubricant-lubricator-hand-pump-catalog-2-2mb\/\" class=\"plain\">Catalogue des pompes \u00e0 main pour lubrifiants manuels IGLAN (2.2MB)<\/a>\n\t\t\t\t\t<\/h5>\n\t\t\t\t\t\t\t\t\t\t<div class=\"is-divider\"><\/div>\n\t\t\t\t\t                    \n\t\t\t\t\t\n\t\t\t\t\t\n\t\t\t\t\t<\/div>\n\t\t\t\t\t<\/div>\n\t\t\t\t\t\t\t\t\t<\/div>\n\t\t\t<\/div>\n\t\t<\/div><div class=\"col post-item\" >\n\t\t\t<div class=\"col-inner\">\n\t\t\t\t<div class=\"box box-normal box-text-bottom box-blog-post has-hover\">\n            \t\t\t\t\t<div class=\"box-image\" >\n  \t\t\t\t\t\t<div class=\"image-cover\" style=\"padding-top:56%;\">\n\t\t\t\t\t\t\t<a href=\"https:\/\/www.iglan.net\/fr\/pneumatic-oil-mist-and-pneumatic-grease-pump-catalog-1-9mb\/\" class=\"plain\" aria-label=\"Catalogue des pompes pneumatiques \u00e0 huile et \u00e0 graisse (1.9MB)\">\n\t\t\t\t\t\t\t\t<img decoding=\"async\" width=\"1080\" height=\"608\" src=\"https:\/\/www.iglan.net\/wp-content\/uploads\/2022\/06\/oil-air-pump-catalog-cover.jpg\" class=\"attachment-original size-original wp-post-image\" alt=\"couvercle du catalogue de la pompe huile-air\" srcset=\"https:\/\/www.iglan.net\/wp-content\/uploads\/2022\/06\/oil-air-pump-catalog-cover.jpg 1080w, https:\/\/www.iglan.net\/wp-content\/uploads\/2022\/06\/oil-air-pump-catalog-cover-711x400.jpg 711w, https:\/\/www.iglan.net\/wp-content\/uploads\/2022\/06\/oil-air-pump-catalog-cover-768x432.jpg 768w, https:\/\/www.iglan.net\/wp-content\/uploads\/2022\/06\/oil-air-pump-catalog-cover-18x10.jpg 18w, https:\/\/www.iglan.net\/wp-content\/uploads\/2022\/06\/oil-air-pump-catalog-cover-800x450.jpg 800w\" sizes=\"(max-width: 1080px) 100vw, 1080px\" \/>\t\t\t\t\t\t\t<\/a>\n  \t\t\t\t\t\t\t  \t\t\t\t\t\t\t  \t\t\t\t\t\t<\/div>\n  \t\t\t\t\t\t  \t\t\t\t\t<\/div>\n          \t\t\t\t\t<div class=\"box-text text-left\" >\n\t\t\t\t\t<div class=\"box-text-inner blog-post-inner\">\n\n\t\t\t\t\t\n\t\t\t\t\t\t\t\t\t\t<h5 class=\"post-title is-large\">\n\t\t\t\t\t\t<a href=\"https:\/\/www.iglan.net\/fr\/pneumatic-oil-mist-and-pneumatic-grease-pump-catalog-1-9mb\/\" class=\"plain\">Catalogue des pompes pneumatiques \u00e0 huile et \u00e0 graisse (1.9MB)<\/a>\n\t\t\t\t\t<\/h5>\n\t\t\t\t\t\t\t\t\t\t<div class=\"is-divider\"><\/div>\n\t\t\t\t\t                    \n\t\t\t\t\t\n\t\t\t\t\t\n\t\t\t\t\t<\/div>\n\t\t\t\t\t<\/div>\n\t\t\t\t\t\t\t\t\t<\/div>\n\t\t\t<\/div>\n\t\t<\/div><div class=\"col post-item\" >\n\t\t\t<div class=\"col-inner\">\n\t\t\t\t<div class=\"box box-normal box-text-bottom box-blog-post has-hover\">\n            \t\t\t\t\t<div class=\"box-image\" >\n  \t\t\t\t\t\t<div class=\"image-cover\" style=\"padding-top:56%;\">\n\t\t\t\t\t\t\t<a href=\"https:\/\/www.iglan.net\/fr\/lubricant-metering-device-of-lubrication-system-catalog-6-7mb\/\" class=\"plain\" aria-label=\"Catalogue du dispositif de dosage du lubrifiant du syst\u00e8me de lubrification (6.7MB)\">\n\t\t\t\t\t\t\t\t<img decoding=\"async\" width=\"1080\" height=\"608\" src=\"https:\/\/www.iglan.net\/wp-content\/uploads\/2022\/06\/distributor-catalog-cover.jpg\" class=\"attachment-original size-original wp-post-image\" alt=\"couverture du catalogue du distributeur\" srcset=\"https:\/\/www.iglan.net\/wp-content\/uploads\/2022\/06\/distributor-catalog-cover.jpg 1080w, https:\/\/www.iglan.net\/wp-content\/uploads\/2022\/06\/distributor-catalog-cover-711x400.jpg 711w, https:\/\/www.iglan.net\/wp-content\/uploads\/2022\/06\/distributor-catalog-cover-768x432.jpg 768w, https:\/\/www.iglan.net\/wp-content\/uploads\/2022\/06\/distributor-catalog-cover-18x10.jpg 18w, https:\/\/www.iglan.net\/wp-content\/uploads\/2022\/06\/distributor-catalog-cover-800x450.jpg 800w\" sizes=\"(max-width: 1080px) 100vw, 1080px\" \/>\t\t\t\t\t\t\t<\/a>\n  \t\t\t\t\t\t\t  \t\t\t\t\t\t\t  \t\t\t\t\t\t<\/div>\n  \t\t\t\t\t\t  \t\t\t\t\t<\/div>\n          \t\t\t\t\t<div class=\"box-text text-left\" >\n\t\t\t\t\t<div class=\"box-text-inner blog-post-inner\">\n\n\t\t\t\t\t\n\t\t\t\t\t\t\t\t\t\t<h5 class=\"post-title is-large\">\n\t\t\t\t\t\t<a href=\"https:\/\/www.iglan.net\/fr\/lubricant-metering-device-of-lubrication-system-catalog-6-7mb\/\" class=\"plain\">Catalogue du dispositif de dosage du lubrifiant du syst\u00e8me de lubrification (6.7MB)<\/a>\n\t\t\t\t\t<\/h5>\n\t\t\t\t\t\t\t\t\t\t<div class=\"is-divider\"><\/div>\n\t\t\t\t\t                    \n\t\t\t\t\t\n\t\t\t\t\t\n\t\t\t\t\t<\/div>\n\t\t\t\t\t<\/div>\n\t\t\t\t\t\t\t\t\t<\/div>\n\t\t\t<\/div>\n\t\t<\/div><div class=\"col post-item\" >\n\t\t\t<div class=\"col-inner\">\n\t\t\t\t<div class=\"box box-normal box-text-bottom box-blog-post has-hover\">\n            \t\t\t\t\t<div class=\"box-image\" >\n  \t\t\t\t\t\t<div class=\"image-cover\" style=\"padding-top:56%;\">\n\t\t\t\t\t\t\t<a href=\"https:\/\/www.iglan.net\/fr\/iglan-centralized-lubrication-system-accessory-catalog-6-7mb\/\" class=\"plain\" aria-label=\"Catalogue des accessoires du syst\u00e8me de lubrification centralis\u00e9e IGLAN (6.7MB)\">\n\t\t\t\t\t\t\t\t<img decoding=\"async\" width=\"1080\" height=\"608\" src=\"https:\/\/www.iglan.net\/wp-content\/uploads\/2022\/06\/lubrication-system-catalog-cover.jpg\" class=\"attachment-original size-original wp-post-image\" alt=\"couverture du catalogue du syst\u00e8me de lubrification\" srcset=\"https:\/\/www.iglan.net\/wp-content\/uploads\/2022\/06\/lubrication-system-catalog-cover.jpg 1080w, https:\/\/www.iglan.net\/wp-content\/uploads\/2022\/06\/lubrication-system-catalog-cover-711x400.jpg 711w, https:\/\/www.iglan.net\/wp-content\/uploads\/2022\/06\/lubrication-system-catalog-cover-768x432.jpg 768w, https:\/\/www.iglan.net\/wp-content\/uploads\/2022\/06\/lubrication-system-catalog-cover-18x10.jpg 18w, https:\/\/www.iglan.net\/wp-content\/uploads\/2022\/06\/lubrication-system-catalog-cover-800x450.jpg 800w\" sizes=\"(max-width: 1080px) 100vw, 1080px\" \/>\t\t\t\t\t\t\t<\/a>\n  \t\t\t\t\t\t\t  \t\t\t\t\t\t\t  \t\t\t\t\t\t<\/div>\n  \t\t\t\t\t\t  \t\t\t\t\t<\/div>\n          \t\t\t\t\t<div class=\"box-text text-left\" >\n\t\t\t\t\t<div class=\"box-text-inner blog-post-inner\">\n\n\t\t\t\t\t\n\t\t\t\t\t\t\t\t\t\t<h5 class=\"post-title is-large\">\n\t\t\t\t\t\t<a href=\"https:\/\/www.iglan.net\/fr\/iglan-centralized-lubrication-system-accessory-catalog-6-7mb\/\" class=\"plain\">Catalogue des accessoires du syst\u00e8me de lubrification centralis\u00e9e IGLAN (6.7MB)<\/a>\n\t\t\t\t\t<\/h5>\n\t\t\t\t\t\t\t\t\t\t<div class=\"is-divider\"><\/div>\n\t\t\t\t\t                    \n\t\t\t\t\t\n\t\t\t\t\t\n\t\t\t\t\t<\/div>\n\t\t\t\t\t<\/div>\n\t\t\t\t\t\t\t\t\t<\/div>\n\t\t\t<\/div>\n\t\t<\/div><\/div>\n\n\n\t\t<\/div>\n\n\t\t\n<style>\n#section_2073379482 {\n  padding-top: 30px;\n  padding-bottom: 30px;\n}\n<\/style>\n\t<\/section>","protected":false},"excerpt":{"rendered":"","protected":false},"author":1,"featured_media":2041,"parent":2932,"menu_order":1,"comment_status":"closed","ping_status":"closed","template":"page-blank.php","meta":{"footnotes":""},"class_list":["post-2933","page","type-page","status-publish","has-post-thumbnail","hentry"],"_links":{"self":[{"href":"https:\/\/www.iglan.net\/fr\/wp-json\/wp\/v2\/pages\/2933","targetHints":{"allow":["GET"]}}],"collection":[{"href":"https:\/\/www.iglan.net\/fr\/wp-json\/wp\/v2\/pages"}],"about":[{"href":"https:\/\/www.iglan.net\/fr\/wp-json\/wp\/v2\/types\/page"}],"author":[{"embeddable":true,"href":"https:\/\/www.iglan.net\/fr\/wp-json\/wp\/v2\/users\/1"}],"replies":[{"embeddable":true,"href":"https:\/\/www.iglan.net\/fr\/wp-json\/wp\/v2\/comments?post=2933"}],"version-history":[{"count":0,"href":"https:\/\/www.iglan.net\/fr\/wp-json\/wp\/v2\/pages\/2933\/revisions"}],"up":[{"embeddable":true,"href":"https:\/\/www.iglan.net\/fr\/wp-json\/wp\/v2\/pages\/2932"}],"wp:featuredmedia":[{"embeddable":true,"href":"https:\/\/www.iglan.net\/fr\/wp-json\/wp\/v2\/media\/2041"}],"wp:attachment":[{"href":"https:\/\/www.iglan.net\/fr\/wp-json\/wp\/v2\/media?parent=2933"}],"curies":[{"name":"wp","href":"https:\/\/api.w.org\/{rel}","templated":true}]}}