{"id":2431,"date":"2022-03-16T01:13:22","date_gmt":"2022-03-16T08:13:22","guid":{"rendered":"https:\/\/www.aceopus.com\/?page_id=2431"},"modified":"2022-06-10T12:04:32","modified_gmt":"2022-06-10T19:04:32","slug":"company-album","status":"publish","type":"page","link":"https:\/\/www.iglan.net\/fr\/about\/company-album\/","title":{"rendered":"ALBUM DE L'ENTREPRISE"},"content":{"rendered":"<section class=\"section\" id=\"section_2077131201\">\n\t\t<div class=\"section-bg fill\" >\n\t\t\t<img decoding=\"async\" width=\"1920\" height=\"500\" src=\"https:\/\/www.iglan.net\/wp-content\/uploads\/2022\/06\/lubrication-system-background.jpg\" class=\"bg attachment-original size-original\" alt=\"lubrication system background\" \/>\t\t\t\t\t\t<div class=\"section-bg-overlay absolute fill\"><\/div>\n\t\t\t\n\n\t\t<\/div>\n\n\t\t\n\n\t\t<div class=\"section-content relative\">\n\t\t\t\n\n<div class=\"row\"  id=\"row-1327967104\">\n\n\n\t<div id=\"col-1504127877\" class=\"col hide-for-small medium-2 small-12 large-2\"  >\n\t\t\t\t<div class=\"col-inner\"  >\n\t\t\t\n\t\t\t\n\n\n\t\t<\/div>\n\t\t\t\t\t<\/div>\n\n\t\n\n\t<div id=\"col-1587378403\" class=\"col medium-8 small-12 large-8\"  >\n\t\t\t\t<div class=\"col-inner dark\" style=\"background-color:#485a64;\" >\n\t\t\t\n\t\t\t\n\n\t<div id=\"text-2117199162\" class=\"text\">\n\t\t\n\n<h2>\u00c0 propos d'IGLAN<\/h2>\n<p>IGLAN est un praticien des syst\u00e8mes de lubrification respectueux de l'environnement. IGLAN a \u00e9t\u00e9 cr\u00e9\u00e9 en 2009, se sp\u00e9cialisant dans la production de syst\u00e8mes de lubrification centralis\u00e9e, a pass\u00e9 la certification du syst\u00e8me de gestion de la qualit\u00e9 IS09001:2005, et poss\u00e8de un certain nombre de brevets pratiques.<\/p>\n\t\t\n<style>\n#text-2117199162 {\n  color: rgb(255, 255, 255);\n}\n#text-2117199162 > * {\n  color: rgb(255, 255, 255);\n}\n<\/style>\n\t<\/div>\n\t\n\n\t\t<\/div>\n\t\t\t\t\n<style>\n#col-1587378403 > .col-inner {\n  padding: 30px 15px 30px 15px;\n}\n@media (min-width:550px) {\n  #col-1587378403 > .col-inner {\n    padding: 30px 20px 30px 20px;\n  }\n}\n<\/style>\n\t<\/div>\n\n\t\n\n\t<div id=\"col-353493057\" class=\"col hide-for-small medium-2 small-12 large-2\"  >\n\t\t\t\t<div class=\"col-inner\"  >\n\t\t\t\n\t\t\t\n\n\n\t\t<\/div>\n\t\t\t\t\t<\/div>\n\n\t\n\n<\/div>\n\n\t\t<\/div>\n\n\t\t\n<style>\n#section_2077131201 {\n  padding-top: 90px;\n  padding-bottom: 90px;\n}\n#section_2077131201 .section-bg-overlay {\n  background-color: rgba(0, 0, 0, 0.4);\n}\n@media (min-width:550px) {\n  #section_2077131201 {\n    padding-top: 110px;\n    padding-bottom: 110px;\n  }\n}\n<\/style>\n\t<\/section>\n\t\n\n\t<section class=\"section\" id=\"section_717204301\">\n\t\t<div class=\"section-bg fill\" >\n\t\t\t\t\t\t\t\t\t\n\t\t\t\n\n\t\t<\/div>\n\n\t\t\n\n\t\t<div class=\"section-content relative\">\n\t\t\t\n\n<div class=\"row\"  id=\"row-288230628\">\n\n\n\t<div id=\"col-1781772525\" class=\"col small-12 large-12\"  >\n\t\t\t\t<div class=\"col-inner\"  >\n\t\t\t\n\t\t\t\n\n\n  \n    <div id=\"pages-1384999693\" class=\"row large-columns-4 medium-columns-2 small-columns-2 row-large has-shadow row-box-shadow-3-hover row-masonry\" data-packery-options='{\"itemSelector\": \".col\", \"gutter\": 0, \"presentageWidth\" : true}'>\n\n  <div class=\"page-col col\" >\n          <div class=\"col-inner\" >\n          <a class=\"block plain\" href=\"https:\/\/www.iglan.net\/fr\/about\/company-profile\/\" title=\"PROFIL DE L&#039;ENTREPRISE\" target=\"\">\n            <div class=\"page-box box has-hover box-overlay dark box-text-middle\">\n                  <div class=\"box-image\" >\n                      <div class=\"box-image\" >\n                      <img decoding=\"async\" width=\"100\" height=\"25\" src=\"https:\/\/www.iglan.net\/wp-content\/uploads\/2022\/03\/10025.jpg\" class=\"attachment-medium size-medium\" alt=\"\" \/>                      <\/div>\n                      <div class=\"overlay\" style=\"background-color: rgb(15, 88, 214)\"><\/div>                                        <\/div>\n                  <div class=\"box-text text-center\" style=\"padding:0 0px 0px 0px;\">\n                        <div class=\"box-text-inner\">\n                            <p>PROFIL DE L'ENTREPRISE<\/p>\n                        <\/div>\n                  <\/div>\n              <\/div>\n            <\/a>\n            <\/div>\n          <\/div><div class=\"page-col col\" >\n          <div class=\"col-inner\" >\n          <a class=\"block plain\" href=\"https:\/\/www.iglan.net\/fr\/about\/our-product\/\" title=\"NOTRE PRODUIT\" target=\"\">\n            <div class=\"page-box box has-hover box-overlay dark box-text-middle\">\n                  <div class=\"box-image\" >\n                      <div class=\"box-image\" >\n                      <img decoding=\"async\" width=\"100\" height=\"25\" src=\"https:\/\/www.iglan.net\/wp-content\/uploads\/2022\/03\/10025.jpg\" class=\"attachment-medium size-medium\" alt=\"\" \/>                      <\/div>\n                      <div class=\"overlay\" style=\"background-color: rgb(15, 88, 214)\"><\/div>                                        <\/div>\n                  <div class=\"box-text text-center\" style=\"padding:0 0px 0px 0px;\">\n                        <div class=\"box-text-inner\">\n                            <p>NOTRE PRODUIT<\/p>\n                        <\/div>\n                  <\/div>\n              <\/div>\n            <\/a>\n            <\/div>\n          <\/div><div class=\"page-col col\" >\n          <div class=\"col-inner\" >\n          <a class=\"block plain\" href=\"https:\/\/www.iglan.net\/fr\/about\/sales-market\/\" title=\"MARCH\u00c9 DES VENTES\" target=\"\">\n            <div class=\"page-box box has-hover box-overlay dark box-text-middle\">\n                  <div class=\"box-image\" >\n                      <div class=\"box-image\" >\n                      <img decoding=\"async\" width=\"100\" height=\"25\" src=\"https:\/\/www.iglan.net\/wp-content\/uploads\/2022\/03\/10025.jpg\" class=\"attachment-medium size-medium\" alt=\"\" \/>                      <\/div>\n                      <div class=\"overlay\" style=\"background-color: rgb(15, 88, 214)\"><\/div>                                        <\/div>\n                  <div class=\"box-text text-center\" style=\"padding:0 0px 0px 0px;\">\n                        <div class=\"box-text-inner\">\n                            <p>MARCH\u00c9 DES VENTES<\/p>\n                        <\/div>\n                  <\/div>\n              <\/div>\n            <\/a>\n            <\/div>\n          <\/div><div class=\"page-col col\" >\n          <div class=\"col-inner\" >\n          <a class=\"block plain\" href=\"https:\/\/www.iglan.net\/fr\/about\/company-album\/\" title=\"ALBUM DE L&#039;ENTREPRISE\" target=\"\">\n            <div class=\"page-box box has-hover box-overlay dark box-text-middle\">\n                  <div class=\"box-image\" >\n                      <div class=\"box-image\" >\n                      <img decoding=\"async\" width=\"100\" height=\"25\" src=\"https:\/\/www.iglan.net\/wp-content\/uploads\/2022\/03\/10025.jpg\" class=\"attachment-medium size-medium\" alt=\"\" \/>                      <\/div>\n                      <div class=\"overlay\" style=\"background-color: rgb(15, 88, 214)\"><\/div>                                        <\/div>\n                  <div class=\"box-text text-center\" style=\"padding:0 0px 0px 0px;\">\n                        <div class=\"box-text-inner\">\n                            <p>ALBUM DE L'ENTREPRISE<\/p>\n                        <\/div>\n                  <\/div>\n              <\/div>\n            <\/a>\n            <\/div>\n          <\/div><\/div>\n\n\n\t\t<\/div>\n\t\t\t\t\n<style>\n#col-1781772525 > .col-inner {\n  margin: 0px 0px -60px 0px;\n}\n<\/style>\n\t<\/div>\n\n\t\n\n<\/div>\n\n\t\t<\/div>\n\n\t\t\n<style>\n#section_717204301 {\n  padding-top: 50px;\n  padding-bottom: 50px;\n  background-color: rgb(234, 234, 234);\n}\n<\/style>\n\t<\/section>\n\t\n\n\t<section class=\"section\" id=\"section_1165623375\">\n\t\t<div class=\"section-bg fill\" >\n\t\t\t\t\t\t\t\t\t\n\t\t\t\n\n\t\t<\/div>\n\n\t\t\n\n\t\t<div class=\"section-content relative\">\n\t\t\t\n\n<div class=\"row row-collapse align-middle align-center\"  id=\"row-674001211\">\n\n\n\t<div id=\"col-1314478193\" class=\"col medium-12 small-12 large-6\"  >\n\t\t\t\t<div class=\"col-inner\"  >\n\t\t\t\n\t\t\t\n\n\t<div class=\"img has-hover x md-x lg-x y md-y lg-y\" id=\"image_538457538\">\n\t\t\t\t\t\t\t\t<div class=\"img-inner dark\" >\n\t\t\t<img decoding=\"async\" width=\"900\" height=\"600\" src=\"https:\/\/www.iglan.net\/wp-content\/uploads\/2022\/03\/IGLAN-office.jpg\" class=\"attachment-original size-original\" alt=\"Bureau IGLAN\" srcset=\"https:\/\/www.iglan.net\/wp-content\/uploads\/2022\/03\/IGLAN-office.jpg 900w, https:\/\/www.iglan.net\/wp-content\/uploads\/2022\/03\/IGLAN-office-600x400.jpg 600w, https:\/\/www.iglan.net\/wp-content\/uploads\/2022\/03\/IGLAN-office-768x512.jpg 768w, https:\/\/www.iglan.net\/wp-content\/uploads\/2022\/03\/IGLAN-office-800x533.jpg 800w\" sizes=\"(max-width: 900px) 100vw, 900px\" \/>\t\t\t\t\t\t\n\t\t\t\t\t<\/div>\n\t\t\t\t\t\t\t\t\n<style>\n#image_538457538 {\n  width: 100%;\n}\n<\/style>\n\t<\/div>\n\t\n\n\n\t\t<\/div>\n\t\t\t\t\t<\/div>\n\n\t\n\n\t<div id=\"col-1581449703\" class=\"col medium-12 small-12 large-6\"  >\n\t\t\t\t<div class=\"col-inner\" style=\"background-color:rgb(234, 234, 234);\" >\n\t\t\t\n\t\t\t\n\n\t<div id=\"text-286938401\" class=\"text\">\n\t\t\n\n<h2>Introduction<\/h2>\n<p>IGLAN est un fournisseur de produits, solutions et services de lubrification centralis\u00e9e. Un moyen plus efficace, plus productif et plus durable de r\u00e9duire les frottements et de faire fonctionner les choses plus rapidement, plus longtemps, plus proprement et plus s\u00fbrement pour un monde stable et fiable. D\u00e8s 2005, IGLAN a commenc\u00e9 \u00e0 explorer la friction et la lubrification dans le fonctionnement des machines-outils CNC.<\/p>\n\t\t\n<style>\n#text-286938401 {\n  color: rgb(0,0,0);\n}\n#text-286938401 > * {\n  color: rgb(0,0,0);\n}\n<\/style>\n\t<\/div>\n\t\n\n\t\t<\/div>\n\t\t\t\t\n<style>\n#col-1581449703 > .col-inner {\n  padding: 40px 15px 40px 15px;\n  margin: 0px 0px 0px 0;\n}\n@media (min-width:550px) {\n  #col-1581449703 > .col-inner {\n    padding: 40px 20px 40px 20px;\n  }\n}\n@media (min-width:850px) {\n  #col-1581449703 > .col-inner {\n    padding: 111px 20px 111px 20px;\n  }\n}\n<\/style>\n\t<\/div>\n\n\t\n\n<\/div>\n<div class=\"row row-collapse align-middle align-center\"  id=\"row-990450704\">\n\n\n\t<div id=\"col-2031733505\" class=\"col medium-12 small-12 large-6\"  >\n\t\t\t\t<div class=\"col-inner\" style=\"background-color:rgb(234, 234, 234);\" >\n\t\t\t\n\t\t\t\n\n\t<div id=\"text-3835933497\" class=\"text\">\n\t\t\n\n<h2>Histoire<\/h2>\n<p>2009, cr\u00e9ation d'IGLAN, traitement des accessoires de lubrification, vente des dispositifs de lubrification Zhenghe. 2011, devient l'agent exclusif des syst\u00e8mes de lubrification CHENYING et CHIBA en Chine continentale. 2013, le concept de lubrification respectueuse de l'environnement a \u00e9t\u00e9 propos\u00e9, la ligne de production a \u00e9t\u00e9 \u00e9tablie. 2014, les syst\u00e8mes de lubrification des s\u00e9ries ADL, AOM, AMT ont \u00e9t\u00e9 lanc\u00e9s et ont eu une certaine part de march\u00e9. 2017, le syst\u00e8me de lubrification AGP a \u00e9t\u00e9 lanc\u00e9 et a \u00e9t\u00e9 reconnu par les clients concern\u00e9s. 2019, les pompes AHG et AHGS ont \u00e9t\u00e9 lanc\u00e9es, et la soci\u00e9t\u00e9 a \u00e9tendu ses activit\u00e9s \u00e0 l'\u00e9chelle mondiale. 2021, le syst\u00e8me de lubrification \u00e0 quantit\u00e9 minimale MQL a \u00e9t\u00e9 lanc\u00e9, qui \u00e9tait populaire sur le march\u00e9.<\/p>\n\t\t\n<style>\n#text-3835933497 {\n  color: rgb(0,0,0);\n}\n#text-3835933497 > * {\n  color: rgb(0,0,0);\n}\n<\/style>\n\t<\/div>\n\t\n\n\t\t<\/div>\n\t\t\t\t\n<style>\n#col-2031733505 > .col-inner {\n  padding: 40px 15px 40px 15px;\n  margin: 0px 0px 0px 0px;\n}\n@media (min-width:550px) {\n  #col-2031733505 > .col-inner {\n    padding: 40px 20px 40px 20px;\n  }\n}\n@media (min-width:850px) {\n  #col-2031733505 > .col-inner {\n    padding: 60px 20px 60px 20px;\n  }\n}\n<\/style>\n\t<\/div>\n\n\t\n\n\t<div id=\"col-264496255\" class=\"col medium-12 small-12 large-6\"  >\n\t\t\t\t<div class=\"col-inner\"  >\n\t\t\t\n\t\t\t\n\n\t<div class=\"img has-hover x md-x lg-x y md-y lg-y\" id=\"image_1707544577\">\n\t\t\t\t\t\t\t\t<div class=\"img-inner dark\" >\n\t\t\t<img decoding=\"async\" width=\"900\" height=\"600\" src=\"https:\/\/www.iglan.net\/wp-content\/uploads\/2022\/03\/IGLAN-history.jpg\" class=\"attachment-original size-original\" alt=\"Historique des IGLAN\" srcset=\"https:\/\/www.iglan.net\/wp-content\/uploads\/2022\/03\/IGLAN-history.jpg 900w, https:\/\/www.iglan.net\/wp-content\/uploads\/2022\/03\/IGLAN-history-600x400.jpg 600w, https:\/\/www.iglan.net\/wp-content\/uploads\/2022\/03\/IGLAN-history-768x512.jpg 768w, https:\/\/www.iglan.net\/wp-content\/uploads\/2022\/03\/IGLAN-history-800x533.jpg 800w\" sizes=\"(max-width: 900px) 100vw, 900px\" \/>\t\t\t\t\t\t\n\t\t\t\t\t<\/div>\n\t\t\t\t\t\t\t\t\n<style>\n#image_1707544577 {\n  width: 100%;\n}\n<\/style>\n\t<\/div>\n\t\n\n\n\t\t<\/div>\n\t\t\t\t\t<\/div>\n\n\t\n\n<\/div>\n<div class=\"row row-collapse align-middle align-center\"  id=\"row-1725681951\">\n\n\n\t<div id=\"col-366858017\" class=\"col medium-12 small-12 large-6\"  >\n\t\t\t\t<div class=\"col-inner\"  >\n\t\t\t\n\t\t\t\n\n\t<div class=\"img has-hover x md-x lg-x y md-y lg-y\" id=\"image_1425553837\">\n\t\t\t\t\t\t\t\t<div class=\"img-inner dark\" >\n\t\t\t<img decoding=\"async\" width=\"900\" height=\"600\" src=\"https:\/\/www.iglan.net\/wp-content\/uploads\/2022\/03\/IGLAN-certificate.jpg\" class=\"attachment-original size-original\" alt=\"Certificat IGLAN\" srcset=\"https:\/\/www.iglan.net\/wp-content\/uploads\/2022\/03\/IGLAN-certificate.jpg 900w, https:\/\/www.iglan.net\/wp-content\/uploads\/2022\/03\/IGLAN-certificate-600x400.jpg 600w, https:\/\/www.iglan.net\/wp-content\/uploads\/2022\/03\/IGLAN-certificate-768x512.jpg 768w, https:\/\/www.iglan.net\/wp-content\/uploads\/2022\/03\/IGLAN-certificate-800x533.jpg 800w\" sizes=\"(max-width: 900px) 100vw, 900px\" \/>\t\t\t\t\t\t\n\t\t\t\t\t<\/div>\n\t\t\t\t\t\t\t\t\n<style>\n#image_1425553837 {\n  width: 100%;\n}\n<\/style>\n\t<\/div>\n\t\n\n\n\t\t<\/div>\n\t\t\t\t\t<\/div>\n\n\t\n\n\t<div id=\"col-1754882962\" class=\"col medium-12 small-12 large-6\"  >\n\t\t\t\t<div class=\"col-inner\" style=\"background-color:rgb(234, 234, 234);\" >\n\t\t\t\n\t\t\t\n\n\t<div id=\"text-3157484054\" class=\"text\">\n\t\t\n\n<h2>Certificat<\/h2>\n<p>Nous continuons \u00e0 apprendre l'excellente technologie des syst\u00e8mes de lubrification du monde, \u00e0 concevoir des syst\u00e8mes de lubrification haut de gamme en fonction de la demande du march\u00e9, \u00e0 optimiser les liens de conception et de production en fonction des besoins du public, et \u00e0 produire des syst\u00e8mes de lubrification plus \u00e9cologiques, plus efficaces et plus rentables. Sur cette base, nous disposons d'un certain nombre de brevets.<\/p>\n\t\t\n<style>\n#text-3157484054 {\n  color: rgb(0,0,0);\n}\n#text-3157484054 > * {\n  color: rgb(0,0,0);\n}\n<\/style>\n\t<\/div>\n\t\n\n\t\t<\/div>\n\t\t\t\t\n<style>\n#col-1754882962 > .col-inner {\n  padding: 40px 15px 40px 15px;\n  margin: 0 0px 0px 0px;\n}\n@media (min-width:550px) {\n  #col-1754882962 > .col-inner {\n    padding: 40px 20px 40px 20px;\n  }\n}\n@media (min-width:850px) {\n  #col-1754882962 > .col-inner {\n    padding: 111px 20px 111px 20px;\n  }\n}\n<\/style>\n\t<\/div>\n\n\t\n\n<\/div>\n\n\t\t<\/div>\n\n\t\t\n<style>\n#section_1165623375 {\n  padding-top: 50px;\n  padding-bottom: 50px;\n}\n<\/style>\n\t<\/section>","protected":false},"excerpt":{"rendered":"","protected":false},"author":1,"featured_media":2041,"parent":1995,"menu_order":4,"comment_status":"closed","ping_status":"closed","template":"page-blank.php","meta":{"footnotes":""},"class_list":["post-2431","page","type-page","status-publish","has-post-thumbnail","hentry"],"_links":{"self":[{"href":"https:\/\/www.iglan.net\/fr\/wp-json\/wp\/v2\/pages\/2431","targetHints":{"allow":["GET"]}}],"collection":[{"href":"https:\/\/www.iglan.net\/fr\/wp-json\/wp\/v2\/pages"}],"about":[{"href":"https:\/\/www.iglan.net\/fr\/wp-json\/wp\/v2\/types\/page"}],"author":[{"embeddable":true,"href":"https:\/\/www.iglan.net\/fr\/wp-json\/wp\/v2\/users\/1"}],"replies":[{"embeddable":true,"href":"https:\/\/www.iglan.net\/fr\/wp-json\/wp\/v2\/comments?post=2431"}],"version-history":[{"count":0,"href":"https:\/\/www.iglan.net\/fr\/wp-json\/wp\/v2\/pages\/2431\/revisions"}],"up":[{"embeddable":true,"href":"https:\/\/www.iglan.net\/fr\/wp-json\/wp\/v2\/pages\/1995"}],"wp:featuredmedia":[{"embeddable":true,"href":"https:\/\/www.iglan.net\/fr\/wp-json\/wp\/v2\/media\/2041"}],"wp:attachment":[{"href":"https:\/\/www.iglan.net\/fr\/wp-json\/wp\/v2\/media?parent=2431"}],"curies":[{"name":"wp","href":"https:\/\/api.w.org\/{rel}","templated":true}]}}