{"id":2430,"date":"2022-03-16T01:13:20","date_gmt":"2022-03-16T08:13:20","guid":{"rendered":"https:\/\/www.aceopus.com\/?page_id=2430"},"modified":"2022-06-10T12:04:26","modified_gmt":"2022-06-10T19:04:26","slug":"sales-market","status":"publish","type":"page","link":"https:\/\/www.iglan.net\/fr\/about\/sales-market\/","title":{"rendered":"MARCH\u00c9 DES VENTES"},"content":{"rendered":"<section class=\"section\" id=\"section_570546288\">\n\t\t<div class=\"section-bg fill\" >\n\t\t\t<img decoding=\"async\" width=\"1920\" height=\"500\" src=\"https:\/\/www.iglan.net\/wp-content\/uploads\/2022\/06\/lubrication-system-background.jpg\" class=\"bg attachment-original size-original\" alt=\"lubrication system background\" \/>\t\t\t\t\t\t<div class=\"section-bg-overlay absolute fill\"><\/div>\n\t\t\t\n\n\t\t<\/div>\n\n\t\t\n\n\t\t<div class=\"section-content relative\">\n\t\t\t\n\n<div class=\"row\"  id=\"row-1909511764\">\n\n\n\t<div id=\"col-529099849\" class=\"col hide-for-small medium-2 small-12 large-2\"  >\n\t\t\t\t<div class=\"col-inner\"  >\n\t\t\t\n\t\t\t\n\n\n\t\t<\/div>\n\t\t\t\t\t<\/div>\n\n\t\n\n\t<div id=\"col-24816506\" class=\"col medium-8 small-12 large-8\"  >\n\t\t\t\t<div class=\"col-inner dark\" style=\"background-color:#485a64;\" >\n\t\t\t\n\t\t\t\n\n\t<div id=\"text-1500373204\" class=\"text\">\n\t\t\n\n<h2>\u00c0 propos d'IGLAN<\/h2>\n<p>IGLAN est un praticien des syst\u00e8mes de lubrification respectueux de l'environnement. IGLAN a \u00e9t\u00e9 cr\u00e9\u00e9 en 2009, se sp\u00e9cialisant dans la production de syst\u00e8mes de lubrification centralis\u00e9e, a pass\u00e9 la certification du syst\u00e8me de gestion de la qualit\u00e9 IS09001:2005, et poss\u00e8de un certain nombre de brevets pratiques.<\/p>\n\t\t\n<style>\n#text-1500373204 {\n  color: rgb(255, 255, 255);\n}\n#text-1500373204 > * {\n  color: rgb(255, 255, 255);\n}\n<\/style>\n\t<\/div>\n\t\n\n\t\t<\/div>\n\t\t\t\t\n<style>\n#col-24816506 > .col-inner {\n  padding: 30px 15px 30px 15px;\n}\n@media (min-width:550px) {\n  #col-24816506 > .col-inner {\n    padding: 30px 20px 30px 20px;\n  }\n}\n<\/style>\n\t<\/div>\n\n\t\n\n\t<div id=\"col-186627698\" class=\"col hide-for-small medium-2 small-12 large-2\"  >\n\t\t\t\t<div class=\"col-inner\"  >\n\t\t\t\n\t\t\t\n\n\n\t\t<\/div>\n\t\t\t\t\t<\/div>\n\n\t\n\n<\/div>\n\n\t\t<\/div>\n\n\t\t\n<style>\n#section_570546288 {\n  padding-top: 90px;\n  padding-bottom: 90px;\n}\n#section_570546288 .section-bg-overlay {\n  background-color: rgba(0, 0, 0, 0.4);\n}\n@media (min-width:550px) {\n  #section_570546288 {\n    padding-top: 110px;\n    padding-bottom: 110px;\n  }\n}\n<\/style>\n\t<\/section>\n\t\n\n\t<section class=\"section\" id=\"section_513555570\">\n\t\t<div class=\"section-bg fill\" >\n\t\t\t\t\t\t\t\t\t\n\t\t\t\n\n\t\t<\/div>\n\n\t\t\n\n\t\t<div class=\"section-content relative\">\n\t\t\t\n\n<div class=\"row\"  id=\"row-896500062\">\n\n\n\t<div id=\"col-259157564\" class=\"col small-12 large-12\"  >\n\t\t\t\t<div class=\"col-inner\"  >\n\t\t\t\n\t\t\t\n\n\n  \n    <div id=\"pages-440366179\" class=\"row large-columns-4 medium-columns-2 small-columns-2 row-large has-shadow row-box-shadow-3-hover row-masonry\" data-packery-options='{\"itemSelector\": \".col\", \"gutter\": 0, \"presentageWidth\" : true}'>\n\n  <div class=\"page-col col\" >\n          <div class=\"col-inner\" >\n          <a class=\"block plain\" href=\"https:\/\/www.iglan.net\/fr\/about\/company-profile\/\" title=\"PROFIL DE L&#039;ENTREPRISE\" target=\"\">\n            <div class=\"page-box box has-hover box-overlay dark box-text-middle\">\n                  <div class=\"box-image\" >\n                      <div class=\"box-image\" >\n                      <img decoding=\"async\" width=\"100\" height=\"25\" src=\"https:\/\/www.iglan.net\/wp-content\/uploads\/2022\/03\/10025.jpg\" class=\"attachment-medium size-medium\" alt=\"\" \/>                      <\/div>\n                      <div class=\"overlay\" style=\"background-color: rgb(15, 88, 214)\"><\/div>                                        <\/div>\n                  <div class=\"box-text text-center\" style=\"padding:0 0px 0px 0px;\">\n                        <div class=\"box-text-inner\">\n                            <p>PROFIL DE L'ENTREPRISE<\/p>\n                        <\/div>\n                  <\/div>\n              <\/div>\n            <\/a>\n            <\/div>\n          <\/div><div class=\"page-col col\" >\n          <div class=\"col-inner\" >\n          <a class=\"block plain\" href=\"https:\/\/www.iglan.net\/fr\/about\/our-product\/\" title=\"NOTRE PRODUIT\" target=\"\">\n            <div class=\"page-box box has-hover box-overlay dark box-text-middle\">\n                  <div class=\"box-image\" >\n                      <div class=\"box-image\" >\n                      <img decoding=\"async\" width=\"100\" height=\"25\" src=\"https:\/\/www.iglan.net\/wp-content\/uploads\/2022\/03\/10025.jpg\" class=\"attachment-medium size-medium\" alt=\"\" \/>                      <\/div>\n                      <div class=\"overlay\" style=\"background-color: rgb(15, 88, 214)\"><\/div>                                        <\/div>\n                  <div class=\"box-text text-center\" style=\"padding:0 0px 0px 0px;\">\n                        <div class=\"box-text-inner\">\n                            <p>NOTRE PRODUIT<\/p>\n                        <\/div>\n                  <\/div>\n              <\/div>\n            <\/a>\n            <\/div>\n          <\/div><div class=\"page-col col\" >\n          <div class=\"col-inner\" >\n          <a class=\"block plain\" href=\"https:\/\/www.iglan.net\/fr\/about\/sales-market\/\" title=\"MARCH\u00c9 DES VENTES\" target=\"\">\n            <div class=\"page-box box has-hover box-overlay dark box-text-middle\">\n                  <div class=\"box-image\" >\n                      <div class=\"box-image\" >\n                      <img decoding=\"async\" width=\"100\" height=\"25\" src=\"https:\/\/www.iglan.net\/wp-content\/uploads\/2022\/03\/10025.jpg\" class=\"attachment-medium size-medium\" alt=\"\" \/>                      <\/div>\n                      <div class=\"overlay\" style=\"background-color: rgb(15, 88, 214)\"><\/div>                                        <\/div>\n                  <div class=\"box-text text-center\" style=\"padding:0 0px 0px 0px;\">\n                        <div class=\"box-text-inner\">\n                            <p>MARCH\u00c9 DES VENTES<\/p>\n                        <\/div>\n                  <\/div>\n              <\/div>\n            <\/a>\n            <\/div>\n          <\/div><div class=\"page-col col\" >\n          <div class=\"col-inner\" >\n          <a class=\"block plain\" href=\"https:\/\/www.iglan.net\/fr\/about\/company-album\/\" title=\"ALBUM DE L&#039;ENTREPRISE\" target=\"\">\n            <div class=\"page-box box has-hover box-overlay dark box-text-middle\">\n                  <div class=\"box-image\" >\n                      <div class=\"box-image\" >\n                      <img decoding=\"async\" width=\"100\" height=\"25\" src=\"https:\/\/www.iglan.net\/wp-content\/uploads\/2022\/03\/10025.jpg\" class=\"attachment-medium size-medium\" alt=\"\" \/>                      <\/div>\n                      <div class=\"overlay\" style=\"background-color: rgb(15, 88, 214)\"><\/div>                                        <\/div>\n                  <div class=\"box-text text-center\" style=\"padding:0 0px 0px 0px;\">\n                        <div class=\"box-text-inner\">\n                            <p>ALBUM DE L'ENTREPRISE<\/p>\n                        <\/div>\n                  <\/div>\n              <\/div>\n            <\/a>\n            <\/div>\n          <\/div><\/div>\n\n\n\t\t<\/div>\n\t\t\t\t\n<style>\n#col-259157564 > .col-inner {\n  margin: 0px 0px -60px 0px;\n}\n<\/style>\n\t<\/div>\n\n\t\n\n<\/div>\n\n\t\t<\/div>\n\n\t\t\n<style>\n#section_513555570 {\n  padding-top: 50px;\n  padding-bottom: 50px;\n  background-color: rgb(234, 234, 234);\n}\n<\/style>\n\t<\/section>\n\t\n\n\t<section class=\"section\" id=\"section_876359924\">\n\t\t<div class=\"section-bg fill\" >\n\t\t\t\t\t\t\t\t\t\n\t\t\t\n\n\t\t<\/div>\n\n\t\t\n\n\t\t<div class=\"section-content relative\">\n\t\t\t\n\n<div class=\"row row-collapse align-middle align-center\"  id=\"row-1969173381\">\n\n\n\t<div id=\"col-1055136186\" class=\"col medium-12 small-12 large-6\"  >\n\t\t\t\t<div class=\"col-inner\"  >\n\t\t\t\n\t\t\t\n\n\t<div class=\"img has-hover x md-x lg-x y md-y lg-y\" id=\"image_843788394\">\n\t\t\t\t\t\t\t\t<div class=\"img-inner dark\" >\n\t\t\t<img decoding=\"async\" width=\"900\" height=\"600\" src=\"https:\/\/www.iglan.net\/wp-content\/uploads\/2022\/03\/IGLAN-market-share.jpg\" class=\"attachment-original size-original\" alt=\"Part de march\u00e9 des IGLAN\" srcset=\"https:\/\/www.iglan.net\/wp-content\/uploads\/2022\/03\/IGLAN-market-share.jpg 900w, https:\/\/www.iglan.net\/wp-content\/uploads\/2022\/03\/IGLAN-market-share-600x400.jpg 600w, https:\/\/www.iglan.net\/wp-content\/uploads\/2022\/03\/IGLAN-market-share-768x512.jpg 768w, https:\/\/www.iglan.net\/wp-content\/uploads\/2022\/03\/IGLAN-market-share-800x533.jpg 800w\" sizes=\"(max-width: 900px) 100vw, 900px\" \/>\t\t\t\t\t\t\n\t\t\t\t\t<\/div>\n\t\t\t\t\t\t\t\t\n<style>\n#image_843788394 {\n  width: 100%;\n}\n<\/style>\n\t<\/div>\n\t\n\n\n\t\t<\/div>\n\t\t\t\t\t<\/div>\n\n\t\n\n\t<div id=\"col-1323173811\" class=\"col medium-12 small-12 large-6\"  >\n\t\t\t\t<div class=\"col-inner\" style=\"background-color:rgb(234, 234, 234);\" >\n\t\t\t\n\t\t\t\n\n\t<div id=\"text-2506352286\" class=\"text\">\n\t\t\n\n<h2>March\u00e9<\/h2>\n<p>Apr\u00e8s plus de dix ans de d\u00e9veloppement, nos produits b\u00e9n\u00e9ficient de la confiance des clients. Jusqu'\u00e0 pr\u00e9sent, nous avons servi des milliers d'entreprises, y compris de nombreuses marques internationales, telles que BYD Auto, Great Wall Motor, Foxconn, HAITIAN CNC, HENGYUAN CNC, J-TECH CNC, TAIKAN, WELLTEC CNC et ainsi de suite. Depuis 2019, nous avons commenc\u00e9 le commerce international, et nos produits ont \u00e9galement \u00e9t\u00e9 export\u00e9s vers l'Asie du Sud-Est, le Moyen-Orient, l'Europe, l'Am\u00e9rique du Sud et d'autres endroits, et ont acquis une certaine r\u00e9putation \u00e0 l'\u00e9chelle internationale.\n<\/p>\n\t\t\n<style>\n#text-2506352286 {\n  color: rgb(0,0,0);\n}\n#text-2506352286 > * {\n  color: rgb(0,0,0);\n}\n<\/style>\n\t<\/div>\n\t\n\n\t\t<\/div>\n\t\t\t\t\n<style>\n#col-1323173811 > .col-inner {\n  padding: 40px 15px 40px 15px;\n  margin: 0px 0px 0px 0;\n}\n@media (min-width:550px) {\n  #col-1323173811 > .col-inner {\n    padding: 40px 20px 40px 20px;\n  }\n}\n@media (min-width:850px) {\n  #col-1323173811 > .col-inner {\n    padding: 85px 20px 85px 20px;\n  }\n}\n<\/style>\n\t<\/div>\n\n\t\n\n<\/div>\n<div class=\"row row-collapse align-middle align-center\"  id=\"row-195791119\">\n\n\n\t<div id=\"col-226560679\" class=\"col medium-12 small-12 large-6\"  >\n\t\t\t\t<div class=\"col-inner\" style=\"background-color:rgb(234, 234, 234);\" >\n\t\t\t\n\t\t\t\n\n\t<div id=\"text-1616642127\" class=\"text\">\n\t\t\n\n<h2>Distributeur<\/h2>\n<p>IGLAN dispose actuellement de plus d'une douzaine de distributeurs. Ces distributeurs sont situ\u00e9s dans diff\u00e9rents endroits et peuvent mieux coop\u00e9rer \u00e9troitement avec les clients. Ils ont \u00e9tabli un syst\u00e8me de service dans tous les aspects de la pr\u00e9-vente, de la vente et de l'apr\u00e8s-vente, s'effor\u00e7ant de fournir aux clients des produits et des services de premi\u00e8re classe. Pour les r\u00e9gions o\u00f9 il n'y a pas de distributeurs pour le moment, nous avons une bonne relation de coop\u00e9ration avec plusieurs fournisseurs de logistique. O\u00f9 que soient les clients et quelle que soit la quantit\u00e9 de produits qu'ils ach\u00e8tent, nous pouvons leur fournir des produits et des services au meilleur co\u00fbt.<\/p>\n\t\t\n<style>\n#text-1616642127 {\n  color: rgb(0,0,0);\n}\n#text-1616642127 > * {\n  color: rgb(0,0,0);\n}\n<\/style>\n\t<\/div>\n\t\n\n\t\t<\/div>\n\t\t\t\t\n<style>\n#col-226560679 > .col-inner {\n  padding: 40px 15px 40px 15px;\n  margin: 0px 0px 0px 0px;\n}\n@media (min-width:550px) {\n  #col-226560679 > .col-inner {\n    padding: 40px 20px 40px 20px;\n  }\n}\n@media (min-width:850px) {\n  #col-226560679 > .col-inner {\n    padding: 72px 20px 72px 20px;\n  }\n}\n<\/style>\n\t<\/div>\n\n\t\n\n\t<div id=\"col-30965393\" class=\"col medium-12 small-12 large-6\"  >\n\t\t\t\t<div class=\"col-inner\"  >\n\t\t\t\n\t\t\t\n\n\t<div class=\"img has-hover x md-x lg-x y md-y lg-y\" id=\"image_576190240\">\n\t\t\t\t\t\t\t\t<div class=\"img-inner dark\" >\n\t\t\t<img decoding=\"async\" width=\"900\" height=\"600\" src=\"https:\/\/www.iglan.net\/wp-content\/uploads\/2022\/03\/IGLAN-distributor.jpg\" class=\"attachment-original size-original\" alt=\"Distributeur IGLAN\" srcset=\"https:\/\/www.iglan.net\/wp-content\/uploads\/2022\/03\/IGLAN-distributor.jpg 900w, https:\/\/www.iglan.net\/wp-content\/uploads\/2022\/03\/IGLAN-distributor-600x400.jpg 600w, https:\/\/www.iglan.net\/wp-content\/uploads\/2022\/03\/IGLAN-distributor-768x512.jpg 768w, https:\/\/www.iglan.net\/wp-content\/uploads\/2022\/03\/IGLAN-distributor-800x533.jpg 800w\" sizes=\"(max-width: 900px) 100vw, 900px\" \/>\t\t\t\t\t\t\n\t\t\t\t\t<\/div>\n\t\t\t\t\t\t\t\t\n<style>\n#image_576190240 {\n  width: 100%;\n}\n<\/style>\n\t<\/div>\n\t\n\n\n\t\t<\/div>\n\t\t\t\t\t<\/div>\n\n\t\n\n<\/div>\n<div class=\"row row-collapse align-middle align-center\"  id=\"row-1045085755\">\n\n\n\t<div id=\"col-1697901769\" class=\"col medium-12 small-12 large-6\"  >\n\t\t\t\t<div class=\"col-inner\"  >\n\t\t\t\n\t\t\t\n\n\t<div class=\"img has-hover x md-x lg-x y md-y lg-y\" id=\"image_2049698351\">\n\t\t\t\t\t\t\t\t<div class=\"img-inner dark\" >\n\t\t\t<img decoding=\"async\" width=\"900\" height=\"600\" src=\"https:\/\/www.iglan.net\/wp-content\/uploads\/2022\/03\/IGLAN-service.jpg\" class=\"attachment-original size-original\" alt=\"Service IGLAN\" srcset=\"https:\/\/www.iglan.net\/wp-content\/uploads\/2022\/03\/IGLAN-service.jpg 900w, https:\/\/www.iglan.net\/wp-content\/uploads\/2022\/03\/IGLAN-service-600x400.jpg 600w, https:\/\/www.iglan.net\/wp-content\/uploads\/2022\/03\/IGLAN-service-768x512.jpg 768w, https:\/\/www.iglan.net\/wp-content\/uploads\/2022\/03\/IGLAN-service-18x12.jpg 18w, https:\/\/www.iglan.net\/wp-content\/uploads\/2022\/03\/IGLAN-service-800x533.jpg 800w\" sizes=\"(max-width: 900px) 100vw, 900px\" \/>\t\t\t\t\t\t\n\t\t\t\t\t<\/div>\n\t\t\t\t\t\t\t\t\n<style>\n#image_2049698351 {\n  width: 100%;\n}\n<\/style>\n\t<\/div>\n\t\n\n\n\t\t<\/div>\n\t\t\t\t\t<\/div>\n\n\t\n\n\t<div id=\"col-2092055186\" class=\"col medium-12 small-12 large-6\"  >\n\t\t\t\t<div class=\"col-inner\" style=\"background-color:rgb(234, 234, 234);\" >\n\t\t\t\n\t\t\t\n\n\t<div id=\"text-374401966\" class=\"text\">\n\t\t\n\n<h2>Service<\/h2>\n<p>IGLAN s'est toujours engag\u00e9 \u00e0 am\u00e9liorer la qualit\u00e9 du service et les comp\u00e9tences professionnelles du personnel du service client\u00e8le, s'effor\u00e7ant de fournir \u00e0 chaque utilisateur des solutions de r\u00e9solution de probl\u00e8mes au niveau de la maintenance du syst\u00e8me \u00e0 tout moment.IGLAN croit toujours que l'am\u00e9lioration de la valeur ajout\u00e9e des produits, la r\u00e9duction du co\u00fbt total de possession des clients, la pr\u00e9vention des risques que les clients peuvent rencontrer et le passage des produits aux services sont la base de notre coop\u00e9ration gagnant-gagnant avec les clients.<\/p>\n\t\t\n<style>\n#text-374401966 {\n  color: rgb(0,0,0);\n}\n#text-374401966 > * {\n  color: rgb(0,0,0);\n}\n<\/style>\n\t<\/div>\n\t\n\n\t\t<\/div>\n\t\t\t\t\n<style>\n#col-2092055186 > .col-inner {\n  padding: 40px 15px 40px 15px;\n  margin: 0 0px 0px 0px;\n}\n@media (min-width:550px) {\n  #col-2092055186 > .col-inner {\n    padding: 40px 20px 40px 20px;\n  }\n}\n@media (min-width:850px) {\n  #col-2092055186 > .col-inner {\n    padding: 85px 20px 85px 20px;\n  }\n}\n<\/style>\n\t<\/div>\n\n\t\n\n<\/div>\n\n\t\t<\/div>\n\n\t\t\n<style>\n#section_876359924 {\n  padding-top: 50px;\n  padding-bottom: 50px;\n}\n<\/style>\n\t<\/section>","protected":false},"excerpt":{"rendered":"","protected":false},"author":1,"featured_media":2041,"parent":1995,"menu_order":3,"comment_status":"closed","ping_status":"closed","template":"page-blank.php","meta":{"footnotes":""},"class_list":["post-2430","page","type-page","status-publish","has-post-thumbnail","hentry"],"_links":{"self":[{"href":"https:\/\/www.iglan.net\/fr\/wp-json\/wp\/v2\/pages\/2430","targetHints":{"allow":["GET"]}}],"collection":[{"href":"https:\/\/www.iglan.net\/fr\/wp-json\/wp\/v2\/pages"}],"about":[{"href":"https:\/\/www.iglan.net\/fr\/wp-json\/wp\/v2\/types\/page"}],"author":[{"embeddable":true,"href":"https:\/\/www.iglan.net\/fr\/wp-json\/wp\/v2\/users\/1"}],"replies":[{"embeddable":true,"href":"https:\/\/www.iglan.net\/fr\/wp-json\/wp\/v2\/comments?post=2430"}],"version-history":[{"count":0,"href":"https:\/\/www.iglan.net\/fr\/wp-json\/wp\/v2\/pages\/2430\/revisions"}],"up":[{"embeddable":true,"href":"https:\/\/www.iglan.net\/fr\/wp-json\/wp\/v2\/pages\/1995"}],"wp:featuredmedia":[{"embeddable":true,"href":"https:\/\/www.iglan.net\/fr\/wp-json\/wp\/v2\/media\/2041"}],"wp:attachment":[{"href":"https:\/\/www.iglan.net\/fr\/wp-json\/wp\/v2\/media?parent=2430"}],"curies":[{"name":"wp","href":"https:\/\/api.w.org\/{rel}","templated":true}]}}