{"id":2322,"date":"2022-03-15T00:42:43","date_gmt":"2022-03-15T07:42:43","guid":{"rendered":"https:\/\/www.aceopus.com\/?page_id=2322"},"modified":"2022-03-22T23:45:55","modified_gmt":"2022-03-23T06:45:55","slug":"our-cookies-policy","status":"publish","type":"page","link":"https:\/\/www.iglan.net\/fr\/privacy-policy\/our-cookies-policy\/","title":{"rendered":"Notre politique en mati\u00e8re de cookies"},"content":{"rendered":"<section class=\"section\" id=\"section_1177612883\">\n\t\t<div class=\"section-bg fill\" >\n\t\t\t<img decoding=\"async\" width=\"1920\" height=\"500\" src=\"https:\/\/www.iglan.net\/wp-content\/uploads\/2022\/03\/about-bg.jpg\" class=\"bg attachment-original size-original\" alt=\"about-bg\" \/>\t\t\t\t\t\t<div class=\"section-bg-overlay absolute fill\"><\/div>\n\t\t\t\n\n\t\t<\/div>\n\n\t\t\n\n\t\t<div class=\"section-content relative\">\n\t\t\t\n\n<div class=\"row\"  id=\"row-847754023\">\n\n\n\t<div id=\"col-1796088668\" class=\"col hide-for-small medium-2 small-12 large-2\"  >\n\t\t\t\t<div class=\"col-inner\"  >\n\t\t\t\n\t\t\t\n\n\n\t\t<\/div>\n\t\t\t\t\t<\/div>\n\n\t\n\n\t<div id=\"col-1468003394\" class=\"col medium-8 small-12 large-8\"  >\n\t\t\t\t<div class=\"col-inner dark\" style=\"background-color:#485a64;\" >\n\t\t\t\n\t\t\t\n\n\t<div id=\"text-129869301\" class=\"text\">\n\t\t\n\n<p>Veuillez noter que les informations juridiques, y compris les mod\u00e8les juridiques et les politiques juridiques, ne constituent pas des conseils juridiques. Les informations fournies sur ce site ne sont pas des conseils juridiques, ne constituent pas un service de r\u00e9f\u00e9rence aux avocats et aucune relation avocat-client ou confidentielle n'est ou ne sera form\u00e9e par l'utilisation du site.La reproduction, la distribution, l'affichage ou la transmission du contenu est strictement interdite, sauf autorisation d'IGLAN. <\/p>\n\t\t\n<style>\n#text-129869301 {\n  color: rgb(255, 255, 255);\n}\n#text-129869301 > * {\n  color: rgb(255, 255, 255);\n}\n<\/style>\n\t<\/div>\n\t\n\n\t\t<\/div>\n\t\t\t\t\n<style>\n#col-1468003394 > .col-inner {\n  padding: 30px 20px 30px 20px;\n}\n<\/style>\n\t<\/div>\n\n\t\n\n\t<div id=\"col-1753404181\" class=\"col hide-for-small medium-2 small-12 large-2\"  >\n\t\t\t\t<div class=\"col-inner\"  >\n\t\t\t\n\t\t\t\n\n\n\t\t<\/div>\n\t\t\t\t\t<\/div>\n\n\t\n\n<\/div>\n\n\t\t<\/div>\n\n\t\t\n<style>\n#section_1177612883 {\n  padding-top: 90px;\n  padding-bottom: 90px;\n}\n#section_1177612883 .section-bg-overlay {\n  background-color: rgba(0, 0, 0, 0.4);\n}\n@media (min-width:550px) {\n  #section_1177612883 {\n    padding-top: 110px;\n    padding-bottom: 110px;\n  }\n}\n<\/style>\n\t<\/section>\n\t\n\n\t<section class=\"section\" id=\"section_248533945\">\n\t\t<div class=\"section-bg fill\" >\n\t\t\t\t\t\t\t\t\t\n\t\t\t\n\n\t\t<\/div>\n\n\t\t\n\n\t\t<div class=\"section-content relative\">\n\t\t\t\n\n<div class=\"row\"  id=\"row-523543634\">\n\n\n\t<div id=\"col-1056660743\" class=\"col small-12 large-12\"  >\n\t\t\t\t<div class=\"col-inner\"  >\n\t\t\t\n\t\t\t\n\n\n  \n    <div id=\"pages-1651036531\" class=\"row large-columns-4 medium-columns-2 small-columns-2 row-large has-shadow row-box-shadow-3-hover row-masonry\" data-packery-options='{\"itemSelector\": \".col\", \"gutter\": 0, \"presentageWidth\" : true}'>\n\n  <div class=\"page-col col\" >\n          <div class=\"col-inner\" >\n          <a class=\"block plain\" href=\"https:\/\/www.iglan.net\/fr\/privacy-policy\/our-privacy-policy\/\" title=\"Notre politique de confidentialit\u00e9\" target=\"\">\n            <div class=\"page-box box has-hover box-overlay dark box-text-middle\">\n                  <div class=\"box-image\" >\n                      <div class=\"box-image\" >\n                      <img decoding=\"async\" width=\"100\" height=\"25\" src=\"https:\/\/www.iglan.net\/wp-content\/uploads\/2022\/03\/10025.jpg\" class=\"attachment-medium size-medium\" alt=\"\" \/>                      <\/div>\n                      <div class=\"overlay\" style=\"background-color: rgb(15, 88, 214)\"><\/div>                                        <\/div>\n                  <div class=\"box-text text-center\" style=\"padding:0 0px 0px 0px;\">\n                        <div class=\"box-text-inner\">\n                            <p>Notre politique de confidentialit\u00e9<\/p>\n                        <\/div>\n                  <\/div>\n              <\/div>\n            <\/a>\n            <\/div>\n          <\/div><div class=\"page-col col\" >\n          <div class=\"col-inner\" >\n          <a class=\"block plain\" href=\"https:\/\/www.iglan.net\/fr\/privacy-policy\/our-cookies-policy\/\" title=\"Notre politique en mati\u00e8re de cookies\" target=\"\">\n            <div class=\"page-box box has-hover box-overlay dark box-text-middle\">\n                  <div class=\"box-image\" >\n                      <div class=\"box-image\" >\n                      <img decoding=\"async\" width=\"100\" height=\"25\" src=\"https:\/\/www.iglan.net\/wp-content\/uploads\/2022\/03\/10025.jpg\" class=\"attachment-medium size-medium\" alt=\"\" \/>                      <\/div>\n                      <div class=\"overlay\" style=\"background-color: rgb(15, 88, 214)\"><\/div>                                        <\/div>\n                  <div class=\"box-text text-center\" style=\"padding:0 0px 0px 0px;\">\n                        <div class=\"box-text-inner\">\n                            <p>Notre politique en mati\u00e8re de cookies<\/p>\n                        <\/div>\n                  <\/div>\n              <\/div>\n            <\/a>\n            <\/div>\n          <\/div><div class=\"page-col col\" >\n          <div class=\"col-inner\" >\n          <a class=\"block plain\" href=\"https:\/\/www.iglan.net\/fr\/privacy-policy\/our-terms-of-use\/\" title=\"Nos conditions d&#039;utilisation\" target=\"\">\n            <div class=\"page-box box has-hover box-overlay dark box-text-middle\">\n                  <div class=\"box-image\" >\n                      <div class=\"box-image\" >\n                      <img decoding=\"async\" width=\"100\" height=\"25\" src=\"https:\/\/www.iglan.net\/wp-content\/uploads\/2022\/03\/10025.jpg\" class=\"attachment-medium size-medium\" alt=\"\" \/>                      <\/div>\n                      <div class=\"overlay\" style=\"background-color: rgb(15, 88, 214)\"><\/div>                                        <\/div>\n                  <div class=\"box-text text-center\" style=\"padding:0 0px 0px 0px;\">\n                        <div class=\"box-text-inner\">\n                            <p>Nos conditions d'utilisation<\/p>\n                        <\/div>\n                  <\/div>\n              <\/div>\n            <\/a>\n            <\/div>\n          <\/div><div class=\"page-col col\" >\n          <div class=\"col-inner\" >\n          <a class=\"block plain\" href=\"https:\/\/www.iglan.net\/fr\/privacy-policy\/our-disclaimer\/\" title=\"Notre avis de non-responsabilit\u00e9\" target=\"\">\n            <div class=\"page-box box has-hover box-overlay dark box-text-middle\">\n                  <div class=\"box-image\" >\n                      <div class=\"box-image\" >\n                      <img decoding=\"async\" width=\"100\" height=\"25\" src=\"https:\/\/www.iglan.net\/wp-content\/uploads\/2022\/03\/10025.jpg\" class=\"attachment-medium size-medium\" alt=\"\" \/>                      <\/div>\n                      <div class=\"overlay\" style=\"background-color: rgb(15, 88, 214)\"><\/div>                                        <\/div>\n                  <div class=\"box-text text-center\" style=\"padding:0 0px 0px 0px;\">\n                        <div class=\"box-text-inner\">\n                            <p>Notre avis de non-responsabilit\u00e9<\/p>\n                        <\/div>\n                  <\/div>\n              <\/div>\n            <\/a>\n            <\/div>\n          <\/div><\/div>\n\n\n\t\t<\/div>\n\t\t\t\t\n<style>\n#col-1056660743 > .col-inner {\n  margin: 0px 0px -60px 0px;\n}\n<\/style>\n\t<\/div>\n\n\t\n\n<\/div>\n\n\t\t<\/div>\n\n\t\t\n<style>\n#section_248533945 {\n  padding-top: 50px;\n  padding-bottom: 50px;\n  background-color: rgb(234, 234, 234);\n}\n<\/style>\n\t<\/section>\n\t\n\n\t<section class=\"section\" id=\"section_93191731\">\n\t\t<div class=\"section-bg fill\" >\n\t\t\t\t\t\t\t\t\t\n\t\t\t\n\n\t\t<\/div>\n\n\t\t\n\n\t\t<div class=\"section-content relative\">\n\t\t\t\n\n<div class=\"row\"  id=\"row-1743960599\">\n\n\n\t<div id=\"col-383416948\" class=\"col small-12 large-12\"  >\n\t\t\t\t<div class=\"col-inner\"  >\n\t\t\t\n\t\t\t\n\n<h1>Politique en mati\u00e8re de cookies<\/h1>\n<p>Derni\u00e8re mise \u00e0 jour : 23 mars 2022<\/p>\n<p>Cette politique de cookies explique ce que sont les cookies et comment Nous les utilisons. Vous devriez lire cette politique afin de pouvoir comprendre quel type de cookies Nous utilisons, ou les informations que Nous collectons \u00e0 l'aide de Cookies et comment ces informations sont utilis\u00e9es.<\/p>\n<p>Les cookies ne contiennent g\u00e9n\u00e9ralement pas d'informations permettant d'identifier personnellement un utilisateur, mais les informations personnelles que nous stockons \u00e0 votre sujet peuvent \u00eatre li\u00e9es aux informations stock\u00e9es dans les cookies et obtenues \u00e0 partir de ceux-ci. Pour plus d'informations sur la mani\u00e8re dont nous utilisons, stockons et s\u00e9curisons vos donn\u00e9es personnelles, consultez notre politique de confidentialit\u00e9.<\/p>\n<p>Nous ne stockons pas d'informations personnelles sensibles, telles que des adresses postales, des mots de passe de comptes, etc. dans les cookies que nous utilisons.<\/p>\n<h1>Interpr\u00e9tation et d\u00e9finitions<\/h1>\n<h2>Interpr\u00e9tation<\/h2>\n<p>Les mots dont la lettre initiale est en majuscule ont des significations d\u00e9finies dans les conditions suivantes. Les d\u00e9finitions suivantes ont le m\u00eame sens, qu'elles apparaissent au singulier ou au pluriel.<\/p>\n<h2>D\u00e9finitions<\/h2>\n<p>Aux fins de la pr\u00e9sente politique en mati\u00e8re de cookies :<\/p>\n<ul>\n<li><strong>Entreprise<\/strong> (d\u00e9sign\u00e9 par les termes \"la Soci\u00e9t\u00e9\", \"Nous\", \"Notre\" ou \"Nos\" dans la pr\u00e9sente politique en mati\u00e8re de cookies) fait r\u00e9f\u00e9rence \u00e0 Dongguan IGLAN Machinery Co., Ltd, 28 Yinshan Rd, Nancheng Street, Dongguan 523000.<\/li>\n<li><strong>Cookies<\/strong> d\u00e9signe les petits fichiers qui sont plac\u00e9s sur votre ordinateur, votre appareil mobile ou tout autre appareil par un site web, contenant les d\u00e9tails de votre historique de navigation sur ce site web parmi ses nombreuses utilisations.<\/li>\n<li><strong>Site web<\/strong> fait r\u00e9f\u00e9rence \u00e0 IGLAN LUBE, accessible \u00e0 partir de <a href=\"https:\/\/www.iglan.net\/contact\/\" target=\"_blank\" rel=\"external nofollow noopener\">https:\/\/www.iglan.net\/contact\/<\/a><\/li>\n<li><strong>Vous<\/strong> d\u00e9signe la personne qui acc\u00e8de au site Web ou l'utilise, ou une soci\u00e9t\u00e9, ou toute entit\u00e9 juridique au nom de laquelle cette personne acc\u00e8de au site Web ou l'utilise, selon le cas.<\/li>\n<\/ul>\n<h1>L'utilisation des cookies<\/h1>\n<h2>Type de cookies que nous utilisons<\/h2>\n<p>Les cookies peuvent \u00eatre des cookies \"persistants\" ou des cookies \"de session\". Les cookies persistants restent sur votre ordinateur personnel ou votre appareil mobile lorsque vous vous d\u00e9connectez, tandis que les cookies de session sont supprim\u00e9s d\u00e8s que vous fermez votre navigateur web.<\/p>\n<p>Nous utilisons des cookies de session et des cookies persistants aux fins \u00e9nonc\u00e9es ci-dessous :<\/p>\n<ul>\n<li>\n<p><strong>Cookies N\u00e9cessaires \/ Essentiels<\/strong><\/p>\n<p>Type : Cookies de session<\/p>\n<p>Administr\u00e9 par : Us<\/p>\n<p>Objectif : Ces cookies sont essentiels pour Vous fournir les services disponibles par le biais du site Web et pour Vous permettre d'utiliser certaines de ses fonctionnalit\u00e9s. Ils aident \u00e0 authentifier les utilisateurs et \u00e0 pr\u00e9venir l'utilisation frauduleuse des comptes d'utilisateurs. Sans ces Cookies, les services que Vous avez demand\u00e9s ne peuvent pas \u00eatre fournis, et Nous utilisons ces Cookies uniquement pour Vous fournir ces services.<\/p>\n<\/li>\n<li>\n<p><strong>Cookies de fonctionnalit\u00e9<\/strong><\/p>\n<p>Type : Cookies persistants<\/p>\n<p>Administr\u00e9 par : Us<\/p>\n<p>Objectif : Ces cookies nous permettent de nous souvenir des choix que vous faites lorsque vous utilisez le site Web, comme la m\u00e9morisation de vos donn\u00e9es de connexion ou de vos pr\u00e9f\u00e9rences linguistiques. L'objectif de ces cookies est de vous offrir une exp\u00e9rience plus personnelle et de vous \u00e9viter de devoir saisir \u00e0 nouveau vos pr\u00e9f\u00e9rences chaque fois que vous utilisez le site Web.<\/p>\n<\/li>\n<\/ul>\n<h2>Vos choix en mati\u00e8re de cookies<\/h2>\n<p>Si vous pr\u00e9f\u00e9rez \u00e9viter l'utilisation de cookies sur le site Web, vous devez d'abord d\u00e9sactiver l'utilisation de cookies dans votre navigateur, puis supprimer les cookies enregistr\u00e9s dans votre navigateur et associ\u00e9s \u00e0 ce site Web. Vous pouvez utiliser cette option pour emp\u00eacher l'utilisation de cookies \u00e0 tout moment.<\/p>\n<p>Si vous n'acceptez pas nos cookies, il se peut que vous subissiez quelques d\u00e9sagr\u00e9ments dans votre utilisation du site Web et que certaines fonctions ne fonctionnent pas correctement.<\/p>\n<p>Si vous souhaitez supprimer les cookies ou demander \u00e0 votre navigateur web de supprimer ou de refuser les cookies, veuillez consulter les pages d'aide de votre navigateur web.<\/p>\n<ul>\n<li>\n<p>Pour le navigateur Web Chrome, veuillez consulter cette page de Google : <a href=\"https:\/\/support.google.com\/accounts\/answer\/32050\" target=\"_blank\" rel=\"external nofollow noopener\">https:\/\/support.google.com\/accounts\/answer\/32050<\/a><\/p>\n<\/li>\n<li>\n<p>Pour le navigateur Internet Explorer, veuillez consulter cette page de Microsoft : <a href=\"http:\/\/support.microsoft.com\/kb\/278835\" target=\"_blank\" rel=\"external nofollow noopener\">http:\/\/support.microsoft.com\/kb\/278835<\/a><\/p>\n<\/li>\n<li>\n<p>Pour le navigateur web Firefox, veuillez consulter cette page de Mozilla : <a href=\"https:\/\/support.mozilla.org\/en-US\/kb\/delete-cookies-remove-info-websites-stored\" target=\"_blank\" rel=\"external nofollow noopener\">https:\/\/support.mozilla.org\/en-US\/kb\/delete-cookies-remove-info-websites-stored<\/a><\/p>\n<\/li>\n<li>\n<p>Pour le navigateur web Safari, veuillez consulter cette page d'Apple : <a href=\"https:\/\/support.apple.com\/guide\/safari\/manage-cookies-and-website-data-sfri11471\/mac\" target=\"_blank\" rel=\"external nofollow noopener\">https:\/\/support.apple.com\/guide\/safari\/manage-cookies-and-website-data-sfri11471\/mac<\/a><\/p>\n<\/li>\n<\/ul>\n<p>Pour tout autre navigateur web, veuillez consulter les pages web officielles de votre navigateur web.<\/p>\n<h2>Plus d'informations sur les cookies<\/h2>\n<p>Vous pouvez en savoir plus sur les cookies : <a href=\"https:\/\/www.freeprivacypolicy.com\/blog\/cookies\/\" target=\"_blank\" rel=\"noopener\">Les cookies : Que font-ils ?<\/a>.<\/p>\n<h2>Nous contacter<\/h2>\n<p>Si vous avez des questions sur cette politique en mati\u00e8re de cookies, vous pouvez nous contacter :<\/p>\n<ul>\n<li>En visitant cette page sur notre site web : <a href=\"https:\/\/www.iglan.net\/contact\/\" target=\"_blank\" rel=\"external nofollow noopener\">https:\/\/www.iglan.net\/contact\/<\/a><\/li>\n<\/ul>\n\n\t\t<\/div>\n\t\t\t\t\t<\/div>\n\n\t\n\n<\/div>\n\n\t\t<\/div>\n\n\t\t\n<style>\n#section_93191731 {\n  padding-top: 50px;\n  padding-bottom: 50px;\n}\n<\/style>\n\t<\/section>","protected":false},"excerpt":{"rendered":"","protected":false},"author":1,"featured_media":2041,"parent":2317,"menu_order":2,"comment_status":"closed","ping_status":"closed","template":"page-blank.php","meta":{"footnotes":""},"class_list":["post-2322","page","type-page","status-publish","has-post-thumbnail","hentry"],"_links":{"self":[{"href":"https:\/\/www.iglan.net\/fr\/wp-json\/wp\/v2\/pages\/2322","targetHints":{"allow":["GET"]}}],"collection":[{"href":"https:\/\/www.iglan.net\/fr\/wp-json\/wp\/v2\/pages"}],"about":[{"href":"https:\/\/www.iglan.net\/fr\/wp-json\/wp\/v2\/types\/page"}],"author":[{"embeddable":true,"href":"https:\/\/www.iglan.net\/fr\/wp-json\/wp\/v2\/users\/1"}],"replies":[{"embeddable":true,"href":"https:\/\/www.iglan.net\/fr\/wp-json\/wp\/v2\/comments?post=2322"}],"version-history":[{"count":0,"href":"https:\/\/www.iglan.net\/fr\/wp-json\/wp\/v2\/pages\/2322\/revisions"}],"up":[{"embeddable":true,"href":"https:\/\/www.iglan.net\/fr\/wp-json\/wp\/v2\/pages\/2317"}],"wp:featuredmedia":[{"embeddable":true,"href":"https:\/\/www.iglan.net\/fr\/wp-json\/wp\/v2\/media\/2041"}],"wp:attachment":[{"href":"https:\/\/www.iglan.net\/fr\/wp-json\/wp\/v2\/media?parent=2322"}],"curies":[{"name":"wp","href":"https:\/\/api.w.org\/{rel}","templated":true}]}}