{"id":996,"date":"2020-01-16T01:22:10","date_gmt":"2020-01-16T09:22:10","guid":{"rendered":"https:\/\/www.iglan.net\/?post_type=product&#038;p=996"},"modified":"2022-03-24T00:42:02","modified_gmt":"2022-03-24T07:42:02","slug":"high-precision-lubrication-grease-filter","status":"publish","type":"product","link":"https:\/\/www.iglan.net\/es\/producto\/high-precision-lubrication-grease-filter\/","title":{"rendered":"Filtro de aceite de grasa ALY para el sistema de lubricaci\u00f3n CNC"},"content":{"rendered":"<p><strong>CARACTER\u00cdSTICAS<\/strong><\/p>\n<p>IGLAN ALY Filtro de grasa lubricante de alta precisi\u00f3n Limpiador de tuber\u00edas para el sistema de lubricaci\u00f3n centralizada de la m\u00e1quina herramienta<\/p>\n<p><strong>ESPECIFICACIONES<\/strong><\/p>\n<p><img decoding=\"async\" class=\"size-full wp-image-998\" src=\"https:\/\/www.iglan.net\/wp-content\/uploads\/2020\/01\/GF-specification.jpg\" alt=\"Especificaci\u00f3n del filtro de grasa ALY\" width=\"900\" height=\"760\" srcset=\"https:\/\/www.iglan.net\/wp-content\/uploads\/2020\/01\/GF-specification.jpg 900w, https:\/\/www.iglan.net\/wp-content\/uploads\/2020\/01\/GF-specification-800x676.jpg 800w, https:\/\/www.iglan.net\/wp-content\/uploads\/2020\/01\/GF-specification-64x54.jpg 64w, https:\/\/www.iglan.net\/wp-content\/uploads\/2020\/01\/GF-specification-300x253.jpg 300w, https:\/\/www.iglan.net\/wp-content\/uploads\/2020\/01\/GF-specification-768x649.jpg 768w\" sizes=\"(max-width: 900px) 100vw, 900px\" \/><\/p>","protected":false},"excerpt":{"rendered":"<p>IGLAN ALY Filtro de grasa lubricante de alta precisi\u00f3n Limpiador de tuber\u00edas para el sistema de lubricaci\u00f3n centralizada de la m\u00e1quina herramienta<\/p>","protected":false},"featured_media":1002,"template":"","meta":[],"product_brand":[],"product_cat":[51,172],"product_tag":[108,106,107],"class_list":{"0":"post-996","1":"product","2":"type-product","3":"status-publish","4":"has-post-thumbnail","6":"product_cat-lubrication-system-accessories","7":"product_cat-switches-and-filters","8":"product_tag-cleaner","9":"product_tag-grease-filter","10":"product_tag-pipeline-filtration","12":"first","13":"instock","14":"shipping-taxable","15":"product-type-external"},"_links":{"self":[{"href":"https:\/\/www.iglan.net\/es\/wp-json\/wp\/v2\/product\/996","targetHints":{"allow":["GET"]}}],"collection":[{"href":"https:\/\/www.iglan.net\/es\/wp-json\/wp\/v2\/product"}],"about":[{"href":"https:\/\/www.iglan.net\/es\/wp-json\/wp\/v2\/types\/product"}],"wp:featuredmedia":[{"embeddable":true,"href":"https:\/\/www.iglan.net\/es\/wp-json\/wp\/v2\/media\/1002"}],"wp:attachment":[{"href":"https:\/\/www.iglan.net\/es\/wp-json\/wp\/v2\/media?parent=996"}],"wp:term":[{"taxonomy":"product_brand","embeddable":true,"href":"https:\/\/www.iglan.net\/es\/wp-json\/wp\/v2\/product_brand?post=996"},{"taxonomy":"product_cat","embeddable":true,"href":"https:\/\/www.iglan.net\/es\/wp-json\/wp\/v2\/product_cat?post=996"},{"taxonomy":"product_tag","embeddable":true,"href":"https:\/\/www.iglan.net\/es\/wp-json\/wp\/v2\/product_tag?post=996"}],"curies":[{"name":"wp","href":"https:\/\/api.w.org\/{rel}","templated":true}]}}