{"id":988,"date":"2020-01-16T01:13:45","date_gmt":"2020-01-16T09:13:45","guid":{"rendered":"https:\/\/www.iglan.net\/?post_type=product&#038;p=988"},"modified":"2022-03-24T00:42:09","modified_gmt":"2022-03-24T07:42:09","slug":"3-way-oil-circuit-pipe-connector","status":"publish","type":"product","link":"https:\/\/www.iglan.net\/es\/producto\/3-way-oil-circuit-pipe-connector\/","title":{"rendered":"Conector de tuber\u00eda de circuito de aceite de 3 v\u00edas Adaptador de tuber\u00eda de circuito"},"content":{"rendered":"<p><strong>CARACTER\u00cdSTICAS<\/strong><\/p>\n<p>IGLAN aleaci\u00f3n de aluminio 3 v\u00edas 4\/6\/8\/10mm Conector de uni\u00f3n del circuito de aceite Adaptador de piezas de tuber\u00eda para el sistema de lubricaci\u00f3n<\/p>\n<p><strong>ESPECIFICACIONES<\/strong><\/p>\n<p><img decoding=\"async\" class=\"size-full wp-image-990\" src=\"https:\/\/www.iglan.net\/wp-content\/uploads\/2020\/01\/PKD-specification.jpg\" alt=\"Especificaci\u00f3n PKD\" width=\"920\" height=\"800\" srcset=\"https:\/\/www.iglan.net\/wp-content\/uploads\/2020\/01\/PKD-specification.jpg 920w, https:\/\/www.iglan.net\/wp-content\/uploads\/2020\/01\/PKD-specification-800x696.jpg 800w, https:\/\/www.iglan.net\/wp-content\/uploads\/2020\/01\/PKD-specification-64x56.jpg 64w, https:\/\/www.iglan.net\/wp-content\/uploads\/2020\/01\/PKD-specification-300x261.jpg 300w, https:\/\/www.iglan.net\/wp-content\/uploads\/2020\/01\/PKD-specification-768x668.jpg 768w\" sizes=\"(max-width: 920px) 100vw, 920px\" \/><\/p>","protected":false},"excerpt":{"rendered":"<p>IGLAN aleaci\u00f3n de aluminio 3 v\u00edas 4\/6\/8\/10mm Conector de uni\u00f3n del circuito de aceite Adaptador de piezas de tuber\u00eda para el sistema de lubricaci\u00f3n<\/p>","protected":false},"featured_media":991,"template":"","meta":[],"product_brand":[],"product_cat":[51,171],"product_tag":[104,105,102],"class_list":{"0":"post-988","1":"product","2":"type-product","3":"status-publish","4":"has-post-thumbnail","6":"product_cat-lubrication-system-accessories","7":"product_cat-tubes-and-fittings","8":"product_tag-connector","9":"product_tag-joint","10":"product_tag-junction","12":"first","13":"instock","14":"shipping-taxable","15":"product-type-external"},"_links":{"self":[{"href":"https:\/\/www.iglan.net\/es\/wp-json\/wp\/v2\/product\/988","targetHints":{"allow":["GET"]}}],"collection":[{"href":"https:\/\/www.iglan.net\/es\/wp-json\/wp\/v2\/product"}],"about":[{"href":"https:\/\/www.iglan.net\/es\/wp-json\/wp\/v2\/types\/product"}],"wp:featuredmedia":[{"embeddable":true,"href":"https:\/\/www.iglan.net\/es\/wp-json\/wp\/v2\/media\/991"}],"wp:attachment":[{"href":"https:\/\/www.iglan.net\/es\/wp-json\/wp\/v2\/media?parent=988"}],"wp:term":[{"taxonomy":"product_brand","embeddable":true,"href":"https:\/\/www.iglan.net\/es\/wp-json\/wp\/v2\/product_brand?post=988"},{"taxonomy":"product_cat","embeddable":true,"href":"https:\/\/www.iglan.net\/es\/wp-json\/wp\/v2\/product_cat?post=988"},{"taxonomy":"product_tag","embeddable":true,"href":"https:\/\/www.iglan.net\/es\/wp-json\/wp\/v2\/product_tag?post=988"}],"curies":[{"name":"wp","href":"https:\/\/api.w.org\/{rel}","templated":true}]}}