{"id":967,"date":"2020-01-12T17:15:31","date_gmt":"2020-01-13T01:15:31","guid":{"rendered":"https:\/\/www.iglan.net\/?post_type=product&#038;p=967"},"modified":"2022-03-24T00:43:39","modified_gmt":"2022-03-24T07:43:39","slug":"lubrication-float-liquid-level-switch","status":"publish","type":"product","link":"https:\/\/www.iglan.net\/es\/producto\/lubrication-float-liquid-level-switch\/","title":{"rendered":"Interruptor de nivel de l\u00edquido flotante de grasa Sensor de control de nivel autom\u00e1tico"},"content":{"rendered":"<p><strong>CARACTER\u00cdSTICAS<\/strong><\/p>\n<p>IGLAN POM Material Interruptor de Flotador de Tanque de Aceite de Grasa Interruptor de Nivel Autom\u00e1tico de Controlador de Nivel para Piezas de Bomba de Lubricaci\u00f3n<\/p>\n<p><strong>ESPECIFICACIONES<\/strong><\/p>\n<p><img decoding=\"async\" class=\"size-full wp-image-968\" src=\"https:\/\/www.iglan.net\/wp-content\/uploads\/2020\/01\/F-specification.jpg\" alt=\" Especificaciones del interruptor de nivel de l\u00edquido\" width=\"888\" height=\"545\" srcset=\"https:\/\/www.iglan.net\/wp-content\/uploads\/2020\/01\/F-specification.jpg 888w, https:\/\/www.iglan.net\/wp-content\/uploads\/2020\/01\/F-specification-800x491.jpg 800w, https:\/\/www.iglan.net\/wp-content\/uploads\/2020\/01\/F-specification-64x39.jpg 64w, https:\/\/www.iglan.net\/wp-content\/uploads\/2020\/01\/F-specification-300x184.jpg 300w, https:\/\/www.iglan.net\/wp-content\/uploads\/2020\/01\/F-specification-768x471.jpg 768w\" sizes=\"(max-width: 888px) 100vw, 888px\" \/><\/p>","protected":false},"excerpt":{"rendered":"<p>IGLAN POM Material Interruptor de Flotador de Tanque de Aceite de Grasa Interruptor de Nivel Autom\u00e1tico de Controlador de Nivel para Piezas de Bomba de Lubricaci\u00f3n<\/p>","protected":false},"featured_media":971,"template":"","meta":[],"product_brand":[],"product_cat":[51,172],"product_tag":[98,99,96],"class_list":{"0":"post-967","1":"product","2":"type-product","3":"status-publish","4":"has-post-thumbnail","6":"product_cat-lubrication-system-accessories","7":"product_cat-switches-and-filters","8":"product_tag-float-switch","9":"product_tag-liquid-level-switch","10":"product_tag-sensor","12":"first","13":"instock","14":"shipping-taxable","15":"product-type-external"},"_links":{"self":[{"href":"https:\/\/www.iglan.net\/es\/wp-json\/wp\/v2\/product\/967","targetHints":{"allow":["GET"]}}],"collection":[{"href":"https:\/\/www.iglan.net\/es\/wp-json\/wp\/v2\/product"}],"about":[{"href":"https:\/\/www.iglan.net\/es\/wp-json\/wp\/v2\/types\/product"}],"wp:featuredmedia":[{"embeddable":true,"href":"https:\/\/www.iglan.net\/es\/wp-json\/wp\/v2\/media\/971"}],"wp:attachment":[{"href":"https:\/\/www.iglan.net\/es\/wp-json\/wp\/v2\/media?parent=967"}],"wp:term":[{"taxonomy":"product_brand","embeddable":true,"href":"https:\/\/www.iglan.net\/es\/wp-json\/wp\/v2\/product_brand?post=967"},{"taxonomy":"product_cat","embeddable":true,"href":"https:\/\/www.iglan.net\/es\/wp-json\/wp\/v2\/product_cat?post=967"},{"taxonomy":"product_tag","embeddable":true,"href":"https:\/\/www.iglan.net\/es\/wp-json\/wp\/v2\/product_tag?post=967"}],"curies":[{"name":"wp","href":"https:\/\/api.w.org\/{rel}","templated":true}]}}