{"id":912,"date":"2020-01-03T19:22:26","date_gmt":"2020-01-04T03:22:26","guid":{"rendered":"https:\/\/www.iglan.net\/?post_type=product&#038;p=912"},"modified":"2022-03-24T00:44:55","modified_gmt":"2022-03-24T07:44:55","slug":"type-a-adjustable-oil-distributor","status":"publish","type":"product","link":"https:\/\/www.iglan.net\/es\/producto\/type-a-adjustable-oil-distributor\/","title":{"rendered":"Distribuidor de aceite ajustable Tipo-A V\u00e1lvula separadora de sub-bloque"},"content":{"rendered":"<p><strong>CARACTER\u00cdSTICAS<\/strong><\/p>\n<p>Distribuidor de aceite ajustable IGLAN Tipo-A V\u00e1lvula separadora de sub-bloque Accesorios de m\u00e1quina herramienta para lubricaci\u00f3n centralizada<\/p>\n<p><strong>ESPECIFICACIONES<\/strong><br \/>\n<img decoding=\"async\" class=\"size-full wp-image-913\" src=\"https:\/\/www.iglan.net\/wp-content\/uploads\/2020\/01\/TypeA-specifications.jpg\" alt=\"Especificaciones de tipo A\" width=\"920\" height=\"2425\" srcset=\"https:\/\/www.iglan.net\/wp-content\/uploads\/2020\/01\/TypeA-specifications.jpg 410w, https:\/\/www.iglan.net\/wp-content\/uploads\/2020\/01\/TypeA-specifications-64x169.jpg 64w, https:\/\/www.iglan.net\/wp-content\/uploads\/2020\/01\/TypeA-specifications-300x791.jpg 300w, https:\/\/www.iglan.net\/wp-content\/uploads\/2020\/01\/TypeA-specifications-114x300.jpg 114w, https:\/\/www.iglan.net\/wp-content\/uploads\/2020\/01\/TypeA-specifications-388x1024.jpg 388w, https:\/\/www.iglan.net\/wp-content\/uploads\/2020\/01\/TypeA-specifications-768x2024.jpg 768w, https:\/\/www.iglan.net\/wp-content\/uploads\/2020\/01\/TypeA-specifications-583x1536.jpg 583w, https:\/\/www.iglan.net\/wp-content\/uploads\/2020\/01\/TypeA-specifications-777x2048.jpg 777w\" sizes=\"(max-width: 920px) 100vw, 920px\" \/><\/p>","protected":false},"excerpt":{"rendered":"<p>Distribuidor de aceite ajustable IGLAN Tipo-A V\u00e1lvula separadora de sub-bloque Accesorios de m\u00e1quina herramienta para lubricaci\u00f3n centralizada<\/p>","protected":false},"featured_media":916,"template":"","meta":[],"product_brand":[],"product_cat":[50,168],"product_tag":[79,80,78],"class_list":{"0":"post-912","1":"product","2":"type-product","3":"status-publish","4":"has-post-thumbnail","6":"product_cat-lubricant-metering-devices","7":"product_cat-oil-metering-devices","8":"product_tag-block-seperator","9":"product_tag-seperator-valve","10":"product_tag-type-a-distributor","12":"first","13":"instock","14":"shipping-taxable","15":"product-type-external"},"_links":{"self":[{"href":"https:\/\/www.iglan.net\/es\/wp-json\/wp\/v2\/product\/912","targetHints":{"allow":["GET"]}}],"collection":[{"href":"https:\/\/www.iglan.net\/es\/wp-json\/wp\/v2\/product"}],"about":[{"href":"https:\/\/www.iglan.net\/es\/wp-json\/wp\/v2\/types\/product"}],"wp:featuredmedia":[{"embeddable":true,"href":"https:\/\/www.iglan.net\/es\/wp-json\/wp\/v2\/media\/916"}],"wp:attachment":[{"href":"https:\/\/www.iglan.net\/es\/wp-json\/wp\/v2\/media?parent=912"}],"wp:term":[{"taxonomy":"product_brand","embeddable":true,"href":"https:\/\/www.iglan.net\/es\/wp-json\/wp\/v2\/product_brand?post=912"},{"taxonomy":"product_cat","embeddable":true,"href":"https:\/\/www.iglan.net\/es\/wp-json\/wp\/v2\/product_cat?post=912"},{"taxonomy":"product_tag","embeddable":true,"href":"https:\/\/www.iglan.net\/es\/wp-json\/wp\/v2\/product_tag?post=912"}],"curies":[{"name":"wp","href":"https:\/\/api.w.org\/{rel}","templated":true}]}}