{"id":897,"date":"2020-01-02T00:39:35","date_gmt":"2020-01-02T08:39:35","guid":{"rendered":"https:\/\/www.iglan.net\/?post_type=product&#038;p=897"},"modified":"2022-03-24T00:45:14","modified_gmt":"2022-03-24T07:45:14","slug":"yem-electromagnetic-pump","status":"publish","type":"product","link":"https:\/\/www.iglan.net\/es\/producto\/yem-electromagnetic-pump\/","title":{"rendered":"Bomba electromagn\u00e9tica simple de bajo \u00edndice de fallos YEM2501"},"content":{"rendered":"<p><strong>CARACTER\u00cdSTICAS<\/strong><\/p>\n<p>1. Gran caudal, poco volumen y sin espacio.<br \/>\n2. Baja p\u00e9rdida de potencia.<br \/>\n3. Actuaci\u00f3n sencilla y baja tasa de fallos.<br \/>\n4. El caudal variar\u00e1 seg\u00fan la longitud de la tuber\u00eda y la viscosidad del aceite.<br \/>\n5. Adecuado para equipos mec\u00e1nicos que requieren lubricaci\u00f3n a largo plazo o zona fr\u00eda.<br \/>\n6. Utilizar peque\u00f1os equipos mec\u00e1nicos, como tornos. Fresadora. Rectificadoras, punzones, etc.<br \/>\n7. La presi\u00f3n cambiar\u00e1 con la temperatura, y la presi\u00f3n disminuir\u00e1 al aumentar la temperatura.<br \/>\n8. La longitud del tubo L se puede personalizar. El producto est\u00e1ndar es el tubo de PU de 300 mm.<\/p>\n<p><strong>ESPECIFICACIONES<\/strong><\/p>\n<p><img decoding=\"async\" class=\"size-full wp-image-899\" src=\"https:\/\/www.iglan.net\/wp-content\/uploads\/2020\/01\/YEM-dimensions.jpg\" alt=\"Dimensiones de la bomba electromagn\u00e9tica\" width=\"850\" height=\"637\" srcset=\"https:\/\/www.iglan.net\/wp-content\/uploads\/2020\/01\/YEM-dimensions.jpg 850w, https:\/\/www.iglan.net\/wp-content\/uploads\/2020\/01\/YEM-dimensions-800x600.jpg 800w, https:\/\/www.iglan.net\/wp-content\/uploads\/2020\/01\/YEM-dimensions-64x48.jpg 64w, https:\/\/www.iglan.net\/wp-content\/uploads\/2020\/01\/YEM-dimensions-300x225.jpg 300w, https:\/\/www.iglan.net\/wp-content\/uploads\/2020\/01\/YEM-dimensions-768x576.jpg 768w, https:\/\/www.iglan.net\/wp-content\/uploads\/2020\/01\/YEM-dimensions-160x120.jpg 160w\" sizes=\"(max-width: 850px) 100vw, 850px\" \/><\/p>","protected":false},"excerpt":{"rendered":"<p>1. Gran caudal, poco volumen y sin espacio.<br \/>\n2. Baja p\u00e9rdida de potencia.<br \/>\n3. Actuaci\u00f3n sencilla y baja tasa de fallos.<br \/>\n4. El caudal variar\u00e1 seg\u00fan la longitud de la tuber\u00eda y la viscosidad del aceite.<\/p>","protected":false},"featured_media":925,"template":"","meta":[],"product_brand":[],"product_cat":[174],"product_tag":[75,74,73],"class_list":{"0":"post-897","1":"product","2":"type-product","3":"status-publish","4":"has-post-thumbnail","6":"product_cat-electromagnetic-pump","7":"product_tag-auto-pump","8":"product_tag-electric-pump","9":"product_tag-electromagnetic-pump","11":"first","12":"instock","13":"shipping-taxable","14":"product-type-external"},"_links":{"self":[{"href":"https:\/\/www.iglan.net\/es\/wp-json\/wp\/v2\/product\/897","targetHints":{"allow":["GET"]}}],"collection":[{"href":"https:\/\/www.iglan.net\/es\/wp-json\/wp\/v2\/product"}],"about":[{"href":"https:\/\/www.iglan.net\/es\/wp-json\/wp\/v2\/types\/product"}],"wp:featuredmedia":[{"embeddable":true,"href":"https:\/\/www.iglan.net\/es\/wp-json\/wp\/v2\/media\/925"}],"wp:attachment":[{"href":"https:\/\/www.iglan.net\/es\/wp-json\/wp\/v2\/media?parent=897"}],"wp:term":[{"taxonomy":"product_brand","embeddable":true,"href":"https:\/\/www.iglan.net\/es\/wp-json\/wp\/v2\/product_brand?post=897"},{"taxonomy":"product_cat","embeddable":true,"href":"https:\/\/www.iglan.net\/es\/wp-json\/wp\/v2\/product_cat?post=897"},{"taxonomy":"product_tag","embeddable":true,"href":"https:\/\/www.iglan.net\/es\/wp-json\/wp\/v2\/product_tag?post=897"}],"curies":[{"name":"wp","href":"https:\/\/api.w.org\/{rel}","templated":true}]}}