{"id":860,"date":"2019-12-26T00:16:45","date_gmt":"2019-12-26T08:16:45","guid":{"rendered":"https:\/\/www.iglan.net\/?post_type=product&#038;p=860"},"modified":"2022-03-24T00:45:36","modified_gmt":"2022-03-24T07:45:36","slug":"left-right-hand-operated-lubricator","status":"publish","type":"product","link":"https:\/\/www.iglan.net\/es\/producto\/left-right-hand-operated-lubricator\/","title":{"rendered":"Lubricador de mano izquierda y derecha tipo HP-L"},"content":{"rendered":"<p><strong>CARACTER\u00cdSTICAS<\/strong><\/p>\n<p>1. La capacidad est\u00e1ndar es de 600cc, y otra de gran capacidad es de 2000cc.<br \/>\n2. El mango se divide en tipo izquierdo, tipo derecho y tipo medio, y hay di\u00e1metros \u03a64 y \u03a66 para elegir.<br \/>\n3. El coste es econ\u00f3mico, la maquinaria y los equipos aplicables son diversos y la viabilidad es alta.<br \/>\n4. Es f\u00e1cil de manejar accionando repetidamente la manivela para suministrar el aceite.<br \/>\n5. Tama\u00f1o reducido y f\u00e1cil instalaci\u00f3n.<br \/>\n6. Hay un dispositivo antirretorno para evitar el reflujo del aceite lubricante.<\/p>\n<p><strong>ESPECIFICACIONES<\/strong><\/p>\n<div class=\"mceTemp\"><img decoding=\"async\" class=\"size-full wp-image-863\" src=\"https:\/\/www.iglan.net\/wp-content\/uploads\/2019\/12\/HP-dimensions.jpg\" alt=\"HP-dimensiones\" width=\"656\" height=\"492\" srcset=\"https:\/\/www.iglan.net\/wp-content\/uploads\/2019\/12\/HP-dimensions.jpg 656w, https:\/\/www.iglan.net\/wp-content\/uploads\/2019\/12\/HP-dimensions-510x383.jpg 510w, https:\/\/www.iglan.net\/wp-content\/uploads\/2019\/12\/HP-dimensions-64x48.jpg 64w, https:\/\/www.iglan.net\/wp-content\/uploads\/2019\/12\/HP-dimensions-300x225.jpg 300w, https:\/\/www.iglan.net\/wp-content\/uploads\/2019\/12\/HP-dimensions-160x120.jpg 160w\" sizes=\"(max-width: 656px) 100vw, 656px\" \/><\/div>\n<p><img decoding=\"async\" class=\"size-full wp-image-862\" src=\"https:\/\/www.iglan.net\/wp-content\/uploads\/2019\/12\/HP-specification.jpg\" alt=\"Especificaci\u00f3n HP\" width=\"817\" height=\"260\" srcset=\"https:\/\/www.iglan.net\/wp-content\/uploads\/2019\/12\/HP-specification.jpg 817w, https:\/\/www.iglan.net\/wp-content\/uploads\/2019\/12\/HP-specification-800x255.jpg 800w, https:\/\/www.iglan.net\/wp-content\/uploads\/2019\/12\/HP-specification-64x20.jpg 64w, https:\/\/www.iglan.net\/wp-content\/uploads\/2019\/12\/HP-specification-300x95.jpg 300w, https:\/\/www.iglan.net\/wp-content\/uploads\/2019\/12\/HP-specification-768x244.jpg 768w\" sizes=\"(max-width: 817px) 100vw, 817px\" \/><\/p>","protected":false},"excerpt":{"rendered":"<p>La capacidad est\u00e1ndar es de 600cc, y otra de gran capacidad es de 2000cc. El mango se divide en tipo izquierdo, tipo derecho y tipo medio, y hay di\u00e1metros \u03a64 y \u03a66 para elegir. El coste es econ\u00f3mico, la maquinaria y los equipos aplicables son diversos, y la viabilidad es alta.<\/p>","protected":false},"featured_media":864,"template":"","meta":[],"product_brand":[],"product_cat":[32,158],"product_tag":[46,44,64],"class_list":{"0":"post-860","1":"product","2":"type-product","3":"status-publish","4":"has-post-thumbnail","6":"product_cat-oil-lubrication-pump-units","7":"product_cat-manual-oil-pumps","8":"product_tag-cnc-lubricator","9":"product_tag-lubrication-system","10":"product_tag-manual-lubricator","12":"first","13":"instock","14":"shipping-taxable","15":"product-type-external"},"_links":{"self":[{"href":"https:\/\/www.iglan.net\/es\/wp-json\/wp\/v2\/product\/860","targetHints":{"allow":["GET"]}}],"collection":[{"href":"https:\/\/www.iglan.net\/es\/wp-json\/wp\/v2\/product"}],"about":[{"href":"https:\/\/www.iglan.net\/es\/wp-json\/wp\/v2\/types\/product"}],"wp:featuredmedia":[{"embeddable":true,"href":"https:\/\/www.iglan.net\/es\/wp-json\/wp\/v2\/media\/864"}],"wp:attachment":[{"href":"https:\/\/www.iglan.net\/es\/wp-json\/wp\/v2\/media?parent=860"}],"wp:term":[{"taxonomy":"product_brand","embeddable":true,"href":"https:\/\/www.iglan.net\/es\/wp-json\/wp\/v2\/product_brand?post=860"},{"taxonomy":"product_cat","embeddable":true,"href":"https:\/\/www.iglan.net\/es\/wp-json\/wp\/v2\/product_cat?post=860"},{"taxonomy":"product_tag","embeddable":true,"href":"https:\/\/www.iglan.net\/es\/wp-json\/wp\/v2\/product_tag?post=860"}],"curies":[{"name":"wp","href":"https:\/\/api.w.org\/{rel}","templated":true}]}}