{"id":853,"date":"2019-12-26T00:05:38","date_gmt":"2019-12-26T08:05:38","guid":{"rendered":"https:\/\/www.iglan.net\/?post_type=product&#038;p=853"},"modified":"2022-03-24T00:45:44","modified_gmt":"2022-03-24T07:45:44","slug":"la-series-manual-lubricator","status":"publish","type":"product","link":"https:\/\/www.iglan.net\/es\/producto\/la-series-manual-lubricator\/","title":{"rendered":"Bomba manual de engrase LA-6 de una y dos salidas"},"content":{"rendered":"<p><strong>CARACTER\u00cdSTICAS<\/strong><\/p>\n<p>1. Seg\u00fan la diferente capacidad de la caja, se puede dividir en LA-6 (350cc) y LA-8 (600cc).<br \/>\n2. El coste es econ\u00f3mico, la maquinaria y los equipos aplicables son diversos y la viabilidad es alta.<br \/>\n3. Es f\u00e1cil de manejar accionando repetidamente la manivela para suministrar el aceite.<br \/>\n4. Tama\u00f1o reducido y f\u00e1cil instalaci\u00f3n.<br \/>\n5. Dispone de un dispositivo antirretorno para evitar el reflujo del aceite lubricante.<br \/>\n6. Seg\u00fan las necesidades del cliente, una sola salida a la izquierda o a la derecha, o una salida doble a la izquierda y a la derecha.<\/p>\n<p><strong>ESPECIFICACIONES<\/strong><\/p>\n<p><img decoding=\"async\" class=\"size-full wp-image-854\" src=\"https:\/\/www.iglan.net\/wp-content\/uploads\/2019\/12\/LA-specifications.jpg\" alt=\"Especificaciones de LA\" width=\"850\" height=\"360\" srcset=\"https:\/\/www.iglan.net\/wp-content\/uploads\/2019\/12\/LA-specifications.jpg 850w, https:\/\/www.iglan.net\/wp-content\/uploads\/2019\/12\/LA-specifications-800x339.jpg 800w, https:\/\/www.iglan.net\/wp-content\/uploads\/2019\/12\/LA-specifications-64x27.jpg 64w, https:\/\/www.iglan.net\/wp-content\/uploads\/2019\/12\/LA-specifications-300x127.jpg 300w, https:\/\/www.iglan.net\/wp-content\/uploads\/2019\/12\/LA-specifications-768x325.jpg 768w\" sizes=\"(max-width: 850px) 100vw, 850px\" \/><br \/>\n<img decoding=\"async\" class=\"size-full wp-image-855\" src=\"https:\/\/www.iglan.net\/wp-content\/uploads\/2019\/12\/LA-dimensions.jpg\" alt=\"LA-dimensiones\" width=\"386\" height=\"503\" srcset=\"https:\/\/www.iglan.net\/wp-content\/uploads\/2019\/12\/LA-dimensions.jpg 386w, https:\/\/www.iglan.net\/wp-content\/uploads\/2019\/12\/LA-dimensions-64x83.jpg 64w, https:\/\/www.iglan.net\/wp-content\/uploads\/2019\/12\/LA-dimensions-300x391.jpg 300w, https:\/\/www.iglan.net\/wp-content\/uploads\/2019\/12\/LA-dimensions-230x300.jpg 230w\" sizes=\"(max-width: 386px) 100vw, 386px\" \/><\/p>","protected":false},"excerpt":{"rendered":"<p>1. Capacidad est\u00e1ndar 600cc, y gran capacidad CKE-20 (2L).<\/p>\n<p>2. Las asas son del lado izquierdo, del lado derecho y del tipo medio, tienen un di\u00e1metro de 4 y 6 para elegir.<\/p>\n<p>3. Rentable, aplicable a m\u00faltiples equipos mec\u00e1nicos, alta practicabilidad.<\/p>\n<p>4. La operaci\u00f3n repetida de la manija para la entrega de aceite es f\u00e1cil de operar<\/p>\n<p>5. Tama\u00f1o peque\u00f1o, f\u00e1cil de instalar.<\/p>\n<p>6. Dispositivo antirretorno para evitar el reflujo de lubricante.<\/p>","protected":false},"featured_media":859,"template":"","meta":[],"product_brand":[],"product_cat":[32,158],"product_tag":[40,42,66],"class_list":{"0":"post-853","1":"product","2":"type-product","3":"status-publish","4":"has-post-thumbnail","6":"product_cat-oil-lubrication-pump-units","7":"product_cat-manual-oil-pumps","8":"product_tag-grease-pump","9":"product_tag-lubricator","10":"product_tag-manual-lubrication-pump","12":"first","13":"instock","14":"shipping-taxable","15":"product-type-external"},"_links":{"self":[{"href":"https:\/\/www.iglan.net\/es\/wp-json\/wp\/v2\/product\/853","targetHints":{"allow":["GET"]}}],"collection":[{"href":"https:\/\/www.iglan.net\/es\/wp-json\/wp\/v2\/product"}],"about":[{"href":"https:\/\/www.iglan.net\/es\/wp-json\/wp\/v2\/types\/product"}],"wp:featuredmedia":[{"embeddable":true,"href":"https:\/\/www.iglan.net\/es\/wp-json\/wp\/v2\/media\/859"}],"wp:attachment":[{"href":"https:\/\/www.iglan.net\/es\/wp-json\/wp\/v2\/media?parent=853"}],"wp:term":[{"taxonomy":"product_brand","embeddable":true,"href":"https:\/\/www.iglan.net\/es\/wp-json\/wp\/v2\/product_brand?post=853"},{"taxonomy":"product_cat","embeddable":true,"href":"https:\/\/www.iglan.net\/es\/wp-json\/wp\/v2\/product_cat?post=853"},{"taxonomy":"product_tag","embeddable":true,"href":"https:\/\/www.iglan.net\/es\/wp-json\/wp\/v2\/product_tag?post=853"}],"curies":[{"name":"wp","href":"https:\/\/api.w.org\/{rel}","templated":true}]}}