{"id":792,"date":"2019-12-23T11:06:39","date_gmt":"2019-12-23T19:06:39","guid":{"rendered":"https:\/\/www.iglan.net\/?post_type=product&#038;p=792"},"modified":"2022-03-24T00:46:17","modified_gmt":"2022-03-24T07:46:17","slug":"self-priming-lubricating-sprayer","status":"publish","type":"product","link":"https:\/\/www.iglan.net\/es\/producto\/self-priming-lubricating-sprayer\/","title":{"rendered":"Pulverizador neum\u00e1tico de lubricaci\u00f3n autom\u00e1tica para refrigeraci\u00f3n"},"content":{"rendered":"<p><strong>CARACTER\u00cdSTICAS<\/strong><\/p>\n<p>El atomizador es alimentado por la fuente de aire del compresor de aire. El cebador de vac\u00edo se aplica para hacer que el l\u00edquido se atomice a trav\u00e9s de la boquilla y el aire, y luego se roc\u00eda al punto de lubricaci\u00f3n de la pieza de trabajo, el cortador o el cojinete. El efecto de refrigeraci\u00f3n es bueno, y proporcionar la lubricaci\u00f3n, la eliminaci\u00f3n de virutas, la limpieza y otras funciones, con el fin de mejorar la eficiencia de la producci\u00f3n y la calidad de procesamiento, reducir la p\u00e9rdida de herramientas mec\u00e1nicas, reducir la contaminaci\u00f3n del taller.<br \/>\n1. El enfriamiento, la lubricaci\u00f3n y el soplado de las virutas de hierro pueden completarse a la vez durante el proceso.<br \/>\n2. Puede mejorar la velocidad de corte, ahorrar tiempo de procesamiento y reducir el desgaste de la herramienta.<br \/>\n3. Puede garantizar la calidad del acabado de la pieza y el mejor efecto de uso de las herramientas de corte.<br \/>\n4. Al procesar aleaciones o materiales superduros tambi\u00e9n se puede conseguir una superficie lisa y de alta precisi\u00f3n.<br \/>\n5. Aumentar el m\u00e9todo de sellado puede evitar la fuga de aceite interna y prolongar la vida \u00fatil.<br \/>\n6. El volumen del pulverizador y del refrigerante puede ajustarse para facilitar el uso de diferentes condiciones de procesamiento.<br \/>\n7. Hay diferentes formas de fijaci\u00f3n para elegir, con el fin de facilitar la instalaci\u00f3n y la fijaci\u00f3n de los clientes.<\/p>\n<p><strong>ESPECIFICACIONES<\/strong><\/p>\n<p><img decoding=\"async\" class=\"size-full wp-image-795\" src=\"https:\/\/www.iglan.net\/wp-content\/uploads\/2019\/12\/CS-dimensions.jpg\" alt=\"Dimensi\u00f3n del pulverizador\" width=\"700\" height=\"898\" srcset=\"https:\/\/www.iglan.net\/wp-content\/uploads\/2019\/12\/CS-dimensions.jpg 700w, https:\/\/www.iglan.net\/wp-content\/uploads\/2019\/12\/CS-dimensions-510x654.jpg 510w, https:\/\/www.iglan.net\/wp-content\/uploads\/2019\/12\/CS-dimensions-64x82.jpg 64w, https:\/\/www.iglan.net\/wp-content\/uploads\/2019\/12\/CS-dimensions-300x385.jpg 300w, https:\/\/www.iglan.net\/wp-content\/uploads\/2019\/12\/CS-dimensions-234x300.jpg 234w\" sizes=\"(max-width: 700px) 100vw, 700px\" \/><\/p>","protected":false},"excerpt":{"rendered":"<p>La presi\u00f3n de la fuente de gas oscila entre 5 y 7 KGF y cm_ (en relaci\u00f3n con el volumen y la presi\u00f3n del gas de atomizaci\u00f3n). Utilice la viscosidad del l\u00edquido por debajo de 68cST. Utilice ocasiones, m\u00e1quina de sierra, torno, amoladora, m\u00e1quina de roscar, centro de procesamiento CNC, Punch, maquinaria para la madera y otros equipos de corte.<\/p>","protected":false},"featured_media":797,"template":"","meta":[],"product_brand":[],"product_cat":[51,173],"product_tag":[58,57,59],"class_list":{"0":"post-792","1":"product","2":"type-product","3":"status-publish","4":"has-post-thumbnail","6":"product_cat-lubrication-system-accessories","7":"product_cat-pressure-gauge-and-others","8":"product_tag-cooling-sprayer","9":"product_tag-lubricating-sprayer","10":"product_tag-lubrication-fittings","12":"first","13":"instock","14":"shipping-taxable","15":"product-type-external"},"_links":{"self":[{"href":"https:\/\/www.iglan.net\/es\/wp-json\/wp\/v2\/product\/792","targetHints":{"allow":["GET"]}}],"collection":[{"href":"https:\/\/www.iglan.net\/es\/wp-json\/wp\/v2\/product"}],"about":[{"href":"https:\/\/www.iglan.net\/es\/wp-json\/wp\/v2\/types\/product"}],"wp:featuredmedia":[{"embeddable":true,"href":"https:\/\/www.iglan.net\/es\/wp-json\/wp\/v2\/media\/797"}],"wp:attachment":[{"href":"https:\/\/www.iglan.net\/es\/wp-json\/wp\/v2\/media?parent=792"}],"wp:term":[{"taxonomy":"product_brand","embeddable":true,"href":"https:\/\/www.iglan.net\/es\/wp-json\/wp\/v2\/product_brand?post=792"},{"taxonomy":"product_cat","embeddable":true,"href":"https:\/\/www.iglan.net\/es\/wp-json\/wp\/v2\/product_cat?post=792"},{"taxonomy":"product_tag","embeddable":true,"href":"https:\/\/www.iglan.net\/es\/wp-json\/wp\/v2\/product_tag?post=792"}],"curies":[{"name":"wp","href":"https:\/\/api.w.org\/{rel}","templated":true}]}}