{"id":751,"date":"2019-11-07T17:01:32","date_gmt":"2019-11-08T01:01:32","guid":{"rendered":"https:\/\/www.iglan.net\/?post_type=product&#038;p=751"},"modified":"2022-03-24T00:46:28","modified_gmt":"2022-03-24T07:46:28","slug":"amt460d1-oil-lubrication-lubrication","status":"publish","type":"product","link":"https:\/\/www.iglan.net\/es\/producto\/amt460d1-oil-lubrication-lubrication\/","title":{"rendered":"Sistema de bomba de lubricaci\u00f3n de aceite AMT460D1 con motor el\u00e9ctrico"},"content":{"rendered":"<p><strong>CARACTER\u00cdSTICAS<\/strong><\/p>\n<p>1. Control del ciclo de trabajo de la bomba de lubricaci\u00f3n mediante el PLC anfitri\u00f3n: tiempo de trabajo y tiempo intermitente<br \/>\n2. Hay un interruptor de nivel de l\u00edquido y un interruptor de presi\u00f3n (opcional). La se\u00f1al anormal se emitir\u00e1 cuando la cantidad de aceite o la presi\u00f3n sea insuficiente.<br \/>\n3. El indicador del panel puede mostrar el estado de lubricaci\u00f3n de la bomba de lubricaci\u00f3n.<br \/>\n4. El sistema est\u00e1 equipado con la tecla \"FEED\", que puede ser forzada para lubricar.<br \/>\n5. La bomba de engranajes de aleaci\u00f3n especial con motor de inducci\u00f3n tiene una larga vida \u00fatil y poco ruido.<br \/>\n6. El sistema volum\u00e9trico est\u00e1 equipado con un dispositivo de descompresi\u00f3n, que necesita un distribuidor LT\/DPB\/MG.<br \/>\n7. Se proporciona una v\u00e1lvula de alivio para proteger la bomba de lubricaci\u00f3n y la tuber\u00eda de los da\u00f1os causados por una presi\u00f3n excesiva.<br \/>\n8. El rango de viscosidad del aceite aplicable es de 32-68 cSt@40\u2103.<\/p>\n<p><strong>ESPECIFICACIONES<\/strong><br \/>\n<img decoding=\"async\" class=\"size-full wp-image-754\" src=\"https:\/\/www.iglan.net\/wp-content\/uploads\/2019\/11\/AMT4-specifications.jpg\" alt=\"Especificaciones del AMT460D1\" width=\"909\" height=\"648\" srcset=\"https:\/\/www.iglan.net\/wp-content\/uploads\/2019\/11\/AMT4-specifications.jpg 909w, https:\/\/www.iglan.net\/wp-content\/uploads\/2019\/11\/AMT4-specifications-800x570.jpg 800w, https:\/\/www.iglan.net\/wp-content\/uploads\/2019\/11\/AMT4-specifications-64x46.jpg 64w, https:\/\/www.iglan.net\/wp-content\/uploads\/2019\/11\/AMT4-specifications-300x214.jpg 300w, https:\/\/www.iglan.net\/wp-content\/uploads\/2019\/11\/AMT4-specifications-768x547.jpg 768w\" sizes=\"(max-width: 909px) 100vw, 909px\" \/><\/p>\n<p><strong>DIMENSIONES<\/strong><br \/>\n<img decoding=\"async\" class=\"size-full wp-image-755\" src=\"https:\/\/www.iglan.net\/wp-content\/uploads\/2019\/11\/ATM-dimension.jpg\" alt=\"Dimensi\u00f3n AMT460D1\" width=\"700\" height=\"906\" srcset=\"https:\/\/www.iglan.net\/wp-content\/uploads\/2019\/11\/ATM-dimension.jpg 700w, https:\/\/www.iglan.net\/wp-content\/uploads\/2019\/11\/ATM-dimension-510x660.jpg 510w, https:\/\/www.iglan.net\/wp-content\/uploads\/2019\/11\/ATM-dimension-64x83.jpg 64w, https:\/\/www.iglan.net\/wp-content\/uploads\/2019\/11\/ATM-dimension-300x388.jpg 300w, https:\/\/www.iglan.net\/wp-content\/uploads\/2019\/11\/ATM-dimension-232x300.jpg 232w\" sizes=\"(max-width: 700px) 100vw, 700px\" \/><\/p>","protected":false},"excerpt":{"rendered":"<p>Control del ciclo de trabajo de la bomba de lubricaci\u00f3n mediante el PLC anfitri\u00f3n: tiempo de trabajo y tiempo intermitente. Hay un interruptor de nivel de l\u00edquido y un interruptor de presi\u00f3n. La se\u00f1al anormal se emitir\u00e1 cuando la cantidad de aceite o la presi\u00f3n sea insuficiente. El indicador del panel puede mostrar el estado de lubricaci\u00f3n de la bomba de lubricaci\u00f3n.<\/p>","protected":false},"featured_media":753,"template":"","meta":[],"product_brand":[],"product_cat":[32,156],"product_tag":[41,49,45],"class_list":{"0":"post-751","1":"product","2":"type-product","3":"status-publish","4":"has-post-thumbnail","6":"product_cat-oil-lubrication-pump-units","7":"product_cat-amt-series","8":"product_tag-lubrication-pump","9":"product_tag-oil-lubricator","10":"product_tag-oil-pump","12":"first","13":"instock","14":"shipping-taxable","15":"product-type-external"},"_links":{"self":[{"href":"https:\/\/www.iglan.net\/es\/wp-json\/wp\/v2\/product\/751","targetHints":{"allow":["GET"]}}],"collection":[{"href":"https:\/\/www.iglan.net\/es\/wp-json\/wp\/v2\/product"}],"about":[{"href":"https:\/\/www.iglan.net\/es\/wp-json\/wp\/v2\/types\/product"}],"wp:featuredmedia":[{"embeddable":true,"href":"https:\/\/www.iglan.net\/es\/wp-json\/wp\/v2\/media\/753"}],"wp:attachment":[{"href":"https:\/\/www.iglan.net\/es\/wp-json\/wp\/v2\/media?parent=751"}],"wp:term":[{"taxonomy":"product_brand","embeddable":true,"href":"https:\/\/www.iglan.net\/es\/wp-json\/wp\/v2\/product_brand?post=751"},{"taxonomy":"product_cat","embeddable":true,"href":"https:\/\/www.iglan.net\/es\/wp-json\/wp\/v2\/product_cat?post=751"},{"taxonomy":"product_tag","embeddable":true,"href":"https:\/\/www.iglan.net\/es\/wp-json\/wp\/v2\/product_tag?post=751"}],"curies":[{"name":"wp","href":"https:\/\/api.w.org\/{rel}","templated":true}]}}