{"id":709,"date":"2019-11-04T17:27:20","date_gmt":"2019-11-05T01:27:20","guid":{"rendered":"https:\/\/www.iglan.net\/?post_type=product&#038;p=709"},"modified":"2022-03-24T00:47:57","modified_gmt":"2022-03-24T07:47:57","slug":"adl340am-oil-lubrication-pump","status":"publish","type":"product","link":"https:\/\/www.iglan.net\/es\/producto\/adl340am-oil-lubrication-pump\/","title":{"rendered":"Bomba de lubricaci\u00f3n de aceite ADL340AM con controlador ajustable"},"content":{"rendered":"<p><strong>CARACTER\u00cdSTICAS<\/strong><\/p>\n<p>1. El tiempo de lubricaci\u00f3n y el tiempo intermitente se pueden ajustar (con la funci\u00f3n de llave de bloqueo, ajustes de bloqueo).<br \/>\n2. Dispone de interruptor de nivel de l\u00edquido y de presi\u00f3n (normalmente cerrado, opcional). Cuando el aceite o la presi\u00f3n son insuficientes, el zumbador dar\u00e1 una alarma y emitir\u00e1 la se\u00f1al anormal.<br \/>\n3. Se puede ajustar el tiempo del sistema, tiempo de lubricaci\u00f3n LUB: 1-999 (segundos) tiempo de intervalo INT: 1-999 (minutos).<br \/>\n4. El tiempo de lubricaci\u00f3n m\u00e1s largo es menor o igual a 2 minutos, y el tiempo de intervalo es m\u00e1s de 5 veces el tiempo de lubricaci\u00f3n.<br \/>\n5. El motor est\u00e1 equipado con un protector de sobrecalentamiento para evitar el sobrecalentamiento y la sobrecarga del motor.<br \/>\n6. El sistema volum\u00e9trico est\u00e1 equipado con un dispositivo de descompresi\u00f3n, que necesita un distribuidor LT\/DPB\/MO.<br \/>\n7. Para evitar que la bomba de lubricaci\u00f3n se da\u00f1e por la sobrecarga y la presi\u00f3n excesiva de las tuber\u00edas, se ha previsto una v\u00e1lvula de alivio.<br \/>\n8. Utilice aceite de viscosidad 32-68 cSt@40\u2103.<\/p>\n<p><strong>ESPECIFICACIONES<\/strong><\/p>\n<p><img decoding=\"async\" class=\"size-full wp-image-710\" src=\"https:\/\/www.iglan.net\/wp-content\/uploads\/2019\/11\/ADL-3-specifications.png\" alt=\"Especificaciones del lubricador ADL3\" width=\"920\" height=\"750\" srcset=\"https:\/\/www.iglan.net\/wp-content\/uploads\/2019\/11\/ADL-3-specifications.png 920w, https:\/\/www.iglan.net\/wp-content\/uploads\/2019\/11\/ADL-3-specifications-800x652.png 800w, https:\/\/www.iglan.net\/wp-content\/uploads\/2019\/11\/ADL-3-specifications-64x52.png 64w, https:\/\/www.iglan.net\/wp-content\/uploads\/2019\/11\/ADL-3-specifications-300x245.png 300w, https:\/\/www.iglan.net\/wp-content\/uploads\/2019\/11\/ADL-3-specifications-768x626.png 768w\" sizes=\"(max-width: 920px) 100vw, 920px\" \/><\/p>\n<p><strong>DIMENSIONES<\/strong><\/p>\n<p><img decoding=\"async\" class=\"size-full wp-image-712\" src=\"https:\/\/www.iglan.net\/wp-content\/uploads\/2019\/11\/ADL-plc-dimension.png\" alt=\"ADL-plc-dimensi\u00f3n\" width=\"920\" height=\"636\" srcset=\"https:\/\/www.iglan.net\/wp-content\/uploads\/2019\/11\/ADL-plc-dimension.png 920w, https:\/\/www.iglan.net\/wp-content\/uploads\/2019\/11\/ADL-plc-dimension-800x553.png 800w, https:\/\/www.iglan.net\/wp-content\/uploads\/2019\/11\/ADL-plc-dimension-64x44.png 64w, https:\/\/www.iglan.net\/wp-content\/uploads\/2019\/11\/ADL-plc-dimension-300x207.png 300w, https:\/\/www.iglan.net\/wp-content\/uploads\/2019\/11\/ADL-plc-dimension-768x531.png 768w\" sizes=\"(max-width: 920px) 100vw, 920px\" \/><\/p>","protected":false},"excerpt":{"rendered":"<p>Se puede ajustar el tiempo de lubricaci\u00f3n y el tiempo intermitente. Hay un interruptor de nivel de l\u00edquido y un interruptor de presi\u00f3n.<br \/>\nTiempo de lubricaci\u00f3n LUB: 1-999 segundos. Tiempo de intervalo INT: 1-999 minutos.<\/p>","protected":false},"featured_media":714,"template":"","meta":[],"product_brand":[],"product_cat":[32,155],"product_tag":[46,41,45],"class_list":{"0":"post-709","1":"product","2":"type-product","3":"status-publish","4":"has-post-thumbnail","6":"product_cat-oil-lubrication-pump-units","7":"product_cat-adl-series","8":"product_tag-cnc-lubricator","9":"product_tag-lubrication-pump","10":"product_tag-oil-pump","12":"first","13":"instock","14":"shipping-taxable","15":"product-type-external"},"_links":{"self":[{"href":"https:\/\/www.iglan.net\/es\/wp-json\/wp\/v2\/product\/709","targetHints":{"allow":["GET"]}}],"collection":[{"href":"https:\/\/www.iglan.net\/es\/wp-json\/wp\/v2\/product"}],"about":[{"href":"https:\/\/www.iglan.net\/es\/wp-json\/wp\/v2\/types\/product"}],"wp:featuredmedia":[{"embeddable":true,"href":"https:\/\/www.iglan.net\/es\/wp-json\/wp\/v2\/media\/714"}],"wp:attachment":[{"href":"https:\/\/www.iglan.net\/es\/wp-json\/wp\/v2\/media?parent=709"}],"wp:term":[{"taxonomy":"product_brand","embeddable":true,"href":"https:\/\/www.iglan.net\/es\/wp-json\/wp\/v2\/product_brand?post=709"},{"taxonomy":"product_cat","embeddable":true,"href":"https:\/\/www.iglan.net\/es\/wp-json\/wp\/v2\/product_cat?post=709"},{"taxonomy":"product_tag","embeddable":true,"href":"https:\/\/www.iglan.net\/es\/wp-json\/wp\/v2\/product_tag?post=709"}],"curies":[{"name":"wp","href":"https:\/\/api.w.org\/{rel}","templated":true}]}}