{"id":584,"date":"2019-10-25T15:37:25","date_gmt":"2019-10-25T22:37:25","guid":{"rendered":"https:\/\/www.iglan.net\/?post_type=product&#038;p=584"},"modified":"2022-03-24T00:48:13","modified_gmt":"2022-03-24T07:48:13","slug":"lt5-oil-distributor","status":"publish","type":"product","link":"https:\/\/www.iglan.net\/es\/producto\/lt5-oil-distributor\/","title":{"rendered":"Distribuidor presurizado de lubricaci\u00f3n de aceite LT-5 de larga duraci\u00f3n"},"content":{"rendered":"<p><strong>CARACTER\u00cdSTICAS<\/strong><\/p>\n<p>Resumen del producto<br \/>\n1. Cada flujo fijo se suministra a la parte de lubricaci\u00f3n.<br \/>\n2. El caudal no se ve afectado por la viscosidad y el tiempo de batido del aceite.<br \/>\n3. Cada salida de aceite tiene una funci\u00f3n de detecci\u00f3n para comprobar si el trabajo es anormal.<br \/>\n3. Debe utilizarse con una bomba de lubricaci\u00f3n de volumen.<br \/>\n4. Adecuado para el sistema de lubricaci\u00f3n peri\u00f3dica volum\u00e9trica con una presi\u00f3n de trabajo de 10-30 kgf\/cm.<br \/>\nPrincipio de funcionamiento<br \/>\n1. El aceite lubricante transportado desde la bomba de aceite empuja hacia arriba la v\u00e1lvula de paraguas del distribuidor.<br \/>\n2. Cuando la v\u00e1lvula de paraguas cierra el orificio de salida de aceite, el aceite a presi\u00f3n obliga al pist\u00f3n a superar la disminuci\u00f3n de la fuerza del muelle, de modo que la c\u00e1mara inferior comienza a almacenar aceite.<br \/>\n3. Cuando el pist\u00f3n se eleva a la parte superior de la c\u00e1mara inferior, se completa el almacenamiento de aceite.<br \/>\n4. Cuando la bomba de aceite deja de suministrar aceite, su v\u00e1lvula de alivio de presi\u00f3n se abre autom\u00e1ticamente, de modo que el aceite a presi\u00f3n en la tuber\u00eda principal devuelve el aceite a trav\u00e9s de la v\u00e1lvula de alivio de presi\u00f3n. Al mismo tiempo, la v\u00e1lvula de paraguas cerr\u00f3 la entrada, y el pist\u00f3n comenz\u00f3 a presionar el lubricante en la c\u00e1mara inferior fuera de la salida bajo la acci\u00f3n de la fuerza del resorte.<\/p>\n<p><strong>ESPECIFICACIONES<\/strong><br \/>\n<img decoding=\"async\" class=\"size-full wp-image-585\" src=\"https:\/\/www.iglan.net\/wp-content\/uploads\/2019\/10\/LT-parameter.png\" alt=\"Par\u00e1metro LT\" width=\"920\" height=\"236\" srcset=\"https:\/\/www.iglan.net\/wp-content\/uploads\/2019\/10\/LT-parameter.png 920w, https:\/\/www.iglan.net\/wp-content\/uploads\/2019\/10\/LT-parameter-800x205.png 800w, https:\/\/www.iglan.net\/wp-content\/uploads\/2019\/10\/LT-parameter-64x16.png 64w, https:\/\/www.iglan.net\/wp-content\/uploads\/2019\/10\/LT-parameter-300x77.png 300w, https:\/\/www.iglan.net\/wp-content\/uploads\/2019\/10\/LT-parameter-768x197.png 768w\" sizes=\"(max-width: 920px) 100vw, 920px\" \/><\/p>\n<p><strong>DIMENSIONES<\/strong><br \/>\n<img decoding=\"async\" class=\"size-full wp-image-586\" src=\"https:\/\/www.iglan.net\/wp-content\/uploads\/2019\/10\/LT-dimension.png\" alt=\"Dimensi\u00f3n del lubricador LT\" width=\"920\" height=\"960\" srcset=\"https:\/\/www.iglan.net\/wp-content\/uploads\/2019\/10\/LT-dimension.png 920w, https:\/\/www.iglan.net\/wp-content\/uploads\/2019\/10\/LT-dimension-800x835.png 800w, https:\/\/www.iglan.net\/wp-content\/uploads\/2019\/10\/LT-dimension-64x67.png 64w, https:\/\/www.iglan.net\/wp-content\/uploads\/2019\/10\/LT-dimension-300x313.png 300w, https:\/\/www.iglan.net\/wp-content\/uploads\/2019\/10\/LT-dimension-288x300.png 288w, https:\/\/www.iglan.net\/wp-content\/uploads\/2019\/10\/LT-dimension-768x801.png 768w\" sizes=\"(max-width: 920px) 100vw, 920px\" \/><\/p>","protected":false},"excerpt":{"rendered":"<p>El caudal no se ve afectado por la viscosidad y el tiempo de batido del aceite.<br \/>\nCada salida de aceite tiene una funci\u00f3n de detecci\u00f3n para comprobar si el trabajo es anormal.<br \/>\nAdecuado para el sistema de lubricaci\u00f3n peri\u00f3dica volum\u00e9trica con una presi\u00f3n de trabajo de 10-30 kgf\/cm\u00b2.<\/p>","protected":false},"featured_media":588,"template":"","meta":[],"product_brand":[],"product_cat":[50,168],"product_tag":[54,55,56],"class_list":{"0":"post-584","1":"product","2":"type-product","3":"status-publish","4":"has-post-thumbnail","6":"product_cat-lubricant-metering-devices","7":"product_cat-oil-metering-devices","8":"product_tag-distributor","9":"product_tag-lubrication-distributor","10":"product_tag-oil-air-distributor","12":"first","13":"instock","14":"shipping-taxable","15":"product-type-external"},"_links":{"self":[{"href":"https:\/\/www.iglan.net\/es\/wp-json\/wp\/v2\/product\/584","targetHints":{"allow":["GET"]}}],"collection":[{"href":"https:\/\/www.iglan.net\/es\/wp-json\/wp\/v2\/product"}],"about":[{"href":"https:\/\/www.iglan.net\/es\/wp-json\/wp\/v2\/types\/product"}],"wp:featuredmedia":[{"embeddable":true,"href":"https:\/\/www.iglan.net\/es\/wp-json\/wp\/v2\/media\/588"}],"wp:attachment":[{"href":"https:\/\/www.iglan.net\/es\/wp-json\/wp\/v2\/media?parent=584"}],"wp:term":[{"taxonomy":"product_brand","embeddable":true,"href":"https:\/\/www.iglan.net\/es\/wp-json\/wp\/v2\/product_brand?post=584"},{"taxonomy":"product_cat","embeddable":true,"href":"https:\/\/www.iglan.net\/es\/wp-json\/wp\/v2\/product_cat?post=584"},{"taxonomy":"product_tag","embeddable":true,"href":"https:\/\/www.iglan.net\/es\/wp-json\/wp\/v2\/product_tag?post=584"}],"curies":[{"name":"wp","href":"https:\/\/api.w.org\/{rel}","templated":true}]}}