{"id":554,"date":"2019-10-22T10:31:16","date_gmt":"2019-10-22T17:31:16","guid":{"rendered":"https:\/\/www.iglan.net\/?post_type=product&#038;p=554"},"modified":"2022-03-24T00:48:22","modified_gmt":"2022-03-24T07:48:22","slug":"asv6-grease-distributor","status":"publish","type":"product","link":"https:\/\/www.iglan.net\/es\/producto\/asv6-grease-distributor\/","title":{"rendered":"Distribuidor de grasa ASV de 10 v\u00edas para la lubricaci\u00f3n con grasa"},"content":{"rendered":"<p><strong>CARACTER\u00cdSTICAS<\/strong><\/p>\n<p>Resumen del producto<br \/>\n1.V\u00e1lvula de distribuci\u00f3n de \u00e9mbolo.<br \/>\n2.Distribuye autom\u00e1ticamente el lubricante bombeado a los puntos de lubricaci\u00f3n conectados.<br \/>\n3.Cada desplazamiento de salida de la v\u00e1lvula de distribuci\u00f3n ASV es de 0,2cm3 por ciclo.<br \/>\n4.Cuando una o m\u00e1s salidas est\u00e1n cerradas, la v\u00e1lvula distribuidora progresiva puede distribuir un volumen de aceite doble o m\u00faltiple.<br \/>\n5.Hay disponibles de 6 a 12 v\u00e1lvulas distribuidoras, hasta 22 salidas.<br \/>\nPrincipio de funcionamiento<br \/>\nEl distribuidor integral progresivo ASV puede proporcionar la lubricaci\u00f3n de medici\u00f3n para todos los puntos de lubricaci\u00f3n en el sistema de lubricaci\u00f3n centralizada.Tiene las ventajas de ahorro de energ\u00eda y precisi\u00f3n.Se aplica principalmente a las turbinas e\u00f3licas, maquinaria de construcci\u00f3n de veh\u00edculos, maquinaria de fabricaci\u00f3n de papel, maquinaria textil y otros equipos.El distribuidor integral ASV tiene 6, 8, 10, 12, 14, 16, 18, 20, 22 salidas de aceite, el flujo est\u00e1ndar de una salida es de 0,2ml\/cyc, y puede quitar los tapones.He Gangzhu y el reemplazo del tap\u00f3n de aceite proporcionan un desplazamiento de 0,4ml\/cyc 0,6m\/cyc 0,2m\/cyc entero m\u00faltiple.El manguito del \u00e9mbolo est\u00e1 conectado a trav\u00e9s del orificio de aceite con el fin de establecer la presi\u00f3n.Mientras el lubricante de presi\u00f3n entra en la entrada de aceite, el distribuidor funcionar\u00e1 continuamente de manera progresiva.Una vez que el lubricante en uno de los canales deja de fluir, todo el \u00e9mbolo en el distribuidor tambi\u00e9n dejar\u00e1 de funcionar.Por lo tanto, mediante la instalaci\u00f3n de un sensor mec\u00e1nico visual espec\u00edfico, podemos observar el movimiento de todo el distribuidor.Una vez que el bloqueo se produce, podemos informar de la salida de la se\u00f1al, a fin de controlar todo el sistema de lubricaci\u00f3n.<\/p>\n<p><strong>ESPECIFICACIONES<\/strong><\/p>\n<p><img decoding=\"async\" class=\"size-full wp-image-555\" src=\"https:\/\/www.iglan.net\/wp-content\/uploads\/2019\/10\/ASV-parameter.png\" alt=\"Par\u00e1metro ASV10\" width=\"920\" height=\"154\" srcset=\"https:\/\/www.iglan.net\/wp-content\/uploads\/2019\/10\/ASV-parameter.png 920w, https:\/\/www.iglan.net\/wp-content\/uploads\/2019\/10\/ASV-parameter-800x134.png 800w, https:\/\/www.iglan.net\/wp-content\/uploads\/2019\/10\/ASV-parameter-64x11.png 64w, https:\/\/www.iglan.net\/wp-content\/uploads\/2019\/10\/ASV-parameter-300x50.png 300w, https:\/\/www.iglan.net\/wp-content\/uploads\/2019\/10\/ASV-parameter-768x129.png 768w\" sizes=\"(max-width: 920px) 100vw, 920px\" \/><\/p>\n<p><strong>DIMENSIONES<\/strong><\/p>\n<p><img decoding=\"async\" class=\"size-full wp-image-556\" src=\"https:\/\/www.iglan.net\/wp-content\/uploads\/2019\/10\/ASV-dimension.png\" alt=\"Dimensi\u00f3n ASV10\" width=\"1143\" height=\"792\" srcset=\"https:\/\/www.iglan.net\/wp-content\/uploads\/2019\/10\/ASV-dimension.png 1143w, https:\/\/www.iglan.net\/wp-content\/uploads\/2019\/10\/ASV-dimension-800x554.png 800w, https:\/\/www.iglan.net\/wp-content\/uploads\/2019\/10\/ASV-dimension-64x44.png 64w, https:\/\/www.iglan.net\/wp-content\/uploads\/2019\/10\/ASV-dimension-300x208.png 300w, https:\/\/www.iglan.net\/wp-content\/uploads\/2019\/10\/ASV-dimension-768x532.png 768w, https:\/\/www.iglan.net\/wp-content\/uploads\/2019\/10\/ASV-dimension-1024x710.png 1024w\" sizes=\"(max-width: 1143px) 100vw, 1143px\" \/><\/p>","protected":false},"excerpt":{"rendered":"<p>Cada desplazamiento de salida de la v\u00e1lvula de distribuci\u00f3n ASV es de 0,2mL por ciclo. Cuando una o m\u00e1s salidas est\u00e1n cerradas, la v\u00e1lvula distribuidora progresiva puede distribuir un volumen de aceite doble o m\u00faltiple. Hay 6-12 v\u00e1lvulas distribuidoras disponibles, hasta 22 salidas.<\/p>","protected":false},"featured_media":558,"template":"","meta":[],"product_brand":[],"product_cat":[50,169],"product_tag":[54,55,56],"class_list":{"0":"post-554","1":"product","2":"type-product","3":"status-publish","4":"has-post-thumbnail","6":"product_cat-lubricant-metering-devices","7":"product_cat-grease-metering-devices","8":"product_tag-distributor","9":"product_tag-lubrication-distributor","10":"product_tag-oil-air-distributor","12":"first","13":"instock","14":"featured","15":"shipping-taxable","16":"product-type-external"},"_links":{"self":[{"href":"https:\/\/www.iglan.net\/es\/wp-json\/wp\/v2\/product\/554","targetHints":{"allow":["GET"]}}],"collection":[{"href":"https:\/\/www.iglan.net\/es\/wp-json\/wp\/v2\/product"}],"about":[{"href":"https:\/\/www.iglan.net\/es\/wp-json\/wp\/v2\/types\/product"}],"wp:featuredmedia":[{"embeddable":true,"href":"https:\/\/www.iglan.net\/es\/wp-json\/wp\/v2\/media\/558"}],"wp:attachment":[{"href":"https:\/\/www.iglan.net\/es\/wp-json\/wp\/v2\/media?parent=554"}],"wp:term":[{"taxonomy":"product_brand","embeddable":true,"href":"https:\/\/www.iglan.net\/es\/wp-json\/wp\/v2\/product_brand?post=554"},{"taxonomy":"product_cat","embeddable":true,"href":"https:\/\/www.iglan.net\/es\/wp-json\/wp\/v2\/product_cat?post=554"},{"taxonomy":"product_tag","embeddable":true,"href":"https:\/\/www.iglan.net\/es\/wp-json\/wp\/v2\/product_tag?post=554"}],"curies":[{"name":"wp","href":"https:\/\/api.w.org\/{rel}","templated":true}]}}