{"id":536,"date":"2019-10-19T14:15:35","date_gmt":"2019-10-19T21:15:35","guid":{"rendered":"https:\/\/www.iglan.net\/?post_type=product&#038;p=536"},"modified":"2022-03-24T00:48:31","modified_gmt":"2022-03-24T07:48:31","slug":"ao-5-ways-oil-air-distributor-for-oil-mist-lubrication-pump","status":"publish","type":"product","link":"https:\/\/www.iglan.net\/es\/producto\/ao-5-ways-oil-air-distributor-for-oil-mist-lubrication-pump\/","title":{"rendered":"Distribuidor de aceite-aire AO de 5 v\u00edas para bomba de lubricaci\u00f3n por nebulizaci\u00f3n de aceite"},"content":{"rendered":"<p><strong>CARACTER\u00cdSTICAS<\/strong><\/p>\n<p>1. La bomba de lubricaci\u00f3n neum\u00e1tica de niebla de aceite AOM es adecuada para la lubricaci\u00f3n de corte de alta velocidad, la lubricaci\u00f3n de grandes \u00e1reas, la lubricaci\u00f3n de procesos especiales y la refrigeraci\u00f3n. La niebla de aceite se mezcla uniformemente y el efecto es bueno.<br \/>\n2. La salida de niebla de aceite AOM puede ser emparejada con varias boquillas, boquillas duras o pistolas de pulverizaci\u00f3n OB. Es adecuado para una variedad de m\u00e1quinas de herramientas de corte. Puede enfriar efectivamente, prolongar la vida \u00fatil de la herramienta, y es simple y vers\u00e1til.<br \/>\n3. El tipo AOM tiene una perilla de ajuste de aceite, que puede ajustar la cantidad de aceite de acuerdo con la demanda de trabajo para lograr la optimizaci\u00f3n. Girando la perilla en sentido contrario a las agujas del reloj, mayor es la presi\u00f3n en el man\u00f3metro y mayor es la cantidad de aire vomitado, mayor es la cantidad de aceite nebulizado; girando en sentido de las agujas del reloj, menor es la cantidad de aceite nebulizado.<br \/>\n4. La ventana transparente de gotas de aceite puede observar si la bomba de lubricaci\u00f3n de niebla de aceite es normal, el espejo de aceite puede observar si la proporci\u00f3n de aceite es demasiado baja.<br \/>\n5. La fuente de presi\u00f3n de aire de la bomba de lubricaci\u00f3n neum\u00e1tica de niebla de aceite AOM puede ser impulsada directamente por el compresor de aire, o el interruptor de la v\u00e1lvula de solenoide como fuente de presi\u00f3n de aire se puede utilizar para controlar la acci\u00f3n de conmutaci\u00f3n de la fuente de presi\u00f3n de aire 0N\/OFF.<br \/>\n6. La fuente de presi\u00f3n recomendada del tipo AOM es de 48 kg, lo que puede dar un mejor efecto de atomizaci\u00f3n.<br \/>\n7. Se puede utilizar aceite lubricante y agua de corte con una viscosidad de 22 -68 cst@40 C, pero est\u00e1 prohibido a\u00f1adir aceites vol\u00e1tiles como \u00e9steres y etilenglicol.<\/p>\n<p><strong>ESPECIFICACIONES<\/strong><br \/>\n<img decoding=\"async\" class=\"size-full wp-image-540\" src=\"https:\/\/www.iglan.net\/wp-content\/uploads\/2019\/10\/AO-parameter.png\" alt=\"Par\u00e1metros AO\" width=\"920\" height=\"260\" srcset=\"https:\/\/www.iglan.net\/wp-content\/uploads\/2019\/10\/AO-parameter.png 920w, https:\/\/www.iglan.net\/wp-content\/uploads\/2019\/10\/AO-parameter-800x226.png 800w, https:\/\/www.iglan.net\/wp-content\/uploads\/2019\/10\/AO-parameter-64x18.png 64w, https:\/\/www.iglan.net\/wp-content\/uploads\/2019\/10\/AO-parameter-300x85.png 300w, https:\/\/www.iglan.net\/wp-content\/uploads\/2019\/10\/AO-parameter-768x217.png 768w\" sizes=\"(max-width: 920px) 100vw, 920px\" \/><\/p>\n<p><strong>DIMENSIONES<\/strong><br \/>\n<img decoding=\"async\" class=\"size-full wp-image-541\" src=\"https:\/\/www.iglan.net\/wp-content\/uploads\/2019\/10\/AO-dimension.png\" alt=\"Dimensi\u00f3n AO\" width=\"920\" height=\"791\" srcset=\"https:\/\/www.iglan.net\/wp-content\/uploads\/2019\/10\/AO-dimension.png 920w, https:\/\/www.iglan.net\/wp-content\/uploads\/2019\/10\/AO-dimension-800x688.png 800w, https:\/\/www.iglan.net\/wp-content\/uploads\/2019\/10\/AO-dimension-64x55.png 64w, https:\/\/www.iglan.net\/wp-content\/uploads\/2019\/10\/AO-dimension-300x258.png 300w, https:\/\/www.iglan.net\/wp-content\/uploads\/2019\/10\/AO-dimension-768x660.png 768w\" sizes=\"(max-width: 920px) 100vw, 920px\" \/><\/p>","protected":false},"excerpt":{"rendered":"<p>La bomba de lubricaci\u00f3n neum\u00e1tica de niebla de aceite AOM es adecuada para la lubricaci\u00f3n de corte de alta velocidad, la lubricaci\u00f3n de grandes \u00e1reas, la lubricaci\u00f3n de procesos especiales y la refrigeraci\u00f3n. La niebla de aceite se mezcla uniformemente y el efecto es bueno. La salida de niebla de aceite AOM puede ser emparejada con varias boquillas, boquillas duras o pistolas de pulverizaci\u00f3n OB.<\/p>","protected":false},"featured_media":543,"template":"","meta":[],"product_brand":[],"product_cat":[50,170],"product_tag":[54,55,56],"class_list":{"0":"post-536","1":"product","2":"type-product","3":"status-publish","4":"has-post-thumbnail","6":"product_cat-lubricant-metering-devices","7":"product_cat-oil-air-metering-devices","8":"product_tag-distributor","9":"product_tag-lubrication-distributor","10":"product_tag-oil-air-distributor","12":"first","13":"instock","14":"shipping-taxable","15":"product-type-external"},"_links":{"self":[{"href":"https:\/\/www.iglan.net\/es\/wp-json\/wp\/v2\/product\/536","targetHints":{"allow":["GET"]}}],"collection":[{"href":"https:\/\/www.iglan.net\/es\/wp-json\/wp\/v2\/product"}],"about":[{"href":"https:\/\/www.iglan.net\/es\/wp-json\/wp\/v2\/types\/product"}],"wp:featuredmedia":[{"embeddable":true,"href":"https:\/\/www.iglan.net\/es\/wp-json\/wp\/v2\/media\/543"}],"wp:attachment":[{"href":"https:\/\/www.iglan.net\/es\/wp-json\/wp\/v2\/media?parent=536"}],"wp:term":[{"taxonomy":"product_brand","embeddable":true,"href":"https:\/\/www.iglan.net\/es\/wp-json\/wp\/v2\/product_brand?post=536"},{"taxonomy":"product_cat","embeddable":true,"href":"https:\/\/www.iglan.net\/es\/wp-json\/wp\/v2\/product_cat?post=536"},{"taxonomy":"product_tag","embeddable":true,"href":"https:\/\/www.iglan.net\/es\/wp-json\/wp\/v2\/product_tag?post=536"}],"curies":[{"name":"wp","href":"https:\/\/api.w.org\/{rel}","templated":true}]}}